{"id":98,"date":"2016-12-13T23:46:22","date_gmt":"2016-12-13T22:46:22","guid":{"rendered":"http:\/\/cultureshake.ph-karlsruhe.de\/cusha\/?page_id=98"},"modified":"2019-05-30T15:57:33","modified_gmt":"2019-05-30T13:57:33","slug":"kick-off-meeting-in-karlsruhe-12-14-12-2016","status":"publish","type":"page","link":"https:\/\/cultureshake.ph-karlsruhe.de\/cusha\/aktivitaeten\/transnationale-meetings\/kick-off-meeting-in-karlsruhe-12-14-12-2016\/","title":{"rendered":"Kick-Off Meeting an der P\u00e4dagogischen Hochschule in Karlsruhe, 12.-14.12.2016"},"content":{"rendered":"<p><img loading=\"lazy\" decoding=\"async\" class=\"alignnone size-medium wp-image-142 aligncenter\" src=\"http:\/\/cultureshake.ph-karlsruhe.de\/wordpress\/wp-content\/uploads\/2016\/12\/PH-Winter-300x199.jpg\" alt=\"\" width=\"300\" height=\"199\" srcset=\"https:\/\/cultureshake.ph-karlsruhe.de\/wordpress\/wp-content\/uploads\/2016\/12\/PH-Winter-300x199.jpg 300w, https:\/\/cultureshake.ph-karlsruhe.de\/wordpress\/wp-content\/uploads\/2016\/12\/PH-Winter-768x511.jpg 768w, https:\/\/cultureshake.ph-karlsruhe.de\/wordpress\/wp-content\/uploads\/2016\/12\/PH-Winter-1024x681.jpg 1024w, https:\/\/cultureshake.ph-karlsruhe.de\/wordpress\/wp-content\/uploads\/2016\/12\/PH-Winter-100x66.jpg 100w, https:\/\/cultureshake.ph-karlsruhe.de\/wordpress\/wp-content\/uploads\/2016\/12\/PH-Winter-150x100.jpg 150w, https:\/\/cultureshake.ph-karlsruhe.de\/wordpress\/wp-content\/uploads\/2016\/12\/PH-Winter-200x133.jpg 200w, https:\/\/cultureshake.ph-karlsruhe.de\/wordpress\/wp-content\/uploads\/2016\/12\/PH-Winter-450x299.jpg 450w, https:\/\/cultureshake.ph-karlsruhe.de\/wordpress\/wp-content\/uploads\/2016\/12\/PH-Winter-600x399.jpg 600w, https:\/\/cultureshake.ph-karlsruhe.de\/wordpress\/wp-content\/uploads\/2016\/12\/PH-Winter-900x598.jpg 900w\" sizes=\"auto, (max-width: 300px) 100vw, 300px\" \/><\/p>\n<p>Zum Start des Projekts Cultureshake traf sich das Konsortium zu seinem ersten Planungstreffen an der P\u00e4dagogischen Hochschule in Karlsruhe. Aus allen vier Partnerl\u00e4ndern kamen die Projektpartner zusammen.\u00a0Bei dem Treffen wurden folgende Erasmus+ Projekt-Themen verhandelt:<\/p>\n<ul>\n<li>Qualit\u00e4tsmanagement<\/li>\n<li>Controlling<\/li>\n<li>Disseminationsstrategie<\/li>\n<li>Monitoringstrategie<\/li>\n<li>Feinabstimmung der Projektaktivit\u00e4ten<\/li>\n<li>Modell f\u00fcr Stakeholder Management<\/li>\n<li>Planung der transnationalen Projekttreffen 2 bis 5<\/li>\n<li>Organisation und Planung der Lernaktivit\u00e4ten 1 und 2<\/li>\n<\/ul>\n<p>F\u00fcr die Bearbeitung der Themenkomplexe wurden ExpertInnen und Stakeholder gleich zu Beginn des Projekts hinzugezogen. Frau G\u00f6rke aus dem ExpertInnenteam des EU Referats der P\u00e4dagogischen Hochschulen Baden-W\u00fcrttembergs (zu dem auch Frau Grassler und Frau Steiger geh\u00f6ren) er\u00f6ffnete mit einem Vortrag \u00fcber Besonderheiten des Erasmus+ Projektmanagements die Diskussion zu offenen Fragen des Konsortiums.<br \/>\nBei den Projekttreffen beabsichtigt das Konsortium die Stakeholder vor Ort miteinzubinden. Bei dem ersten Projekttreffen waren daher das Akademische Auslandsamt und Studentinnen der Hochschule vertreten. Basierend auf dem Vortrag von Frau Brandt, Leiterin des Akademischen Auslandsamtes, und Frau Friedl, verantwortlich f\u00fcr Auslandspraktika, wurden weiterf\u00fchrende Disseminationsaktivit\u00e4ten aufgelegt und in die Strategie des Projekts integriert. Ariane Ros und Anna-Katharina Schmitz, Studentinnen an der P\u00e4dagogischen Hochschule Karlsruhe richten eine studentische Gruppe auf der internen Plattform Stud.IP f\u00fcr Studierende ein, die im Rahmen des Projekts und als Follow-up z.B. die entwickelten Unterrichtsmaterialien nutzen m\u00f6chten.<br \/>\nDer Raum der Hochschule ist nun in das Erasmus+ Projekt miteingebunden: Am Eingang des Studien-Service-Zentrums konnte ein geeigneter Ort f\u00fcr die vom P\u00e4dagogischen Austauschdienst (PAD) bereitgestellte Erasmus+ Plakette gefunden werden. Hier ist die Plakette gut sichtbar f\u00fcr Studierende, Lehrende und Besucher der Hochschule. Im Rahmen des Kick-off Meetings fand mit den Projektpartnern eine Einweihung statt.<\/p>\n<p><img loading=\"lazy\" decoding=\"async\" class=\"aligncenter wp-image-105 size-full\" src=\"http:\/\/cultureshake.ph-karlsruhe.de\/wordpress\/wp-content\/uploads\/2016\/12\/M1-Karlsruhe_02-e1559223676971.jpg\" alt=\"\" width=\"2155\" height=\"2714\" srcset=\"https:\/\/cultureshake.ph-karlsruhe.de\/wordpress\/wp-content\/uploads\/2016\/12\/M1-Karlsruhe_02-e1559223676971.jpg 2155w, https:\/\/cultureshake.ph-karlsruhe.de\/wordpress\/wp-content\/uploads\/2016\/12\/M1-Karlsruhe_02-e1559223676971-238x300.jpg 238w, https:\/\/cultureshake.ph-karlsruhe.de\/wordpress\/wp-content\/uploads\/2016\/12\/M1-Karlsruhe_02-e1559223676971-768x967.jpg 768w, https:\/\/cultureshake.ph-karlsruhe.de\/wordpress\/wp-content\/uploads\/2016\/12\/M1-Karlsruhe_02-e1559223676971-813x1024.jpg 813w, https:\/\/cultureshake.ph-karlsruhe.de\/wordpress\/wp-content\/uploads\/2016\/12\/M1-Karlsruhe_02-e1559223676971-100x126.jpg 100w, https:\/\/cultureshake.ph-karlsruhe.de\/wordpress\/wp-content\/uploads\/2016\/12\/M1-Karlsruhe_02-e1559223676971-150x189.jpg 150w, https:\/\/cultureshake.ph-karlsruhe.de\/wordpress\/wp-content\/uploads\/2016\/12\/M1-Karlsruhe_02-e1559223676971-200x252.jpg 200w, https:\/\/cultureshake.ph-karlsruhe.de\/wordpress\/wp-content\/uploads\/2016\/12\/M1-Karlsruhe_02-e1559223676971-300x378.jpg 300w, https:\/\/cultureshake.ph-karlsruhe.de\/wordpress\/wp-content\/uploads\/2016\/12\/M1-Karlsruhe_02-e1559223676971-450x567.jpg 450w, https:\/\/cultureshake.ph-karlsruhe.de\/wordpress\/wp-content\/uploads\/2016\/12\/M1-Karlsruhe_02-e1559223676971-600x756.jpg 600w, https:\/\/cultureshake.ph-karlsruhe.de\/wordpress\/wp-content\/uploads\/2016\/12\/M1-Karlsruhe_02-e1559223676971-900x1133.jpg 900w\" sizes=\"auto, (max-width: 2155px) 100vw, 2155px\" \/><\/p>\n<p>Die Abende nach den intensiven Arbeitstagen wurden genutzt, um beim geselligen Zusammensein die Kontakte auszubauen und die Besonderheit der verschiedenen L\u00e4nder kennenzulernen. Einer der Tage fand seinen abendlichen Ausklang auf dem traditionellen Karlsruher Weihnachtsmarkt:\u00a0&#8222;Awake the pert and nimble spirit of mirth&#8220; (A Midsummer Night\u00b4s Dream Act 1, Scene 1).<\/p>","protected":false},"excerpt":{"rendered":"<p><img loading=\"lazy\" decoding=\"async\" class=\"alignnone size-medium wp-image-142 aligncenter\" src=\"http:\/\/cultureshake.ph-karlsruhe.de\/wordpress\/wp-content\/uploads\/2016\/12\/PH-Winter-300x199.jpg\" alt=\"\" width=\"300\" height=\"199\" srcset=\"https:\/\/cultureshake.ph-karlsruhe.de\/wordpress\/wp-content\/uploads\/2016\/12\/PH-Winter-300x199.jpg 300w, https:\/\/cultureshake.ph-karlsruhe.de\/wordpress\/wp-content\/uploads\/2016\/12\/PH-Winter-768x511.jpg 768w, https:\/\/cultureshake.ph-karlsruhe.de\/wordpress\/wp-content\/uploads\/2016\/12\/PH-Winter-1024x681.jpg 1024w, https:\/\/cultureshake.ph-karlsruhe.de\/wordpress\/wp-content\/uploads\/2016\/12\/PH-Winter-100x66.jpg 100w, https:\/\/cultureshake.ph-karlsruhe.de\/wordpress\/wp-content\/uploads\/2016\/12\/PH-Winter-150x100.jpg 150w, https:\/\/cultureshake.ph-karlsruhe.de\/wordpress\/wp-content\/uploads\/2016\/12\/PH-Winter-200x133.jpg 200w, https:\/\/cultureshake.ph-karlsruhe.de\/wordpress\/wp-content\/uploads\/2016\/12\/PH-Winter-450x299.jpg 450w, https:\/\/cultureshake.ph-karlsruhe.de\/wordpress\/wp-content\/uploads\/2016\/12\/PH-Winter-600x399.jpg 600w, https:\/\/cultureshake.ph-karlsruhe.de\/wordpress\/wp-content\/uploads\/2016\/12\/PH-Winter-900x598.jpg 900w\" sizes=\"auto, (max-width: 300px) 100vw, 300px\" \/><\/p>\n<p>Zum Start des Projekts Cultureshake traf sich das Konsortium zu seinem ersten Planungstreffen an der P\u00e4dagogischen Hochschule in Karlsruhe. Aus allen vier Partnerl\u00e4ndern kamen die Projektpartner zusammen.\u00a0Bei dem Treffen wurden folgende Erasmus+ Projekt-Themen verhandelt:<\/p>\n<ul>\n<li>Qualit\u00e4tsmanagement<\/li>\n<li>Controlling<\/li>\n<li>Disseminationsstrategie<\/li>\n<li>Monitoringstrategie<\/li>\n<li>Feinabstimmung der Projektaktivit\u00e4ten<\/li>\n<li>Modell f\u00fcr Stakeholder Management<\/li>\n<li>Planung der transnationalen Projekttreffen 2 bis 5<\/li>\n<li>Organisation und Planung der Lernaktivit\u00e4ten 1 und 2<\/li>\n<\/ul>\n<p>F\u00fcr die Bearbeitung der Themenkomplexe wurden ExpertInnen und Stakeholder gleich zu Beginn des Projekts hinzugezogen.<\/p>\n<p><span class=\"ellipsis\">&hellip;<\/span><\/p>\n<div class=\"read-more\"><a href=\"https:\/\/cultureshake.ph-karlsruhe.de\/cusha\/aktivitaeten\/transnationale-meetings\/kick-off-meeting-in-karlsruhe-12-14-12-2016\/\">Weiterlesen \u203a<\/a><\/div>\n<p><!-- end of .read-more --><\/p>\n","protected":false},"author":1,"featured_media":0,"parent":96,"menu_order":0,"comment_status":"closed","ping_status":"closed","template":"","meta":{"footnotes":""},"class_list":["post-98","page","type-page","status-publish","hentry"],"_links":{"self":[{"href":"https:\/\/cultureshake.ph-karlsruhe.de\/cusha\/wp-json\/wp\/v2\/pages\/98","targetHints":{"allow":["GET"]}}],"collection":[{"href":"https:\/\/cultureshake.ph-karlsruhe.de\/cusha\/wp-json\/wp\/v2\/pages"}],"about":[{"href":"https:\/\/cultureshake.ph-karlsruhe.de\/cusha\/wp-json\/wp\/v2\/types\/page"}],"author":[{"embeddable":true,"href":"https:\/\/cultureshake.ph-karlsruhe.de\/cusha\/wp-json\/wp\/v2\/users\/1"}],"replies":[{"embeddable":true,"href":"https:\/\/cultureshake.ph-karlsruhe.de\/cusha\/wp-json\/wp\/v2\/comments?post=98"}],"version-history":[{"count":22,"href":"https:\/\/cultureshake.ph-karlsruhe.de\/cusha\/wp-json\/wp\/v2\/pages\/98\/revisions"}],"predecessor-version":[{"id":740,"href":"https:\/\/cultureshake.ph-karlsruhe.de\/cusha\/wp-json\/wp\/v2\/pages\/98\/revisions\/740"}],"up":[{"embeddable":true,"href":"https:\/\/cultureshake.ph-karlsruhe.de\/cusha\/wp-json\/wp\/v2\/pages\/96"}],"wp:attachment":[{"href":"https:\/\/cultureshake.ph-karlsruhe.de\/cusha\/wp-json\/wp\/v2\/media?parent=98"}],"curies":[{"name":"wp","href":"https:\/\/api.w.org\/{rel}","templated":true}]}}