{"id":797,"date":"2019-10-06T18:16:33","date_gmt":"2019-10-06T16:16:33","guid":{"rendered":"http:\/\/cultureshake.ph-karlsruhe.de\/cusha\/?page_id=797"},"modified":"2019-10-28T20:47:16","modified_gmt":"2019-10-28T19:47:16","slug":"multiplier-event-at-the-english-school-of-gothenburg","status":"publish","type":"page","link":"https:\/\/cultureshake.ph-karlsruhe.de\/cusha\/aktivitaeten\/multiplikatorenveranstaltung\/multiplier-event-at-the-english-school-of-gothenburg\/","title":{"rendered":"Multiplikatorenveranstaltung der English School of Gothenburg am 2. Mai 2019"},"content":{"rendered":"<p>Die Multiplikatorenveranstaltung an der ESG fand am 2. Mai 2019 in G\u00f6teborg statt. Die Veranstaltung wurde organisiert, um Lehrkr\u00e4fte in der Region \u00fcber die Produkte des CultureShake-Projekts zu informieren.<\/p>\n<p>Die ESG ist federf\u00fchrend bei dem Produkt &#8222;Lehrmaterialien f\u00fcr Gleichaltrige&#8220;. Dies war also ein ganz besonderer Anlass, um sich mit den Mitautoren, den Sch\u00fclerinnen und Sch\u00fclern der ESG, zu treffen. Diese entwickelten Peer-Teaching-Material f\u00fcr andere Sch\u00fclerinnen und Sch\u00fcler. W\u00e4hrend der Lernaktivit\u00e4ten in Singen, Stratford-upon-Avon und G\u00f6teborg sammelten sie Ideen und Methoden f\u00fcr ihre Produkte.<\/p>\n<p>Nicht nur, um die Theorie zu pr\u00e4sentieren, sondern auch um diese in die Praxis umzusetzen, zeigten sie ihre Interpretationen von &#8222;Der Sturm&#8220; und &#8222;Ein Sommernachtstraum&#8220;.<br \/>\nDie ESG nahm rund 23 9-j\u00e4hrige Sch\u00fclerinnen Sch\u00fcler und die Kurzfassungen der Shakespeare-St\u00fccke. Sie wurden von den 15- und 16-j\u00e4hrigen Sch\u00fclerinnen und Sch\u00fcler betreut, die bereits mit den St\u00fccken vertraut waren. Sie traten vor einem eingeladenen Publikum auf. Die Eltern erfreuten sich an dem Auftritt und die Sch\u00fclerinnen und Sch\u00fcler liebten es, von den \u00c4lteren angeleitet zu werden. Dies trug sehr zu dem gegenseitigen Verst\u00e4ndnis der beiden Altersgruppen bei. Die Sch\u00fclerinnen und Sch\u00fcler sprechen zahlreiche Sprachen, aber die Eltern waren beeindruckt, dass sie hier in einer weiteren Sprache auftraten, dem Englisch Shakespeares.<\/p>\n<p>Wir hatten gro\u00dfartige R\u00fcckmeldungen von den \u00e4lteren Sch\u00fclerinnen und Sch\u00fclern:<\/p>\n<p><strong>Feedback 1<\/strong><br \/>\n\u201eIch habe Leute kennengelernt, die ich sonst wahrscheinlich nicht kennengelernt h\u00e4tte und ich denke, das hat die Bindung zwischen unseren Jahrgangsgruppen gest\u00e4rkt. Ich wei\u00df, dass manche ihre Texte und Rollen sehr genossen haben. Ich denke auch, dass sie es mochten, ihren Eltern die Auff\u00fchrung zu zeigen. Ich w\u00fcrde gerne wieder Regie f\u00fchren. Ich war mit dem Endergebnis zufrieden.\u201c<\/p>\n<p><strong>Feedback 2<\/strong><br \/>\nIch habe es genossen, mit den j\u00fcngeren Sch\u00fclerinnen und Sch\u00fclern zu arbeiten und ihnen die Dinge beizubringen, die ich w\u00e4hrend des CUSHA-Projekts gelernt habe. Es hat mir auch Spa\u00df gemacht, das St\u00fcck von Anfang an zu entwickeln und meine Ideen zum Leben zu erwecken. Ich fand es toll, dass auch die Anderen an der Schule die Auff\u00fchrungen mochten und unsere harte Arbeit sch\u00e4tzten.\u201c<\/p>\n<p><em>M\u00f6chtest du nochmal Regie f\u00fchren?<\/em><br \/>\n\u201eDefinitiv Ja. Es hat gro\u00dfen Spa\u00df gemacht und die Arbeit mit den j\u00fcngeren Sch\u00fclerinnen und Sch\u00fclern war unglaublich.\u201c<\/p>\n<p><strong>Feedback 3<\/strong><br \/>\n\u201eIch denke, das Beste an diesem kleinen Projekt war, dasses viel Teamarbeit und Austausch war. Alle mussten miteinander arbeiten und es hat dazu gef\u00fchrt, dass wir uns kennengelernt haben, j\u00fcngere und \u00e4ltere Sch\u00fclerinnen und Sch\u00fcler, und sogar Lehrerinnen und Lehrer. Ich denke, dass die j\u00fcngeren Sch\u00fclerinnen und Sch\u00fcler in der Lage waren, ein Vorbild oder jemanden zu finden, zu dem sie aufschauen konnten. Alle \u00e4ltere Sch\u00fclerinnen und Sch\u00fcler f\u00fchlten sich verantwortlich und gaben den J\u00fcngeren ein gutes Beispiel, was mir wichtig ist.\u201c<\/p>\n<p><em>M\u00f6chtest du nochmal Regie f\u00fchren?<\/em><br \/>\n\u201eJa, ich fand es interessant und lustig. Am liebsten w\u00fcrde ich das nochmal machen.\u201c<\/p>\n<style>\n#tabcust {\n  border-collapse: collapse;\n  width: 100%;\n  text-align: center;\n  vertical-align: middle;\n  border: 2px solid black;\n}\n<\/style>\n<table id=\"tabcust\">\n<tr>\n<th width=\"75%\">Einladung zur Multiplikatorenveranstaltung<\/th>\n<th width=\"25%\"><a href=\"https:\/\/cultureshake.ph-karlsruhe.de\/wordpress\/wp-content\/uploads\/2019\/10\/ESG_Multiplier_Programme.pdf\" target=\"_blank\" rel=\"noopener noreferrer\"><img decoding=\"async\" src=\"https:\/\/cultureshake.ph-karlsruhe.de\/wordpress\/wp-content\/uploads\/2019\/10\/Download_CS.png\"><\/a><\/th>\n<\/tr>\n<\/table>\n<p><\/p>","protected":false},"excerpt":{"rendered":"<p>Die Multiplikatorenveranstaltung an der ESG fand am 2. Mai 2019 in G\u00f6teborg statt. Die Veranstaltung wurde organisiert, um Lehrkr\u00e4fte in der Region \u00fcber die Produkte des CultureShake-Projekts zu informieren.<\/p>\n<p>Die ESG ist federf\u00fchrend bei dem Produkt &#8222;Lehrmaterialien f\u00fcr Gleichaltrige&#8220;.<\/p>\n<p><span class=\"ellipsis\">&hellip;<\/span><\/p>\n<div class=\"read-more\"><a href=\"https:\/\/cultureshake.ph-karlsruhe.de\/cusha\/aktivitaeten\/multiplikatorenveranstaltung\/multiplier-event-at-the-english-school-of-gothenburg\/\">Weiterlesen \u203a<\/a><\/div>\n<p><!-- end of .read-more --><\/p>\n","protected":false},"author":1,"featured_media":0,"parent":759,"menu_order":3,"comment_status":"closed","ping_status":"closed","template":"","meta":{"footnotes":""},"class_list":["post-797","page","type-page","status-publish","hentry"],"_links":{"self":[{"href":"https:\/\/cultureshake.ph-karlsruhe.de\/cusha\/wp-json\/wp\/v2\/pages\/797","targetHints":{"allow":["GET"]}}],"collection":[{"href":"https:\/\/cultureshake.ph-karlsruhe.de\/cusha\/wp-json\/wp\/v2\/pages"}],"about":[{"href":"https:\/\/cultureshake.ph-karlsruhe.de\/cusha\/wp-json\/wp\/v2\/types\/page"}],"author":[{"embeddable":true,"href":"https:\/\/cultureshake.ph-karlsruhe.de\/cusha\/wp-json\/wp\/v2\/users\/1"}],"replies":[{"embeddable":true,"href":"https:\/\/cultureshake.ph-karlsruhe.de\/cusha\/wp-json\/wp\/v2\/comments?post=797"}],"version-history":[{"count":13,"href":"https:\/\/cultureshake.ph-karlsruhe.de\/cusha\/wp-json\/wp\/v2\/pages\/797\/revisions"}],"predecessor-version":[{"id":1027,"href":"https:\/\/cultureshake.ph-karlsruhe.de\/cusha\/wp-json\/wp\/v2\/pages\/797\/revisions\/1027"}],"up":[{"embeddable":true,"href":"https:\/\/cultureshake.ph-karlsruhe.de\/cusha\/wp-json\/wp\/v2\/pages\/759"}],"wp:attachment":[{"href":"https:\/\/cultureshake.ph-karlsruhe.de\/cusha\/wp-json\/wp\/v2\/media?parent=797"}],"curies":[{"name":"wp","href":"https:\/\/api.w.org\/{rel}","templated":true}]}}