{"id":771,"date":"2019-10-06T17:14:12","date_gmt":"2019-10-06T15:14:12","guid":{"rendered":"http:\/\/cultureshake.ph-karlsruhe.de\/cusha\/?page_id=771"},"modified":"2019-10-26T13:37:22","modified_gmt":"2019-10-26T11:37:22","slug":"multiplier-event-at-the-shakespeare-birthplace-trust-on-april-5-2019","status":"publish","type":"page","link":"https:\/\/cultureshake.ph-karlsruhe.de\/cusha\/aktivitaeten\/multiplikatorenveranstaltung\/multiplier-event-at-the-shakespeare-birthplace-trust-on-april-5-2019\/","title":{"rendered":"Multiplikatorenveranstaltung des Shakespeare Birthplace Trusts am 5. April 2019"},"content":{"rendered":"<p>Die Multiplikatorenveranstaltung am Shakespeare Birthplace Trust fand im Shakespeare Centre in Stratford-upon-Avon am 5. April 20019 statt. Teilnehmende aus dem Vereinigten K\u00f6nigreich und anderen EU L\u00e4ndern kamen zusammen, um sich mit CultureShake Projektmethoden und -aktivit\u00e4ten vertraut zu machen und diese zu diskutieren. Es war besonders beeindruckend zu sehen, welch gro\u00dfes Interesse Lehrkr\u00e4fte aus dem Vereinigten K\u00f6nigreich daran hatten, Literaturvermittlung inklusiver und damit f\u00fcr mehrsprachige Sch\u00fclerinnen und Sch\u00fcler im Klassenzimmer zug\u00e4nglicher zu machen.<\/p>\n<p>Wir fingen den Tag damit an die grundlegenden Absichten, Ziele und Methodologien des CultureShake Projekts mit den Teilnehmenden zu teilen bevor diskutiert wurde, wie sich Shakespeare im Sprachunterricht gen\u00e4hert werden kann. Die Teilnehmenden nahmen die Gelegenheit gerne wahr, sich \u00fcber ihre Erfahrungen auszutauschen und einige \u00dcbungen auszuprobieren, die sich mit der Identifizierung von emotionalen Kern- und Schl\u00fcsselszenen des St\u00fccks befassen.<\/p>\n<p><img loading=\"lazy\" decoding=\"async\" class=\"alignright size-medium wp-image-783\" src=\"http:\/\/cultureshake.ph-karlsruhe.de\/wordpress\/wp-content\/uploads\/2019\/10\/ME_SBT_1-300x207.jpg\" alt=\"\" width=\"300\" height=\"207\" srcset=\"https:\/\/cultureshake.ph-karlsruhe.de\/wordpress\/wp-content\/uploads\/2019\/10\/ME_SBT_1-300x207.jpg 300w, https:\/\/cultureshake.ph-karlsruhe.de\/wordpress\/wp-content\/uploads\/2019\/10\/ME_SBT_1-100x69.jpg 100w, https:\/\/cultureshake.ph-karlsruhe.de\/wordpress\/wp-content\/uploads\/2019\/10\/ME_SBT_1-150x104.jpg 150w, https:\/\/cultureshake.ph-karlsruhe.de\/wordpress\/wp-content\/uploads\/2019\/10\/ME_SBT_1-200x138.jpg 200w, https:\/\/cultureshake.ph-karlsruhe.de\/wordpress\/wp-content\/uploads\/2019\/10\/ME_SBT_1-450x311.jpg 450w, https:\/\/cultureshake.ph-karlsruhe.de\/wordpress\/wp-content\/uploads\/2019\/10\/ME_SBT_1.jpg 565w\" sizes=\"auto, (max-width: 300px) 100vw, 300px\" \/>Da unsere CultureShake Sch\u00fclerinnen und Sch\u00fcler auch gelernt hatten, wie die Materialien im Archiv genutzt werde k\u00f6nnen, um informiert an dem Online W\u00f6rterbuch und den Peer Unterrichtsmaterialien zu arbeiten, hatten auch die Teilnehmenden der Multiplikatorenveranstaltung die M\u00f6glichkeit die M\u00f6glichkeit die Materialien von unseren Archiven zu inspizieren. Diese Materialien k\u00f6nnen im Unterricht f\u00fcr die beiden zentralen Shakespeare St\u00fccke im Projekt genutzt werden, um Shakespeare im Lichte der Auff\u00fchrungspraxis durch die Jahrhunderte hinweg zu illustrieren und die vielen m\u00f6glichen Interpretationen der Charaktere durch Kost\u00fcme zu veranschaulichen. <\/p>\n<p><img loading=\"lazy\" decoding=\"async\" class=\"alignleft size-medium wp-image-784\" src=\"http:\/\/cultureshake.ph-karlsruhe.de\/wordpress\/wp-content\/uploads\/2019\/10\/ME_SBT_2-300x151.jpg\" alt=\"\" width=\"300\" height=\"151\" srcset=\"https:\/\/cultureshake.ph-karlsruhe.de\/wordpress\/wp-content\/uploads\/2019\/10\/ME_SBT_2-300x151.jpg 300w, https:\/\/cultureshake.ph-karlsruhe.de\/wordpress\/wp-content\/uploads\/2019\/10\/ME_SBT_2-768x385.jpg 768w, https:\/\/cultureshake.ph-karlsruhe.de\/wordpress\/wp-content\/uploads\/2019\/10\/ME_SBT_2-100x50.jpg 100w, https:\/\/cultureshake.ph-karlsruhe.de\/wordpress\/wp-content\/uploads\/2019\/10\/ME_SBT_2-150x75.jpg 150w, https:\/\/cultureshake.ph-karlsruhe.de\/wordpress\/wp-content\/uploads\/2019\/10\/ME_SBT_2-200x100.jpg 200w, https:\/\/cultureshake.ph-karlsruhe.de\/wordpress\/wp-content\/uploads\/2019\/10\/ME_SBT_2-450x226.jpg 450w, https:\/\/cultureshake.ph-karlsruhe.de\/wordpress\/wp-content\/uploads\/2019\/10\/ME_SBT_2-600x301.jpg 600w, https:\/\/cultureshake.ph-karlsruhe.de\/wordpress\/wp-content\/uploads\/2019\/10\/ME_SBT_2.jpg 827w\" sizes=\"auto, (max-width: 300px) 100vw, 300px\" \/>Nach der Mittagspause wurde auf die CultureShake Produkte detailliert eingegangen, insbesondere auf das Online W\u00f6rterbuch und die Peer Unterrichtsmaterialien, welche von den CultureShake Sch\u00fclerinnen und Sch\u00fcler erstellt worden waren w\u00e4hrend der Lernaktivit\u00e4ten in Deutschland, Stratford und Schweden. Wir beendeten den Nachmittag, indem wir einige der Lernaktivit\u00e4ten zu \u201eDer Sturm\u201c ausprobierten, welche f\u00fcr das Methodenkompendium f\u00fcr Lehrkr\u00e4fte erstellt worden waren. Die vielen unterschiedlichen Versionen von Prosperos Spruch, die von den Teilnehmenden erstellt wurden \u2013 mit ganz unterschiedlichen Herangehensweisen bei Reim, Rhythmus, Bild und Sprache, waren besonders erhellend. Dem Feedback zufolge fanden die Teilnehmenden an der Multiplikatorenveranstaltung die Ans\u00e4tze zum Unterrichten von Shakespeare in einem mehrsprachigen Setting inspirierend und wollen diese unbedingt in ihrer eigenen Schulpraxis ausprobieren.<\/p>\n<p><img loading=\"lazy\" decoding=\"async\" class=\"alignright size-medium wp-image-785\" src=\"http:\/\/cultureshake.ph-karlsruhe.de\/wordpress\/wp-content\/uploads\/2019\/10\/ME_SBT_3-300x201.jpg\" alt=\"\" width=\"300\" height=\"201\" srcset=\"https:\/\/cultureshake.ph-karlsruhe.de\/wordpress\/wp-content\/uploads\/2019\/10\/ME_SBT_3-300x201.jpg 300w, https:\/\/cultureshake.ph-karlsruhe.de\/wordpress\/wp-content\/uploads\/2019\/10\/ME_SBT_3-100x67.jpg 100w, https:\/\/cultureshake.ph-karlsruhe.de\/wordpress\/wp-content\/uploads\/2019\/10\/ME_SBT_3-150x101.jpg 150w, https:\/\/cultureshake.ph-karlsruhe.de\/wordpress\/wp-content\/uploads\/2019\/10\/ME_SBT_3-200x134.jpg 200w, https:\/\/cultureshake.ph-karlsruhe.de\/wordpress\/wp-content\/uploads\/2019\/10\/ME_SBT_3-450x302.jpg 450w, https:\/\/cultureshake.ph-karlsruhe.de\/wordpress\/wp-content\/uploads\/2019\/10\/ME_SBT_3-600x403.jpg 600w, https:\/\/cultureshake.ph-karlsruhe.de\/wordpress\/wp-content\/uploads\/2019\/10\/ME_SBT_3.jpg 717w\" sizes=\"auto, (max-width: 300px) 100vw, 300px\" \/>\u201eGro\u00dfartige Erfahrung! Es wurden neue Einsichten in interkulturelle und mehrsprachige Ans\u00e4tze vermittelt, welche im modernen Klassenzimmer genutzt werden k\u00f6nnen!\u201c (Jo Baum, Englischlehrkraft, Christopher Whitehead Language College and Sixth Form)<\/p>\n<p>\u201eIch habe viel gelernt, was auf jede Gruppe und jedes St\u00fcck angewandt werden kann. Ich freue mich schon sehr darauf Einiges mit meinen Sch\u00fclerinnen und Sch\u00fclern auszuprobieren!\u201c (Donna Blythe, Englischlehrkraft, Waverley Studio College)<\/p>\n<style>\n#tabcust {\n  border-collapse: collapse;\n  width: 100%;\n  text-align: center;\n  vertical-align: middle;\n  border: 2px solid black;\n}\n<\/style>\n<table id=\"tabcust\">\n<tr>\n<th width=\"75%\">Flyer<\/th>\n<th width=\"25%\"><a href=\"https:\/\/cultureshake.ph-karlsruhe.de\/wordpress\/wp-content\/uploads\/2019\/10\/E2_Flyer.pdf\" target=\"_blank\" rel=\"noopener noreferrer\"><img decoding=\"async\" src=\"https:\/\/cultureshake.ph-karlsruhe.de\/wordpress\/wp-content\/uploads\/2019\/10\/Download_CS.png\"><\/a><\/th>\n<\/tr>\n<tr>\n<th>Multiplier Programme<\/th>\n<th><a href=\"https:\/\/cultureshake.ph-karlsruhe.de\/wordpress\/wp-content\/uploads\/2019\/10\/E2_Day%20Programme.pdf\" target=\"_blank\" rel=\"noopener noreferrer\"><img decoding=\"async\" src=\"https:\/\/cultureshake.ph-karlsruhe.de\/wordpress\/wp-content\/uploads\/2019\/10\/Download_CS.png\"><\/a><\/th>\n<\/tr>\n<tr>\n<th>Multiplier Presentation: Shakespeare in the Multilingual Classroom<\/th>\n<th><a href=\"https:\/\/cultureshake.ph-karlsruhe.de\/wordpress\/wp-content\/uploads\/2019\/10\/E2_Multiplier%20Event%20E2%20Shakespeare%20in%20the%20Multilingual%20Classroom.pdf\" target=\"_blank\" rel=\"noopener noreferrer\"><img decoding=\"async\" src=\"https:\/\/cultureshake.ph-karlsruhe.de\/wordpress\/wp-content\/uploads\/2019\/10\/Download_CS.png\"><\/a><\/th>\n<\/tr>\n<tr>\n<th>Worksheet<\/th>\n<th><a href=\"https:\/\/cultureshake.ph-karlsruhe.de\/wordpress\/wp-content\/uploads\/2019\/10\/E2_Worksheet%20Emotional%20Core%20and%20Key%20Scenes.pdf\" target=\"_blank\" rel=\"noopener noreferrer\"><img decoding=\"async\" src=\"https:\/\/cultureshake.ph-karlsruhe.de\/wordpress\/wp-content\/uploads\/2019\/10\/Download_CS.png\"><\/a><\/th>\n<\/tr>\n<\/table>\n<p><\/p>","protected":false},"excerpt":{"rendered":"<p>Die Multiplikatorenveranstaltung am Shakespeare Birthplace Trust fand im Shakespeare Centre in Stratford-upon-Avon am 5. April 20019 statt. Teilnehmende aus dem Vereinigten K\u00f6nigreich und anderen EU L\u00e4ndern kamen zusammen, um sich mit CultureShake Projektmethoden und -aktivit\u00e4ten vertraut zu machen und diese zu diskutieren.<\/p>\n<p><span class=\"ellipsis\">&hellip;<\/span><\/p>\n<div class=\"read-more\"><a href=\"https:\/\/cultureshake.ph-karlsruhe.de\/cusha\/aktivitaeten\/multiplikatorenveranstaltung\/multiplier-event-at-the-shakespeare-birthplace-trust-on-april-5-2019\/\">Weiterlesen \u203a<\/a><\/div>\n<p><!-- end of .read-more --><\/p>\n","protected":false},"author":1,"featured_media":0,"parent":759,"menu_order":1,"comment_status":"closed","ping_status":"closed","template":"","meta":{"footnotes":""},"class_list":["post-771","page","type-page","status-publish","hentry"],"_links":{"self":[{"href":"https:\/\/cultureshake.ph-karlsruhe.de\/cusha\/wp-json\/wp\/v2\/pages\/771","targetHints":{"allow":["GET"]}}],"collection":[{"href":"https:\/\/cultureshake.ph-karlsruhe.de\/cusha\/wp-json\/wp\/v2\/pages"}],"about":[{"href":"https:\/\/cultureshake.ph-karlsruhe.de\/cusha\/wp-json\/wp\/v2\/types\/page"}],"author":[{"embeddable":true,"href":"https:\/\/cultureshake.ph-karlsruhe.de\/cusha\/wp-json\/wp\/v2\/users\/1"}],"replies":[{"embeddable":true,"href":"https:\/\/cultureshake.ph-karlsruhe.de\/cusha\/wp-json\/wp\/v2\/comments?post=771"}],"version-history":[{"count":15,"href":"https:\/\/cultureshake.ph-karlsruhe.de\/cusha\/wp-json\/wp\/v2\/pages\/771\/revisions"}],"predecessor-version":[{"id":980,"href":"https:\/\/cultureshake.ph-karlsruhe.de\/cusha\/wp-json\/wp\/v2\/pages\/771\/revisions\/980"}],"up":[{"embeddable":true,"href":"https:\/\/cultureshake.ph-karlsruhe.de\/cusha\/wp-json\/wp\/v2\/pages\/759"}],"wp:attachment":[{"href":"https:\/\/cultureshake.ph-karlsruhe.de\/cusha\/wp-json\/wp\/v2\/media?parent=771"}],"curies":[{"name":"wp","href":"https:\/\/api.w.org\/{rel}","templated":true}]}}