{"id":765,"date":"2019-10-06T17:02:39","date_gmt":"2019-10-06T15:02:39","guid":{"rendered":"http:\/\/cultureshake.ph-karlsruhe.de\/cusha\/?page_id=765"},"modified":"2019-10-23T11:01:19","modified_gmt":"2019-10-23T09:01:19","slug":"5-transnationales-projekttreffen","status":"publish","type":"page","link":"https:\/\/cultureshake.ph-karlsruhe.de\/cusha\/aktivitaeten\/transnationale-meetings\/5-transnationales-projekttreffen\/","title":{"rendered":"5. Transnationales Projekttreffen"},"content":{"rendered":"<p><\/p>\n<h1>an der P\u00e4dagogischen Hochschule Karlsruhe vom 03.06. bis 07.06.2019<\/h1>\n<p>Das abschlie\u00dfende \u201eCultureShake\u201c Projekttreffen fand in Karlsruhe statt. Montag und Freitag waren f\u00fcr die An- und Abreise gedacht.<\/p>\n<p>Die folgenden Projektthemen wurden diskutiert und bearbeitet:<\/p>\n<ul>\n<li>Verbreitungsaktivit\u00e4ten<\/li>\n<li>Verbreitungskreislauf<\/li>\n<li>Webseite<\/li>\n<li>Stakeholder Management<\/li>\n<li>Wirkung (Aufnahme der \u00dcbung zu Wirkung vom 4. transnationalen Projekttreffen)<\/li>\n<li>Produkte: Qualit\u00e4tsmanagement, \u00dcbersetzungsablauf \u2013 und problematiken, Layout<\/li>\n<li>\u00dcberp\u00fcfung der Eingaben ins Mobility Tool<\/li>\n<li>Diskussion und Verst\u00e4ndnis der Fragen f\u00fcr den Abschlussbericht<\/li>\n<li>Diskussion der Projektergebnisse<\/li>\n<li>Nachhaltigkeitskonzept<\/li>\n<li>Aktualisierung des Projektplans inclusive der neuen Termine f\u00fcr Online Meetings<\/li>\n<\/ul>\n<p>In Bezug auf die Verbreitung und die Verbreitungsaktivit\u00e4ten kamen wir zu der Bewertung, dass unsere Ergebnisse die Ziele in dem Projektantrag \u00fcbertrafen, da wir mehr Personen erreicht haben als urspr\u00fcnglich angenommen. Der Verbreitungsplan, der am Anfang des Projekts aufgestellt worden war, hat sich als effizient erwiesen und half uns im Verlauf des Projekts unsere Ziele zu erreichen.<\/p>\n<p>Gem\u00e4\u00dfe der \u00dcbung in Bezug auf die Wirkung (die \u00dcbung ist <a href=\"https:\/\/www.kmk-pad.org\/fileadmin\/Dateien\/download\/v_na\/03_Durchfuehrung\/KA_2\/Impact__Exercise_Workshop.pdf\" target=\"_\" rel=\"noopener noreferrer\">hier<\/a> zu finden) kamen wir zu dem Ergebnis, dass das Projekt eine immense Wirkung auf die Institutionen hatte. Nach Abschluss des Projekt sind die Projektpartner weiterhin zu Vortr\u00e4gen eingeladen. Diese werden auf der Projektwebseite unter Neuigkeiten, Verbreitung und dem Galeriebereich angezeigt, um Interessenten weiterhin zu informieren.<\/p>\n<p>In Bezug auf das Stakeholder Management konnten wir festhalten, dass wir auf regionale, nationale und internationale Netzwerke zur\u00fcckgreifen konnten. Gem\u00e4\u00df diesen Zielen war der letzte Tag des Projekttreffens den nationalen Stakeholdern gewidmet, welche Repr\u00e4sentanten des Religionsp\u00e4dagogischen Instituts in Karlsruhe (RPI), Studierende und Mitarbeitende der P\u00e4dagogischen Hochschule Karlsruhe miteinschloss.<\/p>","protected":false},"excerpt":{"rendered":"<\/p>\n<p>an der P\u00e4dagogischen Hochschule Karlsruhe vom 03.06. bis 07.06.2019<\/p>\n<p>Das abschlie\u00dfende \u201eCultureShake\u201c Projekttreffen fand in Karlsruhe statt. Montag und Freitag waren f\u00fcr die An- und Abreise gedacht.<\/p>\n<p>Die folgenden Projektthemen wurden diskutiert und bearbeitet:<\/p>\n<ul>\n<li>Verbreitungsaktivit\u00e4ten<\/li>\n<li>Verbreitungskreislauf<\/li>\n<li>Webseite<\/li>\n<li>Stakeholder Management<\/li>\n<li>Wirkung (Aufnahme der \u00dcbung zu Wirkung vom 4.<\/li>\n<\/ul>\n<p><span class=\"ellipsis\">&hellip;<\/span><\/p>\n<div class=\"read-more\"><a href=\"https:\/\/cultureshake.ph-karlsruhe.de\/cusha\/aktivitaeten\/transnationale-meetings\/5-transnationales-projekttreffen\/\">Weiterlesen \u203a<\/a><\/div>\n<p><!-- end of .read-more --><\/p>\n","protected":false},"author":1,"featured_media":0,"parent":96,"menu_order":5,"comment_status":"closed","ping_status":"closed","template":"","meta":{"footnotes":""},"class_list":["post-765","page","type-page","status-publish","hentry"],"_links":{"self":[{"href":"https:\/\/cultureshake.ph-karlsruhe.de\/cusha\/wp-json\/wp\/v2\/pages\/765","targetHints":{"allow":["GET"]}}],"collection":[{"href":"https:\/\/cultureshake.ph-karlsruhe.de\/cusha\/wp-json\/wp\/v2\/pages"}],"about":[{"href":"https:\/\/cultureshake.ph-karlsruhe.de\/cusha\/wp-json\/wp\/v2\/types\/page"}],"author":[{"embeddable":true,"href":"https:\/\/cultureshake.ph-karlsruhe.de\/cusha\/wp-json\/wp\/v2\/users\/1"}],"replies":[{"embeddable":true,"href":"https:\/\/cultureshake.ph-karlsruhe.de\/cusha\/wp-json\/wp\/v2\/comments?post=765"}],"version-history":[{"count":6,"href":"https:\/\/cultureshake.ph-karlsruhe.de\/cusha\/wp-json\/wp\/v2\/pages\/765\/revisions"}],"predecessor-version":[{"id":929,"href":"https:\/\/cultureshake.ph-karlsruhe.de\/cusha\/wp-json\/wp\/v2\/pages\/765\/revisions\/929"}],"up":[{"embeddable":true,"href":"https:\/\/cultureshake.ph-karlsruhe.de\/cusha\/wp-json\/wp\/v2\/pages\/96"}],"wp:attachment":[{"href":"https:\/\/cultureshake.ph-karlsruhe.de\/cusha\/wp-json\/wp\/v2\/media?parent=765"}],"curies":[{"name":"wp","href":"https:\/\/api.w.org\/{rel}","templated":true}]}}