{"id":74,"date":"2016-12-07T22:21:06","date_gmt":"2016-12-07T21:21:06","guid":{"rendered":"http:\/\/cultureshake.ph-karlsruhe.de\/cusha\/?page_id=74"},"modified":"2017-08-10T10:12:32","modified_gmt":"2017-08-10T08:12:32","slug":"universitaet-primorska","status":"publish","type":"page","link":"https:\/\/cultureshake.ph-karlsruhe.de\/cusha\/ueber-uns\/universitaet-primorska\/","title":{"rendered":"Die Fakult\u00e4t f\u00fcr Mathematik, Naturwissenschaften und Informationstechnologien (UP FAMNIT)"},"content":{"rendered":"<p><\/p>\n<h3>\u00dcber die Fakult\u00e4t<\/h3>\n<p>Die 2006 gegr\u00fcndete Fakult\u00e4t f\u00fcr Mathematik, Naturwissenschaften und Informationstechnologie (UP FAMNIT) ist Teil der Universit\u00e4t von Primorska. An der Fakult\u00e4t k\u00f6nnen Bachelor- und Masterstudieng\u00e4nge studiert werden. Die Fakult\u00e4t hat auch das Promotionsrecht. Die Forschungsschwerpunkte liegen im Bereich der Mathematik, Computerwissenschaft und Informationstechnologie sowie den Naturwissenschaften.<\/p>\n<h3>Forschungsaktivit\u00e4ten<\/h3>\n<p>Die Fakult\u00e4t arbeitet eng mit dem Andrej Maru\u0161i\u010d Institute der Universit\u00e4t von Primorska (UP IAM) zusammen, an welchem derzeit die meisten Wissenschaftler der UP FAMNIT einer Forschungst\u00e4tigkeit nachgehen. Neben den Kernaufgaben Lehre und Forschung werden von der Fakult\u00e4t hochkar\u00e4tige internationale Konferenzen und wissenschaftliche Treffen als Organisator und Mitorganisator durchgef\u00fchrt.<br \/>\nDie Fakult\u00e4t ist aktiv in der internationalen Hochschulbildung und Forschung involviert und verf\u00fcgt \u00fcber ein etabliertes weltweites Netzwerk von Forschungsverb\u00fcnden mit angesehen ausl\u00e4ndischen Universit\u00e4ten. Hervorzuheben ist, dass an der UP FAMNIT eine der vier weltweit f\u00fchrenden Forschungsgruppen im Bereich der Algebraischen Graphentheory angesiedelt ist. Die anderen drei Gruppen befinden sich in China, Australien und S\u00fcdkorea. Diese Leistung an der Fakult\u00e4t trug ma\u00dfgeblich dazu bei, dass die Universit\u00e4t von Primorska zu den international anerkannten Forschungseinrichtungen z\u00e4hlt.<\/p>\n<h3>Studium Generale<\/h3>\n<p>An der Fakult\u00e4t werden Veranstaltungen f\u00fcr das Studium Generale (Exkursionen in das mathematische Universum, Abende der Biologie)angeboten. Des Weiteren ist der Bereich der Summer Schools und Camps (Mathe ist Cool Summer Camp, Summer School zum Fachbereich Mathematik in der Finanzwissenschaft, Naturwissenschaftliches Camp) ausgebaut. Die Kinderuni wendet sich mit dem Informatikworkshop Orada v.a. an die Sekundar- und das letzte Lernjahr der Primarstufe.<\/p>\n<h3>CUSHA an der FAMNIT<\/h3>\n<p>Die slovenische Projekpartnerin, Dr. <a href=\"mailto: mojca.kompara@famnit.upr.si\">Mojca Kompara<\/a>, ist Juniorprofessorin an der Universit\u00e4t von Primorska. Der Forschungsschwerpunkt ist die Lexikographie. 2006 erschien ihr erstes W\u00f6rterbuch der Abk\u00fcrzungen. Als Expertin auf diesem Gebiet ist Dr. Mojca Kompara in dem Projekt verantwortlich f\u00fcr die Erstellung des Shakespeare Begriffw\u00f6rterbuchs.<\/p>","protected":false},"excerpt":{"rendered":"<\/p>\n<p>\u00dcber die Fakult\u00e4t<\/p>\n<p>Die 2006 gegr\u00fcndete Fakult\u00e4t f\u00fcr Mathematik, Naturwissenschaften und Informationstechnologie (UP FAMNIT) ist Teil der Universit\u00e4t von Primorska. An der Fakult\u00e4t k\u00f6nnen Bachelor- und Masterstudieng\u00e4nge studiert werden. Die Fakult\u00e4t hat auch das Promotionsrecht. Die Forschungsschwerpunkte liegen im Bereich der Mathematik,<\/p>\n<p><span class=\"ellipsis\">&hellip;<\/span><\/p>\n<div class=\"read-more\"><a href=\"https:\/\/cultureshake.ph-karlsruhe.de\/cusha\/ueber-uns\/universitaet-primorska\/\">Weiterlesen \u203a<\/a><\/div>\n<p><!-- end of .read-more --><\/p>\n","protected":false},"author":1,"featured_media":0,"parent":40,"menu_order":5,"comment_status":"closed","ping_status":"closed","template":"","meta":{"footnotes":""},"class_list":["post-74","page","type-page","status-publish","hentry"],"_links":{"self":[{"href":"https:\/\/cultureshake.ph-karlsruhe.de\/cusha\/wp-json\/wp\/v2\/pages\/74","targetHints":{"allow":["GET"]}}],"collection":[{"href":"https:\/\/cultureshake.ph-karlsruhe.de\/cusha\/wp-json\/wp\/v2\/pages"}],"about":[{"href":"https:\/\/cultureshake.ph-karlsruhe.de\/cusha\/wp-json\/wp\/v2\/types\/page"}],"author":[{"embeddable":true,"href":"https:\/\/cultureshake.ph-karlsruhe.de\/cusha\/wp-json\/wp\/v2\/users\/1"}],"replies":[{"embeddable":true,"href":"https:\/\/cultureshake.ph-karlsruhe.de\/cusha\/wp-json\/wp\/v2\/comments?post=74"}],"version-history":[{"count":12,"href":"https:\/\/cultureshake.ph-karlsruhe.de\/cusha\/wp-json\/wp\/v2\/pages\/74\/revisions"}],"predecessor-version":[{"id":572,"href":"https:\/\/cultureshake.ph-karlsruhe.de\/cusha\/wp-json\/wp\/v2\/pages\/74\/revisions\/572"}],"up":[{"embeddable":true,"href":"https:\/\/cultureshake.ph-karlsruhe.de\/cusha\/wp-json\/wp\/v2\/pages\/40"}],"wp:attachment":[{"href":"https:\/\/cultureshake.ph-karlsruhe.de\/cusha\/wp-json\/wp\/v2\/media?parent=74"}],"curies":[{"name":"wp","href":"https:\/\/api.w.org\/{rel}","templated":true}]}}