{"id":720,"date":"2019-03-28T19:27:42","date_gmt":"2019-03-28T18:27:42","guid":{"rendered":"http:\/\/cultureshake.ph-karlsruhe.de\/cusha\/?page_id=720"},"modified":"2019-10-23T17:34:06","modified_gmt":"2019-10-23T15:34:06","slug":"3-transnationales-projekttreffen","status":"publish","type":"page","link":"https:\/\/cultureshake.ph-karlsruhe.de\/cusha\/aktivitaeten\/transnationale-meetings\/3-transnationales-projekttreffen\/","title":{"rendered":"3. Transnationales Projekttreffen"},"content":{"rendered":"<p><\/p>\n<h1>an der English School Gothenburg (ESG) in G\u00f6teborg vom 15.05 \u2013 17.05. 2018<\/h1>\n<p>&nbsp;<\/p>\n<p>In diesem transnationalen Treffen wurde an folgenden Erasmus+ Projekt-Themen gearbeitet:<\/p>\n<ul>\n<li>Neueste Entwicklungen<\/li>\n<li>Design der Multiplikatorenveranstaltungen<\/li>\n<li>Vorort Vorbereitung von C3<\/li>\n<li>Assessment<\/li>\n<li>Vorbereitung und Durchf\u00fchrung eines Webinars mit den Stakeholdern<\/li>\n<li>Dissemination<\/li>\n<li>Wirkung<\/li>\n<li>Monitoring<\/li>\n<li>Evaluation<\/li>\n<li>Zeitplan \u00dcbersetzung der Produkte<\/li>\n<li>Vorbereitung des Zwischenberichts<\/li>\n<li>Webseite und EU Datenverordnung<\/li>\n<\/ul>\n<p>Wenn man das ESG betritt, tritt man in eine lebendige Lernatmosph\u00e4re ein. Sch\u00fclerinnen und Sch\u00fcler der 7. Klasse haben das Projektteam begr\u00fc\u00dft und die Schule gezeigt. An den Tagen am ESG konnten wir immer wieder beobachten, wie die Peer Unterrichtsmaterialien getestet wurden.<\/p>\n<p>Das Projektmeeting wurde bei einer Abendveranstaltung mit den schwedischen Stakeholdern abgeschlossen.<\/p>\n<p><\/p>","protected":false},"excerpt":{"rendered":"<\/p>\n<p>an der English School Gothenburg (ESG) in G\u00f6teborg vom 15.05 \u2013 17.05. 2018<\/p>\n<p>&nbsp;<\/p>\n<p>In diesem transnationalen Treffen wurde an folgenden Erasmus+ Projekt-Themen gearbeitet:<\/p>\n<ul>\n<li>Neueste Entwicklungen<\/li>\n<li>Design der Multiplikatorenveranstaltungen<\/li>\n<li>Vorort Vorbereitung von C3<\/li>\n<li>Assessment<\/li>\n<li>Vorbereitung und Durchf\u00fchrung eines Webinars mit den Stakeholdern<\/li>\n<li>Dissemination<\/li>\n<li>Wirkung<\/li>\n<li>Monitoring<\/li>\n<li>Evaluation<\/li>\n<li>Zeitplan \u00dcbersetzung der Produkte<\/li>\n<li>Vorbereitung des Zwischenberichts<\/li>\n<li>Webseite und EU Datenverordnung<\/li>\n<\/ul>\n<p>Wenn man das ESG betritt,<\/p>\n<p><span class=\"ellipsis\">&hellip;<\/span><\/p>\n<div class=\"read-more\"><a href=\"https:\/\/cultureshake.ph-karlsruhe.de\/cusha\/aktivitaeten\/transnationale-meetings\/3-transnationales-projekttreffen\/\">Weiterlesen \u203a<\/a><\/div>\n<p><!-- end of .read-more --><\/p>\n","protected":false},"author":1,"featured_media":0,"parent":96,"menu_order":3,"comment_status":"closed","ping_status":"closed","template":"","meta":{"footnotes":""},"class_list":["post-720","page","type-page","status-publish","hentry"],"_links":{"self":[{"href":"https:\/\/cultureshake.ph-karlsruhe.de\/cusha\/wp-json\/wp\/v2\/pages\/720","targetHints":{"allow":["GET"]}}],"collection":[{"href":"https:\/\/cultureshake.ph-karlsruhe.de\/cusha\/wp-json\/wp\/v2\/pages"}],"about":[{"href":"https:\/\/cultureshake.ph-karlsruhe.de\/cusha\/wp-json\/wp\/v2\/types\/page"}],"author":[{"embeddable":true,"href":"https:\/\/cultureshake.ph-karlsruhe.de\/cusha\/wp-json\/wp\/v2\/users\/1"}],"replies":[{"embeddable":true,"href":"https:\/\/cultureshake.ph-karlsruhe.de\/cusha\/wp-json\/wp\/v2\/comments?post=720"}],"version-history":[{"count":13,"href":"https:\/\/cultureshake.ph-karlsruhe.de\/cusha\/wp-json\/wp\/v2\/pages\/720\/revisions"}],"predecessor-version":[{"id":1034,"href":"https:\/\/cultureshake.ph-karlsruhe.de\/cusha\/wp-json\/wp\/v2\/pages\/720\/revisions\/1034"}],"up":[{"embeddable":true,"href":"https:\/\/cultureshake.ph-karlsruhe.de\/cusha\/wp-json\/wp\/v2\/pages\/96"}],"wp:attachment":[{"href":"https:\/\/cultureshake.ph-karlsruhe.de\/cusha\/wp-json\/wp\/v2\/media?parent=720"}],"curies":[{"name":"wp","href":"https:\/\/api.w.org\/{rel}","templated":true}]}}