{"id":70,"date":"2016-12-07T22:18:55","date_gmt":"2016-12-07T21:18:55","guid":{"rendered":"http:\/\/cultureshake.ph-karlsruhe.de\/cusha\/?page_id=70"},"modified":"2019-03-28T18:49:12","modified_gmt":"2019-03-28T17:49:12","slug":"friedrich-woehler-gymnasium-singen","status":"publish","type":"page","link":"https:\/\/cultureshake.ph-karlsruhe.de\/cusha\/ueber-uns\/friedrich-woehler-gymnasium-singen\/","title":{"rendered":"Friedrich-W\u00f6hler-Gymnasium Singen"},"content":{"rendered":"<p>Das Friedrich-W\u00f6hler-Gymnasium in Singen am Bodensee wurde 1972 gegr\u00fcndet mit einem sprachlich-naturwissenschaftlichen Profil. Von Beginn an waren Sch\u00fclerorientierung und der Einsatz neuer Lernmethoden ausdr\u00fcckliches Ziel der Schule. Diese Grundgedanken sind heute immer noch pr\u00e4gend, w\u00e4hrend die Ausrichtung der Schule zunehmend internationaler und inklusiver wird. Am FWG unterrichten 110 Lehrerinnen und Lehrer ca. 1200 Sch\u00fclerinnen und Sch\u00fcler, von denen 25% einen Migrationshintergrund haben.<\/p>\n<p><a href=\"http:\/\/www.fwg-singen.de\/\" target=\"_blank\" rel=\"noopener noreferrer\">Mehr \u00fcber das FWG<\/a><\/p>\n<h3>Sprachen und internationale Austauschprogramme<\/h3>\n<p>Das FWG war 1998 eine der ersten Schulen in Baden-W\u00fcrttemberg, die einen bilingualen Zwei einrichtete. Kurze Zeit sp\u00e4ter folgte ein zweiter um der steigenden Nachfrage gerecht werden zu k\u00f6nnen. Heute umfasst der bilinguale Unterricht am FWG die F\u00e4cher Geographie, Geschichte, Gemeinschaftskunde und Biologie, unterrichtet von Lehrern, die engagiert sind in der Weiterentwicklung von CLIL und bilingualem Unterricht auf staatlicher Ebene und in der Lehrerausbildung. Ein weiterer Teil des internationalen Profils der Schule sind langj\u00e4hrig bestehende Austauschprogramme mit Schulen in Australien, Frankreich und Italien.<br \/>\nSch\u00fcler der h\u00f6heren Klassen k\u00f6nnen bei besonderer Eignung die Zertifikate DELF oder CAE in Franz\u00f6sisch bzw. Englisch ablegen. Au\u00dferdem besteht ein englischsprachiger Debattierclub, der an \u00fcberregionalen Wettbewerben teilnimmt. Die schuleigene Bibliothek mit eigener Bibliothekarin bietet in Zusammenarbeit mit Lehrern, \u00f6rtlichen Buchl\u00e4den und anderen Bibliotheken vielf\u00e4ltige Ressourcen und Workshops zur Unterst\u00fctzung des Sprachenlernens am FWG.<\/p>\n<h3>\u201eWeltklasse\u201c<\/h3>\n<p>Fl\u00fcchtlinge und Sch\u00fcler, die erst k\u00fcrzlich nach Deutschland gezogen sind, besuchen neben dem Standardunterricht am FWG die sog. \u201eWeltklasse\u201c. Sie erhalten individuellen Sprachunterricht alleine oder zu zweit von einer ausgebildeten DaF-Lehrkraft, mit dem Ziel, sie m\u00f6glichst schnell aber auch behutsam in das Schulleben zu integrieren. Momentan hat die \u201eWeltklasse\u201c 17 Sch\u00fclerinnen und Sch\u00fcler, u.a. aus Syrien, Pakistan und Kamerun, und sie w\u00e4chst stetig.<\/p>\n<h3>CUSHA am FWG<\/h3>\n<p>Zw\u00f6lf Acht- und Neuntkl\u00e4ssler nehmen im Rahmen von CUSHA am Austausch mit der Stiftelsen Englisch School G\u00f6teborg teil. Das FWG-Team ist verantwortlich f\u00fcr den Workshop aller Teilnehmer in Singen (Fr\u00fchjahr 2017) und f\u00fcr das Lehrerfortbildungsmodul.<br \/>\nDas CUSHA-Team am FWG besteht aus <a href=\"mailto:hildegard.rieger@fwg-singen.de\">Hildegard Rieger<\/a> (Lehrerin, Fachleiterin am Lehrerausbildungsseminar, Fachberaterin).<\/p>","protected":false},"excerpt":{"rendered":"<p>Das Friedrich-W\u00f6hler-Gymnasium in Singen am Bodensee wurde 1972 gegr\u00fcndet mit einem sprachlich-naturwissenschaftlichen Profil. Von Beginn an waren Sch\u00fclerorientierung und der Einsatz neuer Lernmethoden ausdr\u00fcckliches Ziel der Schule. Diese Grundgedanken sind heute immer noch pr\u00e4gend, w\u00e4hrend die Ausrichtung der Schule zunehmend internationaler und inklusiver wird.<\/p>\n<p><span class=\"ellipsis\">&hellip;<\/span><\/p>\n<div class=\"read-more\"><a href=\"https:\/\/cultureshake.ph-karlsruhe.de\/cusha\/ueber-uns\/friedrich-woehler-gymnasium-singen\/\">Weiterlesen \u203a<\/a><\/div>\n<p><!-- end of .read-more --><\/p>\n","protected":false},"author":1,"featured_media":0,"parent":40,"menu_order":2,"comment_status":"closed","ping_status":"closed","template":"","meta":{"footnotes":""},"class_list":["post-70","page","type-page","status-publish","hentry"],"_links":{"self":[{"href":"https:\/\/cultureshake.ph-karlsruhe.de\/cusha\/wp-json\/wp\/v2\/pages\/70","targetHints":{"allow":["GET"]}}],"collection":[{"href":"https:\/\/cultureshake.ph-karlsruhe.de\/cusha\/wp-json\/wp\/v2\/pages"}],"about":[{"href":"https:\/\/cultureshake.ph-karlsruhe.de\/cusha\/wp-json\/wp\/v2\/types\/page"}],"author":[{"embeddable":true,"href":"https:\/\/cultureshake.ph-karlsruhe.de\/cusha\/wp-json\/wp\/v2\/users\/1"}],"replies":[{"embeddable":true,"href":"https:\/\/cultureshake.ph-karlsruhe.de\/cusha\/wp-json\/wp\/v2\/comments?post=70"}],"version-history":[{"count":18,"href":"https:\/\/cultureshake.ph-karlsruhe.de\/cusha\/wp-json\/wp\/v2\/pages\/70\/revisions"}],"predecessor-version":[{"id":713,"href":"https:\/\/cultureshake.ph-karlsruhe.de\/cusha\/wp-json\/wp\/v2\/pages\/70\/revisions\/713"}],"up":[{"embeddable":true,"href":"https:\/\/cultureshake.ph-karlsruhe.de\/cusha\/wp-json\/wp\/v2\/pages\/40"}],"wp:attachment":[{"href":"https:\/\/cultureshake.ph-karlsruhe.de\/cusha\/wp-json\/wp\/v2\/media?parent=70"}],"curies":[{"name":"wp","href":"https:\/\/api.w.org\/{rel}","templated":true}]}}