{"id":54,"date":"2016-12-07T20:02:20","date_gmt":"2016-12-07T19:02:20","guid":{"rendered":"http:\/\/cultureshake.ph-karlsruhe.de\/cusha\/?page_id=54"},"modified":"2017-11-27T12:26:14","modified_gmt":"2017-11-27T11:26:14","slug":"galerie","status":"publish","type":"page","link":"https:\/\/cultureshake.ph-karlsruhe.de\/cusha\/galerie\/","title":{"rendered":"Galerie"},"content":{"rendered":"<p><\/p>\n<ul>\n<li style=\"font-weight: 400;\"><span style=\"font-weight: 400;\">Photos der <a href=\"https:\/\/cultureshake.ph-karlsruhe.de\/cusha\/galerie\/iccs-konferenz-klingenthal\/\">ICCS Konferenz<\/a> in Klingenthal<\/span><span style=\"font-weight: 400;\">, 10.10.-14.10.2016<br \/>\n<\/span>Zweij\u00e4hrlich organisieren die <a href=\"http:\/\/www.iccsweb.org\/\">ICCS<\/a> und <a href=\"http:\/\/www.cogree.com\/\">C<\/a><a href=\"http:\/\/www.cogree.com\/\">oGREE<\/a> ein Kolloquium in Klingenthal nahe Strasbourg. Ziel der Veranstaltung ist es, von aktuellen Entwicklungen bez\u00fcglich Aktivit\u00e4ten im Bereich Bildung des Europarats zu erfahren und dar\u00fcber zu diskutieren, wie man eigene Aktivit\u00e4ten mit diesen verbinden k\u00f6nnte. Peter Schreiner (<a href=\"https:\/\/www.comenius.de\/\">Comenius Institut<\/a>) lud das CultureShake Projekt dazu ein, an der kulturellen und linguistischen Dimension des Kolloquiums mitzuwirken.<\/li>\n<\/ul>\n<ul>\n<li style=\"font-weight: 400;\"><span style=\"font-weight: 400;\">Photos des CultureShake <a href=\"https:\/\/cultureshake.ph-karlsruhe.de\/cusha\/galerie\/kick-off-meeting-in-karlsruhe-12-14-12-2016\/\">Kick-Off Meetings <\/a>an der P\u00e4dagogischen Hochschule<\/span><span style=\"font-weight: 400;\"> Karlsruhe, 12.12.-14.12.2016<\/span><\/li>\n<li style=\"font-weight: 400;\"><span style=\"font-weight: 400;\">Photos der ersten Lernaktivit\u00e4t in Singen (Deutschland), 7.05.-13.05.2017<\/span><\/li>\n<li style=\"font-weight: 400;\"><span style=\"font-weight: 400;\">Photos des zweiten transnationalen Projekttreffens in Stratford-upon-Avon, 10.07.-12.07.2017<\/span><\/li>\n<li>Photos der zweiten Lernaktivit\u00e4t in Stratford-upon-Avon, 24.09.-29.09.2017<\/li>\n<\/ul>\n<p><\/p>","protected":false},"excerpt":{"rendered":"<\/p>\n<ul>\n<li style=\"font-weight: 400;\"><span style=\"font-weight: 400;\">Photos der <a href=\"https:\/\/cultureshake.ph-karlsruhe.de\/cusha\/galerie\/iccs-konferenz-klingenthal\/\">ICCS Konferenz<\/a> in Klingenthal<\/span><span style=\"font-weight: 400;\">, 10.10.-14.10.2016<br \/>\n<\/span>Zweij\u00e4hrlich organisieren die <a href=\"http:\/\/www.iccsweb.org\/\">ICCS<\/a> und <a href=\"http:\/\/www.cogree.com\/\">C<\/a><a href=\"http:\/\/www.cogree.com\/\">oGREE<\/a> ein Kolloquium in Klingenthal nahe Strasbourg. Ziel der Veranstaltung ist es,<\/li>\n<\/ul>\n<p><span class=\"ellipsis\">&hellip;<\/span><\/p>\n<div class=\"read-more\"><a href=\"https:\/\/cultureshake.ph-karlsruhe.de\/cusha\/galerie\/\">Weiterlesen \u203a<\/a><\/div>\n<p><!-- end of .read-more --><\/p>\n","protected":false},"author":1,"featured_media":0,"parent":0,"menu_order":5,"comment_status":"closed","ping_status":"closed","template":"","meta":{"footnotes":""},"class_list":["post-54","page","type-page","status-publish","hentry"],"_links":{"self":[{"href":"https:\/\/cultureshake.ph-karlsruhe.de\/cusha\/wp-json\/wp\/v2\/pages\/54","targetHints":{"allow":["GET"]}}],"collection":[{"href":"https:\/\/cultureshake.ph-karlsruhe.de\/cusha\/wp-json\/wp\/v2\/pages"}],"about":[{"href":"https:\/\/cultureshake.ph-karlsruhe.de\/cusha\/wp-json\/wp\/v2\/types\/page"}],"author":[{"embeddable":true,"href":"https:\/\/cultureshake.ph-karlsruhe.de\/cusha\/wp-json\/wp\/v2\/users\/1"}],"replies":[{"embeddable":true,"href":"https:\/\/cultureshake.ph-karlsruhe.de\/cusha\/wp-json\/wp\/v2\/comments?post=54"}],"version-history":[{"count":15,"href":"https:\/\/cultureshake.ph-karlsruhe.de\/cusha\/wp-json\/wp\/v2\/pages\/54\/revisions"}],"predecessor-version":[{"id":600,"href":"https:\/\/cultureshake.ph-karlsruhe.de\/cusha\/wp-json\/wp\/v2\/pages\/54\/revisions\/600"}],"wp:attachment":[{"href":"https:\/\/cultureshake.ph-karlsruhe.de\/cusha\/wp-json\/wp\/v2\/media?parent=54"}],"curies":[{"name":"wp","href":"https:\/\/api.w.org\/{rel}","templated":true}]}}