{"id":51,"date":"2016-12-07T20:02:00","date_gmt":"2016-12-07T19:02:00","guid":{"rendered":"http:\/\/cultureshake.ph-karlsruhe.de\/cusha\/?page_id=51"},"modified":"2017-11-27T12:17:58","modified_gmt":"2017-11-27T11:17:58","slug":"aktivitaeten","status":"publish","type":"page","link":"https:\/\/cultureshake.ph-karlsruhe.de\/cusha\/aktivitaeten\/","title":{"rendered":"Aktivit\u00e4ten"},"content":{"rendered":"<p><span style=\"font-weight: 400;\">Im Laufe des CultureShake Projekts wird das Projektteam unserer f\u00fcnf Organisationen im Rahmen der <\/span><a href=\"https:\/\/cultureshake.ph-karlsruhe.de\/cusha\/aktivitaeten\/transnationale-meetings\/\"><span style=\"font-weight: 400;\">transnationalen Projekttreffen<\/span><\/a><span style=\"font-weight: 400;\"> regelm\u00e4\u00dfig zusammenkommen. Die teilnehmenden Sch\u00fcler und Sch\u00fclerinnen werden sich im Rahmen des Projekts drei mal zu einw\u00f6chigen <\/span><a href=\"https:\/\/cultureshake.ph-karlsruhe.de\/cusha\/aktivitaeten\/lernaktivitaeten\/\"><span style=\"font-weight: 400;\">Lernaktivit\u00e4ten<\/span><\/a><span style=\"font-weight: 400;\"> in Singen, Stratford-upon-Avon und G\u00f6teburg treffen. Wenn Sie sich f\u00fcr unsere Vortr\u00e4ge interessieren und mehr \u00fcber verwandte publizierte Berichte und Materialien erfahren m\u00f6chten, besuchen Sie unsere <\/span><a href=\"https:\/\/cultureshake.ph-karlsruhe.de\/cusha\/aktivitaeten\/dissemination\/\"><span style=\"font-weight: 400;\">Dissemination<\/span><\/a><span style=\"font-weight: 400;\"> Sektion.<\/span><\/p>","protected":false},"excerpt":{"rendered":"<p><span style=\"font-weight: 400;\">Im Laufe des CultureShake Projekts wird das Projektteam unserer f\u00fcnf Organisationen im Rahmen der <\/span><a href=\"https:\/\/cultureshake.ph-karlsruhe.de\/cusha\/aktivitaeten\/transnationale-meetings\/\"><span style=\"font-weight: 400;\">transnationalen Projekttreffen<\/span><\/a><span style=\"font-weight: 400;\"> regelm\u00e4\u00dfig zusammenkommen. Die teilnehmenden Sch\u00fcler und Sch\u00fclerinnen werden sich im Rahmen des Projekts drei mal zu einw\u00f6chigen <\/span><a href=\"https:\/\/cultureshake.ph-karlsruhe.de\/cusha\/aktivitaeten\/lernaktivitaeten\/\"><span style=\"font-weight: 400;\">Lernaktivit\u00e4ten<\/span><\/a><span style=\"font-weight: 400;\"> in Singen,<\/span><\/p>\n<p><span class=\"ellipsis\">&hellip;<\/span><\/p>\n<div class=\"read-more\"><a href=\"https:\/\/cultureshake.ph-karlsruhe.de\/cusha\/aktivitaeten\/\">Weiterlesen \u203a<\/a><\/div>\n<p><!-- end of .read-more --><\/p>\n","protected":false},"author":1,"featured_media":0,"parent":0,"menu_order":2,"comment_status":"closed","ping_status":"closed","template":"","meta":{"footnotes":""},"class_list":["post-51","page","type-page","status-publish","hentry"],"_links":{"self":[{"href":"https:\/\/cultureshake.ph-karlsruhe.de\/cusha\/wp-json\/wp\/v2\/pages\/51","targetHints":{"allow":["GET"]}}],"collection":[{"href":"https:\/\/cultureshake.ph-karlsruhe.de\/cusha\/wp-json\/wp\/v2\/pages"}],"about":[{"href":"https:\/\/cultureshake.ph-karlsruhe.de\/cusha\/wp-json\/wp\/v2\/types\/page"}],"author":[{"embeddable":true,"href":"https:\/\/cultureshake.ph-karlsruhe.de\/cusha\/wp-json\/wp\/v2\/users\/1"}],"replies":[{"embeddable":true,"href":"https:\/\/cultureshake.ph-karlsruhe.de\/cusha\/wp-json\/wp\/v2\/comments?post=51"}],"version-history":[{"count":10,"href":"https:\/\/cultureshake.ph-karlsruhe.de\/cusha\/wp-json\/wp\/v2\/pages\/51\/revisions"}],"predecessor-version":[{"id":598,"href":"https:\/\/cultureshake.ph-karlsruhe.de\/cusha\/wp-json\/wp\/v2\/pages\/51\/revisions\/598"}],"wp:attachment":[{"href":"https:\/\/cultureshake.ph-karlsruhe.de\/cusha\/wp-json\/wp\/v2\/media?parent=51"}],"curies":[{"name":"wp","href":"https:\/\/api.w.org\/{rel}","templated":true}]}}