{"id":49,"date":"2016-12-07T20:00:47","date_gmt":"2016-12-07T19:00:47","guid":{"rendered":"http:\/\/cultureshake.ph-karlsruhe.de\/cusha\/?page_id=49"},"modified":"2024-03-20T10:26:02","modified_gmt":"2024-03-20T09:26:02","slug":"shakespeare-birthplace-trust-sbt","status":"publish","type":"page","link":"https:\/\/cultureshake.ph-karlsruhe.de\/cusha\/ueber-uns\/shakespeare-birthplace-trust-sbt\/","title":{"rendered":"Der Shakespeare Birthplace Trust in Stratford-upon-Avon (Vereinigtes K\u00f6nigreich)"},"content":{"rendered":"<p><\/p>\n<p class=\"hero-wrapper-info-subtitle\"><img loading=\"lazy\" decoding=\"async\" class=\"size-medium wp-image-125 aligncenter\" src=\"http:\/\/cultureshake.ph-karlsruhe.de\/wordpress\/wp-content\/uploads\/2016\/12\/SBT-\u00a9-Amy-Murrell-2010-168-small-300x199.jpg\" alt=\"\" width=\"300\" height=\"199\" srcset=\"https:\/\/cultureshake.ph-karlsruhe.de\/wordpress\/wp-content\/uploads\/2016\/12\/SBT-\u00a9-Amy-Murrell-2010-168-small-300x199.jpg 300w, https:\/\/cultureshake.ph-karlsruhe.de\/wordpress\/wp-content\/uploads\/2016\/12\/SBT-\u00a9-Amy-Murrell-2010-168-small-100x66.jpg 100w, https:\/\/cultureshake.ph-karlsruhe.de\/wordpress\/wp-content\/uploads\/2016\/12\/SBT-\u00a9-Amy-Murrell-2010-168-small-150x100.jpg 150w, https:\/\/cultureshake.ph-karlsruhe.de\/wordpress\/wp-content\/uploads\/2016\/12\/SBT-\u00a9-Amy-Murrell-2010-168-small-200x133.jpg 200w, https:\/\/cultureshake.ph-karlsruhe.de\/wordpress\/wp-content\/uploads\/2016\/12\/SBT-\u00a9-Amy-Murrell-2010-168-small-450x299.jpg 450w, https:\/\/cultureshake.ph-karlsruhe.de\/wordpress\/wp-content\/uploads\/2016\/12\/SBT-\u00a9-Amy-Murrell-2010-168-small-600x399.jpg 600w, https:\/\/cultureshake.ph-karlsruhe.de\/wordpress\/wp-content\/uploads\/2016\/12\/SBT-\u00a9-Amy-Murrell-2010-168-small.jpg 700w\" sizes=\"auto, (max-width: 300px) 100vw, 300px\" \/><\/p>\n<p class=\"hero-wrapper-info-subtitle\">Der Shakespeare Birthplace Trust ist die unabh\u00e4ngige Stiftung, die sich um das Kulturerbe Shakespeares in Stratford-upon-Avon, William Shakespeare&#8217;s Geburtsstadt, k\u00fcmmert. Der Trust hat es sich zum Ziel gesetzt, das Vergn\u00fcgen an und das Verst\u00e4ndnis von Shakespeares Werken, Leben und Epoche in aller Welt zu f\u00f6rdern.<\/p>\n<h3>Unsere Geschichte<\/h3>\n<p>Der Shakespeare Birthplace Trust wurde\u00a01847 gegr\u00fcndet, nach dem Erwerb von Shakespeares Geburtshaus als nationalem Denkmal. Der Trust k\u00fcmmert sich nun um die wichtigsten Kulturerbest\u00e4tten im Zusammenhang mit Shakespeare &#8211; die f\u00fcnf wundervoll erhaltenen H\u00e4user und G\u00e4rten, die direkt mit Shakespeare und seiner Familie in Stratford-upon-Avon in Verbindung stehen.<\/p>\n<p>Alle\u00a0Shakespeareh\u00e4user zusammen sind\u00a0eine einzigartiges Reiseziel im Vereinigten Koenigreich, welches bereits seit Jahrhunderten Besucher aus aller Welt anzieht. Ein Rundgang durch alle H\u00e4user nimmt Sie mit auf eine Reise durch Shakespeares Leben, von seiner Geburt in dem Haus in der Henley Street bis zu seinem sp\u00e4teren Familienhaus und Ort seines Todes in Shakespeare&#8217;s New Place.<\/p>\n<p><a href=\"https:\/\/www.shakespeare.org.uk\/visit\/\">Mehr \u00fcber die Shakespeareh\u00e4user<\/a><\/p>\n<h3>Sammlung von Weltklasse<\/h3>\n<p>Im Herzen aller Shakespeare-&#8218;Dinge&#8216; liegt die weltgr\u00f6\u00dfte Shakespeare-Bibliothek, Museumssammlung und Archiv, die der \u00d6ffentlichkeit zug\u00e4nglich sind. Diese umfassen mehr als 1 Million Dokumente, 55 000 B\u00fccher und 12 000 Museumsobjekte. Wir k\u00fcmmern uns auch um das Theaterarchiv der Royal Shakespeare Company, ebenso wie um ein umfassendes Lokalarchiv von Stratford-upon-Avon und S\u00fcdwarwickshire, das bis ins zw\u00f6lfte Jahrhundert zur\u00fcckreicht.<\/p>\n<p>Unsere Sammlungen sind als Sammlungen von internationaler Bedeutung anerkannt. Sie sind der \u00d6ffenlichkeit zug\u00e4nglich in unseren historischen H\u00e4usern, \u00fcber unseren <a href=\"http:\/\/collections.shakespeare.org.uk\/\">Onlinekatalog<\/a>\u00a0oder bei einem Besuch in unserem <a href=\"https:\/\/www.shakespeare.org.uk\/visit\/plan-your-visit\/reading-room\/\">Lesesaal<\/a>\u00a0im Shakespeare Centre hier\u00a0in Stratford-upon-Avon.<\/p>\n<p><a href=\"https:\/\/www.shakespeare.org.uk\/explore-shakespeare\/collections\/\">Mehr \u00fcber unsere Sammlungen<\/a><\/p>\n<h2><img loading=\"lazy\" decoding=\"async\" class=\"size-medium wp-image-128 alignleft\" src=\"http:\/\/cultureshake.ph-karlsruhe.de\/wordpress\/wp-content\/uploads\/2016\/12\/High_Schools__Unis.2e16d0ba.fill-1200x600-c75-300x150.jpg\" alt=\"\" width=\"300\" height=\"150\" srcset=\"https:\/\/cultureshake.ph-karlsruhe.de\/wordpress\/wp-content\/uploads\/2016\/12\/High_Schools__Unis.2e16d0ba.fill-1200x600-c75-300x150.jpg 300w, https:\/\/cultureshake.ph-karlsruhe.de\/wordpress\/wp-content\/uploads\/2016\/12\/High_Schools__Unis.2e16d0ba.fill-1200x600-c75-768x384.jpg 768w, https:\/\/cultureshake.ph-karlsruhe.de\/wordpress\/wp-content\/uploads\/2016\/12\/High_Schools__Unis.2e16d0ba.fill-1200x600-c75-1024x512.jpg 1024w, https:\/\/cultureshake.ph-karlsruhe.de\/wordpress\/wp-content\/uploads\/2016\/12\/High_Schools__Unis.2e16d0ba.fill-1200x600-c75-100x50.jpg 100w, https:\/\/cultureshake.ph-karlsruhe.de\/wordpress\/wp-content\/uploads\/2016\/12\/High_Schools__Unis.2e16d0ba.fill-1200x600-c75-150x75.jpg 150w, https:\/\/cultureshake.ph-karlsruhe.de\/wordpress\/wp-content\/uploads\/2016\/12\/High_Schools__Unis.2e16d0ba.fill-1200x600-c75-200x100.jpg 200w, https:\/\/cultureshake.ph-karlsruhe.de\/wordpress\/wp-content\/uploads\/2016\/12\/High_Schools__Unis.2e16d0ba.fill-1200x600-c75-450x225.jpg 450w, https:\/\/cultureshake.ph-karlsruhe.de\/wordpress\/wp-content\/uploads\/2016\/12\/High_Schools__Unis.2e16d0ba.fill-1200x600-c75-600x300.jpg 600w, https:\/\/cultureshake.ph-karlsruhe.de\/wordpress\/wp-content\/uploads\/2016\/12\/High_Schools__Unis.2e16d0ba.fill-1200x600-c75-900x450.jpg 900w, https:\/\/cultureshake.ph-karlsruhe.de\/wordpress\/wp-content\/uploads\/2016\/12\/High_Schools__Unis.2e16d0ba.fill-1200x600-c75.jpg 1200w\" sizes=\"auto, (max-width: 300px) 100vw, 300px\" \/><\/h2>\n<h3>Wissen\u00a0f\u00fcr\u00a0alle<\/h3>\n<p>Der\u00a0Trust bietet preisgekr\u00f6nte\u00a0Bildungs-Programme und Vortragsreihen an, die die W\u00fcrdigung und das Studium von Shakespeares Werken f\u00f6rdern, und die das Shakespeare-Wissen weltweit vorantreiben.\u00a0Der Shakespeare Birthplace Trust ist ebenfalls das Hauptquartier der Internationalen Shakespeare-Gesellschaft, die Enthusiasten und Organisationen die M\u00f6glichkeit bietet, sich zum internationalen\u00a0Wissensaustausch \u00fcber Shakespeare zu vernetzen.<\/p>\n<p><a href=\"https:\/\/www.shakespeare.org.uk\/education\/\">Mehr zu den Bildungsangeboten am Trust<\/a><\/p>\n<h3>Forschungst\u00e4tigkeit<\/h3>\n<p>Einige unserer Mitarbeiter betreiben Forschung und tragen zu Konferenzen und anderen Events weltweit bei. Wir publizieren aktiv und engagieren uns in Debatten rund um Shakespeares Werk, Leben und Epoche. Der Shakespeare Birthplace Trust ist dar\u00fcber hinaus das Hauptquartier der Internationalen Shakespeare-Gesellschaft und spielt eine gro\u00dfe Rolle w\u00e4hrend des Welt Shakespeare Kongresses, der in der Regel alle f\u00fcnf Jahre stattfindet.<\/p>\n<p><a href=\"https:\/\/www.shakespeare.org.uk\/education\/research-scholars\/\">Mehr zu Forschung am Trust<\/a><\/p>\n<p><img loading=\"lazy\" decoding=\"async\" class=\"size-medium wp-image-127 aligncenter\" src=\"http:\/\/cultureshake.ph-karlsruhe.de\/wordpress\/wp-content\/uploads\/2016\/12\/About_Us.1e880fbc.fill-1200x600-c75-300x150.jpg\" alt=\"\" width=\"300\" height=\"150\" srcset=\"https:\/\/cultureshake.ph-karlsruhe.de\/wordpress\/wp-content\/uploads\/2016\/12\/About_Us.1e880fbc.fill-1200x600-c75-300x150.jpg 300w, https:\/\/cultureshake.ph-karlsruhe.de\/wordpress\/wp-content\/uploads\/2016\/12\/About_Us.1e880fbc.fill-1200x600-c75-768x384.jpg 768w, https:\/\/cultureshake.ph-karlsruhe.de\/wordpress\/wp-content\/uploads\/2016\/12\/About_Us.1e880fbc.fill-1200x600-c75-1024x512.jpg 1024w, https:\/\/cultureshake.ph-karlsruhe.de\/wordpress\/wp-content\/uploads\/2016\/12\/About_Us.1e880fbc.fill-1200x600-c75-100x50.jpg 100w, https:\/\/cultureshake.ph-karlsruhe.de\/wordpress\/wp-content\/uploads\/2016\/12\/About_Us.1e880fbc.fill-1200x600-c75-150x75.jpg 150w, https:\/\/cultureshake.ph-karlsruhe.de\/wordpress\/wp-content\/uploads\/2016\/12\/About_Us.1e880fbc.fill-1200x600-c75-200x100.jpg 200w, https:\/\/cultureshake.ph-karlsruhe.de\/wordpress\/wp-content\/uploads\/2016\/12\/About_Us.1e880fbc.fill-1200x600-c75-450x225.jpg 450w, https:\/\/cultureshake.ph-karlsruhe.de\/wordpress\/wp-content\/uploads\/2016\/12\/About_Us.1e880fbc.fill-1200x600-c75-600x300.jpg 600w, https:\/\/cultureshake.ph-karlsruhe.de\/wordpress\/wp-content\/uploads\/2016\/12\/About_Us.1e880fbc.fill-1200x600-c75-900x450.jpg 900w, https:\/\/cultureshake.ph-karlsruhe.de\/wordpress\/wp-content\/uploads\/2016\/12\/About_Us.1e880fbc.fill-1200x600-c75.jpg 1200w\" sizes=\"auto, (max-width: 300px) 100vw, 300px\" \/><\/p>\n<p>Wenn Sie mehr dar\u00fcber herausfinden m\u00f6chten, wer wir sind und was wir tun, um Shakespeare mit der Welt zu teilen, diese kurze Video bietet Ihnen einen guten \u00dcberblick (auf Englisch):<\/p>\n<p><!-- Auskommentiert wegen Google Fonts\n<iframe loading=\"lazy\" src=\"https:\/\/www.youtube.com\/embed\/chUkmvZu_Kg\" width=\"725\" height=\"408\" frameborder=\"0\" allowfullscreen=\"allowfullscreen\"><\/iframe>\n--><\/p>\n<h3>CUSHA am\u00a0Shakespeare Birthplace Trust<\/h3>\n<p>Der Stratford-Teil des Culture Shake Projekts wird vom\u00a0Learning and Participation Team am Trust durchgef\u00fchrt. <a href=\"mailto:lisa.peter@shakespeare.org.uk\">Lisa Peter<\/a>, Internationale Dozentin\u00a0f\u00fcr Shakespearestudien und Expertin f\u00fcr Shakespeare im Fremdsprachenunterricht, ist die Projektleiterin in\u00a0Stratford und federf\u00fchrend verantwortlich f\u00fcr das Methodenhandbuch\u00a0<em>Shakespeare in the 21st-Century Classroom<\/em>\u00a0sowie f\u00fcr die Workshop-Woche in Stratford im September 2017.<\/p>\n<p><img loading=\"lazy\" decoding=\"async\" class=\" wp-image-130 alignleft\" src=\"http:\/\/cultureshake.ph-karlsruhe.de\/wordpress\/wp-content\/uploads\/2016\/12\/Headshot-LP-high-res-229x300.jpeg\" alt=\"\" width=\"101\" height=\"132\" srcset=\"https:\/\/cultureshake.ph-karlsruhe.de\/wordpress\/wp-content\/uploads\/2016\/12\/Headshot-LP-high-res-229x300.jpeg 229w, https:\/\/cultureshake.ph-karlsruhe.de\/wordpress\/wp-content\/uploads\/2016\/12\/Headshot-LP-high-res-768x1008.jpeg 768w, https:\/\/cultureshake.ph-karlsruhe.de\/wordpress\/wp-content\/uploads\/2016\/12\/Headshot-LP-high-res-781x1024.jpeg 781w, https:\/\/cultureshake.ph-karlsruhe.de\/wordpress\/wp-content\/uploads\/2016\/12\/Headshot-LP-high-res-100x131.jpeg 100w, https:\/\/cultureshake.ph-karlsruhe.de\/wordpress\/wp-content\/uploads\/2016\/12\/Headshot-LP-high-res-150x197.jpeg 150w, https:\/\/cultureshake.ph-karlsruhe.de\/wordpress\/wp-content\/uploads\/2016\/12\/Headshot-LP-high-res-200x262.jpeg 200w, https:\/\/cultureshake.ph-karlsruhe.de\/wordpress\/wp-content\/uploads\/2016\/12\/Headshot-LP-high-res-300x394.jpeg 300w, https:\/\/cultureshake.ph-karlsruhe.de\/wordpress\/wp-content\/uploads\/2016\/12\/Headshot-LP-high-res-450x590.jpeg 450w, https:\/\/cultureshake.ph-karlsruhe.de\/wordpress\/wp-content\/uploads\/2016\/12\/Headshot-LP-high-res-600x787.jpeg 600w, https:\/\/cultureshake.ph-karlsruhe.de\/wordpress\/wp-content\/uploads\/2016\/12\/Headshot-LP-high-res-900x1181.jpeg 900w, https:\/\/cultureshake.ph-karlsruhe.de\/wordpress\/wp-content\/uploads\/2016\/12\/Headshot-LP-high-res.jpeg 1244w\" sizes=\"auto, (max-width: 101px) 100vw, 101px\" \/>In ihrer T\u00e4tigkeit am\u00a0Trust k\u00fcmmert sich Lisa besonders um internationale Besucher, f\u00fcr die Englisch eine Fremdsprache ist, und sie spezialisiert sich auf Shakespeare-\u00dcbersetzungen und die Shakespeare-Rezeption in aller Welt. Sie hat\u00a0<a href=\"https:\/\/www.shakespeare.org.uk\/education\/efl\/\">eine Reihe neuer Lern-Workshops f\u00fcr Sprachlerner<\/a>\u00a0am Trust eingef\u00fchrt\u00a0und hat f\u00fcr das Jubil\u00e4umsjahr 2016 zusammen mit dem British Council den Massive Open Online Course <a href=\"https:\/\/www.futurelearn.com\/courses\/explore-english-shakespeare\/\"><em>Exploring English: Shakespeare<\/em> <\/a>\u00a0entwickelt. Dar\u00fcber hinaus hat Lisa zu der BBC Learning English Serie\u00a0<a href=\"http:\/\/www.bbc.co.uk\/learningenglish\/english\/course\/shakespeare\"><em>Shakespeare Speaks<\/em><\/a>\u00a0beigetragen und sie schreibt Studienhilfen f\u00fcr\u00a0<em>Digital Theatre Plus. <\/em>Lisa bietet am Trust Lehrerfortbildung f\u00fcr Sprachlehrer an und spricht regelm\u00e4\u00dfig auf internationalen Konferenzen zum Thema Shakespeare im Fremdsprachenunterricht.<\/p>","protected":false},"excerpt":{"rendered":"<\/p>\n<p class=\"hero-wrapper-info-subtitle\"><img loading=\"lazy\" decoding=\"async\" class=\"size-medium wp-image-125 aligncenter\" src=\"http:\/\/cultureshake.ph-karlsruhe.de\/wordpress\/wp-content\/uploads\/2016\/12\/SBT-\u00a9-Amy-Murrell-2010-168-small-300x199.jpg\" alt=\"\" width=\"300\" height=\"199\" srcset=\"https:\/\/cultureshake.ph-karlsruhe.de\/wordpress\/wp-content\/uploads\/2016\/12\/SBT-\u00a9-Amy-Murrell-2010-168-small-300x199.jpg 300w, https:\/\/cultureshake.ph-karlsruhe.de\/wordpress\/wp-content\/uploads\/2016\/12\/SBT-\u00a9-Amy-Murrell-2010-168-small-100x66.jpg 100w, https:\/\/cultureshake.ph-karlsruhe.de\/wordpress\/wp-content\/uploads\/2016\/12\/SBT-\u00a9-Amy-Murrell-2010-168-small-150x100.jpg 150w, https:\/\/cultureshake.ph-karlsruhe.de\/wordpress\/wp-content\/uploads\/2016\/12\/SBT-\u00a9-Amy-Murrell-2010-168-small-200x133.jpg 200w, https:\/\/cultureshake.ph-karlsruhe.de\/wordpress\/wp-content\/uploads\/2016\/12\/SBT-\u00a9-Amy-Murrell-2010-168-small-450x299.jpg 450w, https:\/\/cultureshake.ph-karlsruhe.de\/wordpress\/wp-content\/uploads\/2016\/12\/SBT-\u00a9-Amy-Murrell-2010-168-small-600x399.jpg 600w, https:\/\/cultureshake.ph-karlsruhe.de\/wordpress\/wp-content\/uploads\/2016\/12\/SBT-\u00a9-Amy-Murrell-2010-168-small.jpg 700w\" sizes=\"auto, (max-width: 300px) 100vw, 300px\" \/><\/p>\n<p class=\"hero-wrapper-info-subtitle\">Der Shakespeare Birthplace Trust ist die unabh\u00e4ngige Stiftung, die sich um das Kulturerbe Shakespeares in Stratford-upon-Avon, William Shakespeare&#8217;s Geburtsstadt, k\u00fcmmert. Der Trust hat es sich zum Ziel gesetzt, das Vergn\u00fcgen an und das Verst\u00e4ndnis von Shakespeares Werken,<\/p>\n<p><span class=\"ellipsis\">&hellip;<\/span><\/p>\n<div class=\"read-more\"><a href=\"https:\/\/cultureshake.ph-karlsruhe.de\/cusha\/ueber-uns\/shakespeare-birthplace-trust-sbt\/\">Weiterlesen \u203a<\/a><\/div>\n<p><!-- end of .read-more --><\/p>\n","protected":false},"author":1,"featured_media":0,"parent":40,"menu_order":3,"comment_status":"closed","ping_status":"closed","template":"","meta":{"footnotes":""},"class_list":["post-49","page","type-page","status-publish","hentry"],"_links":{"self":[{"href":"https:\/\/cultureshake.ph-karlsruhe.de\/cusha\/wp-json\/wp\/v2\/pages\/49","targetHints":{"allow":["GET"]}}],"collection":[{"href":"https:\/\/cultureshake.ph-karlsruhe.de\/cusha\/wp-json\/wp\/v2\/pages"}],"about":[{"href":"https:\/\/cultureshake.ph-karlsruhe.de\/cusha\/wp-json\/wp\/v2\/types\/page"}],"author":[{"embeddable":true,"href":"https:\/\/cultureshake.ph-karlsruhe.de\/cusha\/wp-json\/wp\/v2\/users\/1"}],"replies":[{"embeddable":true,"href":"https:\/\/cultureshake.ph-karlsruhe.de\/cusha\/wp-json\/wp\/v2\/comments?post=49"}],"version-history":[{"count":21,"href":"https:\/\/cultureshake.ph-karlsruhe.de\/cusha\/wp-json\/wp\/v2\/pages\/49\/revisions"}],"predecessor-version":[{"id":1079,"href":"https:\/\/cultureshake.ph-karlsruhe.de\/cusha\/wp-json\/wp\/v2\/pages\/49\/revisions\/1079"}],"up":[{"embeddable":true,"href":"https:\/\/cultureshake.ph-karlsruhe.de\/cusha\/wp-json\/wp\/v2\/pages\/40"}],"wp:attachment":[{"href":"https:\/\/cultureshake.ph-karlsruhe.de\/cusha\/wp-json\/wp\/v2\/media?parent=49"}],"curies":[{"name":"wp","href":"https:\/\/api.w.org\/{rel}","templated":true}]}}