{"id":47,"date":"2016-12-07T19:59:39","date_gmt":"2016-12-07T18:59:39","guid":{"rendered":"http:\/\/cultureshake.ph-karlsruhe.de\/cusha\/?page_id=47"},"modified":"2019-11-08T12:10:55","modified_gmt":"2019-11-08T11:10:55","slug":"ph-karlsruhe","status":"publish","type":"page","link":"https:\/\/cultureshake.ph-karlsruhe.de\/cusha\/ueber-uns\/ph-karlsruhe\/","title":{"rendered":"P\u00e4dagogische Hochschule Karlsruhe"},"content":{"rendered":"<p><img loading=\"lazy\" decoding=\"async\" class=\"aligncenter size-full wp-image-192\" src=\"http:\/\/cultureshake.ph-karlsruhe.de\/wordpress\/wp-content\/uploads\/2016\/12\/ph_600.jpg\" alt=\"\" width=\"600\" height=\"430\" srcset=\"https:\/\/cultureshake.ph-karlsruhe.de\/wordpress\/wp-content\/uploads\/2016\/12\/ph_600.jpg 600w, https:\/\/cultureshake.ph-karlsruhe.de\/wordpress\/wp-content\/uploads\/2016\/12\/ph_600-300x215.jpg 300w, https:\/\/cultureshake.ph-karlsruhe.de\/wordpress\/wp-content\/uploads\/2016\/12\/ph_600-100x72.jpg 100w, https:\/\/cultureshake.ph-karlsruhe.de\/wordpress\/wp-content\/uploads\/2016\/12\/ph_600-150x108.jpg 150w, https:\/\/cultureshake.ph-karlsruhe.de\/wordpress\/wp-content\/uploads\/2016\/12\/ph_600-200x143.jpg 200w, https:\/\/cultureshake.ph-karlsruhe.de\/wordpress\/wp-content\/uploads\/2016\/12\/ph_600-450x323.jpg 450w\" sizes=\"auto, (max-width: 600px) 100vw, 600px\" \/><\/p>\n<p>Die P\u00e4dagogische Hochschule Karlsruhe ist einer der sechs P\u00e4dagogischen Hochschulen des Landes Baden-W\u00fcrttemberg. Die P\u00e4dagogische Hochschule ist eine Hochschule besonderer Pr\u00e4gung, welche es in dieser Form nur in Baden-W\u00fcrttemberg gibt: es sind Hochschulen universit\u00e4ren Profils mit Promotions- und Habilitationsrecht. Studierende des Lehramts an Grund-, Werkreal-, Haupt- und Realschulen erfahren an der P\u00e4dagogischen Hochschule im Studium eine Integration von Erziehungswissenschaften, Fachwissenschaften, fachdidaktische Aufbereitung der wissenschaftlichen Inhalte sowie Schulpraxis. Ein besonderes Profil ist das seit 1999 bestehende Europalehramt.<\/p>\n<p>&nbsp;<\/p>\n<p><img loading=\"lazy\" decoding=\"async\" class=\"alignleft size-full wp-image-187\" src=\"http:\/\/cultureshake.ph-karlsruhe.de\/wordpress\/wp-content\/uploads\/2016\/12\/spiral_600.jpg\" alt=\"\" width=\"300\" height=\"451\" srcset=\"https:\/\/cultureshake.ph-karlsruhe.de\/wordpress\/wp-content\/uploads\/2016\/12\/spiral_600.jpg 600w, https:\/\/cultureshake.ph-karlsruhe.de\/wordpress\/wp-content\/uploads\/2016\/12\/spiral_600-200x301.jpg 200w, https:\/\/cultureshake.ph-karlsruhe.de\/wordpress\/wp-content\/uploads\/2016\/12\/spiral_600-100x150.jpg 100w, https:\/\/cultureshake.ph-karlsruhe.de\/wordpress\/wp-content\/uploads\/2016\/12\/spiral_600-150x226.jpg 150w, https:\/\/cultureshake.ph-karlsruhe.de\/wordpress\/wp-content\/uploads\/2016\/12\/spiral_600-300x451.jpg 300w, https:\/\/cultureshake.ph-karlsruhe.de\/wordpress\/wp-content\/uploads\/2016\/12\/spiral_600-450x677.jpg 450w\" sizes=\"auto, (max-width: 300px) 100vw, 300px\" \/><\/p>\n<h3>Unsere Geschichte<\/h3>\n<p>Im Jahre 1757 wurde die erste Ausbildungs- und Pr\u00fcfungsordnung f\u00fcr Schulkandidaten (angehende Lehrer) in Karlsruhe eingerichtet. 1768 wurde das Schulseminar an der heutigen Kaiserstra\u00dfe zwischen Marktplatz und der kleinen Kirche am Markt gegr\u00fcndet. 1807 wird das Geb\u00e4ude abgerissen und 1823 in der Markgrafenstra\u00dfe 48, unweit des Rondellplatzes, unter der Direktion von Wilhelm Heinrich Katz (1763-1851) und der p\u00e4dagogischen Leitung des Pestalozzi-Sch\u00fclers Wilhelm Stern (1792-1873) wiedereingerichtet. Der Besuch des Karlsruher Lehrerseminars wird 1829 durch ein Staatsministerialreskript f\u00fcr alle evangelischen Lehramtskandidaten verpflichtend. Nach weiteren Umz\u00fcgen wird 1870 der heutige Standort in der Bismarckstra\u00dfe 10 bezogen. Zwischen 1931-1934 hatte der R\u00fcckgang zu einer zeitweiligen Schlie\u00dfung infolge fehlender Berufsaussichten einen Schatten \u00fcber die Lehrerausbildung in Karlsruhe gelegt. \u00a0Das 1944 zerst\u00f6rte Geb\u00e4ude in der Bismarckstra\u00dfe konnte 1957 wiederbezogen werden, nachdem 1952 die Lehrerbildungsanstalt zum P\u00e4dagogischen Institut geworden war. Daraufhin folgte 1958 die Umwandlung des Instituts in eine Hochschule durch das Gesetz \u00fcber die Ausbildung der Volksschullehrer, wodurch die Entwicklung zur Universit\u00e4t eingeleitet wurde: weitere Schritte waren 29.05.1962 die Urkunde \u00fcber die Gr\u00fcndung der P\u00e4dagogischen Hochschule Karlsruhe und 1965 die Genehmigung der Hochschulsatzung durch die Landesregierung. Mit dem Gesetz \u00fcber die Rechtsstellung der P\u00e4dagogischen Hochschulen im Jahr 1971 erhielten die P\u00e4dagogischen Hochschulen den Status eigenst\u00e4ndiger wissenschaftlicher Einrichtungen. Das eingeschr\u00e4nkte Promotionsrecht von 1977 wurde durch eine Novellierung des P\u00e4dagogischen Hochschulgesetzes 1987 zu einem unbeschr\u00e4nkten Promotionsrecht. 2005 folgte das uneingeschr\u00e4nkte Habilitationsrecht.<\/p>\n<p><a href=\"https:\/\/www.ph-karlsruhe.de\/hochschule\/portraet\/geschichte\" rel=\"noopener noreferrer\" target=\"_blank\">Mehr \u00fcber die Geschichte<\/a><\/p>\n<p>&nbsp;<\/p>\n<h3>Internationalisierung<\/h3>\n<p>2012 wurde vom Senat der P\u00e4dagogischen Hochschule Karlsruhe eine Internationalisierungsstrategie beschlossen. Die Strategie zielt auf eine qualitative Entwicklung der Hochschule ab.<br \/>\n<img loading=\"lazy\" decoding=\"async\" class=\"aligncenter size-full wp-image-191\" src=\"http:\/\/cultureshake.ph-karlsruhe.de\/wordpress\/wp-content\/uploads\/2016\/12\/kaleidoskop_600.jpg\" alt=\"\" width=\"600\" height=\"338\" srcset=\"https:\/\/cultureshake.ph-karlsruhe.de\/wordpress\/wp-content\/uploads\/2016\/12\/kaleidoskop_600.jpg 600w, https:\/\/cultureshake.ph-karlsruhe.de\/wordpress\/wp-content\/uploads\/2016\/12\/kaleidoskop_600-300x169.jpg 300w, https:\/\/cultureshake.ph-karlsruhe.de\/wordpress\/wp-content\/uploads\/2016\/12\/kaleidoskop_600-100x56.jpg 100w, https:\/\/cultureshake.ph-karlsruhe.de\/wordpress\/wp-content\/uploads\/2016\/12\/kaleidoskop_600-150x85.jpg 150w, https:\/\/cultureshake.ph-karlsruhe.de\/wordpress\/wp-content\/uploads\/2016\/12\/kaleidoskop_600-200x113.jpg 200w, https:\/\/cultureshake.ph-karlsruhe.de\/wordpress\/wp-content\/uploads\/2016\/12\/kaleidoskop_600-450x254.jpg 450w\" sizes=\"auto, (max-width: 600px) 100vw, 600px\" \/><br \/>\n<a href=\"https:\/\/www.ph-karlsruhe.de\/campus\/serviceeinrichtungen\/akademisches-auslandsamt\" rel=\"noopener noreferrer\" target=\"_blank\">Mehr \u00fcber die Internationalisierung<\/a><\/p>\n<h3>CUSHA an der P\u00e4dagogischen Hochschule Karlsruhe<\/h3>\n<p>Das Erasmus+ Projekt wird von der P\u00e4dagogischen Hochschule Karlsruhe koordiniert. Die Projektleiterin <a href=\"https:\/\/www.ph-karlsruhe.de\/hochschule\/organisation\/fakultaet-b\/institut-fuer-transdisziplinaere-sozialwissenschaft#accordion_8026_5\" rel=\"noopener norefferer noreferrer\" target=\"_blank\">Dr. Annette Deschner<\/a> steuert das Projektmanagement und arbeitet inhaltlich in dem Projekt im Bereich der Kultur- und Mehrsprachigkeitsdidaktik.<\/p>\n<p><img loading=\"lazy\" decoding=\"async\" class=\"alignleft size-medium wp-image-204\" src=\"http:\/\/cultureshake.ph-karlsruhe.de\/wordpress\/wp-content\/uploads\/2017\/01\/Deschner_Portrait_1000x1279-235x300.jpg\" alt=\"\" width=\"235\" height=\"300\" srcset=\"https:\/\/cultureshake.ph-karlsruhe.de\/wordpress\/wp-content\/uploads\/2017\/01\/Deschner_Portrait_1000x1279-235x300.jpg 235w, https:\/\/cultureshake.ph-karlsruhe.de\/wordpress\/wp-content\/uploads\/2017\/01\/Deschner_Portrait_1000x1279-768x982.jpg 768w, https:\/\/cultureshake.ph-karlsruhe.de\/wordpress\/wp-content\/uploads\/2017\/01\/Deschner_Portrait_1000x1279-801x1024.jpg 801w, https:\/\/cultureshake.ph-karlsruhe.de\/wordpress\/wp-content\/uploads\/2017\/01\/Deschner_Portrait_1000x1279-100x128.jpg 100w, https:\/\/cultureshake.ph-karlsruhe.de\/wordpress\/wp-content\/uploads\/2017\/01\/Deschner_Portrait_1000x1279-150x192.jpg 150w, https:\/\/cultureshake.ph-karlsruhe.de\/wordpress\/wp-content\/uploads\/2017\/01\/Deschner_Portrait_1000x1279-200x256.jpg 200w, https:\/\/cultureshake.ph-karlsruhe.de\/wordpress\/wp-content\/uploads\/2017\/01\/Deschner_Portrait_1000x1279-300x384.jpg 300w, https:\/\/cultureshake.ph-karlsruhe.de\/wordpress\/wp-content\/uploads\/2017\/01\/Deschner_Portrait_1000x1279-450x576.jpg 450w, https:\/\/cultureshake.ph-karlsruhe.de\/wordpress\/wp-content\/uploads\/2017\/01\/Deschner_Portrait_1000x1279-600x767.jpg 600w, https:\/\/cultureshake.ph-karlsruhe.de\/wordpress\/wp-content\/uploads\/2017\/01\/Deschner_Portrait_1000x1279-900x1151.jpg 900w, https:\/\/cultureshake.ph-karlsruhe.de\/wordpress\/wp-content\/uploads\/2017\/01\/Deschner_Portrait_1000x1279.jpg 1000w\" sizes=\"auto, (max-width: 235px) 100vw, 235px\" \/>Dr. Annette Deschner ist am Institut f\u00fcr Transdisziplin\u00e4re Sozialwissenschaften t\u00e4tig. Die Forschungsbereiche sind CLIL (Content and Language Integrated Learning), Mehrsprachigkeitsdidaktik und Kulturwissenschaften.<\/p>\n<p>&nbsp;<\/p>","protected":false},"excerpt":{"rendered":"<p><img loading=\"lazy\" decoding=\"async\" class=\"aligncenter size-full wp-image-192\" src=\"http:\/\/cultureshake.ph-karlsruhe.de\/wordpress\/wp-content\/uploads\/2016\/12\/ph_600.jpg\" alt=\"\" width=\"600\" height=\"430\" srcset=\"https:\/\/cultureshake.ph-karlsruhe.de\/wordpress\/wp-content\/uploads\/2016\/12\/ph_600.jpg 600w, https:\/\/cultureshake.ph-karlsruhe.de\/wordpress\/wp-content\/uploads\/2016\/12\/ph_600-300x215.jpg 300w, https:\/\/cultureshake.ph-karlsruhe.de\/wordpress\/wp-content\/uploads\/2016\/12\/ph_600-100x72.jpg 100w, https:\/\/cultureshake.ph-karlsruhe.de\/wordpress\/wp-content\/uploads\/2016\/12\/ph_600-150x108.jpg 150w, https:\/\/cultureshake.ph-karlsruhe.de\/wordpress\/wp-content\/uploads\/2016\/12\/ph_600-200x143.jpg 200w, https:\/\/cultureshake.ph-karlsruhe.de\/wordpress\/wp-content\/uploads\/2016\/12\/ph_600-450x323.jpg 450w\" sizes=\"auto, (max-width: 600px) 100vw, 600px\" \/><\/p>\n<p>Die P\u00e4dagogische Hochschule Karlsruhe ist einer der sechs P\u00e4dagogischen Hochschulen des Landes Baden-W\u00fcrttemberg. Die P\u00e4dagogische Hochschule ist eine Hochschule besonderer Pr\u00e4gung, welche es in dieser Form nur in Baden-W\u00fcrttemberg gibt: es sind Hochschulen universit\u00e4ren Profils mit Promotions- und Habilitationsrecht.<\/p>\n<p><span class=\"ellipsis\">&hellip;<\/span><\/p>\n<div class=\"read-more\"><a href=\"https:\/\/cultureshake.ph-karlsruhe.de\/cusha\/ueber-uns\/ph-karlsruhe\/\">Weiterlesen \u203a<\/a><\/div>\n<p><!-- end of .read-more --><\/p>\n","protected":false},"author":1,"featured_media":0,"parent":40,"menu_order":1,"comment_status":"closed","ping_status":"closed","template":"","meta":{"footnotes":""},"class_list":["post-47","page","type-page","status-publish","hentry"],"_links":{"self":[{"href":"https:\/\/cultureshake.ph-karlsruhe.de\/cusha\/wp-json\/wp\/v2\/pages\/47","targetHints":{"allow":["GET"]}}],"collection":[{"href":"https:\/\/cultureshake.ph-karlsruhe.de\/cusha\/wp-json\/wp\/v2\/pages"}],"about":[{"href":"https:\/\/cultureshake.ph-karlsruhe.de\/cusha\/wp-json\/wp\/v2\/types\/page"}],"author":[{"embeddable":true,"href":"https:\/\/cultureshake.ph-karlsruhe.de\/cusha\/wp-json\/wp\/v2\/users\/1"}],"replies":[{"embeddable":true,"href":"https:\/\/cultureshake.ph-karlsruhe.de\/cusha\/wp-json\/wp\/v2\/comments?post=47"}],"version-history":[{"count":21,"href":"https:\/\/cultureshake.ph-karlsruhe.de\/cusha\/wp-json\/wp\/v2\/pages\/47\/revisions"}],"predecessor-version":[{"id":1067,"href":"https:\/\/cultureshake.ph-karlsruhe.de\/cusha\/wp-json\/wp\/v2\/pages\/47\/revisions\/1067"}],"up":[{"embeddable":true,"href":"https:\/\/cultureshake.ph-karlsruhe.de\/cusha\/wp-json\/wp\/v2\/pages\/40"}],"wp:attachment":[{"href":"https:\/\/cultureshake.ph-karlsruhe.de\/cusha\/wp-json\/wp\/v2\/media?parent=47"}],"curies":[{"name":"wp","href":"https:\/\/api.w.org\/{rel}","templated":true}]}}