{"id":40,"date":"2016-12-07T19:56:05","date_gmt":"2016-12-07T18:56:05","guid":{"rendered":"http:\/\/cultureshake.ph-karlsruhe.de\/cusha\/?page_id=40"},"modified":"2019-05-30T15:10:58","modified_gmt":"2019-05-30T13:10:58","slug":"ueber-uns","status":"publish","type":"page","link":"https:\/\/cultureshake.ph-karlsruhe.de\/cusha\/ueber-uns\/","title":{"rendered":"\u00dcber uns"},"content":{"rendered":"<p>Die Projektpartner des Konsortiums kommen aus vier europ\u00e4ischen L\u00e4ndern: Deutschland, Schweden, Slowenien und dem Vereinigten K\u00f6nigreich. Ein Ziel des Projekts ist es, in der Didaktik eine Br\u00fccke zwischen Theorie und Praxis zu schlagen. Dies spiegelt sich in der Zusammensetzung der Institutionen wider. Durch die Zusammenarbeit von Hochschulen (eine Universit\u00e4t und eine P\u00e4dagogische Hochschule), zwei Schulen und einer Kultureinrichtung findet ein Wissenstransfer statt.<\/p>\n<p>Mehr \u00fcber die Projektpartner und die Institutionen:<\/p>\n<ul>\n<li><a href=\"https:\/\/cultureshake.ph-karlsruhe.de\/cusha\/ueber-uns\/team\/ph-karlsruhe\/\">P\u00e4dagogische Hochschule Karlsruhe (Projektkoordination)<\/a><\/li>\n<li><a href=\"https:\/\/cultureshake.ph-karlsruhe.de\/cusha\/ueber-uns\/team\/friedrich-woehler-gymnasium-singen\/\">Friedrich-W\u00f6hler Gymnasium Singen<\/a><\/li>\n<li><a href=\"https:\/\/cultureshake.ph-karlsruhe.de\/cusha\/ueber-uns\/team\/shakespeare-birthplace-trust-sbt\/\">The Shakespeare Birthplace Trust<\/a><\/li>\n<li><a href=\"https:\/\/cultureshake.ph-karlsruhe.de\/cusha\/ueber-uns\/team\/stiftelsen-english-school-gothenburg\/\">The English School of Gothenburg<\/a><\/li>\n<li><a href=\"https:\/\/cultureshake.ph-karlsruhe.de\/cusha\/ueber-uns\/team\/universitaet-primorska\/\">Universit\u00e4t Primorska<\/a><\/li>\n<\/ul>\n<p><\/p>","protected":false},"excerpt":{"rendered":"<p>Die Projektpartner des Konsortiums kommen aus vier europ\u00e4ischen L\u00e4ndern: Deutschland, Schweden, Slowenien und dem Vereinigten K\u00f6nigreich. Ein Ziel des Projekts ist es, in der Didaktik eine Br\u00fccke zwischen Theorie und Praxis zu schlagen. Dies spiegelt sich in der Zusammensetzung der Institutionen wider.<\/p>\n<p><span class=\"ellipsis\">&hellip;<\/span><\/p>\n<div class=\"read-more\"><a href=\"https:\/\/cultureshake.ph-karlsruhe.de\/cusha\/ueber-uns\/\">Weiterlesen \u203a<\/a><\/div>\n<p><!-- end of .read-more --><\/p>\n","protected":false},"author":1,"featured_media":0,"parent":0,"menu_order":1,"comment_status":"closed","ping_status":"closed","template":"","meta":{"footnotes":""},"class_list":["post-40","page","type-page","status-publish","hentry"],"_links":{"self":[{"href":"https:\/\/cultureshake.ph-karlsruhe.de\/cusha\/wp-json\/wp\/v2\/pages\/40","targetHints":{"allow":["GET"]}}],"collection":[{"href":"https:\/\/cultureshake.ph-karlsruhe.de\/cusha\/wp-json\/wp\/v2\/pages"}],"about":[{"href":"https:\/\/cultureshake.ph-karlsruhe.de\/cusha\/wp-json\/wp\/v2\/types\/page"}],"author":[{"embeddable":true,"href":"https:\/\/cultureshake.ph-karlsruhe.de\/cusha\/wp-json\/wp\/v2\/users\/1"}],"replies":[{"embeddable":true,"href":"https:\/\/cultureshake.ph-karlsruhe.de\/cusha\/wp-json\/wp\/v2\/comments?post=40"}],"version-history":[{"count":19,"href":"https:\/\/cultureshake.ph-karlsruhe.de\/cusha\/wp-json\/wp\/v2\/pages\/40\/revisions"}],"predecessor-version":[{"id":729,"href":"https:\/\/cultureshake.ph-karlsruhe.de\/cusha\/wp-json\/wp\/v2\/pages\/40\/revisions\/729"}],"wp:attachment":[{"href":"https:\/\/cultureshake.ph-karlsruhe.de\/cusha\/wp-json\/wp\/v2\/media?parent=40"}],"curies":[{"name":"wp","href":"https:\/\/api.w.org\/{rel}","templated":true}]}}