{"id":377,"date":"2017-07-03T09:00:42","date_gmt":"2017-07-03T07:00:42","guid":{"rendered":"http:\/\/cultureshake.ph-karlsruhe.de\/cusha\/?page_id=377"},"modified":"2019-10-29T18:28:04","modified_gmt":"2019-10-29T17:28:04","slug":"produkte","status":"publish","type":"page","link":"https:\/\/cultureshake.ph-karlsruhe.de\/cusha\/produkte\/","title":{"rendered":"Produkte"},"content":{"rendered":"<p>In CultureShake entstehen w\u00e4hrend der Projektlaufzeit frei zug\u00e4ngliche Produkte. Diese werden sukzessive in diesem Bereich zur Verf\u00fcgung gestellt und k\u00f6nnen <a href=\"https:\/\/cultureshake.ph-karlsruhe.de\/cusha\/produkte\/english-downloads\/\">heruntergeladen<\/a> werden. Die Produkte sind auch auf der <a href=\"https:\/\/www.shakespeare.org.uk\/education\/education-projects\/cultureshake\/\" rel=\"noopener noreferrer\" target=\"_blank\">SBT Webseite<\/a> zug\u00e4nglich.<\/p>\n<p>Es handelt sich um folgende 5 Intellectual Outputs:<\/p>\n<ol>\n<li><a href=\"https:\/\/cultureshake.ph-karlsruhe.de\/cusha\/produkte\/intellectual-output-1-methodenkompedium\/\">Methodenkompendium f\u00fcr Lehrkr\u00e4fte: Shakespeare in the 21st-century Classroom<\/a> (Lisa Peter, SBT)<\/li>\n<li><a href=\"https:\/\/cultureshake.ph-karlsruhe.de\/cusha\/produkte\/intellectual-output-2-cusha-online-woerterbuch\/\">CUSHA Online W\u00f6rterbuch<\/a> (Dr. Mojca Kompara, UP)<\/li>\n<li><a href=\"https:\/\/cultureshake.ph-karlsruhe.de\/cusha\/produkte\/intellectual-output-3-peer-unterrichtsmaterial\/\">Entwicklung eines Konzepts f\u00fcr die Erstellung von Peer Unterrichtsmaterialien<\/a> (Andrew Potter, ESG)<\/li>\n<li><a href=\"https:\/\/cultureshake.ph-karlsruhe.de\/cusha\/produkte\/intellectual-output-4-handbuch-austausch\/\">Handbuch f\u00fcr mehrsprachige\u00a0Austausche\u00a0&#8222;Exchanging Culture Shakes: A Teacher Manual for Multilingual and Transcultural School Exchanges&#8220;<\/a> (Dr. Annette Deschner, PH)<\/li>\n<li><a href=\"https:\/\/cultureshake.ph-karlsruhe.de\/cusha\/produkte\/intellectual-output-5-lehrerfortbildungsmodul\/\">Modul f\u00fcr die Lehrerfortbildung<\/a> (Hildi Rieger, FWG)<\/li>\n<\/ol>\n<p>&nbsp;<\/p>","protected":false},"excerpt":{"rendered":"<p>In CultureShake entstehen w\u00e4hrend der Projektlaufzeit frei zug\u00e4ngliche Produkte. Diese werden sukzessive in diesem Bereich zur Verf\u00fcgung gestellt und k\u00f6nnen <a href=\"https:\/\/cultureshake.ph-karlsruhe.de\/cusha\/produkte\/english-downloads\/\">heruntergeladen<\/a> werden. Die Produkte sind auch auf der <a href=\"https:\/\/www.shakespeare.org.uk\/education\/education-projects\/cultureshake\/\" rel=\"noopener noreferrer\" target=\"_blank\">SBT Webseite<\/a> zug\u00e4nglich.<\/p>\n<p>Es handelt sich um folgende 5 Intellectual Outputs:<\/p>\n<ol>\n<li><a href=\"https:\/\/cultureshake.ph-karlsruhe.de\/cusha\/produkte\/intellectual-output-1-methodenkompedium\/\">Methodenkompendium f\u00fcr Lehrkr\u00e4fte: Shakespeare in the 21st-century Classroom<\/a> (Lisa Peter,<\/li>\n<\/ol>\n<p><span class=\"ellipsis\">&hellip;<\/span><\/p>\n<div class=\"read-more\"><a href=\"https:\/\/cultureshake.ph-karlsruhe.de\/cusha\/produkte\/\">Weiterlesen \u203a<\/a><\/div>\n<p><!-- end of .read-more --><\/p>\n","protected":false},"author":1,"featured_media":0,"parent":0,"menu_order":4,"comment_status":"closed","ping_status":"closed","template":"","meta":{"footnotes":""},"class_list":["post-377","page","type-page","status-publish","hentry"],"_links":{"self":[{"href":"https:\/\/cultureshake.ph-karlsruhe.de\/cusha\/wp-json\/wp\/v2\/pages\/377","targetHints":{"allow":["GET"]}}],"collection":[{"href":"https:\/\/cultureshake.ph-karlsruhe.de\/cusha\/wp-json\/wp\/v2\/pages"}],"about":[{"href":"https:\/\/cultureshake.ph-karlsruhe.de\/cusha\/wp-json\/wp\/v2\/types\/page"}],"author":[{"embeddable":true,"href":"https:\/\/cultureshake.ph-karlsruhe.de\/cusha\/wp-json\/wp\/v2\/users\/1"}],"replies":[{"embeddable":true,"href":"https:\/\/cultureshake.ph-karlsruhe.de\/cusha\/wp-json\/wp\/v2\/comments?post=377"}],"version-history":[{"count":17,"href":"https:\/\/cultureshake.ph-karlsruhe.de\/cusha\/wp-json\/wp\/v2\/pages\/377\/revisions"}],"predecessor-version":[{"id":1047,"href":"https:\/\/cultureshake.ph-karlsruhe.de\/cusha\/wp-json\/wp\/v2\/pages\/377\/revisions\/1047"}],"wp:attachment":[{"href":"https:\/\/cultureshake.ph-karlsruhe.de\/cusha\/wp-json\/wp\/v2\/media?parent=377"}],"curies":[{"name":"wp","href":"https:\/\/api.w.org\/{rel}","templated":true}]}}