{"id":360,"date":"2017-07-02T18:48:57","date_gmt":"2017-07-02T16:48:57","guid":{"rendered":"http:\/\/cultureshake.ph-karlsruhe.de\/cusha\/?page_id=360"},"modified":"2019-10-23T10:28:12","modified_gmt":"2019-10-23T08:28:12","slug":"lernaktivitaeten","status":"publish","type":"page","link":"https:\/\/cultureshake.ph-karlsruhe.de\/cusha\/aktivitaeten\/lernaktivitaeten\/","title":{"rendered":"Lernaktivit\u00e4ten"},"content":{"rendered":"<p>Die Reihe von Lernaktivit\u00e4ten verfolgt die folgenden Projektziele:<\/p>\n<ul>\n<li>Br\u00fcckenschlage zwischen Theorie und Praxis im Bereich der Kulturvermittlung<\/li>\n<li>F\u00f6rderung von Mehrsprachigkeit<\/li>\n<li>F\u00f6rderung von digitaler Bildung<\/li>\n<li>St\u00e4rkung der Lehrprofile<\/li>\n<li>Entwicklung der europ\u00e4ischen Dimension in der Bildung besonders durch den Fokus auf die Mehrsprachigkeit<\/li>\n<li>Einbeziehung der transnationalen Expertise der Projektmitglieder<\/li>\n<li>Best\u00e4rkung bei dem besten Einsatz der Ergebnisse, innovativen Produkte und Abl\u00e4ufe<\/li>\n<li>Hervorbringen von nachhaltigen Kooperationen zwischen den Partnerl\u00e4ndern und Institutionen im Bildungsbereich<\/li>\n<\/ul>\n<p>Der Mehrwert der Lernaktivit\u00e4ten wird durch die verschiedenen Arrangements der Aktivit\u00e4ten und dem jeweiligen unterschiedlichen Fokus im Arbeitsgebiet gew\u00e4hrleistet. Sch\u00fclerinnen und Sch\u00fcler k\u00f6nnen Ihre Ergebnisse in verschiedenen nationalen Umgebungen kommunizieren und die Reaktionen reflektieren. Der rote Faden ist die Erstellung des Produkts \u201ePeer Unterrichtmaterialien\u201c (Produkt 3). Die Lernaktivit\u00e4ten nehmen Sch\u00fclerinnen und Sch\u00fcler mit der Suche und Erstellung dieser Materialien in Anspruch, weil sie diese an unterschiedlichen Situationen und Erfahrungen in einer authentischen Umgebung anpassen, testen und mit anderen sich dar\u00fcber austauschen. Diese Lernaktivit\u00e4ten sind keine touristischen Unternehmungen in einem binationalen Austausch sein, sondern Sch\u00fclerinnen und Sch\u00fcler arbeiten in einem transnationalen Team zusammen an einem Projekt. Die von dem Shakespeare Birthplace Trust (SBT) angebotenen Workshops sind eine besondere Bereicherung f\u00fcr das Projekt, weil Sch\u00fclerinnen Sch\u00fcler die M\u00f6glichkeit haben authentische Erfahrungen mit Menschen zu machen, die sich in Stratford beruflich mit Shakespeares Leben und Werk besch\u00e4ftigen. Durch das Arbeiten und Leben an diesem authentischen Ort k\u00f6nnen Sch\u00fclerinnen und Sch\u00fcler hier eintauchen bei dem Besuch des Archivs und der Recherche zu \u00dcbersetzungen in ihre Muttersprache. Dies wird gerahmt durch Theaterworkshops mit Schauspielerinnen und die Sch\u00fclerinnen und Sch\u00fcler k\u00f6nnen sich unter das internationale Publikum mischen, das nach Stratford kommt \u2013 den Ort Shakespeares.<\/p>\n<ul>\n<li>Erste Lernaktivit\u00e4t in <a href=\"https:\/\/cultureshake.ph-karlsruhe.de\/cusha\/aktivitaeten\/lernaktivitaeten\/singen\/\">Singen<\/a>, Deutschland (08.05. \u2013 12.05.2017)<\/li>\n<li>Zweite Lernaktivit\u00e4t in <a href=\"https:\/\/cultureshake.ph-karlsruhe.de\/cusha\/aktivitaeten\/lernaktivitaeten\/english-stratford-upon-avon-2409-29092017\/\">Stratford-upon-Avon<\/a>, (24.09. \u2013 29.09.2017)<\/li>\n<li>Dritte Lernaktivit\u00e4t in <a href=\"https:\/\/cultureshake.ph-karlsruhe.de\/cusha\/aktivitaeten\/lernaktivitaeten\/goeteborg-23-29-09-2018\/\">G\u00f6teborg<\/a>, Schweden (24.09. &#8211; 29.09.2018)<\/li>\n<\/ul>\n<p><\/p>","protected":false},"excerpt":{"rendered":"<p>Die Reihe von Lernaktivit\u00e4ten verfolgt die folgenden Projektziele:<\/p>\n<ul>\n<li>Br\u00fcckenschlage zwischen Theorie und Praxis im Bereich der Kulturvermittlung<\/li>\n<li>F\u00f6rderung von Mehrsprachigkeit<\/li>\n<li>F\u00f6rderung von digitaler Bildung<\/li>\n<li>St\u00e4rkung der Lehrprofile<\/li>\n<li>Entwicklung der europ\u00e4ischen Dimension in der Bildung besonders durch den Fokus auf die Mehrsprachigkeit<\/li>\n<li>Einbeziehung der transnationalen Expertise der Projektmitglieder<\/li>\n<li>Best\u00e4rkung bei dem besten Einsatz der Ergebnisse,<\/li>\n<\/ul>\n<p><span class=\"ellipsis\">&hellip;<\/span><\/p>\n<div class=\"read-more\"><a href=\"https:\/\/cultureshake.ph-karlsruhe.de\/cusha\/aktivitaeten\/lernaktivitaeten\/\">Weiterlesen \u203a<\/a><\/div>\n<p><!-- end of .read-more --><\/p>\n","protected":false},"author":1,"featured_media":0,"parent":51,"menu_order":0,"comment_status":"closed","ping_status":"closed","template":"","meta":{"footnotes":""},"class_list":["post-360","page","type-page","status-publish","hentry"],"_links":{"self":[{"href":"https:\/\/cultureshake.ph-karlsruhe.de\/cusha\/wp-json\/wp\/v2\/pages\/360","targetHints":{"allow":["GET"]}}],"collection":[{"href":"https:\/\/cultureshake.ph-karlsruhe.de\/cusha\/wp-json\/wp\/v2\/pages"}],"about":[{"href":"https:\/\/cultureshake.ph-karlsruhe.de\/cusha\/wp-json\/wp\/v2\/types\/page"}],"author":[{"embeddable":true,"href":"https:\/\/cultureshake.ph-karlsruhe.de\/cusha\/wp-json\/wp\/v2\/users\/1"}],"replies":[{"embeddable":true,"href":"https:\/\/cultureshake.ph-karlsruhe.de\/cusha\/wp-json\/wp\/v2\/comments?post=360"}],"version-history":[{"count":16,"href":"https:\/\/cultureshake.ph-karlsruhe.de\/cusha\/wp-json\/wp\/v2\/pages\/360\/revisions"}],"predecessor-version":[{"id":925,"href":"https:\/\/cultureshake.ph-karlsruhe.de\/cusha\/wp-json\/wp\/v2\/pages\/360\/revisions\/925"}],"up":[{"embeddable":true,"href":"https:\/\/cultureshake.ph-karlsruhe.de\/cusha\/wp-json\/wp\/v2\/pages\/51"}],"wp:attachment":[{"href":"https:\/\/cultureshake.ph-karlsruhe.de\/cusha\/wp-json\/wp\/v2\/media?parent=360"}],"curies":[{"name":"wp","href":"https:\/\/api.w.org\/{rel}","templated":true}]}}