{"id":316,"date":"2017-03-23T11:09:59","date_gmt":"2017-03-23T10:09:59","guid":{"rendered":"http:\/\/cultureshake.ph-karlsruhe.de\/cusha\/?page_id=316"},"modified":"2019-12-06T11:40:39","modified_gmt":"2019-12-06T10:40:39","slug":"dissemination","status":"publish","type":"page","link":"https:\/\/cultureshake.ph-karlsruhe.de\/cusha\/aktivitaeten\/dissemination\/","title":{"rendered":"Dissemination"},"content":{"rendered":"<p>Der Abschnitt zur Verbreitung gibt einen Einblick in einige unserer Aktivit\u00e4ten in diesem Bereich. F\u00fcr einige konnten wir sogar eine \u00dcbersetzung liefern. Da wir von der hohen Anzahl an Artikeln und Pressemitteilungen auf CultureShake \u00fcberw\u00e4ltigt waren, haben wir uns entschlossen, diese in der Originalversion auf der Website zu ver\u00f6ffentlichen.<\/p>\n<h3>Conferences and Workshops<\/h3>\n<ul>\n<li><input type='hidden' bg_collapse_expand='69d7bdfbe55d04045502196' value='69d7bdfbe55d04045502196'><input type='hidden' id='bg-show-more-text-69d7bdfbe55d04045502196' value='Dr. Annette Deschner presented the lecture Cultureshake: Digital Learning in Multilingual Education at the OEB conference (27 to 29 November 2019) in Berlin (show more)'><input type='hidden' id='bg-show-less-text-69d7bdfbe55d04045502196' value='Dr. Annette Deschner presented the lecture Cultureshake: Digital Learning in Multilingual Education at the OEB conference (27 to 29 November 2019) in Berlin (show less)'><a id='bg-showmore-action-69d7bdfbe55d04045502196' class='bg-showmore-plg-link  '  style=\" color:#555555;font-size:14px;\" href='#'>Dr. Annette Deschner presented the lecture Cultureshake: Digital Learning in Multilingual Education at the OEB conference (27 to 29 November 2019) in Berlin (show more)<\/a><\/ul><ul class='bg-showmore-no-padding-no-margin' id='bg-showmore-hidden-69d7bdfbe55d04045502196' ><\/li>\n<p><a href=\"https:\/\/oeb.global\/programme\" rel=\"noopener noreferrer\" target=\"_blank\">Conference website<\/a><\/ul><ul style='margin-top:0;margin-bottom:0'><\/li>\n<li><input type='hidden' bg_collapse_expand='69d7bdfbe578a9015255049' value='69d7bdfbe578a9015255049'><input type='hidden' id='bg-show-more-text-69d7bdfbe578a9015255049' value='Lisa Peter (SBT) presented Cultureshake at the Europeana 27 \u2013 29 Nov 2019: Connect Communities in Lisbon (Portugal) (show more)'><input type='hidden' id='bg-show-less-text-69d7bdfbe578a9015255049' value='Lisa Peter (SBT) presented Cultureshake at the Europeana 27 \u2013 29 Nov 2019: Connect Communities in Lisbon (Portugal) (show less)'><a id='bg-showmore-action-69d7bdfbe578a9015255049' class='bg-showmore-plg-link  '  style=\" color:#555555;font-size:14px;\" href='#'>Lisa Peter (SBT) presented Cultureshake at the Europeana 27 \u2013 29 Nov 2019: Connect Communities in Lisbon (Portugal) (show more)<\/a><\/ul><ul class='bg-showmore-no-padding-no-margin' id='bg-showmore-hidden-69d7bdfbe578a9015255049' ><\/li>\n<p><a href=\"https:\/\/pro.europeana.eu\/page\/europeana-2019\" rel=\"noopener noreferrer\" target=\"_blank\">Conference website<\/a><\/ul><ul style='margin-top:0;margin-bottom:0'><\/li>\n<li>Dr. Annette Deschner presented CultureShake at the Conference <a href=\"https:\/\/www.ph-karlsruhe.de\/events\/details\/education-binational-perspectives-second-conference-of-the-kibbuzim-college-for-education-technology-and-arts-and-the-karlsruhe-university-of-education\" rel=\"noopener noreferrer\" target=\"_blank\">&#8222;Binational Perspectives on Education&#8220;<\/a>, 15.11.2019, at the University of Education Karlsruhe, Germany.<\/li>\n<li><input type='hidden' bg_collapse_expand='69d7bdfbe58490001567395' value='69d7bdfbe58490001567395'><input type='hidden' id='bg-show-more-text-69d7bdfbe58490001567395' value='Dr. Annette Deschner presented CultureShake at the event \u201aPH im Rathaus\u2018 on November 7, 2019 in Karlsruhe, Germany. (show more)'><input type='hidden' id='bg-show-less-text-69d7bdfbe58490001567395' value='Dr. Annette Deschner presented CultureShake at the event \u201aPH im Rathaus\u2018 on November 7, 2019 in Karlsruhe, Germany. (show less)'><a id='bg-showmore-action-69d7bdfbe58490001567395' class='bg-showmore-plg-link  '  style=\" color:#555555;font-size:14px;\" href='#'>Dr. Annette Deschner presented CultureShake at the event \u201aPH im Rathaus\u2018 on November 7, 2019 in Karlsruhe, Germany. (show more)<\/a><\/ul><ul class='bg-showmore-no-padding-no-margin' id='bg-showmore-hidden-69d7bdfbe58490001567395' ><\/li>\n<p><a href=\"https:\/\/www.ph-karlsruhe.de\/events\/details\/ph-im-rathaus-2019\" rel=\"noopener noreferrer\" target=\"_blank\">Invitation<\/a><br \/>\n<a href=\"https:\/\/cultureshake.ph-karlsruhe.de\/wordpress\/wp-content\/uploads\/2019\/11\/Deschner-PH_im_Rathaus.pdf\" rel=\"noopener noreferrer\" target=\"_blank\">Presentation by Dr. Deschner<\/a><\/ul><ul style='margin-top:0;margin-bottom:0'><\/li>\n<li><input type='hidden' bg_collapse_expand='69d7bdfbe590e3036022880' value='69d7bdfbe590e3036022880'><input type='hidden' id='bg-show-more-text-69d7bdfbe590e3036022880' value='Lisa Peter (SBT) held a workshop at the NATECLA annual conference, 5th July 2019, in Birmingham, UK. (show more)'><input type='hidden' id='bg-show-less-text-69d7bdfbe590e3036022880' value='Lisa Peter (SBT) held a workshop at the NATECLA annual conference, 5th July 2019, in Birmingham, UK. (show less)'><a id='bg-showmore-action-69d7bdfbe590e3036022880' class='bg-showmore-plg-link  '  style=\" color:#555555;font-size:14px;\" href='#'>Lisa Peter (SBT) held a workshop at the NATECLA annual conference, 5th July 2019, in Birmingham, UK. (show more)<\/a><\/ul><ul class='bg-showmore-no-padding-no-margin' id='bg-showmore-hidden-69d7bdfbe590e3036022880' ><\/li>\n<p><a href=\"https:\/\/www.natecla.org.uk\/uploads\/media\/205\/16847.pdf\" rel=\"noopener noreferrer\" target=\"_blank\">Abstract<\/a><\/ul><ul style='margin-top:0;margin-bottom:0'><\/li>\n<li><input type='hidden' bg_collapse_expand='69d7bdfbe599d7018465669' value='69d7bdfbe599d7018465669'><input type='hidden' id='bg-show-more-text-69d7bdfbe599d7018465669' value='Lisa Peter (SBT) presented CultureShake at the 13rd Nationaal Congress Engels, 15 March 2019, in Ede, Netherlands. (show more)'><input type='hidden' id='bg-show-less-text-69d7bdfbe599d7018465669' value='Lisa Peter (SBT) presented CultureShake at the 13rd Nationaal Congress Engels, 15 March 2019, in Ede, Netherlands. (show less)'><a id='bg-showmore-action-69d7bdfbe599d7018465669' class='bg-showmore-plg-link  '  style=\" color:#555555;font-size:14px;\" href='#'>Lisa Peter (SBT) presented CultureShake at the 13rd Nationaal Congress Engels, 15 March 2019, in Ede, Netherlands. (show more)<\/a><\/ul><ul class='bg-showmore-no-padding-no-margin' id='bg-showmore-hidden-69d7bdfbe599d7018465669' ><\/li>\n<p><a href=\"https:\/\/nationaalcongresengels.nl\/programme-2019\/\" rel=\"noopener noreferrer\" target=\"_blank\">Website with abstract (workshop #7)<\/a><\/ul><ul style='margin-top:0;margin-bottom:0'><\/li>\n<li>Lisa Peter (SBT) held a workshop at the trainee teacher seminar Vrije Universiteit Amsterdam, 12th March, 2019, in Amsterdam, The Netherlands.<\/li>\n<li><input type='hidden' bg_collapse_expand='69d7bdfbe5a322071323175' value='69d7bdfbe5a322071323175'><input type='hidden' id='bg-show-more-text-69d7bdfbe5a322071323175' value='Dr. Annette Deschner (PH) presented CultureShake in a poster session at the INTED2019: 13th annual International Technology, Education and Development Conference held in Valencia (Spain) (show more)'><input type='hidden' id='bg-show-less-text-69d7bdfbe5a322071323175' value='Dr. Annette Deschner (PH) presented CultureShake in a poster session at the INTED2019: 13th annual International Technology, Education and Development Conference held in Valencia (Spain) (show less)'><a id='bg-showmore-action-69d7bdfbe5a322071323175' class='bg-showmore-plg-link  '  style=\" color:#555555;font-size:14px;\" href='#'>Dr. Annette Deschner (PH) presented CultureShake in a poster session at the INTED2019: 13th annual International Technology, Education and Development Conference held in Valencia (Spain) (show more)<\/a><\/ul><ul class='bg-showmore-no-padding-no-margin' id='bg-showmore-hidden-69d7bdfbe5a322071323175' ><\/li>\n<p><a href=\"https:\/\/iated.org\/archive\/inted2019\" rel=\"noopener noreferrer\" target=\"_blank\">Conference website<\/a><br \/>\nAbstract on the paper <a href=\"https:\/\/library.iated.org\/view\/DESCHNER2019CUL\" rel=\"noopener noreferrer\" target=\"_blank\">CULTURESHAKE: THE OUTCOMES OF AN ERASMUS+ PROJECT<\/a><\/ul><ul style='margin-top:0;margin-bottom:0'><\/li>\n<li><input type='hidden' bg_collapse_expand='69d7bdfbe5ae57089347631' value='69d7bdfbe5ae57089347631'><input type='hidden' id='bg-show-more-text-69d7bdfbe5ae57089347631' value='Dr. Annette Deschner (PH) presented CultureShake in a poster session at the ICERI2018: 12th annual International Conference on Education and New Learning Technologies held in Seville (Spain) (show more)'><input type='hidden' id='bg-show-less-text-69d7bdfbe5ae57089347631' value='Dr. Annette Deschner (PH) presented CultureShake in a poster session at the ICERI2018: 12th annual International Conference on Education and New Learning Technologies held in Seville (Spain) (show less)'><a id='bg-showmore-action-69d7bdfbe5ae57089347631' class='bg-showmore-plg-link  '  style=\" color:#555555;font-size:14px;\" href='#'>Dr. Annette Deschner (PH) presented CultureShake in a poster session at the ICERI2018: 12th annual International Conference on Education and New Learning Technologies held in Seville (Spain) (show more)<\/a><\/ul><ul class='bg-showmore-no-padding-no-margin' id='bg-showmore-hidden-69d7bdfbe5ae57089347631' ><\/li>\n<p><a href=\"https:\/\/iated.org\/iceri2018\/\" rel=\"noopener noreferrer\" target=\"_blank\">Conference website<\/a><br \/>\nAbstract on the paper <a href=\"https:\/\/library.iated.org\/view\/DESCHNER2018CUL2\" rel=\"noopener noreferrer\" target=\"_blank\">CULTURESHAKE: INCLUSION OF LANGUAGES AND INTEGRATION OF LEARNERS WITH HYBRID IDENTITIES<\/a><\/ul><ul style='margin-top:0;margin-bottom:0'><\/li>\n<li><input type='hidden' bg_collapse_expand='69d7bdfbe5b948086134075' value='69d7bdfbe5b948086134075'><input type='hidden' id='bg-show-more-text-69d7bdfbe5b948086134075' value='Dr. Annette Deschner (PH) presented CultureShake in a poster session at the Edulearn 2018: 10th annual International Conference on Education and New Learning Technologies held at Palma de Mallorca (Spain) (show more)'><input type='hidden' id='bg-show-less-text-69d7bdfbe5b948086134075' value='Dr. Annette Deschner (PH) presented CultureShake in a poster session at the Edulearn 2018: 10th annual International Conference on Education and New Learning Technologies held at Palma de Mallorca (Spain) (show less)'><a id='bg-showmore-action-69d7bdfbe5b948086134075' class='bg-showmore-plg-link  '  style=\" color:#555555;font-size:14px;\" href='#'>Dr. Annette Deschner (PH) presented CultureShake in a poster session at the Edulearn 2018: 10th annual International Conference on Education and New Learning Technologies held at Palma de Mallorca (Spain) (show more)<\/a><\/ul><ul class='bg-showmore-no-padding-no-margin' id='bg-showmore-hidden-69d7bdfbe5b948086134075' ><\/li>\n<p><a href=\"https:\/\/iated.org\/edulearn18\/announcement\" rel=\"noopener noreferrer\" target=\"_blank\">Conference website<\/a><br \/>\nAbstract on the paper <a href=\"https:\/\/library.iated.org\/view\/DESCHNER2018CUL\" rel=\"noopener noreferrer\" target=\"_blank\">CULTURESHAKE: A MULTILINGUAL AND TRANSCULTURAL RESEARCH AND LEARNING PROJECT<\/a><\/ul><ul style='margin-top:0;margin-bottom:0'><\/li>\n<li><input type='hidden' bg_collapse_expand='69d7bdfbe5c524030608114' value='69d7bdfbe5c524030608114'><input type='hidden' id='bg-show-more-text-69d7bdfbe5c524030608114' value='Dr. Mojca Compara presented the paper \u201aCharacteristics of micro and macrostructure of the Shakespeare&#039;s terminological dictionary\u2018 at the  32th International Conference, Jezik i um : Language and mind, 3rd-5th May 2018, Rijeka, Croatia. (show more)'><input type='hidden' id='bg-show-less-text-69d7bdfbe5c524030608114' value='Dr. Mojca Compara presented the paper \u201aCharacteristics of micro and macrostructure of the Shakespeare&#039;s terminological dictionary\u2018 at the  32th International Conference, Jezik i um : Language and mind, 3rd-5th May 2018, Rijeka, Croatia. (show less)'><a id='bg-showmore-action-69d7bdfbe5c524030608114' class='bg-showmore-plg-link  '  style=\" color:#555555;font-size:14px;\" href='#'>Dr. Mojca Compara presented the paper \u201aCharacteristics of micro and macrostructure of the Shakespeare&#039;s terminological dictionary\u2018 at the  32th International Conference, Jezik i um : Language and mind, 3rd-5th May 2018, Rijeka, Croatia. (show more)<\/a><\/ul><ul class='bg-showmore-no-padding-no-margin' id='bg-showmore-hidden-69d7bdfbe5c524030608114' ><\/li>\n<p><a href=\"http:\/\/www.hdpl.hr\/upload\/1531dab39b1d2088438ea57d7110ebd60333b39c.pdf\" rel=\"noopener noreferrer\" target=\"_blank\">Conference book with abstracts<\/a><\/ul><ul style='margin-top:0;margin-bottom:0'><\/li>\n<li><input type='hidden' bg_collapse_expand='69d7bdfbe5d030066916392' value='69d7bdfbe5d030066916392'><input type='hidden' id='bg-show-more-text-69d7bdfbe5d030066916392' value='Dr. Mojca Kompara presented the paper \u201aSustainable teaching: introducing Shakespeare into the classroom of the 21st century\u2018 at the Conference of British and American Studies, Language sustainability in a changing world, 20th-21st April 2018, Brasov, Romania. (show more)'><input type='hidden' id='bg-show-less-text-69d7bdfbe5d030066916392' value='Dr. Mojca Kompara presented the paper \u201aSustainable teaching: introducing Shakespeare into the classroom of the 21st century\u2018 at the Conference of British and American Studies, Language sustainability in a changing world, 20th-21st April 2018, Brasov, Romania. (show less)'><a id='bg-showmore-action-69d7bdfbe5d030066916392' class='bg-showmore-plg-link  '  style=\" color:#555555;font-size:14px;\" href='#'>Dr. Mojca Kompara presented the paper \u201aSustainable teaching: introducing Shakespeare into the classroom of the 21st century\u2018 at the Conference of British and American Studies, Language sustainability in a changing world, 20th-21st April 2018, Brasov, Romania. (show more)<\/a><\/ul><ul class='bg-showmore-no-padding-no-margin' id='bg-showmore-hidden-69d7bdfbe5d030066916392' ><\/li>\n<p><a href=\"http:\/\/old.unitbv.ro\/anglistica\/ \" rel=\"noopener noreferrer\" target=\"_blank\">Conference Website<\/a><\/ul><ul style='margin-top:0;margin-bottom:0'><\/li>\n<li><input type='hidden' bg_collapse_expand='69d7bdfbe5d857052463325' value='69d7bdfbe5d857052463325'><input type='hidden' id='bg-show-more-text-69d7bdfbe5d857052463325' value='In 2018 Lisa Peter (SBT) and Dr. Annette Deschner (PH) presented the CultureShake project in a talk at the annual IATEFL conference at Brighton, UK (show more)'><input type='hidden' id='bg-show-less-text-69d7bdfbe5d857052463325' value='In 2018 Lisa Peter (SBT) and Dr. Annette Deschner (PH) presented the CultureShake project in a talk at the annual IATEFL conference at Brighton, UK (show less)'><a id='bg-showmore-action-69d7bdfbe5d857052463325' class='bg-showmore-plg-link  '  style=\" color:#555555;font-size:14px;\" href='#'>In 2018 Lisa Peter (SBT) and Dr. Annette Deschner (PH) presented the CultureShake project in a talk at the annual IATEFL conference at Brighton, UK (show more)<\/a><\/ul><ul class='bg-showmore-no-padding-no-margin' id='bg-showmore-hidden-69d7bdfbe5d857052463325' ><\/li>\n<p><a href=\"https:\/\/conference.iatefl.org\/2018\/index.html \" rel=\"noopener noreferrer\" target=\"_blank\">Conference website<\/a><br \/>\n<a href=\"https:\/\/conference.iatefl.org\/2018\/downloads\/programme\/IATEFL2018_Conference_Presentations.pdf\" rel=\"noopener noreferrer\" target=\"_blank\">Abstract<\/a><\/ul><ul style='margin-top:0;margin-bottom:0'><\/li>\n<li><input type='hidden' bg_collapse_expand='69d7bdfbe5e441088466169' value='69d7bdfbe5e441088466169'><input type='hidden' id='bg-show-more-text-69d7bdfbe5e441088466169' value='Teachers from the ESG took posters and flyers explaining the project to the Nordic Network event in Gothenburg (28th\/29th April 2018) where we displayed and distributed the materials. (show more)'><input type='hidden' id='bg-show-less-text-69d7bdfbe5e441088466169' value='Teachers from the ESG took posters and flyers explaining the project to the Nordic Network event in Gothenburg (28th\/29th April 2018) where we displayed and distributed the materials. (show less)'><a id='bg-showmore-action-69d7bdfbe5e441088466169' class='bg-showmore-plg-link  '  style=\" color:#555555;font-size:14px;\" href='#'>Teachers from the ESG took posters and flyers explaining the project to the Nordic Network event in Gothenburg (28th\/29th April 2018) where we displayed and distributed the materials. (show more)<\/a><\/ul><ul class='bg-showmore-no-padding-no-margin' id='bg-showmore-hidden-69d7bdfbe5e441088466169' ><\/li>\n<p><a href=\"https:\/\/www.nnconference.com\/\" rel=\"noopener noreferrer\" target=\"_blank\">Conference Website<\/a><\/ul><ul style='margin-top:0;margin-bottom:0'><\/li>\n<li><input type='hidden' bg_collapse_expand='69d7bdfbe5ebc8015506407' value='69d7bdfbe5ebc8015506407'><input type='hidden' id='bg-show-more-text-69d7bdfbe5ebc8015506407' value='Dr. Mojca Kompara presented the paper \u201aCompiling the CUSHA dictionary of Shakespeare&#039;s terminology in thirteen languages\u2018 at the LIEMC18, 1st-3rd February 2019, Dublin, Ireland. (show more)'><input type='hidden' id='bg-show-less-text-69d7bdfbe5ebc8015506407' value='Dr. Mojca Kompara presented the paper \u201aCompiling the CUSHA dictionary of Shakespeare&#039;s terminology in thirteen languages\u2018 at the LIEMC18, 1st-3rd February 2019, Dublin, Ireland. (show less)'><a id='bg-showmore-action-69d7bdfbe5ebc8015506407' class='bg-showmore-plg-link  '  style=\" color:#555555;font-size:14px;\" href='#'>Dr. Mojca Kompara presented the paper \u201aCompiling the CUSHA dictionary of Shakespeare&#039;s terminology in thirteen languages\u2018 at the LIEMC18, 1st-3rd February 2019, Dublin, Ireland. (show more)<\/a><\/ul><ul class='bg-showmore-no-padding-no-margin' id='bg-showmore-hidden-69d7bdfbe5ebc8015506407' ><\/li>\n<p><a href=\"https:\/\/liemc18.wordpress.com\/\" rel=\"noopener noreferrer\" target=\"_blank\">Conference Website<\/a><br \/>\n<a href=\"https:\/\/liemc18.files.wordpress.com\/2018\/01\/progr_final.pdf\" rel=\"noopener noreferrer\" target=\"_blank\">Programme<\/a><\/ul><ul style='margin-top:0;margin-bottom:0'><\/li>\n<li>ESG teachers: Spr\u00e5kl\u00e4rare i v\u00e4st (language teachers in the West of Sweden) held a day of seminars and training attended by hundreds of colleagues. April 1st 2017.<br \/>\nESG teachers contributed CultureShake publicity material for the bags of all attendees.<\/li>\n<li>Dr. Annette Deschner gave a talk about CultureShake at <a href=\"https:\/\/cultureshake.ph-karlsruhe.de\/cusha\/en\/aktivitaeten\/dissemination\/english-iccs-conference-klingenthal-10-14-10-2016\/\">Klingenthal Colloquy<\/a>, 10th-14th October 2016, Klingenthal, France.<\/li>\n<\/ul>\n<h3>Publications (besides the intellectual outputs and material related to them)<\/h3>\n<ul>\n<li>Annette Deschner, Lisa Peter: Exploring Shakespeare in the Multilingual Classroom, in: Current Perspectives on Drama in Foreign Language Education, ed. by Christiane Luettge and Max von Blankenburg to be published by Winter Verlag, Heidelberg, Summer 2020.<\/li>\n<li>Deschner, A. (2019). CULTURESHAKE: THE OUTCOMES OF AN ERASMUS+ PROJECT, INTED2019 Proceedings, 6630-6635.<\/li>\n<li>Deschner, A. (2018). CULTURESHAKE: INCLUSION OF LANGUAGES AND INTEGRATION OF LEARNERS WITH HYBRID IDENTITIES, ICERI2018 Proceedings, 6359.<\/li>\n<li>Deschner, A. (2018). CULTURESHAKE: A MULTILINGUAL AND TRANSCULTURAL RESEARCH AND LEARNING PROJECT, EDULEARN18 Proceedings, 18, 6637-6640.<\/li>\n<p><!--\n        \n\n<li>Lisa Peter: <a href=\" http:\/\/uk.icom.museum\/fostering-inclusion-of-multilingual-students-with-Shakespeare\/\" rel=\"noopener noreferrer\" target=\"_blank\">Fostering Inclusion of Multilingual Students with Shakespeare<\/a>, (05\/08\/2019).<\/li>\n\n \n-->\n<\/ul>\n<h3>CultureShake cited by<\/h3>\n<ul>\n<li>Andrea Schulte, Religion \u00fcbersetzen als religionsdidaktische Herausforderung. In: B\u00fcttner, Gerhard \/ Mendl, Hans \/ Reis, Oliver \/ Roose, Hanna (Hg.). Religi\u00f6se Pluralit\u00e4t. Jahrbuch f\u00fcr konstruktivistische Religionsdidaktik 8. Babenhausen 2017, 75-88.<\/li>\n<\/ul>\n<h3>Partner website<\/h3>\n<ul>\n<li>SBT website: CultureShake<em> Transnational Project Meeting at the Trust. <\/em><a href=\"https:\/\/www.shakespeare.org.uk\/explore-shakespeare\/blogs\/cultureshake-project-meeting\/\" rel=\"noopener noreferrer\" target=\"_blank\">Report of the second transnational project meeting<\/a> at the Shakespeare Birthplace Trust in Stratford-upon-Avon, UK. 31\/07\/2017<\/li>\n<li>SBT website:<em> First <\/em>CultureShake<em> Project Week in Singen, Germany. <\/em><a href=\"https:\/\/www.shakespeare.org.uk\/explore-shakespeare\/blogs\/cultureshake-projects-first-week-germany\/\" rel=\"noopener noreferrer\" target=\"_blank\">Report from the first learning activity at FWG in Singen<\/a>.<strong> <\/strong>19\/05\/2017<\/li>\n<li><a href=\"http:\/\/www.fwg-singen.de\/index.php?option=com_content&amp;view=article&amp;id=278:b-144&amp;catid=10:berichte&amp;Itemid=118\" rel=\"noopener noreferrer\" target=\"_blank\">FWG Singen website<\/a>: <em>Internationale G\u00e4ste am FWG &#8211; Das erste Treffen im Rahmen des Projekts \u201eCultureShake\u201c. <\/em>May 2017 [German only]<\/li>\n<li><a href=\"https:\/\/cultureshake.ph-karlsruhe.de\/cusha\/en\/aktivitaeten\/dissemination\/ph_aktuell-02-17-2017\/\">PH Aktuell, 17\/02\/2017<\/a>: <em>CUSHA Kick-off Meeting &#8211; Erasmus+ plaque for \u201cCultureshake\u201d<\/em><\/li>\n<li>SBT website: <em>Transnational Learning Project Culture Shake (CUSHA) launched.<\/em> <a href=\"https:\/\/www.shakespeare.org.uk\/explore-shakespeare\/blogs\/transnational-learning-project-culture-shake-cusha-launched\/\" rel=\"noopener noreferrer\" target=\"_blank\">Report from the kick-off meeting<\/a> at Karlsruhe University of Education, 20\/12\/2016.<\/li>\n<li>SBT website: <em>EU-funded schools project \u201cCulture Shake\u201d has started!<\/em> <a href=\"https:\/\/www.shakespeare.org.uk\/explore-shakespeare\/blogs\/eu-funded-culture-shake-has-started\/\" rel=\"noopener noreferrer\" target=\"_blank\">Announcement of the ErasmusPlus grant for CultureShake<\/a> on the Shakespeare Birthplace Trust\u2019s website 20\/09\/2016<\/li>\n<li><a href=\"https:\/\/cultureshake.ph-karlsruhe.de\/cusha\/en\/aktivitaeten\/dissemination\/ph-sondermeldung-projektstart-08-09-2016\/\" rel=\"noopener noreferrer\" target=\"_blank\">CUSHA Project start on PH website<\/a>: EU-Project start \u201cCultureShake\u201d &#8211; A multilingual learning project focusing on Shakespeare, 07.09.2016<\/li>\n<\/ul>\n<h3>Press Releases<\/h3>\n<ul>\n<li><a href=\"https:\/\/www.wochenblatt-reporter.de\/karlsruhe\/c-lokales\/neue-unterrichtsmaterialien-kennenlernen_a77242\" rel=\"noopener noreferrer\" target=\"_blank\">PH Press articles on the intellectual outputs and the PH multliplier event in 2019<\/a><\/li>\n<li><a href=\"https:\/\/idw-online.de\/de\/event63377?ipc_year=2019&#038;ipc_month=5\" rel=\"noopener noreferrer\" target=\"_blank\">PH press article on the PH multiplier event in 2019 <\/a><\/li>\n<li><a href=\"https:\/\/idw-online.de\/de\/news714333\" rel=\"noopener noreferrer\" target=\"_blank\">PH press article on the PH multiplier event in 2019<\/a><\/li>\n<li><a href=\"https:\/\/cultureshake.ph-karlsruhe.de\/wordpress\/wp-content\/uploads\/2019\/10\/E4_Press%20Release_Multiplier_PH%20KA_19_05_CultureShake.pdf\" rel=\"noopener noreferrer\" target=\"_blank\">PH press article on the PH multiplier event in 2019<\/a><\/li>\n<li><a href=\"https:\/\/nachrichten.idw-online.de\/2018\/12\/17\/cultureshake-integration-mit-shakespeare\/?groupcolor=2\" rel=\"noopener noreferrer\" target=\"_blank\">PH press articles introducing the project and writing about the EU Label awarded to CultureShake 2018<\/a><\/li>\n<li><a href=\"https:\/\/cultureshake.ph-karlsruhe.de\/wordpress\/wp-content\/uploads\/2019\/10\/Singen-kommunal-vom-17.-Mai-2017.png\" rel=\"noopener noreferrer\" target=\"_blank\">Singen Kommunal, 17.05.2017<\/a>:<em> Erasmus+ Projekt \u201eCultureShake\u201c: Neue Wege f\u00fcr Sprachen an Schulen. <\/em>May 2017 [German only]<\/li>\n<p>\t<!-- Link template\n        \n\n<li><a href=\"\" rel=\"noopener noreferrer\" target=\"_blank\"> <\/a><\/li>\n\n\n        -->\n<\/ul>\n<p><\/p>","protected":false},"excerpt":{"rendered":"<p>Der Abschnitt zur Verbreitung gibt einen Einblick in einige unserer Aktivit\u00e4ten in diesem Bereich. F\u00fcr einige konnten wir sogar eine \u00dcbersetzung liefern. Da wir von der hohen Anzahl an Artikeln und Pressemitteilungen auf CultureShake \u00fcberw\u00e4ltigt waren, haben wir uns entschlossen,<\/p>\n<p><span class=\"ellipsis\">&hellip;<\/span><\/p>\n<div class=\"read-more\"><a href=\"https:\/\/cultureshake.ph-karlsruhe.de\/cusha\/aktivitaeten\/dissemination\/\">Weiterlesen \u203a<\/a><\/div>\n<p><!-- end of .read-more --><\/p>\n","protected":false},"author":1,"featured_media":0,"parent":51,"menu_order":4,"comment_status":"closed","ping_status":"closed","template":"","meta":{"footnotes":""},"class_list":["post-316","page","type-page","status-publish","hentry"],"_links":{"self":[{"href":"https:\/\/cultureshake.ph-karlsruhe.de\/cusha\/wp-json\/wp\/v2\/pages\/316","targetHints":{"allow":["GET"]}}],"collection":[{"href":"https:\/\/cultureshake.ph-karlsruhe.de\/cusha\/wp-json\/wp\/v2\/pages"}],"about":[{"href":"https:\/\/cultureshake.ph-karlsruhe.de\/cusha\/wp-json\/wp\/v2\/types\/page"}],"author":[{"embeddable":true,"href":"https:\/\/cultureshake.ph-karlsruhe.de\/cusha\/wp-json\/wp\/v2\/users\/1"}],"replies":[{"embeddable":true,"href":"https:\/\/cultureshake.ph-karlsruhe.de\/cusha\/wp-json\/wp\/v2\/comments?post=316"}],"version-history":[{"count":39,"href":"https:\/\/cultureshake.ph-karlsruhe.de\/cusha\/wp-json\/wp\/v2\/pages\/316\/revisions"}],"predecessor-version":[{"id":1075,"href":"https:\/\/cultureshake.ph-karlsruhe.de\/cusha\/wp-json\/wp\/v2\/pages\/316\/revisions\/1075"}],"up":[{"embeddable":true,"href":"https:\/\/cultureshake.ph-karlsruhe.de\/cusha\/wp-json\/wp\/v2\/pages\/51"}],"wp:attachment":[{"href":"https:\/\/cultureshake.ph-karlsruhe.de\/cusha\/wp-json\/wp\/v2\/media?parent=316"}],"curies":[{"name":"wp","href":"https:\/\/api.w.org\/{rel}","templated":true}]}}