{"id":280,"date":"2017-03-07T22:28:50","date_gmt":"2017-03-07T21:28:50","guid":{"rendered":"http:\/\/cultureshake.ph-karlsruhe.de\/cusha\/?page_id=280"},"modified":"2019-10-31T09:37:00","modified_gmt":"2019-10-31T08:37:00","slug":"280-2","status":"publish","type":"page","link":"https:\/\/cultureshake.ph-karlsruhe.de\/cusha\/","title":{"rendered":"CultureShake &#8211; ein interkulturelles und multilinguales Lernprojekt"},"content":{"rendered":"<p><img loading=\"lazy\" decoding=\"async\" class=\"aligncenter size-full wp-image-279\" src=\"http:\/\/cultureshake.ph-karlsruhe.de\/wordpress\/wp-content\/uploads\/2017\/03\/cusha_landing.jpg\" alt=\"\" width=\"960\" height=\"390\" srcset=\"https:\/\/cultureshake.ph-karlsruhe.de\/wordpress\/wp-content\/uploads\/2017\/03\/cusha_landing.jpg 960w, https:\/\/cultureshake.ph-karlsruhe.de\/wordpress\/wp-content\/uploads\/2017\/03\/cusha_landing-300x122.jpg 300w, https:\/\/cultureshake.ph-karlsruhe.de\/wordpress\/wp-content\/uploads\/2017\/03\/cusha_landing-768x312.jpg 768w, https:\/\/cultureshake.ph-karlsruhe.de\/wordpress\/wp-content\/uploads\/2017\/03\/cusha_landing-100x41.jpg 100w, https:\/\/cultureshake.ph-karlsruhe.de\/wordpress\/wp-content\/uploads\/2017\/03\/cusha_landing-150x61.jpg 150w, https:\/\/cultureshake.ph-karlsruhe.de\/wordpress\/wp-content\/uploads\/2017\/03\/cusha_landing-200x81.jpg 200w, https:\/\/cultureshake.ph-karlsruhe.de\/wordpress\/wp-content\/uploads\/2017\/03\/cusha_landing-450x183.jpg 450w, https:\/\/cultureshake.ph-karlsruhe.de\/wordpress\/wp-content\/uploads\/2017\/03\/cusha_landing-600x244.jpg 600w, https:\/\/cultureshake.ph-karlsruhe.de\/wordpress\/wp-content\/uploads\/2017\/03\/cusha_landing-900x366.jpg 900w\" sizes=\"auto, (max-width: 960px) 100vw, 960px\" \/><\/p>\n<h5><em>CultureShake<\/em> nutzt Shakespeares Werk als Zugang f\u00fcr eine Mehrsprachigkeitsdidaktik im 21. Jahrhundert. Das dreij\u00e4hrige Forschungs- und Entwicklungsprojekt f\u00fchrt die neuesten Ans\u00e4tze der Mehrsprachigkeitsdidaktik und des interkulturellen Lernens zusammen: die Unterrichtsmaterialien sollen eine Integration von Jugendlichen mit und ohne Fluchthintergrund im sprachlich und kulturell heterogenen Klassenzimmer erm\u00f6glichen.<\/h5>\n<h5>Das Projekt wurde von Erasmus Plus gef\u00f6rdert.<\/h5>\n<p><span style=\"font-weight: 400;\">Wenn Sie mehr \u00fcber die Projektpartner und deren Institutionen, Profile und die Geschichte der jeweiligen Institution erfahren m\u00f6chten, gehen Sie zur Sektion <\/span><a href=\"http:\/\/cultureshake.ph-karlsruhe.de\/cusha\/ueber-uns\/\"><span style=\"font-weight: 400;\">\u00dcber uns<\/span><\/a><span style=\"font-weight: 400;\">. Alle CUSHA Aktivit\u00e4ten, wie beispielsweise die Lernaktivit\u00e4ten, die transnationalen Projekttreffen und die Dissemination unseres Projekts, sind unter <\/span><a href=\"https:\/\/cultureshake.ph-karlsruhe.de\/cusha\/aktivitaeten\/\"><span style=\"font-weight: 400;\">Aktivit\u00e4ten<\/span><\/a><span style=\"font-weight: 400;\"> zu finden. Die dazugeh\u00f6rigen Bilder dieser Aktivit\u00e4ten sind in der <\/span><a href=\"https:\/\/cultureshake.ph-karlsruhe.de\/cusha\/galerie\/\"><span style=\"font-weight: 400;\">Galerie<\/span><\/a><span style=\"font-weight: 400;\"> abrufbar. Im Laufe des Projekts wird Culture Shake frei zug\u00e4ngliche <\/span><a href=\"https:\/\/cultureshake.ph-karlsruhe.de\/cusha\/produkte\/\"><span style=\"font-weight: 400;\">Produkte<\/span><\/a><span style=\"font-weight: 400;\"> zur Verf\u00fcgung stellen, unter anderem ein Methodenkompendium, ein Online W\u00f6rterbuch, Peer Unterrichtsmaterial, eine Lehrerhandreichung f\u00fcr multilinguale und transkulturelle Sch\u00fcleraustausche sowie ein Lehrerfortbildungsmodul. <\/span><\/p>\n<p><span style=\"font-weight: 400;\">Ein <\/span><a href=\"https:\/\/cultureshake.ph-karlsruhe.de\/wordpress\/wp-content\/uploads\/2017\/07\/CUSHA-Flyer-en_ger_swe_slo-small.pdf\"><span style=\"font-weight: 400;\">Flyer<\/span><\/a><span style=\"font-weight: 400;\"> des Projekts ist als englische, deutsche, schwedische, slowenische und <a href=\"http:\/\/cultureshake.ph-karlsruhe.de\/wordpress\/wp-content\/uploads\/2017\/07\/ItalianPanelflat-small.pdf\">italienische Version<\/a> als Download verf\u00fcgbar.<\/span><\/p>","protected":false},"excerpt":{"rendered":"<p><img loading=\"lazy\" decoding=\"async\" class=\"aligncenter size-full wp-image-279\" src=\"http:\/\/cultureshake.ph-karlsruhe.de\/wordpress\/wp-content\/uploads\/2017\/03\/cusha_landing.jpg\" alt=\"\" width=\"960\" height=\"390\" srcset=\"https:\/\/cultureshake.ph-karlsruhe.de\/wordpress\/wp-content\/uploads\/2017\/03\/cusha_landing.jpg 960w, https:\/\/cultureshake.ph-karlsruhe.de\/wordpress\/wp-content\/uploads\/2017\/03\/cusha_landing-300x122.jpg 300w, https:\/\/cultureshake.ph-karlsruhe.de\/wordpress\/wp-content\/uploads\/2017\/03\/cusha_landing-768x312.jpg 768w, https:\/\/cultureshake.ph-karlsruhe.de\/wordpress\/wp-content\/uploads\/2017\/03\/cusha_landing-100x41.jpg 100w, https:\/\/cultureshake.ph-karlsruhe.de\/wordpress\/wp-content\/uploads\/2017\/03\/cusha_landing-150x61.jpg 150w, https:\/\/cultureshake.ph-karlsruhe.de\/wordpress\/wp-content\/uploads\/2017\/03\/cusha_landing-200x81.jpg 200w, https:\/\/cultureshake.ph-karlsruhe.de\/wordpress\/wp-content\/uploads\/2017\/03\/cusha_landing-450x183.jpg 450w, https:\/\/cultureshake.ph-karlsruhe.de\/wordpress\/wp-content\/uploads\/2017\/03\/cusha_landing-600x244.jpg 600w, https:\/\/cultureshake.ph-karlsruhe.de\/wordpress\/wp-content\/uploads\/2017\/03\/cusha_landing-900x366.jpg 900w\" sizes=\"auto, (max-width: 960px) 100vw, 960px\" \/><\/p>\n<p><em>CultureShake<\/em> nutzt Shakespeares Werk als Zugang f\u00fcr eine Mehrsprachigkeitsdidaktik im 21. Jahrhundert. Das dreij\u00e4hrige Forschungs- und Entwicklungsprojekt f\u00fchrt die neuesten Ans\u00e4tze der Mehrsprachigkeitsdidaktik und des interkulturellen Lernens zusammen: die Unterrichtsmaterialien sollen eine Integration von Jugendlichen mit und ohne Fluchthintergrund im sprachlich und kulturell heterogenen Klassenzimmer erm\u00f6glichen.<span class=\"ellipsis\">&hellip;<\/span><\/p>\n<div class=\"read-more\"><a href=\"https:\/\/cultureshake.ph-karlsruhe.de\/cusha\/\">Weiterlesen \u203a<\/a><\/div>\n<p><!-- end of .read-more --><\/p>\n","protected":false},"author":1,"featured_media":0,"parent":0,"menu_order":0,"comment_status":"closed","ping_status":"closed","template":"full-width-page.php","meta":{"footnotes":""},"class_list":["post-280","page","type-page","status-publish","hentry"],"_links":{"self":[{"href":"https:\/\/cultureshake.ph-karlsruhe.de\/cusha\/wp-json\/wp\/v2\/pages\/280","targetHints":{"allow":["GET"]}}],"collection":[{"href":"https:\/\/cultureshake.ph-karlsruhe.de\/cusha\/wp-json\/wp\/v2\/pages"}],"about":[{"href":"https:\/\/cultureshake.ph-karlsruhe.de\/cusha\/wp-json\/wp\/v2\/types\/page"}],"author":[{"embeddable":true,"href":"https:\/\/cultureshake.ph-karlsruhe.de\/cusha\/wp-json\/wp\/v2\/users\/1"}],"replies":[{"embeddable":true,"href":"https:\/\/cultureshake.ph-karlsruhe.de\/cusha\/wp-json\/wp\/v2\/comments?post=280"}],"version-history":[{"count":26,"href":"https:\/\/cultureshake.ph-karlsruhe.de\/cusha\/wp-json\/wp\/v2\/pages\/280\/revisions"}],"predecessor-version":[{"id":1052,"href":"https:\/\/cultureshake.ph-karlsruhe.de\/cusha\/wp-json\/wp\/v2\/pages\/280\/revisions\/1052"}],"wp:attachment":[{"href":"https:\/\/cultureshake.ph-karlsruhe.de\/cusha\/wp-json\/wp\/v2\/media?parent=280"}],"curies":[{"name":"wp","href":"https:\/\/api.w.org\/{rel}","templated":true}]}}