{"id":98,"date":"2016-12-13T23:46:22","date_gmt":"2016-12-13T22:46:22","guid":{"rendered":"http:\/\/cultureshake.ph-karlsruhe.de\/cusha\/?page_id=98"},"modified":"2019-05-30T15:57:33","modified_gmt":"2019-05-30T13:57:33","slug":"kick-off-meeting-in-karlsruhe-12-14-12-2016","status":"publish","type":"page","link":"https:\/\/cultureshake.ph-karlsruhe.de\/cusha\/sv\/aktivitaeten\/transnationale-meetings\/kick-off-meeting-in-karlsruhe-12-14-12-2016\/","title":{"rendered":"Kick-Off M\u00f6te vid Univeritetet f\u00f6r Utbildning i Karlsruhe, Tyskland, 12-14\/12\/2016"},"content":{"rendered":"<p><img loading=\"lazy\" decoding=\"async\" class=\"alignnone size-medium wp-image-142 aligncenter\" src=\"http:\/\/cultureshake.ph-karlsruhe.de\/wordpress\/wp-content\/uploads\/2016\/12\/PH-Winter-300x199.jpg\" alt=\"\" width=\"300\" height=\"199\" srcset=\"https:\/\/cultureshake.ph-karlsruhe.de\/wordpress\/wp-content\/uploads\/2016\/12\/PH-Winter-300x199.jpg 300w, https:\/\/cultureshake.ph-karlsruhe.de\/wordpress\/wp-content\/uploads\/2016\/12\/PH-Winter-768x511.jpg 768w, https:\/\/cultureshake.ph-karlsruhe.de\/wordpress\/wp-content\/uploads\/2016\/12\/PH-Winter-1024x681.jpg 1024w, https:\/\/cultureshake.ph-karlsruhe.de\/wordpress\/wp-content\/uploads\/2016\/12\/PH-Winter-100x66.jpg 100w, https:\/\/cultureshake.ph-karlsruhe.de\/wordpress\/wp-content\/uploads\/2016\/12\/PH-Winter-150x100.jpg 150w, https:\/\/cultureshake.ph-karlsruhe.de\/wordpress\/wp-content\/uploads\/2016\/12\/PH-Winter-200x133.jpg 200w, https:\/\/cultureshake.ph-karlsruhe.de\/wordpress\/wp-content\/uploads\/2016\/12\/PH-Winter-450x299.jpg 450w, https:\/\/cultureshake.ph-karlsruhe.de\/wordpress\/wp-content\/uploads\/2016\/12\/PH-Winter-600x399.jpg 600w, https:\/\/cultureshake.ph-karlsruhe.de\/wordpress\/wp-content\/uploads\/2016\/12\/PH-Winter-900x598.jpg 900w\" sizes=\"auto, (max-width: 300px) 100vw, 300px\" \/><\/p>\n<p>Vid starten av \u201cCultureshake\u201d-projektet m\u00f6ttes konsortiumet f\u00f6r sitt f\u00f6rsta planeringsm\u00f6te vid universitetet f\u00f6r utbildning i Karlsruhe. Parters fr\u00e5n de fyra l\u00e4nderna tr\u00e4ffades och diskuterade f\u00f6ljande punkter:<\/p>\n<ul>\n<li>Kvalitetsf\u00f6rvaltning<\/li>\n<li>F\u00f6rvaltande<\/li>\n<li>Spridningsstrategier<\/li>\n<li>\u00d6vervakningsstrategier<\/li>\n<li>Samordning av projektaktiviteter<\/li>\n<li>Modell f\u00f6r f\u00f6rvaltning av intressenter<\/li>\n<li>Planering av de kommande transnationella m\u00f6tena 2 till 5<\/li>\n<li>Organisation och planering av l\u00e4randeaktiviteter 1 och 2<\/li>\n<\/ul>\n<p>Fr\u00e5n projektets b\u00f6rjan har externa experter konsulterats p\u00e5 dessa punkter och deras expertis blandades med konsortiumets diskussioner. Ms G\u00f6rke fr\u00e5n EU research office vid Universitetet f\u00f6r utbildning Baden-Wuerttemberg bidrog med en presentation om projectf\u00f6rvaltning inom ERASMUS+ vilken f\u00f6ljdes upp med fr\u00e5gor fr\u00e5n konsortiumet. Ms G\u00f6rke, Ms Grassler och Ms Steiger bildar ett team av konsulter f\u00f6r projektf\u00f6rvaltning.<br \/>\nKonsortiumet t\u00e4nker integrera projektets intressenter p\u00e5 plats under projektets m\u00f6ten och d\u00e4rf\u00f6r presenterade sig n\u00e5gra studenter och representanter fr\u00e5n den internationella avdelningen vid universitetet f\u00f6r utbildning i Karlruhe. Baserat p\u00e5 en presentation utav Ms Brandt, chef f\u00f6r den internationella avdelningen, Ms Friedl, ansvarig f\u00f6r internationellt utbyte, planerades och diskuterades spridningsaktiviteter och strategier. Ariane Ros och Anna-Katarina Schmitz, studenter vid Universitetet f\u00f6r Utbildning, Karlsruhe, bildar en speciell grupp f\u00f6r studenter p\u00e5 den interna plattformen Stud.IP, s\u00e5 att studenter kan deltaga i projektet och f\u00f6lja upp projektet genom att anv\u00e4nda l\u00e4randematerial som framst\u00e4llts under \u201dCultureshake\u201d.<br \/>\n\u201dCultureshake\u201d \u00e4r \u00e4ven en levande del av universitet tackvare en skylt som sitter uppe f\u00f6r besk\u00e5dande i entr\u00e9n till student- och servicecentret. H\u00e4r kan skylten besk\u00e5das av studenter, anst\u00e4llda och bes\u00f6kare till universitetet.<\/p>\n<p><img loading=\"lazy\" decoding=\"async\" class=\"aligncenter wp-image-105 size-full\" src=\"http:\/\/cultureshake.ph-karlsruhe.de\/wordpress\/wp-content\/uploads\/2016\/12\/M1-Karlsruhe_02-e1559223676971.jpg\" alt=\"\" width=\"2155\" height=\"2714\" srcset=\"https:\/\/cultureshake.ph-karlsruhe.de\/wordpress\/wp-content\/uploads\/2016\/12\/M1-Karlsruhe_02-e1559223676971.jpg 2155w, https:\/\/cultureshake.ph-karlsruhe.de\/wordpress\/wp-content\/uploads\/2016\/12\/M1-Karlsruhe_02-e1559223676971-238x300.jpg 238w, https:\/\/cultureshake.ph-karlsruhe.de\/wordpress\/wp-content\/uploads\/2016\/12\/M1-Karlsruhe_02-e1559223676971-768x967.jpg 768w, https:\/\/cultureshake.ph-karlsruhe.de\/wordpress\/wp-content\/uploads\/2016\/12\/M1-Karlsruhe_02-e1559223676971-813x1024.jpg 813w, https:\/\/cultureshake.ph-karlsruhe.de\/wordpress\/wp-content\/uploads\/2016\/12\/M1-Karlsruhe_02-e1559223676971-100x126.jpg 100w, https:\/\/cultureshake.ph-karlsruhe.de\/wordpress\/wp-content\/uploads\/2016\/12\/M1-Karlsruhe_02-e1559223676971-150x189.jpg 150w, https:\/\/cultureshake.ph-karlsruhe.de\/wordpress\/wp-content\/uploads\/2016\/12\/M1-Karlsruhe_02-e1559223676971-200x252.jpg 200w, https:\/\/cultureshake.ph-karlsruhe.de\/wordpress\/wp-content\/uploads\/2016\/12\/M1-Karlsruhe_02-e1559223676971-300x378.jpg 300w, https:\/\/cultureshake.ph-karlsruhe.de\/wordpress\/wp-content\/uploads\/2016\/12\/M1-Karlsruhe_02-e1559223676971-450x567.jpg 450w, https:\/\/cultureshake.ph-karlsruhe.de\/wordpress\/wp-content\/uploads\/2016\/12\/M1-Karlsruhe_02-e1559223676971-600x756.jpg 600w, https:\/\/cultureshake.ph-karlsruhe.de\/wordpress\/wp-content\/uploads\/2016\/12\/M1-Karlsruhe_02-e1559223676971-900x1133.jpg 900w\" sizes=\"auto, (max-width: 2155px) 100vw, 2155px\" \/><\/p>\n<p>Efter intensiva arbetsdagar upptogs kv\u00e4llarna av sociala event d\u00e4r projektparterna kunde utvidga sina kontakter och l\u00e4ra sig mer om sina respektive l\u00e4nder. Till exempel, en utav kv\u00e4llarna gick alla deltagarna till den traditionella julmarknaden i Karlsruhe f\u00f6r att \u201cAwake the pert and nimble spirit of mirth\u201d (A Midsummer Night\u2019s Dream, Act 1, Scene 1).<br \/>\n<\/p>","protected":false},"excerpt":{"rendered":"<p><img loading=\"lazy\" decoding=\"async\" class=\"alignnone size-medium wp-image-142 aligncenter\" src=\"http:\/\/cultureshake.ph-karlsruhe.de\/wordpress\/wp-content\/uploads\/2016\/12\/PH-Winter-300x199.jpg\" alt=\"\" width=\"300\" height=\"199\" srcset=\"https:\/\/cultureshake.ph-karlsruhe.de\/wordpress\/wp-content\/uploads\/2016\/12\/PH-Winter-300x199.jpg 300w, https:\/\/cultureshake.ph-karlsruhe.de\/wordpress\/wp-content\/uploads\/2016\/12\/PH-Winter-768x511.jpg 768w, https:\/\/cultureshake.ph-karlsruhe.de\/wordpress\/wp-content\/uploads\/2016\/12\/PH-Winter-1024x681.jpg 1024w, https:\/\/cultureshake.ph-karlsruhe.de\/wordpress\/wp-content\/uploads\/2016\/12\/PH-Winter-100x66.jpg 100w, https:\/\/cultureshake.ph-karlsruhe.de\/wordpress\/wp-content\/uploads\/2016\/12\/PH-Winter-150x100.jpg 150w, https:\/\/cultureshake.ph-karlsruhe.de\/wordpress\/wp-content\/uploads\/2016\/12\/PH-Winter-200x133.jpg 200w, https:\/\/cultureshake.ph-karlsruhe.de\/wordpress\/wp-content\/uploads\/2016\/12\/PH-Winter-450x299.jpg 450w, https:\/\/cultureshake.ph-karlsruhe.de\/wordpress\/wp-content\/uploads\/2016\/12\/PH-Winter-600x399.jpg 600w, https:\/\/cultureshake.ph-karlsruhe.de\/wordpress\/wp-content\/uploads\/2016\/12\/PH-Winter-900x598.jpg 900w\" sizes=\"auto, (max-width: 300px) 100vw, 300px\" \/><\/p>\n<p>Vid starten av \u201cCultureshake\u201d-projektet m\u00f6ttes konsortiumet f\u00f6r sitt f\u00f6rsta planeringsm\u00f6te vid universitetet f\u00f6r utbildning i Karlsruhe. Parters fr\u00e5n de fyra l\u00e4nderna tr\u00e4ffades och diskuterade f\u00f6ljande punkter:<\/p>\n<ul>\n<li>Kvalitetsf\u00f6rvaltning<\/li>\n<li>F\u00f6rvaltande<\/li>\n<li>Spridningsstrategier<\/li>\n<li>\u00d6vervakningsstrategier<\/li>\n<li>Samordning av projektaktiviteter<\/li>\n<li>Modell f\u00f6r f\u00f6rvaltning av intressenter<\/li>\n<li>Planering av de kommande transnationella m\u00f6tena 2 till 5<\/li>\n<li>Organisation och planering av l\u00e4randeaktiviteter 1 och 2<\/li>\n<\/ul>\n<p>Fr\u00e5n projektets b\u00f6rjan har externa experter konsulterats p\u00e5 dessa punkter och deras expertis blandades med konsortiumets diskussioner.<\/p>\n<p><span class=\"ellipsis\">&hellip;<\/span><\/p>\n<div class=\"read-more\"><a href=\"https:\/\/cultureshake.ph-karlsruhe.de\/cusha\/sv\/aktivitaeten\/transnationale-meetings\/kick-off-meeting-in-karlsruhe-12-14-12-2016\/\">L\u00e4s mer &#8250;<\/a><\/div>\n<p><!-- end of .read-more --><\/p>\n","protected":false},"author":1,"featured_media":0,"parent":96,"menu_order":0,"comment_status":"closed","ping_status":"closed","template":"","meta":{"footnotes":""},"class_list":["post-98","page","type-page","status-publish","hentry"],"_links":{"self":[{"href":"https:\/\/cultureshake.ph-karlsruhe.de\/cusha\/sv\/wp-json\/wp\/v2\/pages\/98","targetHints":{"allow":["GET"]}}],"collection":[{"href":"https:\/\/cultureshake.ph-karlsruhe.de\/cusha\/sv\/wp-json\/wp\/v2\/pages"}],"about":[{"href":"https:\/\/cultureshake.ph-karlsruhe.de\/cusha\/sv\/wp-json\/wp\/v2\/types\/page"}],"author":[{"embeddable":true,"href":"https:\/\/cultureshake.ph-karlsruhe.de\/cusha\/sv\/wp-json\/wp\/v2\/users\/1"}],"replies":[{"embeddable":true,"href":"https:\/\/cultureshake.ph-karlsruhe.de\/cusha\/sv\/wp-json\/wp\/v2\/comments?post=98"}],"version-history":[{"count":22,"href":"https:\/\/cultureshake.ph-karlsruhe.de\/cusha\/sv\/wp-json\/wp\/v2\/pages\/98\/revisions"}],"predecessor-version":[{"id":740,"href":"https:\/\/cultureshake.ph-karlsruhe.de\/cusha\/sv\/wp-json\/wp\/v2\/pages\/98\/revisions\/740"}],"up":[{"embeddable":true,"href":"https:\/\/cultureshake.ph-karlsruhe.de\/cusha\/sv\/wp-json\/wp\/v2\/pages\/96"}],"wp:attachment":[{"href":"https:\/\/cultureshake.ph-karlsruhe.de\/cusha\/sv\/wp-json\/wp\/v2\/media?parent=98"}],"curies":[{"name":"wp","href":"https:\/\/api.w.org\/{rel}","templated":true}]}}