{"id":96,"date":"2016-12-13T23:45:24","date_gmt":"2016-12-13T22:45:24","guid":{"rendered":"http:\/\/cultureshake.ph-karlsruhe.de\/cusha\/?page_id=96"},"modified":"2019-10-23T17:30:44","modified_gmt":"2019-10-23T15:30:44","slug":"transnationale-meetings","status":"publish","type":"page","link":"https:\/\/cultureshake.ph-karlsruhe.de\/cusha\/sv\/aktivitaeten\/transnationale-meetings\/","title":{"rendered":"Transnationella tr\u00e4ffar"},"content":{"rendered":"<p>Under den tre\u00e5riga projektperioden \u00e4gde rum v\u00e4xelvis 5 gr\u00e4ns\u00f6verskridande m\u00f6ten i projektl\u00e4nderna:<\/p>\n<ul>\n<li><a href=\"https:\/\/cultureshake.ph-karlsruhe.de\/cusha\/aktivitaeten\/transnationale-meetings\/kick-off-meeting-in-karlsruhe-12-14-12-2016\/\">Kick-off-m\u00f6te<\/a> vid Universitet f\u00f6r utbildning i Karlsruhe, tyskland, 12-14 december, 2016.<\/li>\n<li><a href=\"https:\/\/cultureshake.ph-karlsruhe.de\/cusha\/aktivitaeten\/transnationale-meetings\/2-transnationales-projekttreffen\/\">Det andra transnationella projektm\u00f6tet<\/a>  vid Shakespeare Birthplace Trust in Stratford-upon-Avon, 10\/07\/2017 \u2013 12\/07\/2017<\/li>\n<li><a href=\"https:\/\/cultureshake.ph-karlsruhe.de\/cusha\/aktivitaeten\/transnationale-meetings\/3-transnationales-projekttreffen\/\">Det tredje transnationella projektm\u00f6tet<\/a>  vid The English School Gothenburg (ESG) i G\u00f6teborg fr\u00e5n 15\/5 till 17\/05\/2018<\/li>\n<li><a href=\"https:\/\/cultureshake.ph-karlsruhe.de\/cusha\/aktivitaeten\/transnationale-meetings\/4-transnationales-projekttreffen\/\">Det fj\u00e4rde transnationella projektm\u00f6tet<\/a>  vid Universitetet i Primorska i Koper (Slovenien) fr\u00e5n 4\/12 till 6\/12\/2018<\/li>\n<li><a href=\"https:\/\/cultureshake.ph-karlsruhe.de\/cusha\/aktivitaeten\/transnationale-meetings\/5-transnationales-projekttreffen\/\">5. Transnationellt projektm\u00f6te<\/a>  vid Karlsruhe Universitet fr\u00e5n 3\/6 till 7\/6 2019. M\u00e5ndag och fredag schemalades som resdagar<\/li>\n<\/ul>\n<p><\/p>","protected":false},"excerpt":{"rendered":"<p>Under den tre\u00e5riga projektperioden \u00e4gde rum v\u00e4xelvis 5 gr\u00e4ns\u00f6verskridande m\u00f6ten i projektl\u00e4nderna:<\/p>\n<ul>\n<li><a href=\"https:\/\/cultureshake.ph-karlsruhe.de\/cusha\/aktivitaeten\/transnationale-meetings\/kick-off-meeting-in-karlsruhe-12-14-12-2016\/\">Kick-off-m\u00f6te<\/a> vid Universitet f\u00f6r utbildning i Karlsruhe, tyskland, 12-14 december, 2016.<\/li>\n<li><a href=\"https:\/\/cultureshake.ph-karlsruhe.de\/cusha\/aktivitaeten\/transnationale-meetings\/2-transnationales-projekttreffen\/\">Det andra transnationella projektm\u00f6tet<\/a>  vid Shakespeare Birthplace Trust in Stratford-upon-Avon,<\/li>\n<\/ul>\n<p><span class=\"ellipsis\">&hellip;<\/span><\/p>\n<div class=\"read-more\"><a href=\"https:\/\/cultureshake.ph-karlsruhe.de\/cusha\/sv\/aktivitaeten\/transnationale-meetings\/\">L\u00e4s mer &#8250;<\/a><\/div>\n<p><!-- end of .read-more --><\/p>\n","protected":false},"author":1,"featured_media":0,"parent":51,"menu_order":2,"comment_status":"closed","ping_status":"closed","template":"","meta":{"footnotes":""},"class_list":["post-96","page","type-page","status-publish","hentry"],"_links":{"self":[{"href":"https:\/\/cultureshake.ph-karlsruhe.de\/cusha\/sv\/wp-json\/wp\/v2\/pages\/96","targetHints":{"allow":["GET"]}}],"collection":[{"href":"https:\/\/cultureshake.ph-karlsruhe.de\/cusha\/sv\/wp-json\/wp\/v2\/pages"}],"about":[{"href":"https:\/\/cultureshake.ph-karlsruhe.de\/cusha\/sv\/wp-json\/wp\/v2\/types\/page"}],"author":[{"embeddable":true,"href":"https:\/\/cultureshake.ph-karlsruhe.de\/cusha\/sv\/wp-json\/wp\/v2\/users\/1"}],"replies":[{"embeddable":true,"href":"https:\/\/cultureshake.ph-karlsruhe.de\/cusha\/sv\/wp-json\/wp\/v2\/comments?post=96"}],"version-history":[{"count":16,"href":"https:\/\/cultureshake.ph-karlsruhe.de\/cusha\/sv\/wp-json\/wp\/v2\/pages\/96\/revisions"}],"predecessor-version":[{"id":941,"href":"https:\/\/cultureshake.ph-karlsruhe.de\/cusha\/sv\/wp-json\/wp\/v2\/pages\/96\/revisions\/941"}],"up":[{"embeddable":true,"href":"https:\/\/cultureshake.ph-karlsruhe.de\/cusha\/sv\/wp-json\/wp\/v2\/pages\/51"}],"wp:attachment":[{"href":"https:\/\/cultureshake.ph-karlsruhe.de\/cusha\/sv\/wp-json\/wp\/v2\/media?parent=96"}],"curies":[{"name":"wp","href":"https:\/\/api.w.org\/{rel}","templated":true}]}}