{"id":873,"date":"2019-10-20T18:41:58","date_gmt":"2019-10-20T16:41:58","guid":{"rendered":"http:\/\/cultureshake.ph-karlsruhe.de\/cusha\/?page_id=873"},"modified":"2019-10-20T18:48:09","modified_gmt":"2019-10-20T16:48:09","slug":"europaeisches-kulturerbejahr-2018","status":"publish","type":"page","link":"https:\/\/cultureshake.ph-karlsruhe.de\/cusha\/sv\/aktivitaeten\/europaeisches-kulturerbejahr-2018\/","title":{"rendered":"Europeiska \u00e5ret f\u00f6r kulturarv 2018"},"content":{"rendered":"<p><\/p>\n<h2><span style=\"font-family: Arial, serif;\"><span style=\"font-size: medium;\"><span lang=\"de-DE\"><b>CultureShake har tilldelats Europeiska \u00e5ret f\u00f6r kulturarv<\/b><\/span><\/span><\/span><\/h2>\n<p><img loading=\"lazy\" decoding=\"async\" class=\"aligncenter size-full wp-image-791\" src=\"http:\/\/cultureshake.ph-karlsruhe.de\/wordpress\/wp-content\/uploads\/2019\/10\/CulturalHeritageLabel.jpg\" alt=\"\" width=\"424\" height=\"322\" srcset=\"https:\/\/cultureshake.ph-karlsruhe.de\/wordpress\/wp-content\/uploads\/2019\/10\/CulturalHeritageLabel.jpg 424w, https:\/\/cultureshake.ph-karlsruhe.de\/wordpress\/wp-content\/uploads\/2019\/10\/CulturalHeritageLabel-300x228.jpg 300w, https:\/\/cultureshake.ph-karlsruhe.de\/wordpress\/wp-content\/uploads\/2019\/10\/CulturalHeritageLabel-100x76.jpg 100w, https:\/\/cultureshake.ph-karlsruhe.de\/wordpress\/wp-content\/uploads\/2019\/10\/CulturalHeritageLabel-150x114.jpg 150w, https:\/\/cultureshake.ph-karlsruhe.de\/wordpress\/wp-content\/uploads\/2019\/10\/CulturalHeritageLabel-200x152.jpg 200w\" sizes=\"auto, (max-width: 424px) 100vw, 424px\" \/><\/p>\n<p>Jag ville bara packa mina v\u00e4skor igen f\u00f6r att tillbringa en vecka med v\u00e5ra flerspr\u00e5kiga studenter fr\u00e5n Tyskland och Sverige, som har arbetat med Trust p\u00e5 tv\u00e5 Shakespeare-sk\u00e5despelar sedan 2016, d\u00e5 de stora nyheterna kom att v\u00e5r KulturShake-projektvecka sammanf\u00f6ll med den europeiska \u00c5rets kulturarvsm\u00e4rke tilldelades av Europeiska kommissionen.<\/p>\n<p>Syftet med Europeiska \u00e5ret f\u00f6r kulturarv \u00e4r att uppmuntra fler m\u00e4nniskor att uppt\u00e4cka och engagera sig i Europas kulturarv och att st\u00e4rka deras k\u00e4nsla av att tillh\u00f6ra ett gemensamt europeiskt omr\u00e5de. \u00c5rets motto \u00e4r &#8221;V\u00e5rt arv: d\u00e4r det f\u00f6rflutna m\u00f6ter framtiden&#8221;. Detta passar mycket bra med v\u00e5rt EU-finansierade inl\u00e4rningsprojekt, som fokuserar p\u00e5 att integrera flerspr\u00e5kighet i l\u00e4rande om gemensamt kulturarv.<\/p>\n<p><em>Lisa Peter<\/em><\/p>","protected":false},"excerpt":{"rendered":"<\/p>\n<p><span style=\"font-family: Arial, serif;\"><span style=\"font-size: medium;\"><span lang=\"de-DE\"><b>CultureShake har tilldelats Europeiska \u00e5ret f\u00f6r kulturarv<\/b><\/span><\/span><\/span><\/p>\n<p><img loading=\"lazy\" decoding=\"async\" class=\"aligncenter size-full wp-image-791\" src=\"http:\/\/cultureshake.ph-karlsruhe.de\/wordpress\/wp-content\/uploads\/2019\/10\/CulturalHeritageLabel.jpg\" alt=\"\" width=\"424\" height=\"322\" srcset=\"https:\/\/cultureshake.ph-karlsruhe.de\/wordpress\/wp-content\/uploads\/2019\/10\/CulturalHeritageLabel.jpg 424w, https:\/\/cultureshake.ph-karlsruhe.de\/wordpress\/wp-content\/uploads\/2019\/10\/CulturalHeritageLabel-300x228.jpg 300w, https:\/\/cultureshake.ph-karlsruhe.de\/wordpress\/wp-content\/uploads\/2019\/10\/CulturalHeritageLabel-100x76.jpg 100w, https:\/\/cultureshake.ph-karlsruhe.de\/wordpress\/wp-content\/uploads\/2019\/10\/CulturalHeritageLabel-150x114.jpg 150w, https:\/\/cultureshake.ph-karlsruhe.de\/wordpress\/wp-content\/uploads\/2019\/10\/CulturalHeritageLabel-200x152.jpg 200w\" sizes=\"auto, (max-width: 424px) 100vw, 424px\" \/><\/p>\n<p>Jag ville bara packa mina v\u00e4skor igen f\u00f6r att tillbringa en vecka med v\u00e5ra flerspr\u00e5kiga studenter fr\u00e5n Tyskland och Sverige,<\/p>\n<p><span class=\"ellipsis\">&hellip;<\/span><\/p>\n<div class=\"read-more\"><a href=\"https:\/\/cultureshake.ph-karlsruhe.de\/cusha\/sv\/aktivitaeten\/europaeisches-kulturerbejahr-2018\/\">L\u00e4s mer &#8250;<\/a><\/div>\n<p><!-- end of .read-more --><\/p>\n","protected":false},"author":1,"featured_media":0,"parent":51,"menu_order":1,"comment_status":"closed","ping_status":"closed","template":"","meta":{"footnotes":""},"class_list":["post-873","page","type-page","status-publish","hentry"],"_links":{"self":[{"href":"https:\/\/cultureshake.ph-karlsruhe.de\/cusha\/sv\/wp-json\/wp\/v2\/pages\/873","targetHints":{"allow":["GET"]}}],"collection":[{"href":"https:\/\/cultureshake.ph-karlsruhe.de\/cusha\/sv\/wp-json\/wp\/v2\/pages"}],"about":[{"href":"https:\/\/cultureshake.ph-karlsruhe.de\/cusha\/sv\/wp-json\/wp\/v2\/types\/page"}],"author":[{"embeddable":true,"href":"https:\/\/cultureshake.ph-karlsruhe.de\/cusha\/sv\/wp-json\/wp\/v2\/users\/1"}],"replies":[{"embeddable":true,"href":"https:\/\/cultureshake.ph-karlsruhe.de\/cusha\/sv\/wp-json\/wp\/v2\/comments?post=873"}],"version-history":[{"count":2,"href":"https:\/\/cultureshake.ph-karlsruhe.de\/cusha\/sv\/wp-json\/wp\/v2\/pages\/873\/revisions"}],"predecessor-version":[{"id":875,"href":"https:\/\/cultureshake.ph-karlsruhe.de\/cusha\/sv\/wp-json\/wp\/v2\/pages\/873\/revisions\/875"}],"up":[{"embeddable":true,"href":"https:\/\/cultureshake.ph-karlsruhe.de\/cusha\/sv\/wp-json\/wp\/v2\/pages\/51"}],"wp:attachment":[{"href":"https:\/\/cultureshake.ph-karlsruhe.de\/cusha\/sv\/wp-json\/wp\/v2\/media?parent=873"}],"curies":[{"name":"wp","href":"https:\/\/api.w.org\/{rel}","templated":true}]}}