{"id":775,"date":"2019-10-06T17:16:39","date_gmt":"2019-10-06T15:16:39","guid":{"rendered":"http:\/\/cultureshake.ph-karlsruhe.de\/cusha\/?page_id=775"},"modified":"2019-10-26T13:38:18","modified_gmt":"2019-10-26T11:38:18","slug":"multiplier-event-at-the-university-of-primorska-march-23th-2019","status":"publish","type":"page","link":"https:\/\/cultureshake.ph-karlsruhe.de\/cusha\/sv\/aktivitaeten\/multiplikatorenveranstaltung\/multiplier-event-at-the-university-of-primorska-march-23th-2019\/","title":{"rendered":"Flergenererande Event vid Primorska Universitet 2019-03-23"},"content":{"rendered":"<p>Flergenererande event \u00e4gde rum i samtliga l\u00e4nder som deltog i CultureShake. Eventet i Slovenien arrangerades av Primorska Universitet i mars 2019. Nationella och internationella g\u00e4ster deltog. Dessa var experter och spr\u00e5kforskare men \u00e4ven ut\u00f6vare och studenter. De senare var i f\u00f6rsta hand intresserade av projektets slutresultat. <\/p>\n<p>Vid dagens b\u00f6rjan v\u00e4lkomnades deltagarna och projektets ursprung och omf\u00e5ng presenterades. Detta inkluderade EU-\u00e4mnen, prioriteringar och grundl\u00e4ggande styrdokument om utbildning. Under eftermiddagen presenterades alla intellektuella slutprodukter. Samtliga togs emot positivt och f\u00f6ljdes av samtal och f\u00f6rslag till hur man kan \u00f6verf\u00f6ra dessa till andra utbildningsomr\u00e5den. Under lunch- och kafferaster visades material fr\u00e5n projektet s\u00e5som spr\u00e5kbiografier och exempel fr\u00e5n lokala kulturer. Deltagarna uttryckte ett stark intresse f\u00f6r en uppf\u00f6ljning och f\u00f6r att h\u00e5lla kontakt. Vid m\u00f6tets avslutning h\u00f6lls en mottagning med postervisning.<br \/>\nDelegaterna imponerades av de innovativa tillv\u00e4gag\u00e5ngss\u00e4tten, materialet och projektets id\u00e9er.<br \/>\nEn workshop f\u00f6rbereddes och experter fr\u00e5n Softwaref\u00f6retaget Amenis n\u00e4rvarade. Under eventet fick deltagarna m\u00f6jlighet att prova Online-ordboken. Deltagarna var imponerade av de innovativa tillv\u00e4gag\u00e5ngss\u00e4tten och arbetsmetoderna, materialet och projektid\u00e9erna. <\/p>\n<style>\n#tabcust {\n  border-collapse: collapse;\n  width: 100%;\n  text-align: center;\n  vertical-align: middle;\n  border: 2px solid black;\n}\n<\/style>\n<table id=\"tabcust\">\n<tr>\n<th width=\"75%\">Multiplier Event Programme<\/th>\n<th width=\"25%\"><a href=\"https:\/\/cultureshake.ph-karlsruhe.de\/wordpress\/wp-content\/uploads\/2019\/10\/E1_Building%20Cultural%20Bridges_Program.pdf\" target=\"_blank\" rel=\"noopener noreferrer\"><img decoding=\"async\" src=\"https:\/\/cultureshake.ph-karlsruhe.de\/wordpress\/wp-content\/uploads\/2019\/10\/Download_CS.png\"><\/a><\/th>\n<\/tr>\n<tr>\n<th>Multiplier Presentation: Building Cultural Bridges<\/th>\n<th><a href=\"https:\/\/cultureshake.ph-karlsruhe.de\/wordpress\/wp-content\/uploads\/2019\/10\/E1_Building%20bridges_presentation.pdf\" target=\"_blank\" rel=\"noopener noreferrer\"><img decoding=\"async\" src=\"https:\/\/cultureshake.ph-karlsruhe.de\/wordpress\/wp-content\/uploads\/2019\/10\/Download_CS.png\"><\/a><\/th>\n<\/tr>\n<tr>\n<th>Multiplier Presentation: CUSHA Dictionary<\/th>\n<th><a href=\"https:\/\/cultureshake.ph-karlsruhe.de\/wordpress\/wp-content\/uploads\/2019\/10\/E1_CUSHA_DICTIONARY.pdf\" target=\"_blank\" rel=\"noopener noreferrer\"><img decoding=\"async\" src=\"https:\/\/cultureshake.ph-karlsruhe.de\/wordpress\/wp-content\/uploads\/2019\/10\/Download_CS.png\"><\/a><\/th>\n<\/tr>\n<\/table>\n<p><\/p>","protected":false},"excerpt":{"rendered":"<p>Flergenererande event \u00e4gde rum i samtliga l\u00e4nder som deltog i CultureShake. Eventet i Slovenien arrangerades av Primorska Universitet i mars 2019. Nationella och internationella g\u00e4ster deltog. Dessa var experter och spr\u00e5kforskare men \u00e4ven ut\u00f6vare och studenter. De senare var i f\u00f6rsta hand intresserade av projektets slutresultat.<\/p>\n<p><span class=\"ellipsis\">&hellip;<\/span><\/p>\n<div class=\"read-more\"><a href=\"https:\/\/cultureshake.ph-karlsruhe.de\/cusha\/sv\/aktivitaeten\/multiplikatorenveranstaltung\/multiplier-event-at-the-university-of-primorska-march-23th-2019\/\">L\u00e4s mer &#8250;<\/a><\/div>\n<p><!-- end of .read-more --><\/p>\n","protected":false},"author":1,"featured_media":0,"parent":759,"menu_order":0,"comment_status":"closed","ping_status":"closed","template":"","meta":{"footnotes":""},"class_list":["post-775","page","type-page","status-publish","hentry"],"_links":{"self":[{"href":"https:\/\/cultureshake.ph-karlsruhe.de\/cusha\/sv\/wp-json\/wp\/v2\/pages\/775","targetHints":{"allow":["GET"]}}],"collection":[{"href":"https:\/\/cultureshake.ph-karlsruhe.de\/cusha\/sv\/wp-json\/wp\/v2\/pages"}],"about":[{"href":"https:\/\/cultureshake.ph-karlsruhe.de\/cusha\/sv\/wp-json\/wp\/v2\/types\/page"}],"author":[{"embeddable":true,"href":"https:\/\/cultureshake.ph-karlsruhe.de\/cusha\/sv\/wp-json\/wp\/v2\/users\/1"}],"replies":[{"embeddable":true,"href":"https:\/\/cultureshake.ph-karlsruhe.de\/cusha\/sv\/wp-json\/wp\/v2\/comments?post=775"}],"version-history":[{"count":10,"href":"https:\/\/cultureshake.ph-karlsruhe.de\/cusha\/sv\/wp-json\/wp\/v2\/pages\/775\/revisions"}],"predecessor-version":[{"id":981,"href":"https:\/\/cultureshake.ph-karlsruhe.de\/cusha\/sv\/wp-json\/wp\/v2\/pages\/775\/revisions\/981"}],"up":[{"embeddable":true,"href":"https:\/\/cultureshake.ph-karlsruhe.de\/cusha\/sv\/wp-json\/wp\/v2\/pages\/759"}],"wp:attachment":[{"href":"https:\/\/cultureshake.ph-karlsruhe.de\/cusha\/sv\/wp-json\/wp\/v2\/media?parent=775"}],"curies":[{"name":"wp","href":"https:\/\/api.w.org\/{rel}","templated":true}]}}