{"id":769,"date":"2019-10-06T17:10:57","date_gmt":"2019-10-06T15:10:57","guid":{"rendered":"http:\/\/cultureshake.ph-karlsruhe.de\/cusha\/?page_id=769"},"modified":"2019-10-26T12:43:46","modified_gmt":"2019-10-26T10:43:46","slug":"multiplier-event-at-the-university-of-education-karlsruhe-ph-may-17th-2019","status":"publish","type":"page","link":"https:\/\/cultureshake.ph-karlsruhe.de\/cusha\/sv\/aktivitaeten\/multiplikatorenveranstaltung\/multiplier-event-at-the-university-of-education-karlsruhe-ph-may-17th-2019\/","title":{"rendered":"Flergenerande Event vid University of Education Karlsruhe (PH), 17\/5 2019"},"content":{"rendered":"<p>Flergenererande event \u00e4gde rum i samtliga l\u00e4nder som deltog i CultureShake. Eventet i Tyskland arrangerades av Karlsruhe Universitet.<\/p>\n<p>Nationella och internationella g\u00e4ster fr\u00e5n Belgien, Sverige och USA deltog. Detta var en expertgrupp av forskare och ut\u00f6vare som alla var intresserade i projektets slutresultat. <\/p>\n<p>Vid dagens b\u00f6rjan v\u00e4lkomnades deltagarna och projektets ursprung och omf\u00e5ng presenterades. Detta inkluderade EU-\u00e4mnen, prioriteringar och grundl\u00e4ggande styrdokument om utbildning. Under eftermiddagen presenterades alla intellektuella slutprodukter. Samtliga togs emot positivt och f\u00f6ljdes av samtal och f\u00f6rslag till hur man kan \u00f6verf\u00f6ra dessa till andra utbildningsomr\u00e5den. Under lunch- och kafferaster visades material fr\u00e5n projektet s\u00e5som spr\u00e5kbiografier och exempel fr\u00e5n lokala kulturer. Deltagarna uttryckte ett stark intresse f\u00f6r en uppf\u00f6ljning och f\u00f6r att h\u00e5lla kontakt. Vid m\u00f6tets avslutning h\u00f6lls en mottagning med postervisning. <\/p>\n<p>Delegaterna imponerades av de innovativa tillv\u00e4gag\u00e5ngss\u00e4tten, materialet och projektets id\u00e9er. <\/p>\n<p>H\u00e4r f\u00f6ljer n\u00e5gra uttalanden: <\/p>\n<ul>\n<li>\u201cCultureshake \u00e4r en IRL och ett virtuellt utbyte. Jag \u00f6nskar att jag var student nu f\u00f6r tiden s\u00e5 att jag kunde delta i dessa informativa och undeh\u00e5llande aktiviteter. En geocache kan \u00e4ven vara litteratur!\u201d (Petra Lindberg Hult\u00e9n, Sverige)<\/li>\n<li>\u201cInnovativa tankar f\u00f6r spr\u00e5kinl\u00e4rning; nya s\u00e4tt att uppleva Shakespeare och h\u00e5lla hans texter levande\u201d,  (Susanne Johannsson, Sverige)<\/li>\n<li>Det internationella utbytet och utbytet mellan olika tyska institutioner var en tillg\u00e5ng; exempelvis \u00e4r l\u00e5gstadiel\u00e4rarnas approach till flerspr\u00e5kiga lektioner annorlunda i j\u00e4mf\u00f6relse med l\u00e4rarna fr\u00e5n grammar school. Ett brett val av inspirerande id\u00e9er presenterades (virtuellt och face-to-face; projektorienterat \u2026) \u2013 Shakespeare is alive! (Inge Stra\u00df, Tyskland)<\/li>\n<li>Tack f\u00f6r m\u00f6jligheten att delta i detta event. Detta blev mitt f\u00f6rsta m\u00f6te med det multinationella CultureShaken\u00e4tverket. Jag \u00e4r mycket imponerad \u00f6ver m\u00e5ngfalden och de kreativa metoderna att involvera ungdomar i Shakespeare eller att l\u00e5ta dem m\u00f6ta den gamle m\u00e4staren. Shakespeare har inget b\u00e4stf\u00f6redatum och fortfarande inspireras ungdomar.  (Ulrike Fu\u00df, Germany)<\/li>\n<li>Tack f\u00f6r det underbara m\u00f6tet. M\u00e5nga bra id\u00e9er delades. M\u00e5nga pedagoger fr\u00e5n m\u00e5nga l\u00e4nder berikades. Jag hade aldrig trott att de fanns s\u00e5 m\u00e5nga kreativa s\u00e4tt att engagera elever med Shakespeare. (Rebecca Allen, US)<\/li>\n<li>Cultureshake erbj\u00f6d oss en fantastisk m\u00f6jlighet att l\u00e4ra oss och dela id\u00e9er med flertalet \u00e4mnesexperter fr\u00e5n olika omr\u00e5den. Jag uppskattade v\u00e4ldigt att f\u00e5 l\u00e4ra mig om de olika tillv\u00e4gag\u00e5ngs\u00e4tten och metoderna som Cusha har genererat f\u00f6r att aktivera eleverna. Progammets id\u00e9er var mycket innovativa och det var ett n\u00f6je att l\u00e4ra sig om alla. (Jackie Roberts, US)<\/li>\n<\/ul>\n<style>\n#tabcust {\n  border-collapse: collapse;\n  width: 100%;\n  border: 2px solid black;\n}\n<\/style>\n<table id=\"tabcust\">\n<tr>\n<th width=\"75%\">Invitation to Multiplier Event<\/th>\n<th width=\"25%\"><a href=\"https:\/\/cultureshake.ph-karlsruhe.de\/wordpress\/wp-content\/uploads\/2019\/10\/E4_Invitation%20PH%20Multiplier%20Event.pdf\" target=\"_blank\" rel=\"noopener noreferrer\"><img decoding=\"async\" src=\"https:\/\/cultureshake.ph-karlsruhe.de\/wordpress\/wp-content\/uploads\/2019\/10\/Download_CS.png\"><\/a><\/th>\n<\/tr>\n<tr>\n<th>Multiplier Presentation: Overview on CultureShake<\/th>\n<th><a href=\"https:\/\/cultureshake.ph-karlsruhe.de\/wordpress\/wp-content\/uploads\/2019\/10\/E4_Intro_ME_PH.pdf\" target=\"_blank\" rel=\"noopener noreferrer\"><img decoding=\"async\" src=\"https:\/\/cultureshake.ph-karlsruhe.de\/wordpress\/wp-content\/uploads\/2019\/10\/Download_CS.png\"><\/a><\/th>\n<\/tr>\n<tr>\n<th>Multiplier Presentation: Language Biography<\/th>\n<th><a href=\"https:\/\/cultureshake.ph-karlsruhe.de\/wordpress\/wp-content\/uploads\/2019\/10\/E4_Language_Bio_ME_PH.pdf\" target=\"_blank\" rel=\"noopener noreferrer\"><img decoding=\"async\" src=\"https:\/\/cultureshake.ph-karlsruhe.de\/wordpress\/wp-content\/uploads\/2019\/10\/Download_CS.png\"><\/a><\/th>\n<\/tr>\n<tr>\n<th>Multiplier Presentation: Intellectual Output 1 (IO1)<\/th>\n<th><a href=\"https:\/\/cultureshake.ph-karlsruhe.de\/wordpress\/wp-content\/uploads\/2019\/10\/E4_IO1_ME_PH.pdf\" target=\"_blank\" rel=\"noopener noreferrer\"><img decoding=\"async\" src=\"https:\/\/cultureshake.ph-karlsruhe.de\/wordpress\/wp-content\/uploads\/2019\/10\/Download_CS.png\"><\/a><\/th>\n<\/tr>\n<tr>\n<th>Example classroom activity of IO1<\/th>\n<th><a href=\"https:\/\/cultureshake.ph-karlsruhe.de\/wordpress\/wp-content\/uploads\/2019\/10\/Tempest-You-Taught-Me-Language-final.pdf\" target=\"_blank\" rel=\"noopener noreferrer\"><img decoding=\"async\" src=\"https:\/\/cultureshake.ph-karlsruhe.de\/wordpress\/wp-content\/uploads\/2019\/10\/Download_CS.png\"><\/a><\/th>\n<\/tr>\n<tr>\n<th>Multiplier Presentation: Intellectual Output 2 (IO2)<\/th>\n<th><a href=\"https:\/\/cultureshake.ph-karlsruhe.de\/wordpress\/wp-content\/uploads\/2019\/10\/E4_IO2_ME_PH.pdf\" target=\"_blank\" rel=\"noopener noreferrer\"><img decoding=\"async\" src=\"https:\/\/cultureshake.ph-karlsruhe.de\/wordpress\/wp-content\/uploads\/2019\/10\/Download_CS.png\"><\/a><\/th>\n<\/tr>\n<tr>\n<th>Multiplier Presentation: Intellectual Output 3 (IO3)<\/th>\n<th><a href=\"https:\/\/cultureshake.ph-karlsruhe.de\/wordpress\/wp-content\/uploads\/2019\/10\/E4_IO3_ME_PH.pdf\" target=\"_blank\" rel=\"noopener noreferrer\"><img decoding=\"async\" src=\"https:\/\/cultureshake.ph-karlsruhe.de\/wordpress\/wp-content\/uploads\/2019\/10\/Download_CS.png\"><\/a><\/th>\n<\/tr>\n<tr>\n<th>Multiplier Presentation: Intellectual Output 4 (IO4)<\/th>\n<th><a href=\"https:\/\/cultureshake.ph-karlsruhe.de\/wordpress\/wp-content\/uploads\/2019\/10\/E4_IO4_ME_PH.pdf\" target=\"_blank\" rel=\"noopener noreferrer\"><img decoding=\"async\" src=\"https:\/\/cultureshake.ph-karlsruhe.de\/wordpress\/wp-content\/uploads\/2019\/10\/Download_CS.png\"><\/a><\/th>\n<\/tr>\n<tr>\n<th>Poster: CultureShake<\/th>\n<th><a href=\"https:\/\/cultureshake.ph-karlsruhe.de\/wordpress\/wp-content\/uploads\/2019\/10\/E4_Poster_CultureShake_ME_PH.pdf\" target=\"_blank\" rel=\"noopener noreferrer\"><img decoding=\"async\" src=\"https:\/\/cultureshake.ph-karlsruhe.de\/wordpress\/wp-content\/uploads\/2019\/10\/Download_CS.png\"><\/a><\/th>\n<\/tr>\n<\/table>\n<p><\/p>","protected":false},"excerpt":{"rendered":"<p>Flergenererande event \u00e4gde rum i samtliga l\u00e4nder som deltog i CultureShake. Eventet i Tyskland arrangerades av Karlsruhe Universitet.<\/p>\n<p>Nationella och internationella g\u00e4ster fr\u00e5n Belgien, Sverige och USA deltog. Detta var en expertgrupp av forskare och ut\u00f6vare som alla var intresserade i projektets slutresultat.<\/p>\n<p><span class=\"ellipsis\">&hellip;<\/span><\/p>\n<div class=\"read-more\"><a href=\"https:\/\/cultureshake.ph-karlsruhe.de\/cusha\/sv\/aktivitaeten\/multiplikatorenveranstaltung\/multiplier-event-at-the-university-of-education-karlsruhe-ph-may-17th-2019\/\">L\u00e4s mer &#8250;<\/a><\/div>\n<p><!-- end of .read-more --><\/p>\n","protected":false},"author":1,"featured_media":0,"parent":759,"menu_order":4,"comment_status":"closed","ping_status":"closed","template":"","meta":{"footnotes":""},"class_list":["post-769","page","type-page","status-publish","hentry"],"_links":{"self":[{"href":"https:\/\/cultureshake.ph-karlsruhe.de\/cusha\/sv\/wp-json\/wp\/v2\/pages\/769","targetHints":{"allow":["GET"]}}],"collection":[{"href":"https:\/\/cultureshake.ph-karlsruhe.de\/cusha\/sv\/wp-json\/wp\/v2\/pages"}],"about":[{"href":"https:\/\/cultureshake.ph-karlsruhe.de\/cusha\/sv\/wp-json\/wp\/v2\/types\/page"}],"author":[{"embeddable":true,"href":"https:\/\/cultureshake.ph-karlsruhe.de\/cusha\/sv\/wp-json\/wp\/v2\/users\/1"}],"replies":[{"embeddable":true,"href":"https:\/\/cultureshake.ph-karlsruhe.de\/cusha\/sv\/wp-json\/wp\/v2\/comments?post=769"}],"version-history":[{"count":16,"href":"https:\/\/cultureshake.ph-karlsruhe.de\/cusha\/sv\/wp-json\/wp\/v2\/pages\/769\/revisions"}],"predecessor-version":[{"id":974,"href":"https:\/\/cultureshake.ph-karlsruhe.de\/cusha\/sv\/wp-json\/wp\/v2\/pages\/769\/revisions\/974"}],"up":[{"embeddable":true,"href":"https:\/\/cultureshake.ph-karlsruhe.de\/cusha\/sv\/wp-json\/wp\/v2\/pages\/759"}],"wp:attachment":[{"href":"https:\/\/cultureshake.ph-karlsruhe.de\/cusha\/sv\/wp-json\/wp\/v2\/media?parent=769"}],"curies":[{"name":"wp","href":"https:\/\/api.w.org\/{rel}","templated":true}]}}