{"id":765,"date":"2019-10-06T17:02:39","date_gmt":"2019-10-06T15:02:39","guid":{"rendered":"http:\/\/cultureshake.ph-karlsruhe.de\/cusha\/?page_id=765"},"modified":"2019-10-23T11:01:19","modified_gmt":"2019-10-23T09:01:19","slug":"5-transnationales-projekttreffen","status":"publish","type":"page","link":"https:\/\/cultureshake.ph-karlsruhe.de\/cusha\/sv\/aktivitaeten\/transnationale-meetings\/5-transnationales-projekttreffen\/","title":{"rendered":"5. Transnationellt projektm\u00f6te"},"content":{"rendered":"<p><\/p>\n<h1>vid Karlsruhe Universitet fr\u00e5n 3\/6 till 7\/6 2019. M\u00e5ndag och fredag schemalades som resdagar<\/h1>\n<p>Det avslutande projektm\u00f6tet f\u00f6r &#8221;CultureShake&#8221; \u00e4gde rum p\u00e5 Karlsruhe. M\u00e5ndag och fredag \u200b\u200bplanerades som resedagar.<\/p>\n<p>F\u00f6ljande \u00e4mnen diskuterades och arbetades p\u00e5: <\/p>\n<ul>\n<li>Spridning, aktiviteter<\/li>\n<li>Spridningscirkel<\/li>\n<li>Website<\/li>\n<li>Intressenter och ledning<\/li>\n<li>Effekt (Inklusiveen effekt\u00f6vning fr\u00e5n det 4:e transnationella projektm\u00f6tet)<\/li>\n<li>Intellektuella outputs: kvalitetss\u00e4kring, \u00f6vers\u00e4ttningfr\u00e5gor, layout<\/li>\n<li>Kolla mobilitet ocks\u00e5!<\/li>\n<li>Diskussion och f\u00f6rst\u00e5else Slutrapportfr\u00e5gor<\/li>\n<li>Diskussion om projektresultat<\/li>\n<li>H\u00e5llbarhetskoncept<\/li>\n<li>Uppdatera projektplan med viktiga datum<\/li>\n<\/ul>\n<p>Vad g\u00e4ller spridning och aktiviteter f\u00f6r spridning uppskattade vi att v\u00e5ra resultat \u00f6verskred m\u00e5len som formulerats i projektets syfte; detta eftersom vi n\u00e5dde fler personer \u00e4n vad vi f\u00f6rst siktat mot i detta. Planen f\u00f6r spridning som formulerats vid projektets b\u00f6rjan var effektiv eftersom den hj\u00e4lpte oss under projektets g\u00e5ng att n\u00e5 v\u00e5ra m\u00e5l. <\/p>\n<p>Enligt \u00f6vningen i p\u00e5verkan (kan hittas h\u00e4r:  <a href=\"https:\/\/www.kmk-pad.org\/fileadmin\/Dateien\/download\/v_na\/03_Durchfuehrung\/KA_2\/Impact__Exercise_Workshop.pdf\" target=\"_\" rel=\"noopener noreferrer\">here<\/a>) uppm\u00e4tte vi att projektet haft en stor p\u00e5verkan p\u00e5 intitutioner. Efter projektets avslutning \u00e4r parterna fortfarande inbjudna till samtal. Dessa kommer att visas I nyheter, spridning och I galleridelen p\u00e5 projektets hemsida f\u00f6r att h\u00e5lla intresserade personer informerade. <\/p>\n<p>Med ledningen av intressenter konstaterade vi att vi mobiliserat regional, nationella och internationella n\u00e4tverk. Vi f\u00f6ljde dessa m\u00e5l och under m\u00f6tets sista dag till\u00e4gnades tiden till att tr\u00e4ffa n\u00e4rvarande intressenter s\u00e5som representanter fr\u00e5n RPI<br \/>\n (Religious Education Centre) i Karlsruhe samt studenter och personal fr\u00e5n University of Education.<\/p>","protected":false},"excerpt":{"rendered":"<\/p>\n<p>vid Karlsruhe Universitet fr\u00e5n 3\/6 till 7\/6 2019. M\u00e5ndag och fredag schemalades som resdagar<\/p>\n<p>Det avslutande projektm\u00f6tet f\u00f6r &#8221;CultureShake&#8221; \u00e4gde rum p\u00e5 Karlsruhe. M\u00e5ndag och fredag \u200b\u200bplanerades som resedagar.<\/p>\n<p>F\u00f6ljande \u00e4mnen diskuterades och arbetades p\u00e5: <\/p>\n<ul>\n<li>Spridning,<\/li>\n<\/ul>\n<p><span class=\"ellipsis\">&hellip;<\/span><\/p>\n<div class=\"read-more\"><a href=\"https:\/\/cultureshake.ph-karlsruhe.de\/cusha\/sv\/aktivitaeten\/transnationale-meetings\/5-transnationales-projekttreffen\/\">L\u00e4s mer &#8250;<\/a><\/div>\n<p><!-- end of .read-more --><\/p>\n","protected":false},"author":1,"featured_media":0,"parent":96,"menu_order":5,"comment_status":"closed","ping_status":"closed","template":"","meta":{"footnotes":""},"class_list":["post-765","page","type-page","status-publish","hentry"],"_links":{"self":[{"href":"https:\/\/cultureshake.ph-karlsruhe.de\/cusha\/sv\/wp-json\/wp\/v2\/pages\/765","targetHints":{"allow":["GET"]}}],"collection":[{"href":"https:\/\/cultureshake.ph-karlsruhe.de\/cusha\/sv\/wp-json\/wp\/v2\/pages"}],"about":[{"href":"https:\/\/cultureshake.ph-karlsruhe.de\/cusha\/sv\/wp-json\/wp\/v2\/types\/page"}],"author":[{"embeddable":true,"href":"https:\/\/cultureshake.ph-karlsruhe.de\/cusha\/sv\/wp-json\/wp\/v2\/users\/1"}],"replies":[{"embeddable":true,"href":"https:\/\/cultureshake.ph-karlsruhe.de\/cusha\/sv\/wp-json\/wp\/v2\/comments?post=765"}],"version-history":[{"count":6,"href":"https:\/\/cultureshake.ph-karlsruhe.de\/cusha\/sv\/wp-json\/wp\/v2\/pages\/765\/revisions"}],"predecessor-version":[{"id":929,"href":"https:\/\/cultureshake.ph-karlsruhe.de\/cusha\/sv\/wp-json\/wp\/v2\/pages\/765\/revisions\/929"}],"up":[{"embeddable":true,"href":"https:\/\/cultureshake.ph-karlsruhe.de\/cusha\/sv\/wp-json\/wp\/v2\/pages\/96"}],"wp:attachment":[{"href":"https:\/\/cultureshake.ph-karlsruhe.de\/cusha\/sv\/wp-json\/wp\/v2\/media?parent=765"}],"curies":[{"name":"wp","href":"https:\/\/api.w.org\/{rel}","templated":true}]}}