{"id":762,"date":"2019-10-06T16:53:31","date_gmt":"2019-10-06T14:53:31","guid":{"rendered":"http:\/\/cultureshake.ph-karlsruhe.de\/cusha\/?page_id=762"},"modified":"2019-10-20T12:24:44","modified_gmt":"2019-10-20T10:24:44","slug":"4-transnationales-projekttreffen","status":"publish","type":"page","link":"https:\/\/cultureshake.ph-karlsruhe.de\/cusha\/sv\/aktivitaeten\/transnationale-meetings\/4-transnationales-projekttreffen\/","title":{"rendered":"Det fj\u00e4rde transnationella projektm\u00f6tet"},"content":{"rendered":"<p><\/p>\n<h1>vid Universitetet i Primorska i Koper (Slovenien) fr\u00e5n 4\/12 till 6\/12\/2018<\/h1>\n<p>Under detta transnationella m\u00f6te arbetades p\u00e5 f\u00f6ljande Erasmus+ projekt\u00e4mnen: <\/p>\n<ul>\n<li>Utbyte och rapporter fr\u00e5n de senaste utvecklingsomr\u00e5dena avseende spridning och effekt: parterna beskrev sina aktiviteter<\/li>\n<li>Intellektuell output: Uppr\u00e4ttandet av QA cirkel, organisation av \u00f6vers\u00e4ttningsprocesser, \u00f6verenskommelse om layout<\/li>\n<li>Diskussion om projektets utv\u00e4rderingsresultat<\/li>\n<li>F\u00f6rberedelser av det femte transnationella projektm\u00f6tet i juni 2019<\/li>\n<li>Design av event som genererar fler projekt<\/li>\n<li>Diskussion om f\u00f6rest\u00e5ende eTwinning event<\/li>\n<li>Diskussion om h\u00e5llbarhetskoncept<\/li>\n<li>Strategier f\u00f6r att \u00f6ka spridning<\/li>\n<li>Rapport om \u00e5rliga PAD m\u00f6ten 2018 med fokus p\u00e5 effekt<\/li>\n<li>Effekt\u00f6vning<\/li>\n<\/ul>\n<p>Med \u00f6vningen i effekt och p\u00e5verkan visualiserade vi den h\u00f6ga p\u00e5verkan som \u201cCultureshake\u201d har i olika omr\u00e5den,  fr\u00e5n hemorganisationer till internationell research. Denna \u00f6vning fick vi fr\u00e5n PAD vid det \u00e5rliga m\u00f6tet 2018. <\/p>","protected":false},"excerpt":{"rendered":"<\/p>\n<p>vid Universitetet i Primorska i Koper (Slovenien) fr\u00e5n 4\/12 till 6\/12\/2018<\/p>\n<p>Under detta transnationella m\u00f6te arbetades p\u00e5 f\u00f6ljande Erasmus+ projekt\u00e4mnen: <\/p>\n<ul>\n<li>Utbyte och rapporter fr\u00e5n de senaste utvecklingsomr\u00e5dena avseende spridning och effekt: parterna beskrev sina aktiviteter<\/li>\n<li>Intellektuell output: Uppr\u00e4ttandet av QA cirkel,<\/li>\n<\/ul>\n<p><span class=\"ellipsis\">&hellip;<\/span><\/p>\n<div class=\"read-more\"><a href=\"https:\/\/cultureshake.ph-karlsruhe.de\/cusha\/sv\/aktivitaeten\/transnationale-meetings\/4-transnationales-projekttreffen\/\">L\u00e4s mer &#8250;<\/a><\/div>\n<p><!-- end of .read-more --><\/p>\n","protected":false},"author":1,"featured_media":0,"parent":96,"menu_order":4,"comment_status":"closed","ping_status":"closed","template":"","meta":{"footnotes":""},"class_list":["post-762","page","type-page","status-publish","hentry"],"_links":{"self":[{"href":"https:\/\/cultureshake.ph-karlsruhe.de\/cusha\/sv\/wp-json\/wp\/v2\/pages\/762","targetHints":{"allow":["GET"]}}],"collection":[{"href":"https:\/\/cultureshake.ph-karlsruhe.de\/cusha\/sv\/wp-json\/wp\/v2\/pages"}],"about":[{"href":"https:\/\/cultureshake.ph-karlsruhe.de\/cusha\/sv\/wp-json\/wp\/v2\/types\/page"}],"author":[{"embeddable":true,"href":"https:\/\/cultureshake.ph-karlsruhe.de\/cusha\/sv\/wp-json\/wp\/v2\/users\/1"}],"replies":[{"embeddable":true,"href":"https:\/\/cultureshake.ph-karlsruhe.de\/cusha\/sv\/wp-json\/wp\/v2\/comments?post=762"}],"version-history":[{"count":3,"href":"https:\/\/cultureshake.ph-karlsruhe.de\/cusha\/sv\/wp-json\/wp\/v2\/pages\/762\/revisions"}],"predecessor-version":[{"id":844,"href":"https:\/\/cultureshake.ph-karlsruhe.de\/cusha\/sv\/wp-json\/wp\/v2\/pages\/762\/revisions\/844"}],"up":[{"embeddable":true,"href":"https:\/\/cultureshake.ph-karlsruhe.de\/cusha\/sv\/wp-json\/wp\/v2\/pages\/96"}],"wp:attachment":[{"href":"https:\/\/cultureshake.ph-karlsruhe.de\/cusha\/sv\/wp-json\/wp\/v2\/media?parent=762"}],"curies":[{"name":"wp","href":"https:\/\/api.w.org\/{rel}","templated":true}]}}