{"id":759,"date":"2019-10-05T17:21:56","date_gmt":"2019-10-05T15:21:56","guid":{"rendered":"http:\/\/cultureshake.ph-karlsruhe.de\/cusha\/?page_id=759"},"modified":"2019-10-20T18:07:58","modified_gmt":"2019-10-20T16:07:58","slug":"multiplikatorenveranstaltung","status":"publish","type":"page","link":"https:\/\/cultureshake.ph-karlsruhe.de\/cusha\/sv\/aktivitaeten\/multiplikatorenveranstaltung\/","title":{"rendered":"Multiplikatorh\u00e4ndelse"},"content":{"rendered":"<p>Fyra multiplikatorevenemang erbj\u00f6ds f\u00f6r CultureShake-projektet i de fyra deltagande l\u00e4nderna. Avsikten med multiplikatorh\u00e4ndelserna \u00e4r att presentera de intellektuella utg\u00e5ngarna f\u00f6r projektets m\u00e5lgrupper.<\/p>\n<p>F\u00f6ljande multiplikatorevenemang organiserades:<\/p>\n<ul>\n<li><a href=\"http:\/\/cultureshake.ph-karlsruhe.de\/cusha\/aktivitaeten\/multiplikatorenveranstaltung\/multiplier-event-at-the-university-of-primorska-march-23th-2019\/\">Flergenererande Event vid Primorska Universitet 2019-03-23<\/a><\/li>\n<li><a href=\"http:\/\/cultureshake.ph-karlsruhe.de\/cusha\/aktivitaeten\/multiplikatorenveranstaltung\/multiplier-event-at-the-shakespeare-birthplace-trust-on-april-5-2019\/\">Flergenererande event vid Shakespeare Birthplace Trust 2019-04-05<\/a><\/li>\n<li><a href=\"http:\/\/cultureshake.ph-karlsruhe.de\/cusha\/aktivitaeten\/multiplikatorenveranstaltung\/multiplier-event-at-the-english-school-of-gothenburg\/\">Flergenerande Event vid English School Gothenburg, 2\/5 2019<\/a><\/li>\n<li><a href=\"http:\/\/cultureshake.ph-karlsruhe.de\/cusha\/aktivitaeten\/multiplikatorenveranstaltung\/multiplier-event-at-the-university-of-education-karlsruhe-ph-may-17th-2019\/\">Flergenerande Event vid University of Education Karlsruhe (PH), 17\/5 2019<\/a><\/li>\n<\/ul>\n<p><\/p>","protected":false},"excerpt":{"rendered":"<p>Fyra multiplikatorevenemang erbj\u00f6ds f\u00f6r CultureShake-projektet i de fyra deltagande l\u00e4nderna. Avsikten med multiplikatorh\u00e4ndelserna \u00e4r att presentera de intellektuella utg\u00e5ngarna f\u00f6r projektets m\u00e5lgrupper.<\/p>\n<p>F\u00f6ljande multiplikatorevenemang organiserades:<\/p>\n<ul>\n<li><a href=\"http:\/\/cultureshake.ph-karlsruhe.de\/cusha\/aktivitaeten\/multiplikatorenveranstaltung\/multiplier-event-at-the-university-of-primorska-march-23th-2019\/\">Flergenererande Event vid Primorska Universitet 2019-03-23<\/a><\/li>\n<li><a href=\"http:\/\/cultureshake.ph-karlsruhe.de\/cusha\/aktivitaeten\/multiplikatorenveranstaltung\/multiplier-event-at-the-shakespeare-birthplace-trust-on-april-5-2019\/\">Flergenererande event vid Shakespeare Birthplace Trust 2019-04-05<\/a><\/li>\n<li><a href=\"http:\/\/cultureshake.ph-karlsruhe.de\/cusha\/aktivitaeten\/multiplikatorenveranstaltung\/multiplier-event-at-the-english-school-of-gothenburg\/\">Flergenerande Event vid English School Gothenburg,<\/a><\/li>\n<\/ul>\n<p><span class=\"ellipsis\">&hellip;<\/span><\/p>\n<div class=\"read-more\"><a href=\"https:\/\/cultureshake.ph-karlsruhe.de\/cusha\/sv\/aktivitaeten\/multiplikatorenveranstaltung\/\">L\u00e4s mer &#8250;<\/a><\/div>\n<p><!-- end of .read-more --><\/p>\n","protected":false},"author":1,"featured_media":0,"parent":51,"menu_order":3,"comment_status":"closed","ping_status":"closed","template":"","meta":{"footnotes":""},"class_list":["post-759","page","type-page","status-publish","hentry"],"_links":{"self":[{"href":"https:\/\/cultureshake.ph-karlsruhe.de\/cusha\/sv\/wp-json\/wp\/v2\/pages\/759","targetHints":{"allow":["GET"]}}],"collection":[{"href":"https:\/\/cultureshake.ph-karlsruhe.de\/cusha\/sv\/wp-json\/wp\/v2\/pages"}],"about":[{"href":"https:\/\/cultureshake.ph-karlsruhe.de\/cusha\/sv\/wp-json\/wp\/v2\/types\/page"}],"author":[{"embeddable":true,"href":"https:\/\/cultureshake.ph-karlsruhe.de\/cusha\/sv\/wp-json\/wp\/v2\/users\/1"}],"replies":[{"embeddable":true,"href":"https:\/\/cultureshake.ph-karlsruhe.de\/cusha\/sv\/wp-json\/wp\/v2\/comments?post=759"}],"version-history":[{"count":7,"href":"https:\/\/cultureshake.ph-karlsruhe.de\/cusha\/sv\/wp-json\/wp\/v2\/pages\/759\/revisions"}],"predecessor-version":[{"id":871,"href":"https:\/\/cultureshake.ph-karlsruhe.de\/cusha\/sv\/wp-json\/wp\/v2\/pages\/759\/revisions\/871"}],"up":[{"embeddable":true,"href":"https:\/\/cultureshake.ph-karlsruhe.de\/cusha\/sv\/wp-json\/wp\/v2\/pages\/51"}],"wp:attachment":[{"href":"https:\/\/cultureshake.ph-karlsruhe.de\/cusha\/sv\/wp-json\/wp\/v2\/media?parent=759"}],"curies":[{"name":"wp","href":"https:\/\/api.w.org\/{rel}","templated":true}]}}