{"id":74,"date":"2016-12-07T22:21:06","date_gmt":"2016-12-07T21:21:06","guid":{"rendered":"http:\/\/cultureshake.ph-karlsruhe.de\/cusha\/?page_id=74"},"modified":"2017-08-10T10:12:32","modified_gmt":"2017-08-10T08:12:32","slug":"universitaet-primorska","status":"publish","type":"page","link":"https:\/\/cultureshake.ph-karlsruhe.de\/cusha\/sv\/ueber-uns\/universitaet-primorska\/","title":{"rendered":"Fakulteten f\u00f6r matematik, naturvetenskap och informationsteknologi (UP FAMNIT)"},"content":{"rendered":"<p><\/p>\n<h3>Om Fakulteten<\/h3>\n<p>Fakulteten f\u00f6r matematik, naturvetenskap och informationsteknologi (UP FAMNIT) \u00e4r en del av Universitetet i Primorska och grundades \u00e5r 2006. Fakulteten erbjuder kurser f\u00f6r alla tre niv\u00e5er av h\u00f6gre utbildning och bedriver forskning inom matematik, datavetenskap, naturvetenskap och informationsteknologi.<\/p>\n<h3>Forskning<\/h3>\n<p>Fakulteten har ett n\u00e4ra samarbete med Andrej Marusic Institutet vid Universitetet i Primorska (UP IAM), d\u00e4r de flesta utav den akademiska personalen bedriver forskning. Fakulteten bedriver undervisning och forskning men organiserar \u00e4ven internationella konferenser och andra vetenskapliga m\u00f6ten. Fakulteten \u00e4r aktivt involverad i det internationell forskning och h\u00f6gre utbildning och har etablerat ett brett n\u00e4tverk med ansedda utl\u00e4ndska universitet. Vi vill g\u00e4rna betona att UP FAMNITs forskarlag \u00e4r ett utav fyra ledande forskarlag inom algebraisk grafteori i v\u00e4rlden. De andra tre forskarlagen finns i Kina, Australien och Sydkorea. Det \u00e4r de framg\u00e5ngarna som placerat universitetet i Primorska bland internationellt k\u00e4nda forskningsinstitutioner.<\/p>\n<h3>F\u00f6rel\u00e4sningar f\u00f6r allm\u00e4nheten<\/h3>\n<p>Fakulteten anordnar \u00e4ven f\u00f6rel\u00e4sningar som \u00e4r \u00f6ppna f\u00f6r allm\u00e4nheten (s\u00e5som utflykter i det matematiska universumet och biologi kv\u00e4llar), sommarkurser och l\u00e4ger (Matte \u00e4r coolt sommarkurs, Sommarkurs i matematisk finans, Naturvetenskapsl\u00e4ger). Man erbjuder \u00e4ven f\u00f6rel\u00e4sningar och workshops riktade i f\u00f6rsta hand till grundskolan och gymnasieskolan under elevernas sista \u00e5r (Orada \u2013 datavetenskap workshop).<\/p>\n<h3>CUSHA och FAMNIT<\/h3>\n<p>Den slovenska delen av Cultureshake-projektet leds av <a href=\"mailto: mojca.kompara@famnit.upr.si\">Mojca Kampara<\/a> (PhD), en assisterande proffessor vid universitetet i Primorska, involverad i lexikografi sedan 2006, n\u00e4r hennes f\u00f6rsta lexikon av f\u00f6rkortningar publicerades. Majca \u00e4r expert inom lexikografi, inom Cultureshake-projektet \u00e4r hon ansvarig f\u00f6r f\u00f6rberedelserna av Shakespeares terminologiska lexikon.<\/p>","protected":false},"excerpt":{"rendered":"<\/p>\n<p>Om Fakulteten<\/p>\n<p>Fakulteten f\u00f6r matematik, naturvetenskap och informationsteknologi (UP FAMNIT) \u00e4r en del av Universitetet i Primorska och grundades \u00e5r 2006. Fakulteten erbjuder kurser f\u00f6r alla tre niv\u00e5er av h\u00f6gre utbildning och bedriver forskning inom matematik, datavetenskap, naturvetenskap och informationsteknologi.<\/p>\n<p><span class=\"ellipsis\">&hellip;<\/span><\/p>\n<div class=\"read-more\"><a href=\"https:\/\/cultureshake.ph-karlsruhe.de\/cusha\/sv\/ueber-uns\/universitaet-primorska\/\">L\u00e4s mer &#8250;<\/a><\/div>\n<p><!-- end of .read-more --><\/p>\n","protected":false},"author":1,"featured_media":0,"parent":40,"menu_order":5,"comment_status":"closed","ping_status":"closed","template":"","meta":{"footnotes":""},"class_list":["post-74","page","type-page","status-publish","hentry"],"_links":{"self":[{"href":"https:\/\/cultureshake.ph-karlsruhe.de\/cusha\/sv\/wp-json\/wp\/v2\/pages\/74","targetHints":{"allow":["GET"]}}],"collection":[{"href":"https:\/\/cultureshake.ph-karlsruhe.de\/cusha\/sv\/wp-json\/wp\/v2\/pages"}],"about":[{"href":"https:\/\/cultureshake.ph-karlsruhe.de\/cusha\/sv\/wp-json\/wp\/v2\/types\/page"}],"author":[{"embeddable":true,"href":"https:\/\/cultureshake.ph-karlsruhe.de\/cusha\/sv\/wp-json\/wp\/v2\/users\/1"}],"replies":[{"embeddable":true,"href":"https:\/\/cultureshake.ph-karlsruhe.de\/cusha\/sv\/wp-json\/wp\/v2\/comments?post=74"}],"version-history":[{"count":12,"href":"https:\/\/cultureshake.ph-karlsruhe.de\/cusha\/sv\/wp-json\/wp\/v2\/pages\/74\/revisions"}],"predecessor-version":[{"id":572,"href":"https:\/\/cultureshake.ph-karlsruhe.de\/cusha\/sv\/wp-json\/wp\/v2\/pages\/74\/revisions\/572"}],"up":[{"embeddable":true,"href":"https:\/\/cultureshake.ph-karlsruhe.de\/cusha\/sv\/wp-json\/wp\/v2\/pages\/40"}],"wp:attachment":[{"href":"https:\/\/cultureshake.ph-karlsruhe.de\/cusha\/sv\/wp-json\/wp\/v2\/media?parent=74"}],"curies":[{"name":"wp","href":"https:\/\/api.w.org\/{rel}","templated":true}]}}