{"id":720,"date":"2019-03-28T19:27:42","date_gmt":"2019-03-28T18:27:42","guid":{"rendered":"http:\/\/cultureshake.ph-karlsruhe.de\/cusha\/?page_id=720"},"modified":"2019-10-23T17:34:06","modified_gmt":"2019-10-23T15:34:06","slug":"3-transnationales-projekttreffen","status":"publish","type":"page","link":"https:\/\/cultureshake.ph-karlsruhe.de\/cusha\/sv\/aktivitaeten\/transnationale-meetings\/3-transnationales-projekttreffen\/","title":{"rendered":"Det tredje transnationella projektm\u00f6tet"},"content":{"rendered":"<p><\/p>\n<h1>vid The English School Gothenburg (ESG) i G\u00f6teborg fr\u00e5n 15\/5 till 17\/05\/2018<\/h1>\n<p>&nbsp;<\/p>\n<p>Under detta transnationella m\u00f6te arbetades p\u00e5 f\u00f6ljande Erasmus+ projekt:<\/p>\n<ul>\n<li>Senaste utvecklingspunkter<\/li>\n<li>Design och utformning av event som genererar fler projekt av denna typ<\/li>\n<li>Avslutning av den tredje utbildningsaktiviteten<\/li>\n<li>Utv\u00e4rderingsaktiviteter<\/li>\n<li>F\u00f6rberedelser och utf\u00f6rande av webinarer med intressenter<\/li>\n<li>Spridning<\/li>\n<li>Effekt<\/li>\n<li>\u00d6versikt f\u00f6r uppf\u00f6ljning<\/li>\n<li>Uppf\u00f6ljning<\/li>\n<li>H\u00e5llpunkter f\u00f6r QA och \u00f6vers\u00e4ttningar av intellektuella output<\/li>\n<li>F\u00f6rberedelser av deltidsrapport<\/li>\n<li>Hemsida och EU:s dataskydd<\/li>\n<\/ul>\n<p>Vid ESG m\u00f6ts man av en livlig undervisningsmilj\u00f6. Elever fr\u00e5n Klass 7 v\u00e4lkomnade projektteamet och visade oss runt p\u00e5 skolan. Vid flera tillf\u00e4llen under v\u00e5r vistelse kunde vi f\u00e5 inblick i hur kamratundervisningsmaterialet testades. <\/p>","protected":false},"excerpt":{"rendered":"<\/p>\n<p>vid The English School Gothenburg (ESG) i G\u00f6teborg fr\u00e5n 15\/5 till 17\/05\/2018<\/p>\n<p>&nbsp;<\/p>\n<p>Under detta transnationella m\u00f6te arbetades p\u00e5 f\u00f6ljande Erasmus+ projekt:<\/p>\n<ul>\n<li>Senaste utvecklingspunkter<\/li>\n<li>Design och utformning av event som genererar fler projekt av denna typ<\/li>\n<li>Avslutning av den tredje utbildningsaktiviteten<\/li>\n<li>Utv\u00e4rderingsaktiviteter<\/li>\n<li>F\u00f6rberedelser och utf\u00f6rande av webinarer med intressenter<\/li>\n<li>Spridning<\/li>\n<li>Effekt<\/li>\n<li>\u00d6versikt f\u00f6r uppf\u00f6ljning<\/li>\n<li>Uppf\u00f6ljning<\/li>\n<li>H\u00e5llpunkter f\u00f6r QA och \u00f6vers\u00e4ttningar av intellektuella output<\/li>\n<li>F\u00f6rberedelser av deltidsrapport<\/li>\n<li>Hemsida och EU:s dataskydd<\/li>\n<\/ul>\n<p>Vid ESG m\u00f6ts man av en livlig undervisningsmilj\u00f6.<\/p>\n<p><span class=\"ellipsis\">&hellip;<\/span><\/p>\n<div class=\"read-more\"><a href=\"https:\/\/cultureshake.ph-karlsruhe.de\/cusha\/sv\/aktivitaeten\/transnationale-meetings\/3-transnationales-projekttreffen\/\">L\u00e4s mer &#8250;<\/a><\/div>\n<p><!-- end of .read-more --><\/p>\n","protected":false},"author":1,"featured_media":0,"parent":96,"menu_order":3,"comment_status":"closed","ping_status":"closed","template":"","meta":{"footnotes":""},"class_list":["post-720","page","type-page","status-publish","hentry"],"_links":{"self":[{"href":"https:\/\/cultureshake.ph-karlsruhe.de\/cusha\/sv\/wp-json\/wp\/v2\/pages\/720","targetHints":{"allow":["GET"]}}],"collection":[{"href":"https:\/\/cultureshake.ph-karlsruhe.de\/cusha\/sv\/wp-json\/wp\/v2\/pages"}],"about":[{"href":"https:\/\/cultureshake.ph-karlsruhe.de\/cusha\/sv\/wp-json\/wp\/v2\/types\/page"}],"author":[{"embeddable":true,"href":"https:\/\/cultureshake.ph-karlsruhe.de\/cusha\/sv\/wp-json\/wp\/v2\/users\/1"}],"replies":[{"embeddable":true,"href":"https:\/\/cultureshake.ph-karlsruhe.de\/cusha\/sv\/wp-json\/wp\/v2\/comments?post=720"}],"version-history":[{"count":13,"href":"https:\/\/cultureshake.ph-karlsruhe.de\/cusha\/sv\/wp-json\/wp\/v2\/pages\/720\/revisions"}],"predecessor-version":[{"id":1034,"href":"https:\/\/cultureshake.ph-karlsruhe.de\/cusha\/sv\/wp-json\/wp\/v2\/pages\/720\/revisions\/1034"}],"up":[{"embeddable":true,"href":"https:\/\/cultureshake.ph-karlsruhe.de\/cusha\/sv\/wp-json\/wp\/v2\/pages\/96"}],"wp:attachment":[{"href":"https:\/\/cultureshake.ph-karlsruhe.de\/cusha\/sv\/wp-json\/wp\/v2\/media?parent=720"}],"curies":[{"name":"wp","href":"https:\/\/api.w.org\/{rel}","templated":true}]}}