{"id":72,"date":"2016-12-07T22:19:54","date_gmt":"2016-12-07T21:19:54","guid":{"rendered":"http:\/\/cultureshake.ph-karlsruhe.de\/cusha\/?page_id=72"},"modified":"2019-03-28T18:47:32","modified_gmt":"2019-03-28T17:47:32","slug":"stiftelsen-english-school-gothenburg","status":"publish","type":"page","link":"https:\/\/cultureshake.ph-karlsruhe.de\/cusha\/sv\/ueber-uns\/stiftelsen-english-school-gothenburg\/","title":{"rendered":"STIFTELSEN THE ENGLISH SCHOOL GOTHENBURG"},"content":{"rendered":"<p><img loading=\"lazy\" decoding=\"async\" class=\"aligncenter wp-image-264 size-full\" src=\"http:\/\/cultureshake.ph-karlsruhe.de\/wordpress\/wp-content\/uploads\/2017\/03\/ESG_photo.png\" alt=\"\" width=\"522\" height=\"295\" srcset=\"https:\/\/cultureshake.ph-karlsruhe.de\/wordpress\/wp-content\/uploads\/2017\/03\/ESG_photo.png 522w, https:\/\/cultureshake.ph-karlsruhe.de\/wordpress\/wp-content\/uploads\/2017\/03\/ESG_photo-300x170.png 300w, https:\/\/cultureshake.ph-karlsruhe.de\/wordpress\/wp-content\/uploads\/2017\/03\/ESG_photo-100x57.png 100w, https:\/\/cultureshake.ph-karlsruhe.de\/wordpress\/wp-content\/uploads\/2017\/03\/ESG_photo-150x85.png 150w, https:\/\/cultureshake.ph-karlsruhe.de\/wordpress\/wp-content\/uploads\/2017\/03\/ESG_photo-200x113.png 200w, https:\/\/cultureshake.ph-karlsruhe.de\/wordpress\/wp-content\/uploads\/2017\/03\/ESG_photo-450x254.png 450w\" sizes=\"auto, (max-width: 522px) 100vw, 522px\" \/><\/p>\n<p>Stiftelsen The English School Gothenburg, ESG, ligger i v\u00e4stra G\u00f6teborg och flyttade till sin nuvarande plats under tidigt 90-tal. Skolan har nyligen byggts ut och renoverats f\u00f6r att erbjuda en modern l\u00e4romilj\u00f6 med all den senaste teknologin. Vi \u00e4r en svensk kommunal friskola vilket inneb\u00e4r att vi \u00e4r sj\u00e4lvst\u00e4ndiga samtidigt som vi f\u00f6ljer den svenska skollagen och l\u00e4roplanen. Skolan \u00e4r statligt bemedlad med skolpeng fr\u00e5n kommunen och eleverna betalar inga avgifter.<\/p>\n<p>ESG \u00e4r en liten och familj\u00e4r skola. Barnen kan b\u00f6rja hos oss redan n\u00e4r de \u00e4r tre \u00e5r och stanna tills de \u00e4r sexton. Det \u00e4r upp till 44 elever per \u00e5rsgrupp, delade p\u00e5 tv\u00e5 klasser \u00e1 22 elever per klass, vilket inneb\u00e4r att personalen k\u00e4nner alla eleverna mycket v\u00e4l. Skolan n\u00e5r mycket goda akademiska resultat vilket reflekterar det h\u00e5rda arbete som utg\u00f6rs av elever och personal samt den goda studiemilj\u00f6 och motivation som genomsyrar verksamheten. N\u00e4r eleverna l\u00e4mnar skolan efter \u00e5r 9 visar de utomordentlig styrka i det engelska spr\u00e5ket men \u00e4ven goda kunskaper i svenska samt ytterligare ett tredje spr\u00e5k. V\u00e5rt m\u00e5l \u00e4r att alla v\u00e5ra elever ska bli tv\u00e5spr\u00e5kiga och ha m\u00f6jlighet att i framtiden studera och arbeta i b\u00e5de svensktalande och engelsktalande kulturer. Vi ser ocks\u00e5 till att ge v\u00e5ra elever mycket god studievana f\u00f6r att lyckas i framtida studier.<\/p>\n<p>Skolans familjer h\u00e4rstammar fr\u00e5n hela v\u00e4rlden. Vi har personal som representerar minst 20 olika nationaliteter och bland elevernas familjer finns \u00f6ver 40 olika nationaliteter och spr\u00e5kbakgrunder. Detta ger oss en h\u00e4lsosam blandning av kultur och religion som vi tycker fungerar utm\u00e4rkt!<\/p>\n<p><a href=\"http:\/\/www.theenglishschool.se\" target=\"_blank\" rel=\"noopener noreferrer\">Mer om ESG<\/a><\/p>\n<h3>CUSHA p\u00e5 ESG<\/h3>\n<p>Tolv stycken elever fr\u00e5n \u00e5rskurs 6 vid The English School Gothenburg deltar i ett utbyte med Freidrich W\u00f6hler Gymnasium i Singen, Tyskland. Inom CUSHA projektet ansvarar ESG f\u00f6r workshop-fasen som \u00e4ger rum i G\u00f6teborg under h\u00f6stterminen 2018, samt f\u00f6r att sammanst\u00e4lla undervisningsmaterial fr\u00e5n projektet.<br \/>\nESGs CUSHA-team best\u00e5r utav <a href=\"mailto:A.Potter@theenglishschool.se\">Andrew Potte<\/a>r (rektor p\u00e5 ESG, projektadministration), Vivian Hunt (IT-ansvarig), <a href=\"mailto:C.Skoglund@theenglishschool.se\">Clare Skoglund<\/a> (F\u00f6rstel\u00e4rare) och <a href=\"mailto:C.Bye@theenglishschool.se\">Chloe Bye<\/a> (l\u00e4rare).<\/p>","protected":false},"excerpt":{"rendered":"<p><img loading=\"lazy\" decoding=\"async\" class=\"aligncenter wp-image-264 size-full\" src=\"http:\/\/cultureshake.ph-karlsruhe.de\/wordpress\/wp-content\/uploads\/2017\/03\/ESG_photo.png\" alt=\"\" width=\"522\" height=\"295\" srcset=\"https:\/\/cultureshake.ph-karlsruhe.de\/wordpress\/wp-content\/uploads\/2017\/03\/ESG_photo.png 522w, https:\/\/cultureshake.ph-karlsruhe.de\/wordpress\/wp-content\/uploads\/2017\/03\/ESG_photo-300x170.png 300w, https:\/\/cultureshake.ph-karlsruhe.de\/wordpress\/wp-content\/uploads\/2017\/03\/ESG_photo-100x57.png 100w, https:\/\/cultureshake.ph-karlsruhe.de\/wordpress\/wp-content\/uploads\/2017\/03\/ESG_photo-150x85.png 150w, https:\/\/cultureshake.ph-karlsruhe.de\/wordpress\/wp-content\/uploads\/2017\/03\/ESG_photo-200x113.png 200w, https:\/\/cultureshake.ph-karlsruhe.de\/wordpress\/wp-content\/uploads\/2017\/03\/ESG_photo-450x254.png 450w\" sizes=\"auto, (max-width: 522px) 100vw, 522px\" \/><\/p>\n<p>Stiftelsen The English School Gothenburg, ESG, ligger i v\u00e4stra G\u00f6teborg och flyttade till sin nuvarande plats under tidigt 90-tal. Skolan har nyligen byggts ut och renoverats f\u00f6r att erbjuda en modern l\u00e4romilj\u00f6 med all den senaste teknologin.<\/p>\n<p><span class=\"ellipsis\">&hellip;<\/span><\/p>\n<div class=\"read-more\"><a href=\"https:\/\/cultureshake.ph-karlsruhe.de\/cusha\/sv\/ueber-uns\/stiftelsen-english-school-gothenburg\/\">L\u00e4s mer &#8250;<\/a><\/div>\n<p><!-- end of .read-more --><\/p>\n","protected":false},"author":1,"featured_media":0,"parent":40,"menu_order":4,"comment_status":"closed","ping_status":"closed","template":"","meta":{"footnotes":""},"class_list":["post-72","page","type-page","status-publish","hentry"],"_links":{"self":[{"href":"https:\/\/cultureshake.ph-karlsruhe.de\/cusha\/sv\/wp-json\/wp\/v2\/pages\/72","targetHints":{"allow":["GET"]}}],"collection":[{"href":"https:\/\/cultureshake.ph-karlsruhe.de\/cusha\/sv\/wp-json\/wp\/v2\/pages"}],"about":[{"href":"https:\/\/cultureshake.ph-karlsruhe.de\/cusha\/sv\/wp-json\/wp\/v2\/types\/page"}],"author":[{"embeddable":true,"href":"https:\/\/cultureshake.ph-karlsruhe.de\/cusha\/sv\/wp-json\/wp\/v2\/users\/1"}],"replies":[{"embeddable":true,"href":"https:\/\/cultureshake.ph-karlsruhe.de\/cusha\/sv\/wp-json\/wp\/v2\/comments?post=72"}],"version-history":[{"count":22,"href":"https:\/\/cultureshake.ph-karlsruhe.de\/cusha\/sv\/wp-json\/wp\/v2\/pages\/72\/revisions"}],"predecessor-version":[{"id":708,"href":"https:\/\/cultureshake.ph-karlsruhe.de\/cusha\/sv\/wp-json\/wp\/v2\/pages\/72\/revisions\/708"}],"up":[{"embeddable":true,"href":"https:\/\/cultureshake.ph-karlsruhe.de\/cusha\/sv\/wp-json\/wp\/v2\/pages\/40"}],"wp:attachment":[{"href":"https:\/\/cultureshake.ph-karlsruhe.de\/cusha\/sv\/wp-json\/wp\/v2\/media?parent=72"}],"curies":[{"name":"wp","href":"https:\/\/api.w.org\/{rel}","templated":true}]}}