{"id":54,"date":"2016-12-07T20:02:20","date_gmt":"2016-12-07T19:02:20","guid":{"rendered":"http:\/\/cultureshake.ph-karlsruhe.de\/cusha\/?page_id=54"},"modified":"2017-11-27T12:26:14","modified_gmt":"2017-11-27T11:26:14","slug":"galerie","status":"publish","type":"page","link":"https:\/\/cultureshake.ph-karlsruhe.de\/cusha\/sv\/galerie\/","title":{"rendered":"Galleri"},"content":{"rendered":"<p><\/p>\n<ul>\n<li><span style=\"font-weight: 400;\">Foton fr\u00e5n <a href=\"https:\/\/cultureshake.ph-karlsruhe.de\/cusha\/sv\/galerie\/iccs-konferenz-klingenthal\/\">ICCS konferens<\/a> i Klingenthal <\/span><span style=\"font-weight: 400;\">10-14\/10\/2016<\/span><br \/>\n<span style=\"font-weight: 400;\">Vartannat \u00e5r anordnar <a href=\"http:\/\/www.iccsweb.org\/\">ICCS<\/a> och <a href=\"http:\/\/www.cogree.com\/\">CoGREE<\/a> en colloquy i Klingenthal i n\u00e4rheten av Strasburg. Syftet med eventet \u00e4r att l\u00e4ra sig mer om nuvarande utveckling inom Europar\u00e5dets l\u00e4randeaktiviteter och f\u00f6r att diskutera hur vi kan knyta an v\u00e5ra egna aktiviteter till dessa. Peter Schreiner (<a href=\"https:\/\/www.comenius.de\/\">Comenius Institut<\/a>) bj\u00f6d in CultureShake projektet f\u00f6r att bidra med ett kulturellt och lingvistiskt dimension av colloquyn. <\/span><\/li>\n<li style=\"font-weight: 400;\"><span style=\"font-weight: 400;\">Foton fr\u00e5n CultureShake-projektets <a href=\"https:\/\/cultureshake.ph-karlsruhe.de\/cusha\/sv\/galerie\/kick-off-meeting-in-karlsruhe-12-14-12-2016\/\">kick-off-m\u00f6te<\/a> vid Karlsruhe Universitet, 12-14 december, 2016<\/span><\/li>\n<li style=\"font-weight: 400;\"><span style=\"font-weight: 400;\"> Foton fr\u00e5n v\u00e5r f\u00f6rsta l\u00e4randeaktivitet i Singen, Tyskland, 7-3 maj, 2017<\/span><\/li>\n<li style=\"font-weight: 400;\"><span style=\"font-weight: 400;\">Foto fr\u00e5n det andra transnationella projektm\u00f6tet i Stratford-Upon-Avon, 10-12 Juli, 2017.<\/span><\/li>\n<\/ul>\n<p><\/p>","protected":false},"excerpt":{"rendered":"<\/p>\n<ul>\n<li><span style=\"font-weight: 400;\">Foton fr\u00e5n <a href=\"https:\/\/cultureshake.ph-karlsruhe.de\/cusha\/sv\/galerie\/iccs-konferenz-klingenthal\/\">ICCS konferens<\/a> i Klingenthal <\/span><span style=\"font-weight: 400;\">10-14\/10\/2016<\/span><br \/>\n<span style=\"font-weight: 400;\">Vartannat \u00e5r anordnar <a href=\"http:\/\/www.iccsweb.org\/\">ICCS<\/a> och <a href=\"http:\/\/www.cogree.com\/\">CoGREE<\/a> en colloquy i Klingenthal i n\u00e4rheten av Strasburg. Syftet med eventet \u00e4r att l\u00e4ra sig mer om nuvarande utveckling inom Europar\u00e5dets l\u00e4randeaktiviteter och f\u00f6r att diskutera hur vi kan knyta an v\u00e5ra egna aktiviteter till dessa.<\/span><\/li>\n<\/ul>\n<p><span class=\"ellipsis\">&hellip;<\/span><\/p>\n<div class=\"read-more\"><a href=\"https:\/\/cultureshake.ph-karlsruhe.de\/cusha\/sv\/galerie\/\">L\u00e4s mer &#8250;<\/a><\/div>\n<p><!-- end of .read-more --><\/p>\n","protected":false},"author":1,"featured_media":0,"parent":0,"menu_order":5,"comment_status":"closed","ping_status":"closed","template":"","meta":{"footnotes":""},"class_list":["post-54","page","type-page","status-publish","hentry"],"_links":{"self":[{"href":"https:\/\/cultureshake.ph-karlsruhe.de\/cusha\/sv\/wp-json\/wp\/v2\/pages\/54","targetHints":{"allow":["GET"]}}],"collection":[{"href":"https:\/\/cultureshake.ph-karlsruhe.de\/cusha\/sv\/wp-json\/wp\/v2\/pages"}],"about":[{"href":"https:\/\/cultureshake.ph-karlsruhe.de\/cusha\/sv\/wp-json\/wp\/v2\/types\/page"}],"author":[{"embeddable":true,"href":"https:\/\/cultureshake.ph-karlsruhe.de\/cusha\/sv\/wp-json\/wp\/v2\/users\/1"}],"replies":[{"embeddable":true,"href":"https:\/\/cultureshake.ph-karlsruhe.de\/cusha\/sv\/wp-json\/wp\/v2\/comments?post=54"}],"version-history":[{"count":15,"href":"https:\/\/cultureshake.ph-karlsruhe.de\/cusha\/sv\/wp-json\/wp\/v2\/pages\/54\/revisions"}],"predecessor-version":[{"id":600,"href":"https:\/\/cultureshake.ph-karlsruhe.de\/cusha\/sv\/wp-json\/wp\/v2\/pages\/54\/revisions\/600"}],"wp:attachment":[{"href":"https:\/\/cultureshake.ph-karlsruhe.de\/cusha\/sv\/wp-json\/wp\/v2\/media?parent=54"}],"curies":[{"name":"wp","href":"https:\/\/api.w.org\/{rel}","templated":true}]}}