{"id":530,"date":"2017-07-18T10:05:57","date_gmt":"2017-07-18T08:05:57","guid":{"rendered":"http:\/\/cultureshake.ph-karlsruhe.de\/cusha\/?page_id=530"},"modified":"2019-10-23T10:55:43","modified_gmt":"2019-10-23T08:55:43","slug":"2-transnationales-projekttreffen","status":"publish","type":"page","link":"https:\/\/cultureshake.ph-karlsruhe.de\/cusha\/sv\/aktivitaeten\/transnationale-meetings\/2-transnationales-projekttreffen\/","title":{"rendered":"Det andra transnationella projektm\u00f6tet"},"content":{"rendered":"<p><\/p>\n<h1>vid Shakespeare Birthplace Trust in Stratford-upon-Avon,  10\/07\/2017 \u2013 12\/07\/2017<\/h1>\n<p>&nbsp;<\/p>\n<p>Under detta transnationella m\u00f6te arbetades p\u00e5 f\u00f6ljande Erasmus+ projekt\u00e4mnen: <\/p>\n<ul>\n<li>\u00d6versikt av progressrapport<\/li>\n<li>Utv\u00e4rdering av utbildningsaktivitet 1<\/li>\n<li>Sammanst\u00e4llande avslutning av utbildningsaktivitet 2<\/li>\n<li>\u00d6versikt<\/li>\n<li>Spridningsaktiviteter<\/li>\n<li>Effekt<\/li>\n<li>Administrering av intressenter<\/li>\n<li>Detaljplanering av projektm\u00f6te 3<\/li>\n<\/ul>\n<p>&nbsp;<\/p>\n<p>Konferensrummen i Shakespeares Birthday Trust sprider en unik st\u00e4mning: glasf\u00f6nster av John Hutton visar bilder av Shakespeare\u00b4s karakt\u00e4rer. Dessa utg\u00f6r fasaden som ger en \u00f6verblick \u00f6ver f\u00f6delsehuset och tr\u00e4dg\u00e5rden som Shakespeare sj\u00f6ng om och lekte i. <\/p>\n<p><img loading=\"lazy\" decoding=\"async\" class=\"alignleft wp-image-525\" src=\"http:\/\/cultureshake.ph-karlsruhe.de\/wordpress\/wp-content\/uploads\/2017\/07\/Glasfenster_Meeting_900.jpg\" alt=\"\" width=\"707\" height=\"531\" srcset=\"https:\/\/cultureshake.ph-karlsruhe.de\/wordpress\/wp-content\/uploads\/2017\/07\/Glasfenster_Meeting_900.jpg 900w, https:\/\/cultureshake.ph-karlsruhe.de\/wordpress\/wp-content\/uploads\/2017\/07\/Glasfenster_Meeting_900-300x225.jpg 300w, https:\/\/cultureshake.ph-karlsruhe.de\/wordpress\/wp-content\/uploads\/2017\/07\/Glasfenster_Meeting_900-768x576.jpg 768w, https:\/\/cultureshake.ph-karlsruhe.de\/wordpress\/wp-content\/uploads\/2017\/07\/Glasfenster_Meeting_900-100x75.jpg 100w, https:\/\/cultureshake.ph-karlsruhe.de\/wordpress\/wp-content\/uploads\/2017\/07\/Glasfenster_Meeting_900-150x113.jpg 150w, https:\/\/cultureshake.ph-karlsruhe.de\/wordpress\/wp-content\/uploads\/2017\/07\/Glasfenster_Meeting_900-200x150.jpg 200w, https:\/\/cultureshake.ph-karlsruhe.de\/wordpress\/wp-content\/uploads\/2017\/07\/Glasfenster_Meeting_900-450x338.jpg 450w, https:\/\/cultureshake.ph-karlsruhe.de\/wordpress\/wp-content\/uploads\/2017\/07\/Glasfenster_Meeting_900-600x450.jpg 600w\" sizes=\"auto, (max-width: 707px) 100vw, 707px\" \/><img loading=\"lazy\" decoding=\"async\" class=\"alignright wp-image-527\" src=\"http:\/\/cultureshake.ph-karlsruhe.de\/wordpress\/wp-content\/uploads\/2017\/07\/SBT-Garden_900.jpg\" alt=\"\" width=\"751\" height=\"529\" srcset=\"https:\/\/cultureshake.ph-karlsruhe.de\/wordpress\/wp-content\/uploads\/2017\/07\/SBT-Garden_900.jpg 900w, https:\/\/cultureshake.ph-karlsruhe.de\/wordpress\/wp-content\/uploads\/2017\/07\/SBT-Garden_900-300x211.jpg 300w, https:\/\/cultureshake.ph-karlsruhe.de\/wordpress\/wp-content\/uploads\/2017\/07\/SBT-Garden_900-768x541.jpg 768w, https:\/\/cultureshake.ph-karlsruhe.de\/wordpress\/wp-content\/uploads\/2017\/07\/SBT-Garden_900-100x70.jpg 100w, https:\/\/cultureshake.ph-karlsruhe.de\/wordpress\/wp-content\/uploads\/2017\/07\/SBT-Garden_900-150x106.jpg 150w, https:\/\/cultureshake.ph-karlsruhe.de\/wordpress\/wp-content\/uploads\/2017\/07\/SBT-Garden_900-200x141.jpg 200w, https:\/\/cultureshake.ph-karlsruhe.de\/wordpress\/wp-content\/uploads\/2017\/07\/SBT-Garden_900-450x317.jpg 450w, https:\/\/cultureshake.ph-karlsruhe.de\/wordpress\/wp-content\/uploads\/2017\/07\/SBT-Garden_900-600x423.jpg 600w\" sizes=\"auto, (max-width: 751px) 100vw, 751px\" \/><\/p>\n<p>N\u00e4r man l\u00e5ter tankar och blickar vandra efter svar \u00f6ver rummet under m\u00f6tena, inser man att man f\u00e4rdats tillbaka till Forest of Arden: en golvmatta som designats av Tibor Reich och som samtidigt \u00e4r en del av det nationella kulturarvet. <\/p>\n<p><img loading=\"lazy\" decoding=\"async\" class=\"size-full wp-image-524 aligncenter\" src=\"http:\/\/cultureshake.ph-karlsruhe.de\/wordpress\/wp-content\/uploads\/2017\/07\/Forest-of-Arden_900.jpg\" alt=\"\" width=\"900\" height=\"675\" srcset=\"https:\/\/cultureshake.ph-karlsruhe.de\/wordpress\/wp-content\/uploads\/2017\/07\/Forest-of-Arden_900.jpg 900w, https:\/\/cultureshake.ph-karlsruhe.de\/wordpress\/wp-content\/uploads\/2017\/07\/Forest-of-Arden_900-300x225.jpg 300w, https:\/\/cultureshake.ph-karlsruhe.de\/wordpress\/wp-content\/uploads\/2017\/07\/Forest-of-Arden_900-768x576.jpg 768w, https:\/\/cultureshake.ph-karlsruhe.de\/wordpress\/wp-content\/uploads\/2017\/07\/Forest-of-Arden_900-100x75.jpg 100w, https:\/\/cultureshake.ph-karlsruhe.de\/wordpress\/wp-content\/uploads\/2017\/07\/Forest-of-Arden_900-150x113.jpg 150w, https:\/\/cultureshake.ph-karlsruhe.de\/wordpress\/wp-content\/uploads\/2017\/07\/Forest-of-Arden_900-200x150.jpg 200w, https:\/\/cultureshake.ph-karlsruhe.de\/wordpress\/wp-content\/uploads\/2017\/07\/Forest-of-Arden_900-450x338.jpg 450w, https:\/\/cultureshake.ph-karlsruhe.de\/wordpress\/wp-content\/uploads\/2017\/07\/Forest-of-Arden_900-600x450.jpg 600w\" sizes=\"auto, (max-width: 900px) 100vw, 900px\" \/><\/p>\n<p>H\u00e4r \u00e4r Shakespeare vid liv och f\u00f6r v\u00e4rlden samman med sin konst. K\u00f6er med barn som deltog i workshops eller f\u00f6rest\u00e4llningar inne p\u00e5 omr\u00e5det, v\u00e4vde mycket ofta in sig i v\u00e5ra samtal om budgetering och tidshantering. <\/p>\n<p><img loading=\"lazy\" decoding=\"async\" class=\"aligncenter size-full wp-image-523\" src=\"http:\/\/cultureshake.ph-karlsruhe.de\/wordpress\/wp-content\/uploads\/2017\/07\/Afghanistan_900.jpg\" alt=\"\" width=\"900\" height=\"1200\" srcset=\"https:\/\/cultureshake.ph-karlsruhe.de\/wordpress\/wp-content\/uploads\/2017\/07\/Afghanistan_900.jpg 900w, https:\/\/cultureshake.ph-karlsruhe.de\/wordpress\/wp-content\/uploads\/2017\/07\/Afghanistan_900-225x300.jpg 225w, https:\/\/cultureshake.ph-karlsruhe.de\/wordpress\/wp-content\/uploads\/2017\/07\/Afghanistan_900-768x1024.jpg 768w, https:\/\/cultureshake.ph-karlsruhe.de\/wordpress\/wp-content\/uploads\/2017\/07\/Afghanistan_900-100x133.jpg 100w, https:\/\/cultureshake.ph-karlsruhe.de\/wordpress\/wp-content\/uploads\/2017\/07\/Afghanistan_900-150x200.jpg 150w, https:\/\/cultureshake.ph-karlsruhe.de\/wordpress\/wp-content\/uploads\/2017\/07\/Afghanistan_900-200x267.jpg 200w, https:\/\/cultureshake.ph-karlsruhe.de\/wordpress\/wp-content\/uploads\/2017\/07\/Afghanistan_900-300x400.jpg 300w, https:\/\/cultureshake.ph-karlsruhe.de\/wordpress\/wp-content\/uploads\/2017\/07\/Afghanistan_900-450x600.jpg 450w, https:\/\/cultureshake.ph-karlsruhe.de\/wordpress\/wp-content\/uploads\/2017\/07\/Afghanistan_900-600x800.jpg 600w\" sizes=\"auto, (max-width: 900px) 100vw, 900px\" \/><\/p>\n<p>Genom CultureShake har flerspr\u00e5kighet och de anst\u00e4lldas olika spr\u00e5kbakgrunder blivit ett \u00e4mne i SBT:s arkiv. Bland m\u00e5nga andra utvecklingsomr\u00e5den har en blog f\u00f6r olika \u00f6vers\u00e4ttningar skapats. B\u00f6cker som kr\u00e4vs f\u00f6r projektets flerspr\u00e5kiga arkivarbete har redan arrangerats. Madeleine Cox och Victoria Joynes visade oss genom arkivet och v\u00e4ckte f\u00f6rg\u00e5ngna \u00e5rhundraden till liv mellan bokryggarna. De var bekanta med varje liten detalj fr\u00e5n dessa bokfynd och visade oss t.ex. ett v\u00e4xtblad fr\u00e5n 1700-talet som l\u00e4mnats mellan sidorna i en av b\u00f6ckerna. <\/p>\n<p><img loading=\"lazy\" decoding=\"async\" class=\"aligncenter size-full wp-image-526\" src=\"http:\/\/cultureshake.ph-karlsruhe.de\/wordpress\/wp-content\/uploads\/2017\/07\/Gr\u00fcnlilie_900.jpg\" alt=\"\" width=\"900\" height=\"900\" srcset=\"https:\/\/cultureshake.ph-karlsruhe.de\/wordpress\/wp-content\/uploads\/2017\/07\/Gr\u00fcnlilie_900.jpg 900w, https:\/\/cultureshake.ph-karlsruhe.de\/wordpress\/wp-content\/uploads\/2017\/07\/Gr\u00fcnlilie_900-150x150.jpg 150w, https:\/\/cultureshake.ph-karlsruhe.de\/wordpress\/wp-content\/uploads\/2017\/07\/Gr\u00fcnlilie_900-300x300.jpg 300w, https:\/\/cultureshake.ph-karlsruhe.de\/wordpress\/wp-content\/uploads\/2017\/07\/Gr\u00fcnlilie_900-768x768.jpg 768w, https:\/\/cultureshake.ph-karlsruhe.de\/wordpress\/wp-content\/uploads\/2017\/07\/Gr\u00fcnlilie_900-100x100.jpg 100w, https:\/\/cultureshake.ph-karlsruhe.de\/wordpress\/wp-content\/uploads\/2017\/07\/Gr\u00fcnlilie_900-200x200.jpg 200w, https:\/\/cultureshake.ph-karlsruhe.de\/wordpress\/wp-content\/uploads\/2017\/07\/Gr\u00fcnlilie_900-450x450.jpg 450w, https:\/\/cultureshake.ph-karlsruhe.de\/wordpress\/wp-content\/uploads\/2017\/07\/Gr\u00fcnlilie_900-600x600.jpg 600w\" sizes=\"auto, (max-width: 900px) 100vw, 900px\" \/><\/p>\n<p>&nbsp;<\/p>\n<p>Vid m\u00f6tets slut tog vi avsked under fantasins tr\u00e4d. <\/p>\n<p><img loading=\"lazy\" decoding=\"async\" class=\"wp-image-528 size-full\" src=\"http:\/\/cultureshake.ph-karlsruhe.de\/wordpress\/wp-content\/uploads\/2017\/07\/Shakespeare-Tree_900.jpg\" alt=\"\" width=\"900\" height=\"675\" srcset=\"https:\/\/cultureshake.ph-karlsruhe.de\/wordpress\/wp-content\/uploads\/2017\/07\/Shakespeare-Tree_900.jpg 900w, https:\/\/cultureshake.ph-karlsruhe.de\/wordpress\/wp-content\/uploads\/2017\/07\/Shakespeare-Tree_900-300x225.jpg 300w, https:\/\/cultureshake.ph-karlsruhe.de\/wordpress\/wp-content\/uploads\/2017\/07\/Shakespeare-Tree_900-768x576.jpg 768w, https:\/\/cultureshake.ph-karlsruhe.de\/wordpress\/wp-content\/uploads\/2017\/07\/Shakespeare-Tree_900-100x75.jpg 100w, https:\/\/cultureshake.ph-karlsruhe.de\/wordpress\/wp-content\/uploads\/2017\/07\/Shakespeare-Tree_900-150x113.jpg 150w, https:\/\/cultureshake.ph-karlsruhe.de\/wordpress\/wp-content\/uploads\/2017\/07\/Shakespeare-Tree_900-200x150.jpg 200w, https:\/\/cultureshake.ph-karlsruhe.de\/wordpress\/wp-content\/uploads\/2017\/07\/Shakespeare-Tree_900-450x338.jpg 450w, https:\/\/cultureshake.ph-karlsruhe.de\/wordpress\/wp-content\/uploads\/2017\/07\/Shakespeare-Tree_900-600x450.jpg 600w\" sizes=\"auto, (max-width: 900px) 100vw, 900px\" \/><\/p>","protected":false},"excerpt":{"rendered":"<\/p>\n<p>vid Shakespeare Birthplace Trust in Stratford-upon-Avon,  10\/07\/2017 \u2013 12\/07\/2017<\/p>\n<p>&nbsp;<\/p>\n<p>Under detta transnationella m\u00f6te arbetades p\u00e5 f\u00f6ljande Erasmus+ projekt\u00e4mnen: <\/p>\n<ul>\n<li>\u00d6versikt av progressrapport<\/li>\n<li>Utv\u00e4rdering av utbildningsaktivitet 1<\/li>\n<li>Sammanst\u00e4llande avslutning av utbildningsaktivitet 2<\/li>\n<li>\u00d6versikt<\/li>\n<li>Spridningsaktiviteter<\/li>\n<li>Effekt<\/li>\n<li>Administrering av intressenter<\/li>\n<li>Detaljplanering av projektm\u00f6te 3<\/li>\n<\/ul>\n<p>&nbsp;<\/p>\n<p><span class=\"ellipsis\">&hellip;<\/span><\/p>\n<div class=\"read-more\"><a href=\"https:\/\/cultureshake.ph-karlsruhe.de\/cusha\/sv\/aktivitaeten\/transnationale-meetings\/2-transnationales-projekttreffen\/\">L\u00e4s mer &#8250;<\/a><\/div>\n<p><!-- end of .read-more --><\/p>\n","protected":false},"author":1,"featured_media":0,"parent":96,"menu_order":2,"comment_status":"closed","ping_status":"closed","template":"","meta":{"footnotes":""},"class_list":["post-530","page","type-page","status-publish","hentry"],"_links":{"self":[{"href":"https:\/\/cultureshake.ph-karlsruhe.de\/cusha\/sv\/wp-json\/wp\/v2\/pages\/530","targetHints":{"allow":["GET"]}}],"collection":[{"href":"https:\/\/cultureshake.ph-karlsruhe.de\/cusha\/sv\/wp-json\/wp\/v2\/pages"}],"about":[{"href":"https:\/\/cultureshake.ph-karlsruhe.de\/cusha\/sv\/wp-json\/wp\/v2\/types\/page"}],"author":[{"embeddable":true,"href":"https:\/\/cultureshake.ph-karlsruhe.de\/cusha\/sv\/wp-json\/wp\/v2\/users\/1"}],"replies":[{"embeddable":true,"href":"https:\/\/cultureshake.ph-karlsruhe.de\/cusha\/sv\/wp-json\/wp\/v2\/comments?post=530"}],"version-history":[{"count":11,"href":"https:\/\/cultureshake.ph-karlsruhe.de\/cusha\/sv\/wp-json\/wp\/v2\/pages\/530\/revisions"}],"predecessor-version":[{"id":928,"href":"https:\/\/cultureshake.ph-karlsruhe.de\/cusha\/sv\/wp-json\/wp\/v2\/pages\/530\/revisions\/928"}],"up":[{"embeddable":true,"href":"https:\/\/cultureshake.ph-karlsruhe.de\/cusha\/sv\/wp-json\/wp\/v2\/pages\/96"}],"wp:attachment":[{"href":"https:\/\/cultureshake.ph-karlsruhe.de\/cusha\/sv\/wp-json\/wp\/v2\/media?parent=530"}],"curies":[{"name":"wp","href":"https:\/\/api.w.org\/{rel}","templated":true}]}}