{"id":47,"date":"2016-12-07T19:59:39","date_gmt":"2016-12-07T18:59:39","guid":{"rendered":"http:\/\/cultureshake.ph-karlsruhe.de\/cusha\/?page_id=47"},"modified":"2019-11-08T12:10:55","modified_gmt":"2019-11-08T11:10:55","slug":"ph-karlsruhe","status":"publish","type":"page","link":"https:\/\/cultureshake.ph-karlsruhe.de\/cusha\/sv\/ueber-uns\/ph-karlsruhe\/","title":{"rendered":"Universitet f\u00f6r utbildning, Karlsruhe"},"content":{"rendered":"<p><img loading=\"lazy\" decoding=\"async\" class=\"aligncenter size-full wp-image-192\" src=\"http:\/\/cultureshake.ph-karlsruhe.de\/wordpress\/wp-content\/uploads\/2016\/12\/ph_600.jpg\" alt=\"\" width=\"600\" height=\"430\" srcset=\"https:\/\/cultureshake.ph-karlsruhe.de\/wordpress\/wp-content\/uploads\/2016\/12\/ph_600.jpg 600w, https:\/\/cultureshake.ph-karlsruhe.de\/wordpress\/wp-content\/uploads\/2016\/12\/ph_600-300x215.jpg 300w, https:\/\/cultureshake.ph-karlsruhe.de\/wordpress\/wp-content\/uploads\/2016\/12\/ph_600-100x72.jpg 100w, https:\/\/cultureshake.ph-karlsruhe.de\/wordpress\/wp-content\/uploads\/2016\/12\/ph_600-150x108.jpg 150w, https:\/\/cultureshake.ph-karlsruhe.de\/wordpress\/wp-content\/uploads\/2016\/12\/ph_600-200x143.jpg 200w, https:\/\/cultureshake.ph-karlsruhe.de\/wordpress\/wp-content\/uploads\/2016\/12\/ph_600-450x323.jpg 450w\" sizes=\"auto, (max-width: 600px) 100vw, 600px\" \/><\/p>\n<p>Universitet f\u00f6r utbildning i Karlsruhe \u00e4r ett utav sex universitet f\u00f6r utbildning i staten Baden-Wuerttemberg. Universitet f\u00f6r utbildning i Karlsruhe har ett s\u00e4rskild uppl\u00e4gg vilket bara finns i Baden-Wuerttemberg. Ut\u00f6ver att erbjuda l\u00e4rarutbildning har universitet dessutom forskarutbildningar. Studenter som vill bli l\u00e4rare i de l\u00e4rgre \u00e5ldrarna, grundskolans senare \u00e5r samt olika typer av gymnasieutbildningar har nytta av integrationen av pedagogisk vetenskap, didaktik och verksamhetsf\u00f6rlagd utbildning (praktik) under sina studier. En utav Karlsruhe Universitets speciella profiler \u00e4r The European Teacher Course (europeisk l\u00e4rarutbildning) som har funnits h\u00e4r sedan 1999.<br \/>\n<img loading=\"lazy\" decoding=\"async\" class=\"alignleft size-full wp-image-187\" src=\"http:\/\/cultureshake.ph-karlsruhe.de\/wordpress\/wp-content\/uploads\/2016\/12\/spiral_600.jpg\" alt=\"\" width=\"300\" height=\"451\" srcset=\"https:\/\/cultureshake.ph-karlsruhe.de\/wordpress\/wp-content\/uploads\/2016\/12\/spiral_600.jpg 600w, https:\/\/cultureshake.ph-karlsruhe.de\/wordpress\/wp-content\/uploads\/2016\/12\/spiral_600-200x301.jpg 200w, https:\/\/cultureshake.ph-karlsruhe.de\/wordpress\/wp-content\/uploads\/2016\/12\/spiral_600-100x150.jpg 100w, https:\/\/cultureshake.ph-karlsruhe.de\/wordpress\/wp-content\/uploads\/2016\/12\/spiral_600-150x226.jpg 150w, https:\/\/cultureshake.ph-karlsruhe.de\/wordpress\/wp-content\/uploads\/2016\/12\/spiral_600-300x451.jpg 300w, https:\/\/cultureshake.ph-karlsruhe.de\/wordpress\/wp-content\/uploads\/2016\/12\/spiral_600-450x677.jpg 450w\" sizes=\"auto, (max-width: 300px) 100vw, 300px\" \/><\/p>\n<h3 id=\"tw-target-text\" class=\"tw-data-text tw-ta tw-text-medium\" dir=\"ltr\" data-placeholder=\"Translation\"><span lang=\"sv\">V\u00e5r historia<\/span><\/h3>\n<p>\u00c5r 1757 etablerades den f\u00f6rsta utbildningen och examinationen f\u00f6r l\u00e4rare i Karlsruhe. \u00c5r 1768 bildades ett skolseminarie p\u00e5 \u201dKaiserstrasse\u201d. \u00c5r 1807 revs byggnaden och \u00e5terbyggdes \u00e5r 1823 p\u00e5 \u201dMarkgrafenstrasse 48\u201d, n\u00e4ra \u201dRondellplatz\u201d under direktiv av Wilhelm Heinrich Katz (1763-1851) och under pedagogiskt ledarskap av Pestalozzi-studenten Wilhelm Stern (1792-1873). Senare blev det obligatoriskt f\u00f6r alla protestanta l\u00e4rarkandidater att bes\u00f6ka l\u00e4roseminariet. Efter m\u00e5nga flyttar blev slutligen \u201dBismarckstrasse 10\u201d hem f\u00f6r institutionen \u00e5r 1870 och \u00e4r s\u00e5 \u00e4n idag.<br \/>\nMellan \u00e5r 1931 och 1934 var instituationen nedlagd p\u00e5grund av f\u00f6r l\u00e5g efterfr\u00e5gan av l\u00e4rare. Byggnaden p\u00e5 \u201dBismarckstrasse 10\u201d f\u00f6rst\u00f6rdes 1944 och \u00e5teruppbyggdes \u00e5r 1957. \u00c5r 1958 b\u00f6rjade utvecklingen mot att bli ett universitet: den 29e maj, 1962 beviljades universitet och Universitet f\u00f6r utbildning i Karlsruhe godk\u00e4ndes av den statliga regeringen \u00e5r 1965.<\/p>\n<p><a href=\"https:\/\/www.ph-karlsruhe.de\/hochschule\/portraet\/geschichte\" rel=\"noopener noreferrer\" target=\"_blank\">Mer om historien<\/a><\/p>\n<p>&nbsp;<\/p>\n<h3>Internationalisiering<\/h3>\n<p id=\"tw-target-text\" class=\"tw-data-text tw-ta tw-text-small\" dir=\"ltr\" data-placeholder=\"Translation\"><span lang=\"sv\">\u00c5r 2012 beslutade senaten f\u00f6r Karlsruhe utbildnings universitet om en internationaliseringsstrategi.\u00a0<\/span><span lang=\"sv\">Strategin syftar till en kvalitativ utveckling av universitetet.<\/span><\/p>\n<p><img loading=\"lazy\" decoding=\"async\" class=\"aligncenter size-full wp-image-191\" src=\"http:\/\/cultureshake.ph-karlsruhe.de\/wordpress\/wp-content\/uploads\/2016\/12\/kaleidoskop_600.jpg\" alt=\"\" width=\"600\" height=\"338\" srcset=\"https:\/\/cultureshake.ph-karlsruhe.de\/wordpress\/wp-content\/uploads\/2016\/12\/kaleidoskop_600.jpg 600w, https:\/\/cultureshake.ph-karlsruhe.de\/wordpress\/wp-content\/uploads\/2016\/12\/kaleidoskop_600-300x169.jpg 300w, https:\/\/cultureshake.ph-karlsruhe.de\/wordpress\/wp-content\/uploads\/2016\/12\/kaleidoskop_600-100x56.jpg 100w, https:\/\/cultureshake.ph-karlsruhe.de\/wordpress\/wp-content\/uploads\/2016\/12\/kaleidoskop_600-150x85.jpg 150w, https:\/\/cultureshake.ph-karlsruhe.de\/wordpress\/wp-content\/uploads\/2016\/12\/kaleidoskop_600-200x113.jpg 200w, https:\/\/cultureshake.ph-karlsruhe.de\/wordpress\/wp-content\/uploads\/2016\/12\/kaleidoskop_600-450x254.jpg 450w\" sizes=\"auto, (max-width: 600px) 100vw, 600px\" \/><br \/>\n<a href=\"https:\/\/www.ph-karlsruhe.de\/campus\/serviceeinrichtungen\/akademisches-auslandsamt\" rel=\"noopener noreferrer\" target=\"_blank\">L\u00e4s mer om internationaliseringen<\/a><\/p>\n<p>&nbsp;<\/p>\n<h3>CUSHA vid Utbildningsuniversitetet, Karlsruhe.<\/h3>\n<p>Erasmus + -projektet samordnas av utbildningsuniversitetet Karlsruhe. Projektledaren <a href=\"https:\/\/www.ph-karlsruhe.de\/hochschule\/organisation\/fakultaet-b\/institut-fuer-transdisziplinaere-sozialwissenschaft#accordion_8026_5\" rel=\"noopener norefferer noreferrer\" target=\"_blank\">Dr Annette Deschner<\/a> kontrollerar projektledningen och arbetar inneh\u00e5llsrelaterat i projektet inom kultur och flerspr\u00e5kig didaktik.<\/p>\n<p><img loading=\"lazy\" decoding=\"async\" class=\"alignleft size-medium wp-image-204\" src=\"http:\/\/cultureshake.ph-karlsruhe.de\/wordpress\/wp-content\/uploads\/2017\/01\/Deschner_Portrait_1000x1279-235x300.jpg\" alt=\"\" width=\"235\" height=\"300\" srcset=\"https:\/\/cultureshake.ph-karlsruhe.de\/wordpress\/wp-content\/uploads\/2017\/01\/Deschner_Portrait_1000x1279-235x300.jpg 235w, https:\/\/cultureshake.ph-karlsruhe.de\/wordpress\/wp-content\/uploads\/2017\/01\/Deschner_Portrait_1000x1279-768x982.jpg 768w, https:\/\/cultureshake.ph-karlsruhe.de\/wordpress\/wp-content\/uploads\/2017\/01\/Deschner_Portrait_1000x1279-801x1024.jpg 801w, https:\/\/cultureshake.ph-karlsruhe.de\/wordpress\/wp-content\/uploads\/2017\/01\/Deschner_Portrait_1000x1279-100x128.jpg 100w, https:\/\/cultureshake.ph-karlsruhe.de\/wordpress\/wp-content\/uploads\/2017\/01\/Deschner_Portrait_1000x1279-150x192.jpg 150w, https:\/\/cultureshake.ph-karlsruhe.de\/wordpress\/wp-content\/uploads\/2017\/01\/Deschner_Portrait_1000x1279-200x256.jpg 200w, https:\/\/cultureshake.ph-karlsruhe.de\/wordpress\/wp-content\/uploads\/2017\/01\/Deschner_Portrait_1000x1279-300x384.jpg 300w, https:\/\/cultureshake.ph-karlsruhe.de\/wordpress\/wp-content\/uploads\/2017\/01\/Deschner_Portrait_1000x1279-450x576.jpg 450w, https:\/\/cultureshake.ph-karlsruhe.de\/wordpress\/wp-content\/uploads\/2017\/01\/Deschner_Portrait_1000x1279-600x767.jpg 600w, https:\/\/cultureshake.ph-karlsruhe.de\/wordpress\/wp-content\/uploads\/2017\/01\/Deschner_Portrait_1000x1279-900x1151.jpg 900w, https:\/\/cultureshake.ph-karlsruhe.de\/wordpress\/wp-content\/uploads\/2017\/01\/Deschner_Portrait_1000x1279.jpg 1000w\" sizes=\"auto, (max-width: 235px) 100vw, 235px\" \/>Dr Annette Deschner arbetar vid Institutet f\u00f6r tv\u00e4rvetenskaplig samh\u00e4llsvetenskap. Hennes forskningsomr\u00e5den \u00e4r CLIL (inneh\u00e5ll och spr\u00e5kintegrerat l\u00e4rande), flerspr\u00e5kig didaktik och kulturstudier.<\/p>\n<p>&nbsp;<\/p>","protected":false},"excerpt":{"rendered":"<p><img loading=\"lazy\" decoding=\"async\" class=\"aligncenter size-full wp-image-192\" src=\"http:\/\/cultureshake.ph-karlsruhe.de\/wordpress\/wp-content\/uploads\/2016\/12\/ph_600.jpg\" alt=\"\" width=\"600\" height=\"430\" srcset=\"https:\/\/cultureshake.ph-karlsruhe.de\/wordpress\/wp-content\/uploads\/2016\/12\/ph_600.jpg 600w, https:\/\/cultureshake.ph-karlsruhe.de\/wordpress\/wp-content\/uploads\/2016\/12\/ph_600-300x215.jpg 300w, https:\/\/cultureshake.ph-karlsruhe.de\/wordpress\/wp-content\/uploads\/2016\/12\/ph_600-100x72.jpg 100w, https:\/\/cultureshake.ph-karlsruhe.de\/wordpress\/wp-content\/uploads\/2016\/12\/ph_600-150x108.jpg 150w, https:\/\/cultureshake.ph-karlsruhe.de\/wordpress\/wp-content\/uploads\/2016\/12\/ph_600-200x143.jpg 200w, https:\/\/cultureshake.ph-karlsruhe.de\/wordpress\/wp-content\/uploads\/2016\/12\/ph_600-450x323.jpg 450w\" sizes=\"auto, (max-width: 600px) 100vw, 600px\" \/><\/p>\n<p>Universitet f\u00f6r utbildning i Karlsruhe \u00e4r ett utav sex universitet f\u00f6r utbildning i staten Baden-Wuerttemberg. Universitet f\u00f6r utbildning i Karlsruhe har ett s\u00e4rskild uppl\u00e4gg vilket bara finns i Baden-Wuerttemberg. Ut\u00f6ver att erbjuda l\u00e4rarutbildning har universitet dessutom forskarutbildningar.<\/p>\n<p><span class=\"ellipsis\">&hellip;<\/span><\/p>\n<div class=\"read-more\"><a href=\"https:\/\/cultureshake.ph-karlsruhe.de\/cusha\/sv\/ueber-uns\/ph-karlsruhe\/\">L\u00e4s mer &#8250;<\/a><\/div>\n<p><!-- end of .read-more --><\/p>\n","protected":false},"author":1,"featured_media":0,"parent":40,"menu_order":1,"comment_status":"closed","ping_status":"closed","template":"","meta":{"footnotes":""},"class_list":["post-47","page","type-page","status-publish","hentry"],"_links":{"self":[{"href":"https:\/\/cultureshake.ph-karlsruhe.de\/cusha\/sv\/wp-json\/wp\/v2\/pages\/47","targetHints":{"allow":["GET"]}}],"collection":[{"href":"https:\/\/cultureshake.ph-karlsruhe.de\/cusha\/sv\/wp-json\/wp\/v2\/pages"}],"about":[{"href":"https:\/\/cultureshake.ph-karlsruhe.de\/cusha\/sv\/wp-json\/wp\/v2\/types\/page"}],"author":[{"embeddable":true,"href":"https:\/\/cultureshake.ph-karlsruhe.de\/cusha\/sv\/wp-json\/wp\/v2\/users\/1"}],"replies":[{"embeddable":true,"href":"https:\/\/cultureshake.ph-karlsruhe.de\/cusha\/sv\/wp-json\/wp\/v2\/comments?post=47"}],"version-history":[{"count":21,"href":"https:\/\/cultureshake.ph-karlsruhe.de\/cusha\/sv\/wp-json\/wp\/v2\/pages\/47\/revisions"}],"predecessor-version":[{"id":1067,"href":"https:\/\/cultureshake.ph-karlsruhe.de\/cusha\/sv\/wp-json\/wp\/v2\/pages\/47\/revisions\/1067"}],"up":[{"embeddable":true,"href":"https:\/\/cultureshake.ph-karlsruhe.de\/cusha\/sv\/wp-json\/wp\/v2\/pages\/40"}],"wp:attachment":[{"href":"https:\/\/cultureshake.ph-karlsruhe.de\/cusha\/sv\/wp-json\/wp\/v2\/media?parent=47"}],"curies":[{"name":"wp","href":"https:\/\/api.w.org\/{rel}","templated":true}]}}