{"id":40,"date":"2016-12-07T19:56:05","date_gmt":"2016-12-07T18:56:05","guid":{"rendered":"http:\/\/cultureshake.ph-karlsruhe.de\/cusha\/?page_id=40"},"modified":"2019-05-30T15:10:58","modified_gmt":"2019-05-30T13:10:58","slug":"ueber-uns","status":"publish","type":"page","link":"https:\/\/cultureshake.ph-karlsruhe.de\/cusha\/sv\/ueber-uns\/","title":{"rendered":"Om Oss"},"content":{"rendered":"<p>Konsortiumet best\u00e5r av projektparter fr\u00e5n fyra europeiska l\u00e4nder: Tyskland, Sverige, Slovenien och Storbrittanien. Eftersom att ett utav projektets m\u00e5l \u00e4r att \u00f6verbrygga teori och praktik inom didaktik var vi angel\u00e4gna att \u00e5terspegla detta i v\u00e5r r\u00e4ckvidd av deltagande institutioner. Samarbetet mellan universitet (ett helt universitet i slovenien och ett helt universitet som inriktar sig p\u00e5 utbildning i tyskland), tv\u00e5 skolor och en kulturell organisation f\u00f6rs\u00e4krar oss n\u00f6dv\u00e4ndigt kunskapsutbyte. L\u00e4s mer om parterna och deras instituationer:Mehr \u00fcber die Projektpartner und die Institutionen:<\/p>\n<ul>\n<li><a href=\"https:\/\/cultureshake.ph-karlsruhe.de\/cusha\/ueber-uns\/team\/ph-karlsruhe\/\">P\u00e4dagogische Hochschule Karlsruhe (Projektkoordination)<\/a><\/li>\n<li><a href=\"https:\/\/cultureshake.ph-karlsruhe.de\/cusha\/ueber-uns\/team\/friedrich-woehler-gymnasium-singen\/\">Friedrich-W\u00f6hler Gymnasium Singen<\/a><\/li>\n<li><a href=\"https:\/\/cultureshake.ph-karlsruhe.de\/cusha\/ueber-uns\/team\/shakespeare-birthplace-trust-sbt\/\">The Shakespeare Birthplace Trust<\/a><\/li>\n<li><a href=\"https:\/\/cultureshake.ph-karlsruhe.de\/cusha\/ueber-uns\/team\/stiftelsen-english-school-gothenburg\/\">The English School of Gothenburg<\/a><\/li>\n<li><a href=\"https:\/\/cultureshake.ph-karlsruhe.de\/cusha\/ueber-uns\/team\/universitaet-primorska\/\">Universit\u00e4t Primorska<\/a><\/li>\n<\/ul>\n<p><\/p>","protected":false},"excerpt":{"rendered":"<p>Konsortiumet best\u00e5r av projektparter fr\u00e5n fyra europeiska l\u00e4nder: Tyskland, Sverige, Slovenien och Storbrittanien. Eftersom att ett utav projektets m\u00e5l \u00e4r att \u00f6verbrygga teori och praktik inom didaktik var vi angel\u00e4gna att \u00e5terspegla detta i v\u00e5r r\u00e4ckvidd av deltagande institutioner. Samarbetet mellan universitet (ett helt universitet i slovenien och ett helt universitet som inriktar sig p\u00e5 utbildning i tyskland),<\/p>\n<p><span class=\"ellipsis\">&hellip;<\/span><\/p>\n<div class=\"read-more\"><a href=\"https:\/\/cultureshake.ph-karlsruhe.de\/cusha\/sv\/ueber-uns\/\">L\u00e4s mer &#8250;<\/a><\/div>\n<p><!-- end of .read-more --><\/p>\n","protected":false},"author":1,"featured_media":0,"parent":0,"menu_order":1,"comment_status":"closed","ping_status":"closed","template":"","meta":{"footnotes":""},"class_list":["post-40","page","type-page","status-publish","hentry"],"_links":{"self":[{"href":"https:\/\/cultureshake.ph-karlsruhe.de\/cusha\/sv\/wp-json\/wp\/v2\/pages\/40","targetHints":{"allow":["GET"]}}],"collection":[{"href":"https:\/\/cultureshake.ph-karlsruhe.de\/cusha\/sv\/wp-json\/wp\/v2\/pages"}],"about":[{"href":"https:\/\/cultureshake.ph-karlsruhe.de\/cusha\/sv\/wp-json\/wp\/v2\/types\/page"}],"author":[{"embeddable":true,"href":"https:\/\/cultureshake.ph-karlsruhe.de\/cusha\/sv\/wp-json\/wp\/v2\/users\/1"}],"replies":[{"embeddable":true,"href":"https:\/\/cultureshake.ph-karlsruhe.de\/cusha\/sv\/wp-json\/wp\/v2\/comments?post=40"}],"version-history":[{"count":19,"href":"https:\/\/cultureshake.ph-karlsruhe.de\/cusha\/sv\/wp-json\/wp\/v2\/pages\/40\/revisions"}],"predecessor-version":[{"id":729,"href":"https:\/\/cultureshake.ph-karlsruhe.de\/cusha\/sv\/wp-json\/wp\/v2\/pages\/40\/revisions\/729"}],"wp:attachment":[{"href":"https:\/\/cultureshake.ph-karlsruhe.de\/cusha\/sv\/wp-json\/wp\/v2\/media?parent=40"}],"curies":[{"name":"wp","href":"https:\/\/api.w.org\/{rel}","templated":true}]}}