{"id":377,"date":"2017-07-03T09:00:42","date_gmt":"2017-07-03T07:00:42","guid":{"rendered":"http:\/\/cultureshake.ph-karlsruhe.de\/cusha\/?page_id=377"},"modified":"2019-10-29T18:28:04","modified_gmt":"2019-10-29T17:28:04","slug":"produkte","status":"publish","type":"page","link":"https:\/\/cultureshake.ph-karlsruhe.de\/cusha\/sv\/produkte\/","title":{"rendered":"Produkter"},"content":{"rendered":"<p><span style=\"font-weight: 400;\">Under projektets g\u00e5ng kommer CultureShake skapa fritt tillg\u00e4ngliga produkter. Dessa produkter kommer successivt laddas upp p\u00e5 den h\u00e4r sida och vara tillg\u00e4ngliga f\u00f6r <\/span><span style=\"font-weight: 400;\"><a href=\"https:\/\/cultureshake.ph-karlsruhe.de\/cusha\/sv\/produkte\/english-downloads\/\">Nedladdning<\/a>. Produkterna finns ocks\u00e5 p\u00e5 <a href=\"https:\/\/www.shakespeare.org.uk\/education\/education-projects\/cultureshake\/\" rel=\"noopener noreferrer\" target=\"_blank\">SBT: s webbplats<\/a>.<\/p>\n<p><\/span><span style=\"font-weight: 400;\">Detta g\u00e4ller f\u00f6r de f\u00f6ljande fem intellektuella produktioner:<\/span><\/p>\n<ol>\n<li style=\"font-weight: 400;\"><a href=\"https:\/\/cultureshake.ph-karlsruhe.de\/cusha\/sv\/produkte\/intellectual-output-1-methodenkompedium\/\"><span style=\"font-weight: 400;\">Metodik-guide f\u00f6r l\u00e4rare: Shakespeare i 2000-talets klassrum.<\/span><\/a><span style=\"font-weight: 400;\"> (Lisa Peter, SBT)<\/span><\/li>\n<li style=\"font-weight: 400;\"><a href=\"https:\/\/cultureshake.ph-karlsruhe.de\/cusha\/sv\/produkte\/intellectual-output-2-cusha-online-woerterbuch\/\"><span style=\"font-weight: 400;\">CUSHA n\u00e4tbaserat lexikon.<\/span><\/a><span style=\"font-weight: 400;\"> (Dr. Mojca Kampara, UP)<\/span><\/li>\n<li style=\"font-weight: 400;\"><a href=\"https:\/\/cultureshake.ph-karlsruhe.de\/cusha\/sv\/produkte\/intellectual-output-3-peer-unterrichtsmaterial\/\"><span style=\"font-weight: 400;\">Koncept f\u00f6r utveckling av elevledd undervisning. <\/span><\/a><span style=\"font-weight: 400;\">(Andrew Potter, ESG)<\/span><\/li>\n<li style=\"font-weight: 400;\"><a href=\"https:\/\/cultureshake.ph-karlsruhe.de\/cusha\/sv\/produkte\/intellectual-output-4-handbuch-austausch\/\"><span style=\"font-weight: 400;\">Utbyte av kulturella skakningar: En l\u00e4rarmanual f\u00f6r flerspr\u00e5kiga och transkulturella skolutbyten<\/span><\/a><span style=\"font-weight: 400;\"><a href=\"https:\/\/cultureshake.ph-karlsruhe.de\/cusha\/sv\/produkte\/intellectual-output-4-handbuch-austausch\/\">.<\/a> (Dr. Anette Deschner, PH)<\/span><\/li>\n<li style=\"font-weight: 400;\"><a href=\"https:\/\/cultureshake.ph-karlsruhe.de\/cusha\/sv\/produkte\/intellectual-output-5-lehrerfortbildungsmodul\/\"><span style=\"font-weight: 400;\">Modul f\u00f6r vidareutbildning av l\u00e4rare.<\/span><\/a><span style=\"font-weight: 400;\"> (Hildi Rieger, FWG)<\/span><\/li>\n<\/ol>\n<p><\/p>","protected":false},"excerpt":{"rendered":"<p><span style=\"font-weight: 400;\">Under projektets g\u00e5ng kommer CultureShake skapa fritt tillg\u00e4ngliga produkter. Dessa produkter kommer successivt laddas upp p\u00e5 den h\u00e4r sida och vara tillg\u00e4ngliga f\u00f6r <\/span><span style=\"font-weight: 400;\"><a href=\"https:\/\/cultureshake.ph-karlsruhe.de\/cusha\/sv\/produkte\/english-downloads\/\">Nedladdning<\/a>. Produkterna finns ocks\u00e5 p\u00e5 <a href=\"https:\/\/www.shakespeare.org.uk\/education\/education-projects\/cultureshake\/\" rel=\"noopener noreferrer\" target=\"_blank\">SBT: s webbplats<\/a>.<\/span><\/p>\n<p><span class=\"ellipsis\">&hellip;<\/span><\/p>\n<div class=\"read-more\"><a href=\"https:\/\/cultureshake.ph-karlsruhe.de\/cusha\/sv\/produkte\/\">L\u00e4s mer &#8250;<\/a><\/div>\n<p><!-- end of .read-more --><\/p>\n","protected":false},"author":1,"featured_media":0,"parent":0,"menu_order":4,"comment_status":"closed","ping_status":"closed","template":"","meta":{"footnotes":""},"class_list":["post-377","page","type-page","status-publish","hentry"],"_links":{"self":[{"href":"https:\/\/cultureshake.ph-karlsruhe.de\/cusha\/sv\/wp-json\/wp\/v2\/pages\/377","targetHints":{"allow":["GET"]}}],"collection":[{"href":"https:\/\/cultureshake.ph-karlsruhe.de\/cusha\/sv\/wp-json\/wp\/v2\/pages"}],"about":[{"href":"https:\/\/cultureshake.ph-karlsruhe.de\/cusha\/sv\/wp-json\/wp\/v2\/types\/page"}],"author":[{"embeddable":true,"href":"https:\/\/cultureshake.ph-karlsruhe.de\/cusha\/sv\/wp-json\/wp\/v2\/users\/1"}],"replies":[{"embeddable":true,"href":"https:\/\/cultureshake.ph-karlsruhe.de\/cusha\/sv\/wp-json\/wp\/v2\/comments?post=377"}],"version-history":[{"count":17,"href":"https:\/\/cultureshake.ph-karlsruhe.de\/cusha\/sv\/wp-json\/wp\/v2\/pages\/377\/revisions"}],"predecessor-version":[{"id":1047,"href":"https:\/\/cultureshake.ph-karlsruhe.de\/cusha\/sv\/wp-json\/wp\/v2\/pages\/377\/revisions\/1047"}],"wp:attachment":[{"href":"https:\/\/cultureshake.ph-karlsruhe.de\/cusha\/sv\/wp-json\/wp\/v2\/media?parent=377"}],"curies":[{"name":"wp","href":"https:\/\/api.w.org\/{rel}","templated":true}]}}