{"id":360,"date":"2017-07-02T18:48:57","date_gmt":"2017-07-02T16:48:57","guid":{"rendered":"http:\/\/cultureshake.ph-karlsruhe.de\/cusha\/?page_id=360"},"modified":"2019-10-23T10:28:12","modified_gmt":"2019-10-23T08:28:12","slug":"lernaktivitaeten","status":"publish","type":"page","link":"https:\/\/cultureshake.ph-karlsruhe.de\/cusha\/sv\/aktivitaeten\/lernaktivitaeten\/","title":{"rendered":"Inl\u00e4rningsaktiviteter"},"content":{"rendered":"<p><strong>Inl\u00e4rningsaktiviteter<\/strong><\/p>\n<p>Serien av inl\u00e4rningsaktiviteter \u00e4r sammansatt enligt str\u00e4ngen av projektm\u00e5l:<\/p>\n<ul>\n<li>Att \u00f6verbrygga klyftan mellan teori och praktik i samband med kulturutbildning<\/li>\n<li>Att fr\u00e4mja flerspr\u00e5kighet<\/li>\n<li>F\u00f6rb\u00e4ttra digitalt l\u00e4rande<\/li>\n<li>Att st\u00e4rka undervisningsprofilen<\/li>\n<li>Att utveckla den europeiska dimensionen i utbildning, s\u00e4rskilt genom flerspr\u00e5kig inriktning<\/li>\n<li>Att anv\u00e4nda projektmedlemmens transnationella kompetens<\/li>\n<li>Att uppmuntra b\u00e4sta m\u00f6jliga anv\u00e4ndning av resultat, innovativa produkter och processer<\/li>\n<li>Att skapa en h\u00e5llbar utveckling av samarbetet mellan partnerl\u00e4nderna och institutionerna p\u00e5 utbildningsomr\u00e5det<\/li>\n<\/ul>\n<p>Merv\u00e4rdet av inl\u00e4rningsverksamheten s\u00e4kerst\u00e4lls av de olika milj\u00f6erna av verksamheten med sitt specifika fokus p\u00e5 arbetet med \u00e4mnet. Eleverna kan kommunicera sina fynd i olika nationella milj\u00f6er och reflektera \u00f6ver reaktionerna. Den r\u00f6da tr\u00e5den \u00e4r produktionen av den intellektuella produktionen &#8221;Peer Teaching Material&#8221; (O3). Inl\u00e4rningsaktiviteterna h\u00e5ller eleverna engagerade i deras uppdrag eftersom de kan anpassa sig till olika situationer, uppleva en autentisk milj\u00f6, testa den och dela den med andra. Dessa inl\u00e4rningsaktiviteter g\u00e5r l\u00e5ngt ut\u00f6ver de turistiska egenskaperna hos bin\u00e4ra utbyten eftersom eleverna arbetar i transnationella grupper p\u00e5 ett projekt. \u00d6vernattningskursen som tillhandah\u00e5lls av Shakespeare Birthplace Trust (SBT) \u00e4r en mycket speciell tillg\u00e5ng till l\u00e4randeaktiviteterna, eftersom eleverna m\u00f6ter autentiska personer arbetar med Shakespeares liv och arbete p\u00e5 den autentiska platsen Stratford. De dyker in i detta n\u00e4r de arbetar och bor d\u00e4r, bes\u00f6ker arkiven och g\u00f6r egen forskning om \u00f6vers\u00e4ttningarna p\u00e5 sina modersm\u00e5l. Detta \u00e4r inramat med teater-workshops med sk\u00e5despelare och eleverna minglar med den internationella publiken som kommer till Stratford, Shakespeare-platsen.<\/p>\n<ul>\n<li id=\"tw-target-text\" class=\"tw-data-text tw-ta tw-text-medium\" dir=\"ltr\" data-placeholder=\"Translation\"><span lang=\"sv\">f\u00f6rsta inl\u00e4rningsverksamheten i <a href=\"https:\/\/cultureshake.ph-karlsruhe.de\/cusha\/aktivitaeten\/lernaktivitaeten\/singen\/\">Singen<\/a>, Tyskland\u00a0(08\/05 \u2013 12\/05\/2017)<\/span><\/li>\n<li>Andra inl\u00e4rningsaktiviteten i <a href=\"https:\/\/cultureshake.ph-karlsruhe.de\/cusha\/aktivitaeten\/lernaktivitaeten\/english-stratford-upon-avon-2409-29092017\/\">Stratford-upon-Avon<\/a>, (24\/09 \u2013 29\/09\/2017)<\/li>\n<li>Tredje l\u00e4rande i <a href=\"https:\/\/cultureshake.ph-karlsruhe.de\/cusha\/aktivitaeten\/lernaktivitaeten\/goeteborg-23-29-09-2018\/\">G\u00f6teborg<\/a>, Sverige (24\/09 &#8211; 29\/09\/2018)<\/li>\n<\/ul>\n<p><\/p>","protected":false},"excerpt":{"rendered":"<p><strong>Inl\u00e4rningsaktiviteter<\/strong><\/p>\n<p>Serien av inl\u00e4rningsaktiviteter \u00e4r sammansatt enligt str\u00e4ngen av projektm\u00e5l:<\/p>\n<ul>\n<li>Att \u00f6verbrygga klyftan mellan teori och praktik i samband med kulturutbildning<\/li>\n<li>Att fr\u00e4mja flerspr\u00e5kighet<\/li>\n<li>F\u00f6rb\u00e4ttra digitalt l\u00e4rande<\/li>\n<li>Att st\u00e4rka undervisningsprofilen<\/li>\n<li>Att utveckla den europeiska dimensionen i utbildning,<\/li>\n<\/ul>\n<p><span class=\"ellipsis\">&hellip;<\/span><\/p>\n<div class=\"read-more\"><a href=\"https:\/\/cultureshake.ph-karlsruhe.de\/cusha\/sv\/aktivitaeten\/lernaktivitaeten\/\">L\u00e4s mer &#8250;<\/a><\/div>\n<p><!-- end of .read-more --><\/p>\n","protected":false},"author":1,"featured_media":0,"parent":51,"menu_order":0,"comment_status":"closed","ping_status":"closed","template":"","meta":{"footnotes":""},"class_list":["post-360","page","type-page","status-publish","hentry"],"_links":{"self":[{"href":"https:\/\/cultureshake.ph-karlsruhe.de\/cusha\/sv\/wp-json\/wp\/v2\/pages\/360","targetHints":{"allow":["GET"]}}],"collection":[{"href":"https:\/\/cultureshake.ph-karlsruhe.de\/cusha\/sv\/wp-json\/wp\/v2\/pages"}],"about":[{"href":"https:\/\/cultureshake.ph-karlsruhe.de\/cusha\/sv\/wp-json\/wp\/v2\/types\/page"}],"author":[{"embeddable":true,"href":"https:\/\/cultureshake.ph-karlsruhe.de\/cusha\/sv\/wp-json\/wp\/v2\/users\/1"}],"replies":[{"embeddable":true,"href":"https:\/\/cultureshake.ph-karlsruhe.de\/cusha\/sv\/wp-json\/wp\/v2\/comments?post=360"}],"version-history":[{"count":16,"href":"https:\/\/cultureshake.ph-karlsruhe.de\/cusha\/sv\/wp-json\/wp\/v2\/pages\/360\/revisions"}],"predecessor-version":[{"id":925,"href":"https:\/\/cultureshake.ph-karlsruhe.de\/cusha\/sv\/wp-json\/wp\/v2\/pages\/360\/revisions\/925"}],"up":[{"embeddable":true,"href":"https:\/\/cultureshake.ph-karlsruhe.de\/cusha\/sv\/wp-json\/wp\/v2\/pages\/51"}],"wp:attachment":[{"href":"https:\/\/cultureshake.ph-karlsruhe.de\/cusha\/sv\/wp-json\/wp\/v2\/media?parent=360"}],"curies":[{"name":"wp","href":"https:\/\/api.w.org\/{rel}","templated":true}]}}