{"id":280,"date":"2017-03-07T22:28:50","date_gmt":"2017-03-07T21:28:50","guid":{"rendered":"http:\/\/cultureshake.ph-karlsruhe.de\/cusha\/?page_id=280"},"modified":"2019-10-31T09:37:00","modified_gmt":"2019-10-31T08:37:00","slug":"280-2","status":"publish","type":"page","link":"https:\/\/cultureshake.ph-karlsruhe.de\/cusha\/sv\/","title":{"rendered":"Ett interkulturellt och flerspr\u00e5kigt l\u00e4rande projekt"},"content":{"rendered":"<p><img loading=\"lazy\" decoding=\"async\" class=\"aligncenter size-full wp-image-279\" src=\"http:\/\/cultureshake.ph-karlsruhe.de\/wordpress\/wp-content\/uploads\/2017\/03\/cusha_landing.jpg\" alt=\"\" width=\"960\" height=\"390\" srcset=\"https:\/\/cultureshake.ph-karlsruhe.de\/wordpress\/wp-content\/uploads\/2017\/03\/cusha_landing.jpg 960w, https:\/\/cultureshake.ph-karlsruhe.de\/wordpress\/wp-content\/uploads\/2017\/03\/cusha_landing-300x122.jpg 300w, https:\/\/cultureshake.ph-karlsruhe.de\/wordpress\/wp-content\/uploads\/2017\/03\/cusha_landing-768x312.jpg 768w, https:\/\/cultureshake.ph-karlsruhe.de\/wordpress\/wp-content\/uploads\/2017\/03\/cusha_landing-100x41.jpg 100w, https:\/\/cultureshake.ph-karlsruhe.de\/wordpress\/wp-content\/uploads\/2017\/03\/cusha_landing-150x61.jpg 150w, https:\/\/cultureshake.ph-karlsruhe.de\/wordpress\/wp-content\/uploads\/2017\/03\/cusha_landing-200x81.jpg 200w, https:\/\/cultureshake.ph-karlsruhe.de\/wordpress\/wp-content\/uploads\/2017\/03\/cusha_landing-450x183.jpg 450w, https:\/\/cultureshake.ph-karlsruhe.de\/wordpress\/wp-content\/uploads\/2017\/03\/cusha_landing-600x244.jpg 600w, https:\/\/cultureshake.ph-karlsruhe.de\/wordpress\/wp-content\/uploads\/2017\/03\/cusha_landing-900x366.jpg 900w\" sizes=\"auto, (max-width: 960px) 100vw, 960px\" \/><\/p>\n<h5><em>CultureShake<\/em> anv\u00e4nder sig av Shakespears pj\u00e4ser som verktyg f\u00f6r att f\u00f6ra in flerspr\u00e5kig undervisning i 2000-talets klassrum. Det h\u00e4r tre\u00e5riga forsknings- och utvecklingsprojektet har som m\u00e5l att kombinera senaste forskningen inom flerspr\u00e5kig pedagogik och interkulturell kommunikation f\u00f6r att integrera elever fr\u00e5n olika kulturella och spr\u00e5kliga ursprung, inklusive nyanl\u00e4nda flyktingbarn.<\/h5>\n<h5>Projektet finansierades av Erasmus Plus.<\/h5>\n<p><span style=\"font-weight: 400;\"> Om du vill veta mer om projektet, dess partners eller medverkande institutioner, kan du hitta v\u00e5ra profiler och bakgrund under sida <\/span><a href=\"https:\/\/cultureshake.ph-karlsruhe.de\/cusha\/sv\/ueber-uns\/\"><span style=\"font-weight: 400;\">Om oss<\/span><\/a><span style=\"font-weight: 400;\">. Alla CUSHA aktiviteter, s\u00e5som l\u00e4randeaktiviteter, gr\u00e4ns\u00f6verskridande projektm\u00f6ten och spridning \u00a0av projektet finns listade under <\/span><a href=\"https:\/\/cultureshake.ph-karlsruhe.de\/cusha\/sv\/ueber-uns\/\"><span style=\"font-weight: 400;\">Aktiviteter<\/span><\/a><span style=\"font-weight: 400;\"> och bilder finner du i <\/span><a href=\"https:\/\/cultureshake.ph-karlsruhe.de\/cusha\/sv\/galerie\/\"><span style=\"font-weight: 400;\">Galleri<\/span><\/a><span style=\"font-weight: 400;\">. Under projektets g\u00e5ng kommer CultureShake att producera fritt tillg\u00e4ngliga <\/span><a href=\"https:\/\/cultureshake.ph-karlsruhe.de\/cusha\/sv\/produkte\/\"><span style=\"font-weight: 400;\">Produkter<\/span><\/a><span style=\"font-weight: 400;\">, som t.ex en metodik-guide f\u00f6r l\u00e4rare, ett n\u00e4tbaserat lexikon, material f\u00f6r elevledd undervisning, en l\u00e4rarmanual f\u00f6r flerspr\u00e5kigt och transkulturellt \u00a0skolutbyte samt en modul f\u00f6r vidareutbildning av l\u00e4rare. <\/span><\/p>\n<p><span style=\"font-weight: 400;\">Ett <\/span><a href=\"https:\/\/cultureshake.ph-karlsruhe.de\/wordpress\/wp-content\/uploads\/2017\/07\/CUSHA-Flyer-en_ger_swe_slo-small.pdf\"><span style=\"font-weight: 400;\">flygblad <\/span><\/a><span style=\"font-weight: 400;\">p\u00e5 engelska, svenska, tyska, slovenska. Finns \u00e4ven i en i<\/span><a href=\"https:\/\/cultureshake.ph-karlsruhe.de\/wordpress\/wp-content\/uploads\/2017\/07\/ItalianPanelflat-small.pdf\"><span style=\"font-weight: 400;\">taliensk version<\/span><\/a><span style=\"font-weight: 400;\">.<\/span><\/p>","protected":false},"excerpt":{"rendered":"<p><img loading=\"lazy\" decoding=\"async\" class=\"aligncenter size-full wp-image-279\" src=\"http:\/\/cultureshake.ph-karlsruhe.de\/wordpress\/wp-content\/uploads\/2017\/03\/cusha_landing.jpg\" alt=\"\" width=\"960\" height=\"390\" srcset=\"https:\/\/cultureshake.ph-karlsruhe.de\/wordpress\/wp-content\/uploads\/2017\/03\/cusha_landing.jpg 960w, https:\/\/cultureshake.ph-karlsruhe.de\/wordpress\/wp-content\/uploads\/2017\/03\/cusha_landing-300x122.jpg 300w, https:\/\/cultureshake.ph-karlsruhe.de\/wordpress\/wp-content\/uploads\/2017\/03\/cusha_landing-768x312.jpg 768w, https:\/\/cultureshake.ph-karlsruhe.de\/wordpress\/wp-content\/uploads\/2017\/03\/cusha_landing-100x41.jpg 100w, https:\/\/cultureshake.ph-karlsruhe.de\/wordpress\/wp-content\/uploads\/2017\/03\/cusha_landing-150x61.jpg 150w, https:\/\/cultureshake.ph-karlsruhe.de\/wordpress\/wp-content\/uploads\/2017\/03\/cusha_landing-200x81.jpg 200w, https:\/\/cultureshake.ph-karlsruhe.de\/wordpress\/wp-content\/uploads\/2017\/03\/cusha_landing-450x183.jpg 450w, https:\/\/cultureshake.ph-karlsruhe.de\/wordpress\/wp-content\/uploads\/2017\/03\/cusha_landing-600x244.jpg 600w, https:\/\/cultureshake.ph-karlsruhe.de\/wordpress\/wp-content\/uploads\/2017\/03\/cusha_landing-900x366.jpg 900w\" sizes=\"auto, (max-width: 960px) 100vw, 960px\" \/><\/p>\n<p><em>CultureShake<\/em> anv\u00e4nder sig av Shakespears pj\u00e4ser som verktyg f\u00f6r att f\u00f6ra in flerspr\u00e5kig undervisning i 2000-talets klassrum. Det h\u00e4r tre\u00e5riga forsknings- och utvecklingsprojektet har som m\u00e5l att kombinera senaste forskningen inom flerspr\u00e5kig pedagogik och interkulturell kommunikation f\u00f6r att integrera elever fr\u00e5n olika kulturella och spr\u00e5kliga ursprung,<span class=\"ellipsis\">&hellip;<\/span><\/p>\n<div class=\"read-more\"><a href=\"https:\/\/cultureshake.ph-karlsruhe.de\/cusha\/sv\/\">L\u00e4s mer &#8250;<\/a><\/div>\n<p><!-- end of .read-more --><\/p>\n","protected":false},"author":1,"featured_media":0,"parent":0,"menu_order":0,"comment_status":"closed","ping_status":"closed","template":"full-width-page.php","meta":{"footnotes":""},"class_list":["post-280","page","type-page","status-publish","hentry"],"_links":{"self":[{"href":"https:\/\/cultureshake.ph-karlsruhe.de\/cusha\/sv\/wp-json\/wp\/v2\/pages\/280","targetHints":{"allow":["GET"]}}],"collection":[{"href":"https:\/\/cultureshake.ph-karlsruhe.de\/cusha\/sv\/wp-json\/wp\/v2\/pages"}],"about":[{"href":"https:\/\/cultureshake.ph-karlsruhe.de\/cusha\/sv\/wp-json\/wp\/v2\/types\/page"}],"author":[{"embeddable":true,"href":"https:\/\/cultureshake.ph-karlsruhe.de\/cusha\/sv\/wp-json\/wp\/v2\/users\/1"}],"replies":[{"embeddable":true,"href":"https:\/\/cultureshake.ph-karlsruhe.de\/cusha\/sv\/wp-json\/wp\/v2\/comments?post=280"}],"version-history":[{"count":26,"href":"https:\/\/cultureshake.ph-karlsruhe.de\/cusha\/sv\/wp-json\/wp\/v2\/pages\/280\/revisions"}],"predecessor-version":[{"id":1052,"href":"https:\/\/cultureshake.ph-karlsruhe.de\/cusha\/sv\/wp-json\/wp\/v2\/pages\/280\/revisions\/1052"}],"wp:attachment":[{"href":"https:\/\/cultureshake.ph-karlsruhe.de\/cusha\/sv\/wp-json\/wp\/v2\/media?parent=280"}],"curies":[{"name":"wp","href":"https:\/\/api.w.org\/{rel}","templated":true}]}}