{"id":98,"date":"2016-12-13T23:46:22","date_gmt":"2016-12-13T22:46:22","guid":{"rendered":"http:\/\/cultureshake.ph-karlsruhe.de\/cusha\/?page_id=98"},"modified":"2019-05-30T15:57:33","modified_gmt":"2019-05-30T13:57:33","slug":"kick-off-meeting-in-karlsruhe-12-14-12-2016","status":"publish","type":"page","link":"https:\/\/cultureshake.ph-karlsruhe.de\/cusha\/sl\/aktivitaeten\/transnationale-meetings\/kick-off-meeting-in-karlsruhe-12-14-12-2016\/","title":{"rendered":"Spoznavno sre\u010danje na Pedago\u0161ki univerzi Karlsruhe v Nem\u010diji, 12.\u201314. 12. 2016"},"content":{"rendered":"<p><img loading=\"lazy\" decoding=\"async\" class=\"alignnone size-medium wp-image-142 aligncenter\" src=\"http:\/\/cultureshake.ph-karlsruhe.de\/wordpress\/wp-content\/uploads\/2016\/12\/PH-Winter-300x199.jpg\" alt=\"\" width=\"300\" height=\"199\" srcset=\"https:\/\/cultureshake.ph-karlsruhe.de\/wordpress\/wp-content\/uploads\/2016\/12\/PH-Winter-300x199.jpg 300w, https:\/\/cultureshake.ph-karlsruhe.de\/wordpress\/wp-content\/uploads\/2016\/12\/PH-Winter-768x511.jpg 768w, https:\/\/cultureshake.ph-karlsruhe.de\/wordpress\/wp-content\/uploads\/2016\/12\/PH-Winter-1024x681.jpg 1024w, https:\/\/cultureshake.ph-karlsruhe.de\/wordpress\/wp-content\/uploads\/2016\/12\/PH-Winter-100x66.jpg 100w, https:\/\/cultureshake.ph-karlsruhe.de\/wordpress\/wp-content\/uploads\/2016\/12\/PH-Winter-150x100.jpg 150w, https:\/\/cultureshake.ph-karlsruhe.de\/wordpress\/wp-content\/uploads\/2016\/12\/PH-Winter-200x133.jpg 200w, https:\/\/cultureshake.ph-karlsruhe.de\/wordpress\/wp-content\/uploads\/2016\/12\/PH-Winter-450x299.jpg 450w, https:\/\/cultureshake.ph-karlsruhe.de\/wordpress\/wp-content\/uploads\/2016\/12\/PH-Winter-600x399.jpg 600w, https:\/\/cultureshake.ph-karlsruhe.de\/wordpress\/wp-content\/uploads\/2016\/12\/PH-Winter-900x598.jpg 900w\" sizes=\"auto, (max-width: 300px) 100vw, 300px\" \/><\/p>\n<p>Ob za\u010detku projekta &#8220;Cultureshake&#8221; se je konzorcij sestal za potrebe prvega na\u010drtovanja, in sicer na Pedago\u0161ki univerzi Karlsruhe. Partnerji iz vseh \u0161tirih dr\u017eav so se udele\u017eili sre\u010danja. Na sre\u010danju so bile obravnavane slede\u010de teme:<\/p>\n<ul>\n<li>upravljanje kakovosti<\/li>\n<li>nadzor<\/li>\n<li>strategija raz\u0161irjanja<\/li>\n<li>strategija spremljanja<\/li>\n<li>koordinacija projektnih aktivnosti<\/li>\n<li>model za upravljanje z dele\u017eniki<\/li>\n<li>na\u010drtovanje transnacionalnih projektnih sre\u010danj, in sicer od 2 do 5<\/li>\n<li>organizacija in na\u010drtovanje u\u010dnih dejavnosti 1 in 2<\/li>\n<\/ul>\n<p>Od samega za\u010detka projekta so se strokovnjaki projekta posvetovali o zgoraj omenjenih temah. Ga. G\u00f6rke iz raziskovalnega urada EU Pedago\u0161ke univerze Ludwigsburg je predstavila projektno vodenje Erasmus +. Predstavitvi je sledila razprava o odprtih vpra\u0161anjih  konzorcija. Ga. G\u00f6rke, ga. Grassler in ga. Steiger so svetovalke ekipe.<\/p>\n<p>V okviru projektnih sre\u010danje namerava konzorcij vklju\u010diti dele\u017enike, in sicer na kraju samem. Zato so bili na prvem sre\u010danju prisotni predstavniki iz mednarodne pisarne in \u0161tudenti s Pedago\u0161ke univerze Karlsruhe. Na podlagi predstavitve ge. Brandt, vodje mednarodne pisarne in ge. Friedl, ki je odgovorna za pripravni\u0161tvo v tujini, so bile dane usmeritve glede nadaljnjih dejavnosti raz\u0161irjanja in vklju\u010dene strategije v projekt. Ariane Ros in Anna-Katharina Schmitz, \u0161tudentki Pedago\u0161ke univerze Karlsruhe, ustvarjata posebno skupino \u0161tudentov v okviru notranje platforme za \u0161tudente Stud.IP, kjer lahko \u0161tudenti sodelujejo v projektu in kot nadaljevanje projekta uporabijo u\u010dna gradiva.<\/p>\n<p>&#8220;Cultureshake&#8221; je del univerzitetnega \u017eivega prostora: Na vhodu v \u0161tudentsko sredi\u0161\u010de je name\u0161\u010dena Erasmus + plaketa. Plaketa je na tem mestu vidna \u0161tudentom, osebju in obiskovalcem univerze. Postavitev plakete je konzorcij obele\u017eil v \u010dasu transnacionalnega sre\u010danja.<\/p>\n<p><img loading=\"lazy\" decoding=\"async\" class=\"aligncenter wp-image-105 size-full\" src=\"http:\/\/cultureshake.ph-karlsruhe.de\/wordpress\/wp-content\/uploads\/2016\/12\/M1-Karlsruhe_02-e1559223676971.jpg\" alt=\"\" width=\"2155\" height=\"2714\" srcset=\"https:\/\/cultureshake.ph-karlsruhe.de\/wordpress\/wp-content\/uploads\/2016\/12\/M1-Karlsruhe_02-e1559223676971.jpg 2155w, https:\/\/cultureshake.ph-karlsruhe.de\/wordpress\/wp-content\/uploads\/2016\/12\/M1-Karlsruhe_02-e1559223676971-238x300.jpg 238w, https:\/\/cultureshake.ph-karlsruhe.de\/wordpress\/wp-content\/uploads\/2016\/12\/M1-Karlsruhe_02-e1559223676971-768x967.jpg 768w, https:\/\/cultureshake.ph-karlsruhe.de\/wordpress\/wp-content\/uploads\/2016\/12\/M1-Karlsruhe_02-e1559223676971-813x1024.jpg 813w, https:\/\/cultureshake.ph-karlsruhe.de\/wordpress\/wp-content\/uploads\/2016\/12\/M1-Karlsruhe_02-e1559223676971-100x126.jpg 100w, https:\/\/cultureshake.ph-karlsruhe.de\/wordpress\/wp-content\/uploads\/2016\/12\/M1-Karlsruhe_02-e1559223676971-150x189.jpg 150w, https:\/\/cultureshake.ph-karlsruhe.de\/wordpress\/wp-content\/uploads\/2016\/12\/M1-Karlsruhe_02-e1559223676971-200x252.jpg 200w, https:\/\/cultureshake.ph-karlsruhe.de\/wordpress\/wp-content\/uploads\/2016\/12\/M1-Karlsruhe_02-e1559223676971-300x378.jpg 300w, https:\/\/cultureshake.ph-karlsruhe.de\/wordpress\/wp-content\/uploads\/2016\/12\/M1-Karlsruhe_02-e1559223676971-450x567.jpg 450w, https:\/\/cultureshake.ph-karlsruhe.de\/wordpress\/wp-content\/uploads\/2016\/12\/M1-Karlsruhe_02-e1559223676971-600x756.jpg 600w, https:\/\/cultureshake.ph-karlsruhe.de\/wordpress\/wp-content\/uploads\/2016\/12\/M1-Karlsruhe_02-e1559223676971-900x1133.jpg 900w\" sizes=\"auto, (max-width: 2155px) 100vw, 2155px\" \/><\/p>\n<p>Ve\u010dere, po intenzivnih delovnih dnevi, so projektni partnerji izkoristili za dru\u017eenje in \u0161iritev stikov ter spoznavanje posebnosti razli\u010dnih dr\u017eav. V okviru enega ve\u010dera so vsi udele\u017eenci obiskali tradicionalni bo\u017ei\u010dni sejem v Karlsruhe: \u201cAwake the pert and nimble spirit of mirth\u201d (Sen kresne no\u010di 1 akt, 1 prizor).<br \/>\n<\/p>","protected":false},"excerpt":{"rendered":"<p><img loading=\"lazy\" decoding=\"async\" class=\"alignnone size-medium wp-image-142 aligncenter\" src=\"http:\/\/cultureshake.ph-karlsruhe.de\/wordpress\/wp-content\/uploads\/2016\/12\/PH-Winter-300x199.jpg\" alt=\"\" width=\"300\" height=\"199\" srcset=\"https:\/\/cultureshake.ph-karlsruhe.de\/wordpress\/wp-content\/uploads\/2016\/12\/PH-Winter-300x199.jpg 300w, https:\/\/cultureshake.ph-karlsruhe.de\/wordpress\/wp-content\/uploads\/2016\/12\/PH-Winter-768x511.jpg 768w, https:\/\/cultureshake.ph-karlsruhe.de\/wordpress\/wp-content\/uploads\/2016\/12\/PH-Winter-1024x681.jpg 1024w, https:\/\/cultureshake.ph-karlsruhe.de\/wordpress\/wp-content\/uploads\/2016\/12\/PH-Winter-100x66.jpg 100w, https:\/\/cultureshake.ph-karlsruhe.de\/wordpress\/wp-content\/uploads\/2016\/12\/PH-Winter-150x100.jpg 150w, https:\/\/cultureshake.ph-karlsruhe.de\/wordpress\/wp-content\/uploads\/2016\/12\/PH-Winter-200x133.jpg 200w, https:\/\/cultureshake.ph-karlsruhe.de\/wordpress\/wp-content\/uploads\/2016\/12\/PH-Winter-450x299.jpg 450w, https:\/\/cultureshake.ph-karlsruhe.de\/wordpress\/wp-content\/uploads\/2016\/12\/PH-Winter-600x399.jpg 600w, https:\/\/cultureshake.ph-karlsruhe.de\/wordpress\/wp-content\/uploads\/2016\/12\/PH-Winter-900x598.jpg 900w\" sizes=\"auto, (max-width: 300px) 100vw, 300px\" \/><\/p>\n<p>Ob za\u010detku projekta &#8220;Cultureshake&#8221; se je konzorcij sestal za potrebe prvega na\u010drtovanja, in sicer na Pedago\u0161ki univerzi Karlsruhe. Partnerji iz vseh \u0161tirih dr\u017eav so se udele\u017eili sre\u010danja. Na sre\u010danju so bile obravnavane slede\u010de teme:<\/p>\n<ul>\n<li>upravljanje kakovosti<\/li>\n<li>nadzor<\/li>\n<li>strategija raz\u0161irjanja<\/li>\n<li>strategija spremljanja<\/li>\n<li>koordinacija projektnih aktivnosti<\/li>\n<li>model za upravljanje z dele\u017eniki<\/li>\n<li>na\u010drtovanje transnacionalnih projektnih sre\u010danj,<\/li>\n<\/ul>\n<p><span class=\"ellipsis\">&hellip;<\/span><\/p>\n<div class=\"read-more\"><a href=\"https:\/\/cultureshake.ph-karlsruhe.de\/cusha\/sl\/aktivitaeten\/transnationale-meetings\/kick-off-meeting-in-karlsruhe-12-14-12-2016\/\">Ve\u010d &#8250;<\/a><\/div>\n<p><!-- end of .read-more --><\/p>\n","protected":false},"author":1,"featured_media":0,"parent":96,"menu_order":0,"comment_status":"closed","ping_status":"closed","template":"","meta":{"footnotes":""},"class_list":["post-98","page","type-page","status-publish","hentry"],"_links":{"self":[{"href":"https:\/\/cultureshake.ph-karlsruhe.de\/cusha\/sl\/wp-json\/wp\/v2\/pages\/98","targetHints":{"allow":["GET"]}}],"collection":[{"href":"https:\/\/cultureshake.ph-karlsruhe.de\/cusha\/sl\/wp-json\/wp\/v2\/pages"}],"about":[{"href":"https:\/\/cultureshake.ph-karlsruhe.de\/cusha\/sl\/wp-json\/wp\/v2\/types\/page"}],"author":[{"embeddable":true,"href":"https:\/\/cultureshake.ph-karlsruhe.de\/cusha\/sl\/wp-json\/wp\/v2\/users\/1"}],"replies":[{"embeddable":true,"href":"https:\/\/cultureshake.ph-karlsruhe.de\/cusha\/sl\/wp-json\/wp\/v2\/comments?post=98"}],"version-history":[{"count":22,"href":"https:\/\/cultureshake.ph-karlsruhe.de\/cusha\/sl\/wp-json\/wp\/v2\/pages\/98\/revisions"}],"predecessor-version":[{"id":740,"href":"https:\/\/cultureshake.ph-karlsruhe.de\/cusha\/sl\/wp-json\/wp\/v2\/pages\/98\/revisions\/740"}],"up":[{"embeddable":true,"href":"https:\/\/cultureshake.ph-karlsruhe.de\/cusha\/sl\/wp-json\/wp\/v2\/pages\/96"}],"wp:attachment":[{"href":"https:\/\/cultureshake.ph-karlsruhe.de\/cusha\/sl\/wp-json\/wp\/v2\/media?parent=98"}],"curies":[{"name":"wp","href":"https:\/\/api.w.org\/{rel}","templated":true}]}}