{"id":96,"date":"2016-12-13T23:45:24","date_gmt":"2016-12-13T22:45:24","guid":{"rendered":"http:\/\/cultureshake.ph-karlsruhe.de\/cusha\/?page_id=96"},"modified":"2019-10-23T17:30:44","modified_gmt":"2019-10-23T15:30:44","slug":"transnationale-meetings","status":"publish","type":"page","link":"https:\/\/cultureshake.ph-karlsruhe.de\/cusha\/sl\/aktivitaeten\/transnationale-meetings\/","title":{"rendered":"\u010cezmejna sre\u010danja"},"content":{"rendered":"<p>V triletnem obdobju projekta se je v dr\u017eavah projekta izmeni\u010dno odvijalo 5 nadnacionalnih sre\u010danj:<\/p>\n<ul>\n<li><a href=\"https:\/\/cultureshake.ph-karlsruhe.de\/cusha\/aktivitaeten\/transnationale-meetings\/kick-off-meeting-in-karlsruhe-12-14-12-2016\/\">Kick-off sestanek<\/a> na Univerzi za izobra\u017eevanje Karlsruhe v Nem\u010diji, 12.-14. 12. 2016<\/li>\n<li><a href=\"https:\/\/cultureshake.ph-karlsruhe.de\/cusha\/aktivitaeten\/transnationale-meetings\/2-transnationales-projekttreffen\/\">2. nadnacionalno sre\u010danje projektov<\/a>  v zavodu Shakespeare Rojstni kraj v Stratford-on-Avonu od 10.07.07 \u2013 07.12.2017<\/li>\n<li><a href=\"https:\/\/cultureshake.ph-karlsruhe.de\/cusha\/aktivitaeten\/transnationale-meetings\/3-transnationales-projekttreffen\/\">3. nadnacionalni projektni sestanek<\/a>  v angle\u0161ki \u0161oli v G\u00f6teborgu (ESG) v G\u00f6teborgu od 15. 5. do 17. 5. 2018<\/li>\n<li><a href=\"https:\/\/cultureshake.ph-karlsruhe.de\/cusha\/aktivitaeten\/transnationale-meetings\/4-transnationales-projekttreffen\/\">4. transnacionalni projektni sestanek<\/a>  na Univerzi na Primorskem v Kopru (Slovenija) od 04. 12. Do 12. 06. 2018<\/li>\n<li><a href=\"https:\/\/cultureshake.ph-karlsruhe.de\/cusha\/aktivitaeten\/transnationale-meetings\/5-transnationales-projekttreffen\/\">5. transnacionalni projektni sestane<\/a>  na univerzi za izobra\u017eevanje v Karlsruheju od 3. 6. do 6. 6. 2019<\/li>\n<\/ul>\n<p><\/p>","protected":false},"excerpt":{"rendered":"<p>V triletnem obdobju projekta se je v dr\u017eavah projekta izmeni\u010dno odvijalo 5 nadnacionalnih sre\u010danj:<\/p>\n<ul>\n<li><a href=\"https:\/\/cultureshake.ph-karlsruhe.de\/cusha\/aktivitaeten\/transnationale-meetings\/kick-off-meeting-in-karlsruhe-12-14-12-2016\/\">Kick-off sestanek<\/a> na Univerzi za izobra\u017eevanje Karlsruhe v Nem\u010diji, 12.-14. 12. 2016<\/li>\n<li><a href=\"https:\/\/cultureshake.ph-karlsruhe.de\/cusha\/aktivitaeten\/transnationale-meetings\/2-transnationales-projekttreffen\/\">2. nadnacionalno sre\u010danje projektov<\/a>  v zavodu Shakespeare Rojstni kraj v Stratford-on-Avonu od 10.07.07 \u2013 07.12.2017<\/li>\n<li><a href=\"https:\/\/cultureshake.ph-karlsruhe.de\/cusha\/aktivitaeten\/transnationale-meetings\/3-transnationales-projekttreffen\/\">3.<\/a><\/li>\n<\/ul>\n<p><span class=\"ellipsis\">&hellip;<\/span><\/p>\n<div class=\"read-more\"><a href=\"https:\/\/cultureshake.ph-karlsruhe.de\/cusha\/sl\/aktivitaeten\/transnationale-meetings\/\">Ve\u010d &#8250;<\/a><\/div>\n<p><!-- end of .read-more --><\/p>\n","protected":false},"author":1,"featured_media":0,"parent":51,"menu_order":2,"comment_status":"closed","ping_status":"closed","template":"","meta":{"footnotes":""},"class_list":["post-96","page","type-page","status-publish","hentry"],"_links":{"self":[{"href":"https:\/\/cultureshake.ph-karlsruhe.de\/cusha\/sl\/wp-json\/wp\/v2\/pages\/96","targetHints":{"allow":["GET"]}}],"collection":[{"href":"https:\/\/cultureshake.ph-karlsruhe.de\/cusha\/sl\/wp-json\/wp\/v2\/pages"}],"about":[{"href":"https:\/\/cultureshake.ph-karlsruhe.de\/cusha\/sl\/wp-json\/wp\/v2\/types\/page"}],"author":[{"embeddable":true,"href":"https:\/\/cultureshake.ph-karlsruhe.de\/cusha\/sl\/wp-json\/wp\/v2\/users\/1"}],"replies":[{"embeddable":true,"href":"https:\/\/cultureshake.ph-karlsruhe.de\/cusha\/sl\/wp-json\/wp\/v2\/comments?post=96"}],"version-history":[{"count":16,"href":"https:\/\/cultureshake.ph-karlsruhe.de\/cusha\/sl\/wp-json\/wp\/v2\/pages\/96\/revisions"}],"predecessor-version":[{"id":941,"href":"https:\/\/cultureshake.ph-karlsruhe.de\/cusha\/sl\/wp-json\/wp\/v2\/pages\/96\/revisions\/941"}],"up":[{"embeddable":true,"href":"https:\/\/cultureshake.ph-karlsruhe.de\/cusha\/sl\/wp-json\/wp\/v2\/pages\/51"}],"wp:attachment":[{"href":"https:\/\/cultureshake.ph-karlsruhe.de\/cusha\/sl\/wp-json\/wp\/v2\/media?parent=96"}],"curies":[{"name":"wp","href":"https:\/\/api.w.org\/{rel}","templated":true}]}}