{"id":873,"date":"2019-10-20T18:41:58","date_gmt":"2019-10-20T16:41:58","guid":{"rendered":"http:\/\/cultureshake.ph-karlsruhe.de\/cusha\/?page_id=873"},"modified":"2019-10-20T18:48:09","modified_gmt":"2019-10-20T16:48:09","slug":"europaeisches-kulturerbejahr-2018","status":"publish","type":"page","link":"https:\/\/cultureshake.ph-karlsruhe.de\/cusha\/sl\/aktivitaeten\/europaeisches-kulturerbejahr-2018\/","title":{"rendered":"Evropsko leto kulturne dedi\u0161\u010dine 2018"},"content":{"rendered":"<p><\/p>\n<h2><span style=\"font-family: Arial, serif;\"><span style=\"font-size: medium;\"><span lang=\"de-DE\"><b>CultureShake je prejel evropsko leto kulturne dedi\u0161\u010dine<\/b><\/span><\/span><\/span><\/h2>\n<p><img loading=\"lazy\" decoding=\"async\" class=\"aligncenter size-full wp-image-791\" src=\"http:\/\/cultureshake.ph-karlsruhe.de\/wordpress\/wp-content\/uploads\/2019\/10\/CulturalHeritageLabel.jpg\" alt=\"\" width=\"424\" height=\"322\" srcset=\"https:\/\/cultureshake.ph-karlsruhe.de\/wordpress\/wp-content\/uploads\/2019\/10\/CulturalHeritageLabel.jpg 424w, https:\/\/cultureshake.ph-karlsruhe.de\/wordpress\/wp-content\/uploads\/2019\/10\/CulturalHeritageLabel-300x228.jpg 300w, https:\/\/cultureshake.ph-karlsruhe.de\/wordpress\/wp-content\/uploads\/2019\/10\/CulturalHeritageLabel-100x76.jpg 100w, https:\/\/cultureshake.ph-karlsruhe.de\/wordpress\/wp-content\/uploads\/2019\/10\/CulturalHeritageLabel-150x114.jpg 150w, https:\/\/cultureshake.ph-karlsruhe.de\/wordpress\/wp-content\/uploads\/2019\/10\/CulturalHeritageLabel-200x152.jpg 200w\" sizes=\"auto, (max-width: 424px) 100vw, 424px\" \/><\/p>\n<p>\u017delel sem spet spakirati torbe in pre\u017eiveti teden dni z na\u0161imi ve\u010djezi\u010dnimi \u0161tudenti iz Nem\u010dije in \u0160vedske, ki sodelujejo s Trustom na dveh Shakespearovih igrah od leta 2016, ko je pri\u0161la odli\u010dna novica, da je na\u0161 projektni teden CultureShake sovpadal z evropskim Znak za kulturno dedi\u0161\u010dino leta je podelila Evropska komisija.<\/p>\n<p>Cilj evropskega leta kulturne dedi\u0161\u010dine je spodbuditi ve\u010d ljudi k odkrivanju in sodelovanju z evropsko kulturno dedi\u0161\u010dino ter okrepiti ob\u010dutek pripadnosti skupnemu evropskemu prostoru. Moto leta je &#8220;Na\u0161a dedi\u0161\u010dina: kjer se preteklost sre\u010da s prihodnostjo&#8221;. To se zelo dobro ujema z na\u0161im u\u010dnim projektom, ki ga financira EU, ki se osredoto\u010da na vklju\u010devanje ve\u010djezi\u010dnosti v spoznavanje skupne kulturne dedi\u0161\u010dine.<\/p>\n<p><em>Lisa Peter<\/em><\/p>","protected":false},"excerpt":{"rendered":"<\/p>\n<p><span style=\"font-family: Arial, serif;\"><span style=\"font-size: medium;\"><span lang=\"de-DE\"><b>CultureShake je prejel evropsko leto kulturne dedi\u0161\u010dine<\/b><\/span><\/span><\/span><\/p>\n<p><img loading=\"lazy\" decoding=\"async\" class=\"aligncenter size-full wp-image-791\" src=\"http:\/\/cultureshake.ph-karlsruhe.de\/wordpress\/wp-content\/uploads\/2019\/10\/CulturalHeritageLabel.jpg\" alt=\"\" width=\"424\" height=\"322\" srcset=\"https:\/\/cultureshake.ph-karlsruhe.de\/wordpress\/wp-content\/uploads\/2019\/10\/CulturalHeritageLabel.jpg 424w, https:\/\/cultureshake.ph-karlsruhe.de\/wordpress\/wp-content\/uploads\/2019\/10\/CulturalHeritageLabel-300x228.jpg 300w, https:\/\/cultureshake.ph-karlsruhe.de\/wordpress\/wp-content\/uploads\/2019\/10\/CulturalHeritageLabel-100x76.jpg 100w, https:\/\/cultureshake.ph-karlsruhe.de\/wordpress\/wp-content\/uploads\/2019\/10\/CulturalHeritageLabel-150x114.jpg 150w, https:\/\/cultureshake.ph-karlsruhe.de\/wordpress\/wp-content\/uploads\/2019\/10\/CulturalHeritageLabel-200x152.jpg 200w\" sizes=\"auto, (max-width: 424px) 100vw, 424px\" \/><\/p>\n<p>\u017delel sem spet spakirati torbe in pre\u017eiveti teden dni z na\u0161imi ve\u010djezi\u010dnimi \u0161tudenti iz Nem\u010dije in \u0160vedske, ki sodelujejo s Trustom na dveh Shakespearovih igrah od leta 2016,<\/p>\n<p><span class=\"ellipsis\">&hellip;<\/span><\/p>\n<div class=\"read-more\"><a href=\"https:\/\/cultureshake.ph-karlsruhe.de\/cusha\/sl\/aktivitaeten\/europaeisches-kulturerbejahr-2018\/\">Ve\u010d &#8250;<\/a><\/div>\n<p><!-- end of .read-more --><\/p>\n","protected":false},"author":1,"featured_media":0,"parent":51,"menu_order":1,"comment_status":"closed","ping_status":"closed","template":"","meta":{"footnotes":""},"class_list":["post-873","page","type-page","status-publish","hentry"],"_links":{"self":[{"href":"https:\/\/cultureshake.ph-karlsruhe.de\/cusha\/sl\/wp-json\/wp\/v2\/pages\/873","targetHints":{"allow":["GET"]}}],"collection":[{"href":"https:\/\/cultureshake.ph-karlsruhe.de\/cusha\/sl\/wp-json\/wp\/v2\/pages"}],"about":[{"href":"https:\/\/cultureshake.ph-karlsruhe.de\/cusha\/sl\/wp-json\/wp\/v2\/types\/page"}],"author":[{"embeddable":true,"href":"https:\/\/cultureshake.ph-karlsruhe.de\/cusha\/sl\/wp-json\/wp\/v2\/users\/1"}],"replies":[{"embeddable":true,"href":"https:\/\/cultureshake.ph-karlsruhe.de\/cusha\/sl\/wp-json\/wp\/v2\/comments?post=873"}],"version-history":[{"count":2,"href":"https:\/\/cultureshake.ph-karlsruhe.de\/cusha\/sl\/wp-json\/wp\/v2\/pages\/873\/revisions"}],"predecessor-version":[{"id":875,"href":"https:\/\/cultureshake.ph-karlsruhe.de\/cusha\/sl\/wp-json\/wp\/v2\/pages\/873\/revisions\/875"}],"up":[{"embeddable":true,"href":"https:\/\/cultureshake.ph-karlsruhe.de\/cusha\/sl\/wp-json\/wp\/v2\/pages\/51"}],"wp:attachment":[{"href":"https:\/\/cultureshake.ph-karlsruhe.de\/cusha\/sl\/wp-json\/wp\/v2\/media?parent=873"}],"curies":[{"name":"wp","href":"https:\/\/api.w.org\/{rel}","templated":true}]}}