{"id":797,"date":"2019-10-06T18:16:33","date_gmt":"2019-10-06T16:16:33","guid":{"rendered":"http:\/\/cultureshake.ph-karlsruhe.de\/cusha\/?page_id=797"},"modified":"2019-10-28T20:47:16","modified_gmt":"2019-10-28T19:47:16","slug":"multiplier-event-at-the-english-school-of-gothenburg","status":"publish","type":"page","link":"https:\/\/cultureshake.ph-karlsruhe.de\/cusha\/sl\/aktivitaeten\/multiplikatorenveranstaltung\/multiplier-event-at-the-english-school-of-gothenburg\/","title":{"rendered":"Dogodek multiplikatorjev v angle\u0161ki \u0161oli v G\u00f6teborgu, 2. maja 2019"},"content":{"rendered":"<p>Dogodek multiplikatorja na ESG je potekal v G\u00f6teborgu 2. maja 2019. Dogodek je bil organiziran z namenom informiranja uciteljev na tem obmocju o intelektualnih rezultatih projekta CultureShake.<\/p>\n<p>ESG je vodilni del intelektualnega prispevka o medvrstni\u0161kem ucnem gradivu. To je bila prav posebna prilo\u017enost za dru\u017eenje s soavtorji, \u0161tudenti ESG. \u0160tudenti so razvili ucni material za vrstnike za druge ucence. Med ucnimi aktivnostmi v Singenu, Stratfordu ob Avonu in G\u00f6teborgu so zbirali ideje in metode za svoje izdelke.<\/p>\n<p>Ne le, da bi predstavili teorijo, ampak tudi, da bi jo uporabili v praksi, so podali svoje interpretacije Templjev in Sanje poleti.<br \/>\nESG je sprejel pribli\u017eno 23 deveto\u0161olcev in kratke razlicice Shakespearovih iger. Vodili so jih in vodili ucenci 15 in 16 let, ki jih predstave \u017ee poznajo. Nastopili so pred povabljenim obcinstvom. Njihovi star\u0161i so jih radi videli, kako nastopajo, in radi so jih vodili starej\u0161i ucenci, kar je velik protistrup proti strahu starej\u0161ih ucencev. Otroci imajo \u0161tevilne jezike, toda star\u0161i so bili navdu\u0161eni, da so tu nastopali v \u0161e enem jeziku, angle\u0161cini Shakespeare.<\/p>\n<p>Od starej\u0161ih ucencev smo imeli nekaj odlicnih povratnih informacij.<\/p>\n<p><strong>\u0160tudent 1<\/strong><br \/>\n\u201eSpoznala sem ljudi, ki jih verjetno ne bi spoznala drugace in mislim, da je to okrepilo vez med na\u0161imi letnimi skupinami. Vem, da so nekateri otroci zelo u\u017eivali v svojih linijah in vlogah. Mislim tudi, da so u\u017eivali, ko so predstavo predstavili star\u0161em. \u0160e enkrat bi rad re\u017eiral. Bil sem zadovoljen s koncnim rezultatom.&#8221;<\/p>\n<p><strong>\u0160tudent 2<\/strong><br \/>\n\u201eU\u017eival sem v delu z otroki in jim ucil stvari, ki sem se jih naucil med projektom CUSHA. Prav tako se mi zdi zabavno razvijati predstavo od zacetka in videti, kako moje ideje za\u017eivijo. V\u0161ec mi je bilo tudi, da so vsi (vkljucno z drugimi ucenci v \u0161oli) u\u017eivali v nastopih in cenili na\u0161e trdo delo.&#8221;<\/p>\n<p><em>Bi radi spet re\u017eirali?<\/em><br \/>\n\u201eDefinitivno, da. Bilo je zelo zabavno in delo z otroki je bilo neverjetno.&#8221;<\/p>\n<p><strong>\u0160tudent 3<\/strong><br \/>\n\u201eMislim, da je bilo pri tem malem projektu najbolje, da je bilo za vse to potrebno veliko skupinskega dela in deljenja. Vsakdo je moral sodelovati z vsemi, kar je privedlo do tega, da smo se spoznali, vsi mlaj\u0161i ucenci, starej\u0161i in celo ucitelji. Mislim, da so mlaj\u0161i dijaki uspeli najti vzornika ali nekoga, ki bi ga lahko pogledali od starej\u0161ih. Vsi starej\u0161i so bili odgovorni in so dali dober zgled mlaj\u0161im ucencem, kar se mi zdi pomembno.&#8221;<\/p>\n<p><em>Bi radi spet re\u017eirali?<\/em><br \/>\n\u201eDa, zdelo se mi je zanimivo in zabavno. Rad bi to storil \u0161e enkrat.&#8221;<\/p>\n<style>\n#tabcust {\n  border-collapse: collapse;\n  width: 100%;\n  text-align: center;\n  vertical-align: middle;\n  border: 2px solid black;\n}\n<\/style>\n<table id=\"tabcust\">\n<tr>\n<th width=\"75%\">Multiplier Event Invitation Flyer<\/th>\n<th width=\"25%\"><a href=\"https:\/\/cultureshake.ph-karlsruhe.de\/wordpress\/wp-content\/uploads\/2019\/10\/ESG_Multiplier_Programme.pdf\" target=\"_blank\" rel=\"noopener noreferrer\"><img decoding=\"async\" src=\"https:\/\/cultureshake.ph-karlsruhe.de\/wordpress\/wp-content\/uploads\/2019\/10\/Download_CS.png\"><\/a><\/th>\n<\/tr>\n<\/table>\n<p>ltiplier Programme<\/a><\/p>","protected":false},"excerpt":{"rendered":"<p>Dogodek multiplikatorja na ESG je potekal v G\u00f6teborgu 2. maja 2019. Dogodek je bil organiziran z namenom informiranja uciteljev na tem obmocju o intelektualnih rezultatih projekta CultureShake.<\/p>\n<p>ESG je vodilni del intelektualnega prispevka o medvrstni\u0161kem ucnem gradivu. To je bila prav posebna prilo\u017enost za dru\u017eenje s soavtorji,<\/p>\n<p><span class=\"ellipsis\">&hellip;<\/span><\/p>\n<div class=\"read-more\"><a href=\"https:\/\/cultureshake.ph-karlsruhe.de\/cusha\/sl\/aktivitaeten\/multiplikatorenveranstaltung\/multiplier-event-at-the-english-school-of-gothenburg\/\">Ve\u010d &#8250;<\/a><\/div>\n<p><!-- end of .read-more --><\/p>\n","protected":false},"author":1,"featured_media":0,"parent":759,"menu_order":3,"comment_status":"closed","ping_status":"closed","template":"","meta":{"footnotes":""},"class_list":["post-797","page","type-page","status-publish","hentry"],"_links":{"self":[{"href":"https:\/\/cultureshake.ph-karlsruhe.de\/cusha\/sl\/wp-json\/wp\/v2\/pages\/797","targetHints":{"allow":["GET"]}}],"collection":[{"href":"https:\/\/cultureshake.ph-karlsruhe.de\/cusha\/sl\/wp-json\/wp\/v2\/pages"}],"about":[{"href":"https:\/\/cultureshake.ph-karlsruhe.de\/cusha\/sl\/wp-json\/wp\/v2\/types\/page"}],"author":[{"embeddable":true,"href":"https:\/\/cultureshake.ph-karlsruhe.de\/cusha\/sl\/wp-json\/wp\/v2\/users\/1"}],"replies":[{"embeddable":true,"href":"https:\/\/cultureshake.ph-karlsruhe.de\/cusha\/sl\/wp-json\/wp\/v2\/comments?post=797"}],"version-history":[{"count":13,"href":"https:\/\/cultureshake.ph-karlsruhe.de\/cusha\/sl\/wp-json\/wp\/v2\/pages\/797\/revisions"}],"predecessor-version":[{"id":1027,"href":"https:\/\/cultureshake.ph-karlsruhe.de\/cusha\/sl\/wp-json\/wp\/v2\/pages\/797\/revisions\/1027"}],"up":[{"embeddable":true,"href":"https:\/\/cultureshake.ph-karlsruhe.de\/cusha\/sl\/wp-json\/wp\/v2\/pages\/759"}],"wp:attachment":[{"href":"https:\/\/cultureshake.ph-karlsruhe.de\/cusha\/sl\/wp-json\/wp\/v2\/media?parent=797"}],"curies":[{"name":"wp","href":"https:\/\/api.w.org\/{rel}","templated":true}]}}