{"id":775,"date":"2019-10-06T17:16:39","date_gmt":"2019-10-06T15:16:39","guid":{"rendered":"http:\/\/cultureshake.ph-karlsruhe.de\/cusha\/?page_id=775"},"modified":"2019-10-26T13:38:18","modified_gmt":"2019-10-26T11:38:18","slug":"multiplier-event-at-the-university-of-primorska-march-23th-2019","status":"publish","type":"page","link":"https:\/\/cultureshake.ph-karlsruhe.de\/cusha\/sl\/aktivitaeten\/multiplikatorenveranstaltung\/multiplier-event-at-the-university-of-primorska-march-23th-2019\/","title":{"rendered":"Dogodek multiplikatorjev na Univerzi na Primorskem 23. 3. 2019"},"content":{"rendered":"<p>V vseh \u0161tirih sodelujo\u010dih dr\u017eavah projekta CultureShake Multiplier Events so potekale. Prireditev multiplikatorja CultureShake v Sloveniji je marca 2019. Univerza na Primorskem gostila Univerza na Primorskem. Na prireditvi so sodelovali nacionalni in mednarodni gostje. Bili so strokovni za jezikovno raziskovanje, prisotni pa so bili tudi praktiki in \u0161tudenti. Slednje so zanimali predvsem rezultati projekta.  <\/p>\n<p>Na za\u010detku dneva so udele\u017eence pozdravili in seznanili z izvorom in obsegom projekta, vklju\u010dno s temami EU, prednostnimi nalogami in glavnimi besedili ter dokumenti o izobra\u017eevanju. Popoldne so bili predstavljeni vsi intelektualni rezultati. Rezultati projekta so bili dobro sprejeti, sledile so razprave in predlogi za prenos na druga podro\u010dja izobra\u017eevanja. Med kosili in odmori za kavo so bili predstavljeni materiali iz projekta, kot so jezikovne biografije in primeri lokalne kulture. Udele\u017eenci so izrazili veliko zanimanje za nadaljnje spremljanje in za ohranjanje stikov. Ob zaklju\u010dku sre\u010danja je bil sprejem s posterjem. Pripravljena je bila tudi delavnica, prisotni pa so bili tudi strokovnjaki programske dru\u017ebe Amebis. V dogodku mno\u017eitelja je imel udele\u017eenec mo\u017enost preizkusiti spletni slovar. Udele\u017eenci so bili navdu\u0161eni nad inovativnimi pristopi, materialom in idejami projekta.<\/p>\n<style>\n#tabcust {\n  border-collapse: collapse;\n  width: 100%;\n  text-align: center;\n  vertical-align: middle;\n  border: 2px solid black;\n}\n<\/style>\n<table id=\"tabcust\">\n<tr>\n<th width=\"75%\">Multiplier Event Programme<\/th>\n<th width=\"25%\"><a href=\"https:\/\/cultureshake.ph-karlsruhe.de\/wordpress\/wp-content\/uploads\/2019\/10\/E1_Building%20Cultural%20Bridges_Program.pdf\" target=\"_blank\" rel=\"noopener noreferrer\"><img decoding=\"async\" src=\"https:\/\/cultureshake.ph-karlsruhe.de\/wordpress\/wp-content\/uploads\/2019\/10\/Download_CS.png\"><\/a><\/th>\n<\/tr>\n<tr>\n<th>Multiplier Presentation: Building Cultural Bridges<\/th>\n<th><a href=\"https:\/\/cultureshake.ph-karlsruhe.de\/wordpress\/wp-content\/uploads\/2019\/10\/E1_Building%20bridges_presentation.pdf\" target=\"_blank\" rel=\"noopener noreferrer\"><img decoding=\"async\" src=\"https:\/\/cultureshake.ph-karlsruhe.de\/wordpress\/wp-content\/uploads\/2019\/10\/Download_CS.png\"><\/a><\/th>\n<\/tr>\n<tr>\n<th>Multiplier Presentation: CUSHA Dictionary<\/th>\n<th><a href=\"https:\/\/cultureshake.ph-karlsruhe.de\/wordpress\/wp-content\/uploads\/2019\/10\/E1_CUSHA_DICTIONARY.pdf\" target=\"_blank\" rel=\"noopener noreferrer\"><img decoding=\"async\" src=\"https:\/\/cultureshake.ph-karlsruhe.de\/wordpress\/wp-content\/uploads\/2019\/10\/Download_CS.png\"><\/a><\/th>\n<\/tr>\n<\/table>\n<p><\/p>","protected":false},"excerpt":{"rendered":"<p>V vseh \u0161tirih sodelujo\u010dih dr\u017eavah projekta CultureShake Multiplier Events so potekale. Prireditev multiplikatorja CultureShake v Sloveniji je marca 2019. Univerza na Primorskem gostila Univerza na Primorskem. Na prireditvi so sodelovali nacionalni in mednarodni gostje. Bili so strokovni za jezikovno raziskovanje,<\/p>\n<p><span class=\"ellipsis\">&hellip;<\/span><\/p>\n<div class=\"read-more\"><a href=\"https:\/\/cultureshake.ph-karlsruhe.de\/cusha\/sl\/aktivitaeten\/multiplikatorenveranstaltung\/multiplier-event-at-the-university-of-primorska-march-23th-2019\/\">Ve\u010d &#8250;<\/a><\/div>\n<p><!-- end of .read-more --><\/p>\n","protected":false},"author":1,"featured_media":0,"parent":759,"menu_order":0,"comment_status":"closed","ping_status":"closed","template":"","meta":{"footnotes":""},"class_list":["post-775","page","type-page","status-publish","hentry"],"_links":{"self":[{"href":"https:\/\/cultureshake.ph-karlsruhe.de\/cusha\/sl\/wp-json\/wp\/v2\/pages\/775","targetHints":{"allow":["GET"]}}],"collection":[{"href":"https:\/\/cultureshake.ph-karlsruhe.de\/cusha\/sl\/wp-json\/wp\/v2\/pages"}],"about":[{"href":"https:\/\/cultureshake.ph-karlsruhe.de\/cusha\/sl\/wp-json\/wp\/v2\/types\/page"}],"author":[{"embeddable":true,"href":"https:\/\/cultureshake.ph-karlsruhe.de\/cusha\/sl\/wp-json\/wp\/v2\/users\/1"}],"replies":[{"embeddable":true,"href":"https:\/\/cultureshake.ph-karlsruhe.de\/cusha\/sl\/wp-json\/wp\/v2\/comments?post=775"}],"version-history":[{"count":10,"href":"https:\/\/cultureshake.ph-karlsruhe.de\/cusha\/sl\/wp-json\/wp\/v2\/pages\/775\/revisions"}],"predecessor-version":[{"id":981,"href":"https:\/\/cultureshake.ph-karlsruhe.de\/cusha\/sl\/wp-json\/wp\/v2\/pages\/775\/revisions\/981"}],"up":[{"embeddable":true,"href":"https:\/\/cultureshake.ph-karlsruhe.de\/cusha\/sl\/wp-json\/wp\/v2\/pages\/759"}],"wp:attachment":[{"href":"https:\/\/cultureshake.ph-karlsruhe.de\/cusha\/sl\/wp-json\/wp\/v2\/media?parent=775"}],"curies":[{"name":"wp","href":"https:\/\/api.w.org\/{rel}","templated":true}]}}