{"id":769,"date":"2019-10-06T17:10:57","date_gmt":"2019-10-06T15:10:57","guid":{"rendered":"http:\/\/cultureshake.ph-karlsruhe.de\/cusha\/?page_id=769"},"modified":"2019-10-26T12:43:46","modified_gmt":"2019-10-26T10:43:46","slug":"multiplier-event-at-the-university-of-education-karlsruhe-ph-may-17th-2019","status":"publish","type":"page","link":"https:\/\/cultureshake.ph-karlsruhe.de\/cusha\/sl\/aktivitaeten\/multiplikatorenveranstaltung\/multiplier-event-at-the-university-of-education-karlsruhe-ph-may-17th-2019\/","title":{"rendered":"Multiplikatorski dogodek na Univerzi za izobra\u017eevanje Karlsruhe (PH), 17. maj 2019"},"content":{"rendered":"<p>V vseh \u0161tirih sodelujo\u010dih dr\u017eavah projekta CultureShake so potekali multiplikatorski dogodki. Dogodek v Nem\u010diji je gostil Univerza za izobra\u017eevanje Karlsruhe.<\/p>\n<p>Na tem dogodku so sodelovali dr\u017eavni in mednarodni gostje iz Belgije, \u0160vedske in ZDA. Skupina raziskovalcev in praktikov je bila zainteresirana za rezultate projekta.<\/p>\n<p>Na za\u010detku dneva so udele\u017eence pozdravili in se seznanili z izvorom in obsegom projekta, vklju\u010dno s temami EU, prednostnimi nalogami in glavnimi dokumenti o izobra\u017eevanju. Popoldne so bili predstavljeni vsi intelektualni rezultati. Rezultati projekta so bili dobro sprejeti, sledile so razprave in predlogi za prehod na druga podro\u010dja izobra\u017eevanja. Med kosilom in odmori za kavo so bili prikazani materiali projekta, kot so biografije jezikov in primeri iz lokalne kulture. Udele\u017eenci so izrazili veliko zanimanje za spremljanje in ohranjanje stikov. Ob zaklju\u010dku sre\u010danja je potekal sprejem s poster sejo.<br \/>\nDelegati so bili navdu\u0161eni nad inovativnimi pristopi, gradivom in idejami projekta.<\/p>\n<p>Tu je nekaj izjav:<\/p>\n<ul>\n<li>\u201cCultureShake je IRL in virtualna izmenjava. Danes sem si \u017eelel, da bi bil \u0161tudent, da bi lahko sodeloval pri teh informativnih in zabavnih aktivnostih. Geocache je lahko tudi literatura!\u201d (Petra Lindberg Hult\u00e9n, \u0160vedska)<\/li>\n<li>\u201cInovativne misli za u\u010denje jezikov; nove na\u010dine do\u017eivljanja Shakespeara in ohranjanje njegovih del pri \u017eivljenju\u201d (Susanne Johannsson, \u0160vedska)<\/li>\n<li>Mednarodna izmenjava in izmenjava med razli\u010dnimi nem\u0161kimi institucijami je bila prednost, npr. pristop u\u010diteljev osnovnih \u0161ol do ve\u010djezi\u010dnih razredov se razlikuje od pristopa u\u010diteljev gimnazij. Predstavljene so bile \u0161tevilne navdihujo\u010de ideje za \u0161olske izmenjave (virtualne in osebne, projektno usmerjene\u2026) &#8211; Shakespeare je \u017eiv! (Inge Stra\u00df, Nem\u010dija)<\/li>\n<li>Najlep\u0161a hvala za prilo\u017enost, da sodelujete na tem multiplikacijskem dogodku. To je bilo moje prvo sre\u010danje z multinacionalno mre\u017eo CultureShake. Zelo sem navdu\u0161en nad raznolikimi in ustvarjalnimi na\u010dini vklju\u010devanja mladih s Shakespearom &#8211; ali bolje re\u010deno, da se &#8220;sre\u010dajo&#8221;. &#8220;Stari mojster&#8221; Shakespeare sploh ni datiran in \u0161e vedno lahko motivira mlade. (Ulrike Fu\u00df, Nem\u010dija)<\/li>\n<li>Hvala za lepo sejo. Skupaj je bilo veliko zamisli. Obogatili so se \u0161tevilni vzgojitelji iz razli\u010dnih dr\u017eav. Nikoli ne bi pomislil na toliko ustvarjalnih na\u010dinov, da bi \u0161tudente vklju\u010dili v Shakespeare. (Rebecca Allen, ZDA)<\/li>\n<li>CultureShake nam je ponudil tako neverjetno prilo\u017enost, da se u\u010dimo in delimo s \u0161tevilnimi strokovnjaki iz razli\u010dnih podro\u010dij. U\u017eivala sem pri spoznavanju razli\u010dnih pristopov in praks, ki jih je CUSHA uporabila za vklju\u010devanje \u0161tudentov. Ideje programa so bile zelo inovativne in z veseljem so se u\u010dili od vseh. Najlep\u0161a hvala, ker ste nas vklju\u010dili! Imamo veliko idej, ki jih bomo vrnili v Zdru\u017eene dr\u017eave. (Jackie Roberts, ZDA)<\/li>\n<\/ul>\n<style>\n#tabcust {\n  border-collapse: collapse;\n  width: 100%;\n  border: 2px solid black;\n}\n<\/style>\n<table id=\"tabcust\">\n<tr>\n<th width=\"75%\">Invitation to Multiplier Event<\/th>\n<th width=\"25%\"><a href=\"https:\/\/cultureshake.ph-karlsruhe.de\/wordpress\/wp-content\/uploads\/2019\/10\/E4_Invitation%20PH%20Multiplier%20Event.pdf\" target=\"_blank\" rel=\"noopener noreferrer\"><img decoding=\"async\" src=\"https:\/\/cultureshake.ph-karlsruhe.de\/wordpress\/wp-content\/uploads\/2019\/10\/Download_CS.png\"><\/a><\/th>\n<\/tr>\n<tr>\n<th>Multiplier Presentation: Overview on CultureShake<\/th>\n<th><a href=\"https:\/\/cultureshake.ph-karlsruhe.de\/wordpress\/wp-content\/uploads\/2019\/10\/E4_Intro_ME_PH.pdf\" target=\"_blank\" rel=\"noopener noreferrer\"><img decoding=\"async\" src=\"https:\/\/cultureshake.ph-karlsruhe.de\/wordpress\/wp-content\/uploads\/2019\/10\/Download_CS.png\"><\/a><\/th>\n<\/tr>\n<tr>\n<th>Multiplier Presentation: Language Biography<\/th>\n<th><a href=\"https:\/\/cultureshake.ph-karlsruhe.de\/wordpress\/wp-content\/uploads\/2019\/10\/E4_Language_Bio_ME_PH.pdf\" target=\"_blank\" rel=\"noopener noreferrer\"><img decoding=\"async\" src=\"https:\/\/cultureshake.ph-karlsruhe.de\/wordpress\/wp-content\/uploads\/2019\/10\/Download_CS.png\"><\/a><\/th>\n<\/tr>\n<tr>\n<th>Multiplier Presentation: Intellectual Output 1 (IO1)<\/th>\n<th><a href=\"https:\/\/cultureshake.ph-karlsruhe.de\/wordpress\/wp-content\/uploads\/2019\/10\/E4_IO1_ME_PH.pdf\" target=\"_blank\" rel=\"noopener noreferrer\"><img decoding=\"async\" src=\"https:\/\/cultureshake.ph-karlsruhe.de\/wordpress\/wp-content\/uploads\/2019\/10\/Download_CS.png\"><\/a><\/th>\n<\/tr>\n<tr>\n<th>Example classroom activity of IO1<\/th>\n<th><a href=\"https:\/\/cultureshake.ph-karlsruhe.de\/wordpress\/wp-content\/uploads\/2019\/10\/Tempest-You-Taught-Me-Language-final.pdf\" target=\"_blank\" rel=\"noopener noreferrer\"><img decoding=\"async\" src=\"https:\/\/cultureshake.ph-karlsruhe.de\/wordpress\/wp-content\/uploads\/2019\/10\/Download_CS.png\"><\/a><\/th>\n<\/tr>\n<tr>\n<th>Multiplier Presentation: Intellectual Output 2 (IO2)<\/th>\n<th><a href=\"https:\/\/cultureshake.ph-karlsruhe.de\/wordpress\/wp-content\/uploads\/2019\/10\/E4_IO2_ME_PH.pdf\" target=\"_blank\" rel=\"noopener noreferrer\"><img decoding=\"async\" src=\"https:\/\/cultureshake.ph-karlsruhe.de\/wordpress\/wp-content\/uploads\/2019\/10\/Download_CS.png\"><\/a><\/th>\n<\/tr>\n<tr>\n<th>Multiplier Presentation: Intellectual Output 3 (IO3)<\/th>\n<th><a href=\"https:\/\/cultureshake.ph-karlsruhe.de\/wordpress\/wp-content\/uploads\/2019\/10\/E4_IO3_ME_PH.pdf\" target=\"_blank\" rel=\"noopener noreferrer\"><img decoding=\"async\" src=\"https:\/\/cultureshake.ph-karlsruhe.de\/wordpress\/wp-content\/uploads\/2019\/10\/Download_CS.png\"><\/a><\/th>\n<\/tr>\n<tr>\n<th>Multiplier Presentation: Intellectual Output 4 (IO4)<\/th>\n<th><a href=\"https:\/\/cultureshake.ph-karlsruhe.de\/wordpress\/wp-content\/uploads\/2019\/10\/E4_IO4_ME_PH.pdf\" target=\"_blank\" rel=\"noopener noreferrer\"><img decoding=\"async\" src=\"https:\/\/cultureshake.ph-karlsruhe.de\/wordpress\/wp-content\/uploads\/2019\/10\/Download_CS.png\"><\/a><\/th>\n<\/tr>\n<tr>\n<th>Poster: CultureShake<\/th>\n<th><a href=\"https:\/\/cultureshake.ph-karlsruhe.de\/wordpress\/wp-content\/uploads\/2019\/10\/E4_Poster_CultureShake_ME_PH.pdf\" target=\"_blank\" rel=\"noopener noreferrer\"><img decoding=\"async\" src=\"https:\/\/cultureshake.ph-karlsruhe.de\/wordpress\/wp-content\/uploads\/2019\/10\/Download_CS.png\"><\/a><\/th>\n<\/tr>\n<\/table>\n<p><\/p>","protected":false},"excerpt":{"rendered":"<p>V vseh \u0161tirih sodelujo\u010dih dr\u017eavah projekta CultureShake so potekali multiplikatorski dogodki. Dogodek v Nem\u010diji je gostil Univerza za izobra\u017eevanje Karlsruhe.<\/p>\n<p>Na tem dogodku so sodelovali dr\u017eavni in mednarodni gostje iz Belgije, \u0160vedske in ZDA. Skupina raziskovalcev in praktikov je bila zainteresirana za rezultate projekta.<\/p>\n<p><span class=\"ellipsis\">&hellip;<\/span><\/p>\n<div class=\"read-more\"><a href=\"https:\/\/cultureshake.ph-karlsruhe.de\/cusha\/sl\/aktivitaeten\/multiplikatorenveranstaltung\/multiplier-event-at-the-university-of-education-karlsruhe-ph-may-17th-2019\/\">Ve\u010d &#8250;<\/a><\/div>\n<p><!-- end of .read-more --><\/p>\n","protected":false},"author":1,"featured_media":0,"parent":759,"menu_order":4,"comment_status":"closed","ping_status":"closed","template":"","meta":{"footnotes":""},"class_list":["post-769","page","type-page","status-publish","hentry"],"_links":{"self":[{"href":"https:\/\/cultureshake.ph-karlsruhe.de\/cusha\/sl\/wp-json\/wp\/v2\/pages\/769","targetHints":{"allow":["GET"]}}],"collection":[{"href":"https:\/\/cultureshake.ph-karlsruhe.de\/cusha\/sl\/wp-json\/wp\/v2\/pages"}],"about":[{"href":"https:\/\/cultureshake.ph-karlsruhe.de\/cusha\/sl\/wp-json\/wp\/v2\/types\/page"}],"author":[{"embeddable":true,"href":"https:\/\/cultureshake.ph-karlsruhe.de\/cusha\/sl\/wp-json\/wp\/v2\/users\/1"}],"replies":[{"embeddable":true,"href":"https:\/\/cultureshake.ph-karlsruhe.de\/cusha\/sl\/wp-json\/wp\/v2\/comments?post=769"}],"version-history":[{"count":16,"href":"https:\/\/cultureshake.ph-karlsruhe.de\/cusha\/sl\/wp-json\/wp\/v2\/pages\/769\/revisions"}],"predecessor-version":[{"id":974,"href":"https:\/\/cultureshake.ph-karlsruhe.de\/cusha\/sl\/wp-json\/wp\/v2\/pages\/769\/revisions\/974"}],"up":[{"embeddable":true,"href":"https:\/\/cultureshake.ph-karlsruhe.de\/cusha\/sl\/wp-json\/wp\/v2\/pages\/759"}],"wp:attachment":[{"href":"https:\/\/cultureshake.ph-karlsruhe.de\/cusha\/sl\/wp-json\/wp\/v2\/media?parent=769"}],"curies":[{"name":"wp","href":"https:\/\/api.w.org\/{rel}","templated":true}]}}