{"id":765,"date":"2019-10-06T17:02:39","date_gmt":"2019-10-06T15:02:39","guid":{"rendered":"http:\/\/cultureshake.ph-karlsruhe.de\/cusha\/?page_id=765"},"modified":"2019-10-23T11:01:19","modified_gmt":"2019-10-23T09:01:19","slug":"5-transnationales-projekttreffen","status":"publish","type":"page","link":"https:\/\/cultureshake.ph-karlsruhe.de\/cusha\/sl\/aktivitaeten\/transnationale-meetings\/5-transnationales-projekttreffen\/","title":{"rendered":"5. transnacionalni projektni sestane"},"content":{"rendered":"<p><\/p>\n<h1>na univerzi za izobra\u017eevanje v Karlsruheju od 3. 6. do 6. 6. 2019<\/h1>\n<p>Zaklju\u010dno sre\u010danje projekta \u201eCultureShake\u201c je potekalo v Karlsruheju. Ponedeljek in petek sta bila predvidena kot dneva potovanja.<\/p>\n<p>Razpravljale so in delale naslednje teme:<\/p>\n<ul>\n<li>Dejavnosti raz\u0161irjanja<\/li>\n<li>Cikel raz\u0161irjanja<\/li>\n<li>Spletna stran<\/li>\n<li>Upravljanje z zainteresiranimi stranmi<\/li>\n<li>Vpliv (vklju\u010dno s sklicevanjem na izvajanje u\u010dinka s \u010detrtega nadnacionalnega sre\u010danja projekta)<\/li>\n<li>Intelektualni rezultati: zagotavljanje kakovosti, vpra\u0161anja prevajanja in postopek, postavitev<\/li>\n<li>Preverite orodje za mobilnost<\/li>\n<li>Razprava in razumevanje vpra\u0161anja kon\u010dnega poro\u010dila<\/li>\n<li>Razprava o rezultatih projekta<\/li>\n<li>Koncept trajnosti<\/li>\n<li>Posodobite na\u010drt projekta z datumi za dohodne klice<\/li>\n<\/ul>\n<p>Glede dejavnosti raz\u0161irjanja in raz\u0161irjanja smo ocenili, da na\u0161i rezultati presegajo cilje, navedene v predlogu projekta, saj smo tam dosegli ve\u010d ljudi, kot so sprva ciljali. Na\u010drt raz\u0161irjanja, ki je bil pripravljen na za\u010detku projekta, je bil u\u010dinkovit, saj nam je pomagal pri doseganju ciljev.<\/p>\n<p>Glede na vpliv (ki ga najdete tukaj <a href=\"https:\/\/www.kmk-pad.org\/fileadmin\/Dateien\/download\/v_na\/03_Durchfuehrung\/KA_2\/Impact__Exercise_Workshop.pdf\" target=\"_\" rel=\"noopener noreferrer\">here<\/a>) smo izmerili velik vpliv projekta na institucije. Po zaklju\u010dku projekta so partnerji projekta \u0161e vedno vabljeni na pogovore, ki bodo prikazani v rubriki novice, raz\u0161irjanje in galerija na spletni strani projekta, da bodo zainteresirani obve\u0161\u010deni.<\/p>\n<p>Z upravljanjem interesnih skupin smo navedli, da smo aktivirali regionalne, dr\u017eavne in mednarodne mre\u017ee. V skladu s temi cilji je bil zadnji dan sre\u010danja namenjen sre\u010danju z zainteresiranimi stranmi na kraju samem, kot je predstavnik RPI (Center verskega izobra\u017eevanja) iz Karlsruheja, \u0161tudenti in osebje z Univerze za izobra\u017eevanje.<\/p>","protected":false},"excerpt":{"rendered":"<\/p>\n<p>na univerzi za izobra\u017eevanje v Karlsruheju od 3. 6. do 6. 6. 2019<\/p>\n<p>Zaklju\u010dno sre\u010danje projekta \u201eCultureShake\u201c je potekalo v Karlsruheju. Ponedeljek in petek sta bila predvidena kot dneva potovanja.<\/p>\n<p>Razpravljale so in delale naslednje teme:<\/p>\n<ul>\n<li>Dejavnosti raz\u0161irjanja<\/li>\n<li>Cikel raz\u0161irjanja<\/li>\n<li>Spletna stran<\/li>\n<li>Upravljanje z zainteresiranimi stranmi<\/li>\n<li>Vpliv (vklju\u010dno s sklicevanjem na izvajanje u\u010dinka s \u010detrtega nadnacionalnega sre\u010danja projekta)<\/li>\n<li>Intelektualni rezultati: zagotavljanje kakovosti,<\/li>\n<\/ul>\n<p><span class=\"ellipsis\">&hellip;<\/span><\/p>\n<div class=\"read-more\"><a href=\"https:\/\/cultureshake.ph-karlsruhe.de\/cusha\/sl\/aktivitaeten\/transnationale-meetings\/5-transnationales-projekttreffen\/\">Ve\u010d &#8250;<\/a><\/div>\n<p><!-- end of .read-more --><\/p>\n","protected":false},"author":1,"featured_media":0,"parent":96,"menu_order":5,"comment_status":"closed","ping_status":"closed","template":"","meta":{"footnotes":""},"class_list":["post-765","page","type-page","status-publish","hentry"],"_links":{"self":[{"href":"https:\/\/cultureshake.ph-karlsruhe.de\/cusha\/sl\/wp-json\/wp\/v2\/pages\/765","targetHints":{"allow":["GET"]}}],"collection":[{"href":"https:\/\/cultureshake.ph-karlsruhe.de\/cusha\/sl\/wp-json\/wp\/v2\/pages"}],"about":[{"href":"https:\/\/cultureshake.ph-karlsruhe.de\/cusha\/sl\/wp-json\/wp\/v2\/types\/page"}],"author":[{"embeddable":true,"href":"https:\/\/cultureshake.ph-karlsruhe.de\/cusha\/sl\/wp-json\/wp\/v2\/users\/1"}],"replies":[{"embeddable":true,"href":"https:\/\/cultureshake.ph-karlsruhe.de\/cusha\/sl\/wp-json\/wp\/v2\/comments?post=765"}],"version-history":[{"count":6,"href":"https:\/\/cultureshake.ph-karlsruhe.de\/cusha\/sl\/wp-json\/wp\/v2\/pages\/765\/revisions"}],"predecessor-version":[{"id":929,"href":"https:\/\/cultureshake.ph-karlsruhe.de\/cusha\/sl\/wp-json\/wp\/v2\/pages\/765\/revisions\/929"}],"up":[{"embeddable":true,"href":"https:\/\/cultureshake.ph-karlsruhe.de\/cusha\/sl\/wp-json\/wp\/v2\/pages\/96"}],"wp:attachment":[{"href":"https:\/\/cultureshake.ph-karlsruhe.de\/cusha\/sl\/wp-json\/wp\/v2\/media?parent=765"}],"curies":[{"name":"wp","href":"https:\/\/api.w.org\/{rel}","templated":true}]}}