{"id":762,"date":"2019-10-06T16:53:31","date_gmt":"2019-10-06T14:53:31","guid":{"rendered":"http:\/\/cultureshake.ph-karlsruhe.de\/cusha\/?page_id=762"},"modified":"2019-10-20T12:24:44","modified_gmt":"2019-10-20T10:24:44","slug":"4-transnationales-projekttreffen","status":"publish","type":"page","link":"https:\/\/cultureshake.ph-karlsruhe.de\/cusha\/sl\/aktivitaeten\/transnationale-meetings\/4-transnationales-projekttreffen\/","title":{"rendered":"4. transnacionalni projektni sestanek"},"content":{"rendered":"<p><\/p>\n<h1>na Univerzi na Primorskem v Kopru (Slovenija) od 04. 12. Do 12. 06. 2018<\/h1>\n<p>Na tem transnacionalnem sre\u010danju so bile obravnavane naslednje teme projekta Erasmus +:<\/p>\n<ul>\n<li>Izmenjava in poro\u010danje o najnovej\u0161ih dose\u017ekih na podro\u010dju raz\u0161irjanja in vpliva: partnerji so opisali svoje dejavnosti<\/li>\n<li>Intelektualni rezultati: vzpostavitev kroga zagotavljanja kakovosti, organizacija prevajalskega procesa, dogovor o postavitvi<\/li>\n<li>Razprava o rezultatih ocenjevanja projekta<\/li>\n<li>Priprava petega transnacionalnega sre\u010danja projekta junija 2019<\/li>\n<li>Oblikovanje multiplikacijskih dogodkov<\/li>\n<li>Razprava o prihajajo\u010dih dogodkih eTwinning<\/li>\n<li>Razprava o trajnostnih konceptih<\/li>\n<li>strategije za okrepitev raz\u0161irjanja<\/li>\n<li>Poro\u010dilo o letnem sre\u010danju PAD 2018 s poudarkom na vplivu<\/li>\n<li>Vaja o u\u010dinku<\/li>\n<\/ul>\n<p>Z izvedbo vpliva smo vizualizirali velik vpliv \u00bbCultureShake\u00ab na razli\u010dnih podro\u010djih od doma\u010dih organizacij do mednarodnih raziskav. To je PAD zagotovila na letnem sre\u010danju leta 2018.<\/p>","protected":false},"excerpt":{"rendered":"<\/p>\n<p>na Univerzi na Primorskem v Kopru (Slovenija) od 04. 12. Do 12. 06. 2018<\/p>\n<p>Na tem transnacionalnem sre\u010danju so bile obravnavane naslednje teme projekta Erasmus +:<\/p>\n<ul>\n<li>Izmenjava in poro\u010danje o najnovej\u0161ih dose\u017ekih na podro\u010dju raz\u0161irjanja in vpliva: partnerji so opisali svoje dejavnosti<\/li>\n<li>Intelektualni rezultati: vzpostavitev kroga zagotavljanja kakovosti,<\/li>\n<\/ul>\n<p><span class=\"ellipsis\">&hellip;<\/span><\/p>\n<div class=\"read-more\"><a href=\"https:\/\/cultureshake.ph-karlsruhe.de\/cusha\/sl\/aktivitaeten\/transnationale-meetings\/4-transnationales-projekttreffen\/\">Ve\u010d &#8250;<\/a><\/div>\n<p><!-- end of .read-more --><\/p>\n","protected":false},"author":1,"featured_media":0,"parent":96,"menu_order":4,"comment_status":"closed","ping_status":"closed","template":"","meta":{"footnotes":""},"class_list":["post-762","page","type-page","status-publish","hentry"],"_links":{"self":[{"href":"https:\/\/cultureshake.ph-karlsruhe.de\/cusha\/sl\/wp-json\/wp\/v2\/pages\/762","targetHints":{"allow":["GET"]}}],"collection":[{"href":"https:\/\/cultureshake.ph-karlsruhe.de\/cusha\/sl\/wp-json\/wp\/v2\/pages"}],"about":[{"href":"https:\/\/cultureshake.ph-karlsruhe.de\/cusha\/sl\/wp-json\/wp\/v2\/types\/page"}],"author":[{"embeddable":true,"href":"https:\/\/cultureshake.ph-karlsruhe.de\/cusha\/sl\/wp-json\/wp\/v2\/users\/1"}],"replies":[{"embeddable":true,"href":"https:\/\/cultureshake.ph-karlsruhe.de\/cusha\/sl\/wp-json\/wp\/v2\/comments?post=762"}],"version-history":[{"count":3,"href":"https:\/\/cultureshake.ph-karlsruhe.de\/cusha\/sl\/wp-json\/wp\/v2\/pages\/762\/revisions"}],"predecessor-version":[{"id":844,"href":"https:\/\/cultureshake.ph-karlsruhe.de\/cusha\/sl\/wp-json\/wp\/v2\/pages\/762\/revisions\/844"}],"up":[{"embeddable":true,"href":"https:\/\/cultureshake.ph-karlsruhe.de\/cusha\/sl\/wp-json\/wp\/v2\/pages\/96"}],"wp:attachment":[{"href":"https:\/\/cultureshake.ph-karlsruhe.de\/cusha\/sl\/wp-json\/wp\/v2\/media?parent=762"}],"curies":[{"name":"wp","href":"https:\/\/api.w.org\/{rel}","templated":true}]}}