{"id":759,"date":"2019-10-05T17:21:56","date_gmt":"2019-10-05T15:21:56","guid":{"rendered":"http:\/\/cultureshake.ph-karlsruhe.de\/cusha\/?page_id=759"},"modified":"2019-10-20T18:07:58","modified_gmt":"2019-10-20T16:07:58","slug":"multiplikatorenveranstaltung","status":"publish","type":"page","link":"https:\/\/cultureshake.ph-karlsruhe.de\/cusha\/sl\/aktivitaeten\/multiplikatorenveranstaltung\/","title":{"rendered":"Multiplikatorski dogodek"},"content":{"rendered":"<p>Za projekt CultureShake v \u0161tirih sodelujo\u010dih dr\u017eavah so bili ponujeni \u0161tirje multiplikatorji. Namen multiplikatorskih dogodkov je predstaviti intelektualne rezultate ciljnim skupinam projekta.<\/p>\n<p>Organizirani so bili naslednji multiplikatorji:<\/p>\n<ul>\n<li><a href=\"http:\/\/cultureshake.ph-karlsruhe.de\/cusha\/aktivitaeten\/multiplikatorenveranstaltung\/multiplier-event-at-the-university-of-primorska-march-23th-2019\/\">Dogodek multiplikatorjev na Univerzi na Primorskem 23. 3. 2019<\/a><\/li>\n<li><a href=\"http:\/\/cultureshake.ph-karlsruhe.de\/cusha\/aktivitaeten\/multiplikatorenveranstaltung\/multiplier-event-at-the-shakespeare-birthplace-trust-on-april-5-2019\/\">Dogodek mno\u017eitelja v zavodu Shakespeare rojstni dan 5. aprila 2019<\/a><\/li>\n<li><a href=\"http:\/\/cultureshake.ph-karlsruhe.de\/cusha\/aktivitaeten\/multiplikatorenveranstaltung\/multiplier-event-at-the-english-school-of-gothenburg\/\">Dogodek multiplikatorjev v angle\u0161ki \u0161oli v G\u00f6teborgu, 2. maja 2019<\/a><\/li>\n<li><a href=\"http:\/\/cultureshake.ph-karlsruhe.de\/cusha\/aktivitaeten\/multiplikatorenveranstaltung\/multiplier-event-at-the-university-of-education-karlsruhe-ph-may-17th-2019\/\">Multiplikatorski dogodek na Univerzi za izobra\u017eevanje Karlsruhe (PH), 17. maj 2019<\/a><\/li>\n<\/ul>\n<p><\/p>","protected":false},"excerpt":{"rendered":"<p>Za projekt CultureShake v \u0161tirih sodelujo\u010dih dr\u017eavah so bili ponujeni \u0161tirje multiplikatorji. Namen multiplikatorskih dogodkov je predstaviti intelektualne rezultate ciljnim skupinam projekta.<\/p>\n<p>Organizirani so bili naslednji multiplikatorji:<\/p>\n<ul>\n<li><a href=\"http:\/\/cultureshake.ph-karlsruhe.de\/cusha\/aktivitaeten\/multiplikatorenveranstaltung\/multiplier-event-at-the-university-of-primorska-march-23th-2019\/\">Dogodek multiplikatorjev na Univerzi na Primorskem 23.<\/a><\/li>\n<\/ul>\n<p><span class=\"ellipsis\">&hellip;<\/span><\/p>\n<div class=\"read-more\"><a href=\"https:\/\/cultureshake.ph-karlsruhe.de\/cusha\/sl\/aktivitaeten\/multiplikatorenveranstaltung\/\">Ve\u010d &#8250;<\/a><\/div>\n<p><!-- end of .read-more --><\/p>\n","protected":false},"author":1,"featured_media":0,"parent":51,"menu_order":3,"comment_status":"closed","ping_status":"closed","template":"","meta":{"footnotes":""},"class_list":["post-759","page","type-page","status-publish","hentry"],"_links":{"self":[{"href":"https:\/\/cultureshake.ph-karlsruhe.de\/cusha\/sl\/wp-json\/wp\/v2\/pages\/759","targetHints":{"allow":["GET"]}}],"collection":[{"href":"https:\/\/cultureshake.ph-karlsruhe.de\/cusha\/sl\/wp-json\/wp\/v2\/pages"}],"about":[{"href":"https:\/\/cultureshake.ph-karlsruhe.de\/cusha\/sl\/wp-json\/wp\/v2\/types\/page"}],"author":[{"embeddable":true,"href":"https:\/\/cultureshake.ph-karlsruhe.de\/cusha\/sl\/wp-json\/wp\/v2\/users\/1"}],"replies":[{"embeddable":true,"href":"https:\/\/cultureshake.ph-karlsruhe.de\/cusha\/sl\/wp-json\/wp\/v2\/comments?post=759"}],"version-history":[{"count":7,"href":"https:\/\/cultureshake.ph-karlsruhe.de\/cusha\/sl\/wp-json\/wp\/v2\/pages\/759\/revisions"}],"predecessor-version":[{"id":871,"href":"https:\/\/cultureshake.ph-karlsruhe.de\/cusha\/sl\/wp-json\/wp\/v2\/pages\/759\/revisions\/871"}],"up":[{"embeddable":true,"href":"https:\/\/cultureshake.ph-karlsruhe.de\/cusha\/sl\/wp-json\/wp\/v2\/pages\/51"}],"wp:attachment":[{"href":"https:\/\/cultureshake.ph-karlsruhe.de\/cusha\/sl\/wp-json\/wp\/v2\/media?parent=759"}],"curies":[{"name":"wp","href":"https:\/\/api.w.org\/{rel}","templated":true}]}}