{"id":74,"date":"2016-12-07T22:21:06","date_gmt":"2016-12-07T21:21:06","guid":{"rendered":"http:\/\/cultureshake.ph-karlsruhe.de\/cusha\/?page_id=74"},"modified":"2017-08-10T10:12:32","modified_gmt":"2017-08-10T08:12:32","slug":"universitaet-primorska","status":"publish","type":"page","link":"https:\/\/cultureshake.ph-karlsruhe.de\/cusha\/sl\/ueber-uns\/universitaet-primorska\/","title":{"rendered":"Fakulteta za matematiko, naravoslovje in informacijske tehnologije (UP FAMNIT)"},"content":{"rendered":"<p><\/p>\n<h3>O fakulteti<\/h3>\n<p>Fakulteta za matematiko, naravoslovje in informacijske tehnologije (UP FAMNIT) je \u010dlanica Univerze na Primorskem. Ustanovljena je bila leta 2006. Fakulteta izvaja \u0161tudijske programe vseh treh stopenj ter raziskuje na podro\u010djih matematike, ra\u010dunalni\u0161tva in informatike ter na podro\u010dju naravoslovnih ved.<\/p>\n<h3>Raziskovalna dejavnost<\/h3>\n<p>Fakulteta tesno sodeluje z In\u0161titutom Andrej Maru\u0161i\u010d Univerze na Primorskem (UP IAM), kjer trenutno opravlja raziskovalno dejavnost ve\u010dina visoko\u0161olskih u\u010diteljev in sodelavcev UP FAMNIT. Temeljni dejavnosti fakultete sta izobra\u017eevanje in raziskovanje, fakulteta pa je tudi organizatorica in soorganizatorica odmevnih mednarodnih konferenc in drugih znanstvenih sre\u010danj. Fakulteta je aktivno vklju\u010dena v mednarodni visoko\u0161olski in raziskovalni prostor; vzpostavljeno ima \u0161iroko mre\u017eo raziskovalnih povezav z uglednimi tujimi univerzami. Velja izpostaviti, da je Raziskovalna skupina UP FAMNIT ena od \u0161tirih vodilnih raziskovalnih skupin na podro\u010dju algebrai\u010dne teorije grafov v svetovnem merilu \u2013 ostale tri skupine so na Kitajskem, v Avstraliji in Ju\u017eni Koreji. S tem je fakulteta Univerzo na Primorskem umestila na svetovni zemljevid uveljavljenih raziskovalnih institucij.<\/p>\n<h3>Predavanja za \u0161ir\u0161o dejavnost<\/h3>\n<p>Fakulteta izvaja tudi delavnice in predavanja za \u0161ir\u0161o javnost (Famnitovi izleti v matemati\u010dno vesolje, Famnitovi biolo\u0161ki ve\u010deri), v poletnih mesecih pa organizira poletne \u0161ole in tabore (Famnitov poletni tabor Matematika je kul, Famnitova poletna \u0161ola matemati\u010dnih financ, Famnitov naravoslovni tabor) ter predavanja in delavnice, ki so namenjene predvsem srednje\u0161olcem in osnovno\u0161olcem zaklju\u010dnih letnikov (Famnitova Orada RA\u010dunalni\u0161ka DelavnicA).<\/p>\n<h3>CUSHA in FAMNIT<\/h3>\n<p>Za slovenski del projekta Culture Shake skrbi dr. <a href=\"mailto:mojca.kompara@famnit.upr.si\">Mojca Kompara<\/a>, docentka na Univerzi na Primorskem, ki se s slovarstvom ukvarja od leta 2006, ko je bil objavljen njen prvi slovar, in sicer slovar kraj\u0161av. Mojca je strokovnjakinja na podro\u010dju leksikografije in v okviru projekta Culture Shake skrbi za pripravo Shakespearovega terminolo\u0161kega slovarja.<\/p>","protected":false},"excerpt":{"rendered":"<\/p>\n<p>O fakulteti<\/p>\n<p>Fakulteta za matematiko, naravoslovje in informacijske tehnologije (UP FAMNIT) je \u010dlanica Univerze na Primorskem. Ustanovljena je bila leta 2006. Fakulteta izvaja \u0161tudijske programe vseh treh stopenj ter raziskuje na podro\u010djih matematike, ra\u010dunalni\u0161tva in informatike ter na podro\u010dju naravoslovnih ved.<\/p>\n<p><span class=\"ellipsis\">&hellip;<\/span><\/p>\n<div class=\"read-more\"><a href=\"https:\/\/cultureshake.ph-karlsruhe.de\/cusha\/sl\/ueber-uns\/universitaet-primorska\/\">Ve\u010d &#8250;<\/a><\/div>\n<p><!-- end of .read-more --><\/p>\n","protected":false},"author":1,"featured_media":0,"parent":40,"menu_order":5,"comment_status":"closed","ping_status":"closed","template":"","meta":{"footnotes":""},"class_list":["post-74","page","type-page","status-publish","hentry"],"_links":{"self":[{"href":"https:\/\/cultureshake.ph-karlsruhe.de\/cusha\/sl\/wp-json\/wp\/v2\/pages\/74","targetHints":{"allow":["GET"]}}],"collection":[{"href":"https:\/\/cultureshake.ph-karlsruhe.de\/cusha\/sl\/wp-json\/wp\/v2\/pages"}],"about":[{"href":"https:\/\/cultureshake.ph-karlsruhe.de\/cusha\/sl\/wp-json\/wp\/v2\/types\/page"}],"author":[{"embeddable":true,"href":"https:\/\/cultureshake.ph-karlsruhe.de\/cusha\/sl\/wp-json\/wp\/v2\/users\/1"}],"replies":[{"embeddable":true,"href":"https:\/\/cultureshake.ph-karlsruhe.de\/cusha\/sl\/wp-json\/wp\/v2\/comments?post=74"}],"version-history":[{"count":12,"href":"https:\/\/cultureshake.ph-karlsruhe.de\/cusha\/sl\/wp-json\/wp\/v2\/pages\/74\/revisions"}],"predecessor-version":[{"id":572,"href":"https:\/\/cultureshake.ph-karlsruhe.de\/cusha\/sl\/wp-json\/wp\/v2\/pages\/74\/revisions\/572"}],"up":[{"embeddable":true,"href":"https:\/\/cultureshake.ph-karlsruhe.de\/cusha\/sl\/wp-json\/wp\/v2\/pages\/40"}],"wp:attachment":[{"href":"https:\/\/cultureshake.ph-karlsruhe.de\/cusha\/sl\/wp-json\/wp\/v2\/media?parent=74"}],"curies":[{"name":"wp","href":"https:\/\/api.w.org\/{rel}","templated":true}]}}