{"id":720,"date":"2019-03-28T19:27:42","date_gmt":"2019-03-28T18:27:42","guid":{"rendered":"http:\/\/cultureshake.ph-karlsruhe.de\/cusha\/?page_id=720"},"modified":"2019-10-23T17:34:06","modified_gmt":"2019-10-23T15:34:06","slug":"3-transnationales-projekttreffen","status":"publish","type":"page","link":"https:\/\/cultureshake.ph-karlsruhe.de\/cusha\/sl\/aktivitaeten\/transnationale-meetings\/3-transnationales-projekttreffen\/","title":{"rendered":"3. nadnacionalni projektni sestanek"},"content":{"rendered":"<p><\/p>\n<h1>v angle\u0161ki \u0161oli v G\u00f6teborgu (ESG) v G\u00f6teborgu od 15. 5. do 17. 5. 2018<\/h1>\n<p>&nbsp;<\/p>\n<p>Na tem transnacionalnem sre\u010danju so bile obravnavane naslednje teme projekta Erasmus +: <\/p>\n<ul>\n<li>Najnovej\u0161i razvoj dogodkov<\/li>\n<li>Oblikovanje multiplikacijskih dogodkov <\/li>\n<li>Dokon\u010danje tretje u\u010dne dejavnosti <\/li>\n<li>Dejavnosti ocenjevanja <\/li>\n<li>Priprava in izvedba webinarja zainteresiranih strani <\/li>\n<li>Diseminacija <\/li>\n<li>Vpliv <\/li>\n<li>Spremljanje <\/li>\n<li>Vrednotenje <\/li>\n<li>Urnik zagotavljanja kakovosti in prevodi intelektualnih rezultatov <\/li>\n<li>Priprava vmesnega poro\u010dila <\/li>\n<li>Varstvo podatkov na spletnih straneh in v EU <\/li>\n<\/ul>\n<p>V ESG vstopite v \u017eivahno u\u010dno vzdu\u0161je. U\u010denci 7. razreda so pozdravili projektno skupino in nam pokazali \u0161olo. V \u010dasu na\u0161ega bivanja v ESG smo lahko ve\u010dkrat dobili vpogled v testiranje u\u010dnega gradiva.<br \/>\n<\/p>","protected":false},"excerpt":{"rendered":"<\/p>\n<p>v angle\u0161ki \u0161oli v G\u00f6teborgu (ESG) v G\u00f6teborgu od 15. 5. do 17. 5. 2018<\/p>\n<p>&nbsp;<\/p>\n<p>Na tem transnacionalnem sre\u010danju so bile obravnavane naslednje teme projekta Erasmus +: <\/p>\n<ul>\n<li>Najnovej\u0161i razvoj dogodkov<\/li>\n<li>Oblikovanje multiplikacijskih dogodkov <\/li>\n<li>Dokon\u010danje tretje u\u010dne dejavnosti <\/li>\n<li>Dejavnosti ocenjevanja <\/li>\n<li>Priprava in izvedba webinarja zainteresiranih strani <\/li>\n<li>Diseminacija <\/li>\n<li>Vpliv <\/li>\n<li>Spremljanje <\/li>\n<li>Vrednotenje <\/li>\n<li>Urnik zagotavljanja kakovosti in prevodi intelektualnih rezultatov <\/li>\n<li>Priprava vmesnega poro\u010dila <\/li>\n<li>Varstvo podatkov na spletnih straneh in v EU <\/li>\n<\/ul>\n<p>V ESG vstopite v \u017eivahno u\u010dno vzdu\u0161je.<\/p>\n<p><span class=\"ellipsis\">&hellip;<\/span><\/p>\n<div class=\"read-more\"><a href=\"https:\/\/cultureshake.ph-karlsruhe.de\/cusha\/sl\/aktivitaeten\/transnationale-meetings\/3-transnationales-projekttreffen\/\">Ve\u010d &#8250;<\/a><\/div>\n<p><!-- end of .read-more --><\/p>\n","protected":false},"author":1,"featured_media":0,"parent":96,"menu_order":3,"comment_status":"closed","ping_status":"closed","template":"","meta":{"footnotes":""},"class_list":["post-720","page","type-page","status-publish","hentry"],"_links":{"self":[{"href":"https:\/\/cultureshake.ph-karlsruhe.de\/cusha\/sl\/wp-json\/wp\/v2\/pages\/720","targetHints":{"allow":["GET"]}}],"collection":[{"href":"https:\/\/cultureshake.ph-karlsruhe.de\/cusha\/sl\/wp-json\/wp\/v2\/pages"}],"about":[{"href":"https:\/\/cultureshake.ph-karlsruhe.de\/cusha\/sl\/wp-json\/wp\/v2\/types\/page"}],"author":[{"embeddable":true,"href":"https:\/\/cultureshake.ph-karlsruhe.de\/cusha\/sl\/wp-json\/wp\/v2\/users\/1"}],"replies":[{"embeddable":true,"href":"https:\/\/cultureshake.ph-karlsruhe.de\/cusha\/sl\/wp-json\/wp\/v2\/comments?post=720"}],"version-history":[{"count":13,"href":"https:\/\/cultureshake.ph-karlsruhe.de\/cusha\/sl\/wp-json\/wp\/v2\/pages\/720\/revisions"}],"predecessor-version":[{"id":1034,"href":"https:\/\/cultureshake.ph-karlsruhe.de\/cusha\/sl\/wp-json\/wp\/v2\/pages\/720\/revisions\/1034"}],"up":[{"embeddable":true,"href":"https:\/\/cultureshake.ph-karlsruhe.de\/cusha\/sl\/wp-json\/wp\/v2\/pages\/96"}],"wp:attachment":[{"href":"https:\/\/cultureshake.ph-karlsruhe.de\/cusha\/sl\/wp-json\/wp\/v2\/media?parent=720"}],"curies":[{"name":"wp","href":"https:\/\/api.w.org\/{rel}","templated":true}]}}