{"id":72,"date":"2016-12-07T22:19:54","date_gmt":"2016-12-07T21:19:54","guid":{"rendered":"http:\/\/cultureshake.ph-karlsruhe.de\/cusha\/?page_id=72"},"modified":"2019-03-28T18:47:32","modified_gmt":"2019-03-28T17:47:32","slug":"stiftelsen-english-school-gothenburg","status":"publish","type":"page","link":"https:\/\/cultureshake.ph-karlsruhe.de\/cusha\/sl\/ueber-uns\/stiftelsen-english-school-gothenburg\/","title":{"rendered":"angle\u0161ka \u0161ola v Gothenburgu The English School of Gothenburg"},"content":{"rendered":"<p><img loading=\"lazy\" decoding=\"async\" class=\"aligncenter wp-image-264 size-full\" src=\"http:\/\/cultureshake.ph-karlsruhe.de\/wordpress\/wp-content\/uploads\/2017\/03\/ESG_photo.png\" alt=\"\" width=\"522\" height=\"295\" srcset=\"https:\/\/cultureshake.ph-karlsruhe.de\/wordpress\/wp-content\/uploads\/2017\/03\/ESG_photo.png 522w, https:\/\/cultureshake.ph-karlsruhe.de\/wordpress\/wp-content\/uploads\/2017\/03\/ESG_photo-300x170.png 300w, https:\/\/cultureshake.ph-karlsruhe.de\/wordpress\/wp-content\/uploads\/2017\/03\/ESG_photo-100x57.png 100w, https:\/\/cultureshake.ph-karlsruhe.de\/wordpress\/wp-content\/uploads\/2017\/03\/ESG_photo-150x85.png 150w, https:\/\/cultureshake.ph-karlsruhe.de\/wordpress\/wp-content\/uploads\/2017\/03\/ESG_photo-200x113.png 200w, https:\/\/cultureshake.ph-karlsruhe.de\/wordpress\/wp-content\/uploads\/2017\/03\/ESG_photo-450x254.png 450w\" sizes=\"auto, (max-width: 522px) 100vw, 522px\" \/><\/p>\n<p>\u0160ola English School Gothenburg (ESG) se nahaja na zahodnem delu mesta, kamor se je preselila v zgodnjih 90-ih. Nedavno je \u0161ola zaklju\u010dila pomemben program prenove, ki je prinesel sodobno u\u010dno okolje z odli\u010dnimi novimi tehnologijami. Smo \u0161vedska &#8220;friskola&#8221;, kar pomeni, da smo ohranili neodvisnost, in sicer v skladu s \u0161vedsko zakonodajo in kurikulum. \u0160ola se financira iz javnih sredstev, to pomeni, da \u0161olanje ni pla\u010dljivo.<br \/>\nESG je majhna in prijazna \u0161ola. Otroci se lahko izobra\u017eujejo pri nas od treh let pa vse do \u0161estnajstega leta starosti. V skupini je na leto do \u0161tiriin\u0161tirideset otrok, kar pomeni, da zaposleni osebno poznajo vsakega otroka. \u0160ola dosega odli\u010dne u\u010dne rezultate, ki odra\u017eajo trdo delo u\u010dencev in u\u010diteljev ter mirno u\u010dno vzdu\u0161je, ki ga imamo na \u0161oli. U\u010denci zaklju\u010dijo \u0161olanje z odli\u010dnim znanjem angle\u0161kega jezika, poleg dobrega poznavanja \u0161ved\u0161\u010dine pa govorijo vsaj \u0161e en tuj jezik. Na\u0161 cilj je, da so u\u010denci, ki pri nas zaklju\u010dijo \u0161olanje, dvojezi\u010dni, saj jim prav to lahko omogo\u010da \u0161tudij in delo v prihodnosti, in sicer v \u0161vedskem ali angle\u0161kem jeziku, obenem pa razvijejo dobre u\u010dne navade.<\/p>\n<p>Dru\u017eine prihajajo iz vseh koncev sveta. Med zaposlenimi je vsaj 20 razli\u010dnih narodnosti in med dru\u017einami obstaja ve\u010d kot \u0161tirideset narodnosti in jezikov. To prestavlja zdravo me\u0161anico kultur in religij, ki zelo dobro funkcionirajo.<\/p>\n<p><a href=\"http:\/\/www.theenglishschool.se\" target=\"_blank\" rel=\"noopener noreferrer\">Preberite si ve\u010d o ESG<\/a><\/p>\n<h3>CUSHA na ESG<\/h3>\n<p>Dvanajst u\u010dencev iz 6. razreda \u0161ole ESG bo sodelovalo v izmenjavi z u\u010denci iz gimnazije Freidrich W\u00f6hler Gymnasium iz kraja Singen v Nem\u010diji. V okviru projekta CUSHA je \u0161ola ESG odgovorna za pripravo delavnic v G\u00f6teborgu (jeseni 2018) in za pripravo intelektualnih rezultatov projekta.<br \/>\nProjektno skupino \u0161ole ESG sestavljajo <a href=\"mailto:A.Potter@theenglishschool.se\">Andrew Potter<\/a> (ravnatelj \u0161ole ESG, administrator projekta) Vivian Hunt (odgovorna za IKT) <a href=\"mailto:C.Skoglund@theenglishschool.se\">Clare Skoglund<\/a> (vi\u0161ja u\u010diteljica) in <a href=\"mailto:C.Bye@theenglishschool.se\">Chloe Bye<\/a> (u\u010diteljica).<\/p>","protected":false},"excerpt":{"rendered":"<p><img loading=\"lazy\" decoding=\"async\" class=\"aligncenter wp-image-264 size-full\" src=\"http:\/\/cultureshake.ph-karlsruhe.de\/wordpress\/wp-content\/uploads\/2017\/03\/ESG_photo.png\" alt=\"\" width=\"522\" height=\"295\" srcset=\"https:\/\/cultureshake.ph-karlsruhe.de\/wordpress\/wp-content\/uploads\/2017\/03\/ESG_photo.png 522w, https:\/\/cultureshake.ph-karlsruhe.de\/wordpress\/wp-content\/uploads\/2017\/03\/ESG_photo-300x170.png 300w, https:\/\/cultureshake.ph-karlsruhe.de\/wordpress\/wp-content\/uploads\/2017\/03\/ESG_photo-100x57.png 100w, https:\/\/cultureshake.ph-karlsruhe.de\/wordpress\/wp-content\/uploads\/2017\/03\/ESG_photo-150x85.png 150w, https:\/\/cultureshake.ph-karlsruhe.de\/wordpress\/wp-content\/uploads\/2017\/03\/ESG_photo-200x113.png 200w, https:\/\/cultureshake.ph-karlsruhe.de\/wordpress\/wp-content\/uploads\/2017\/03\/ESG_photo-450x254.png 450w\" sizes=\"auto, (max-width: 522px) 100vw, 522px\" \/><\/p>\n<p>\u0160ola English School Gothenburg (ESG) se nahaja na zahodnem delu mesta, kamor se je preselila v zgodnjih 90-ih. Nedavno je \u0161ola zaklju\u010dila pomemben program prenove, ki je prinesel sodobno u\u010dno okolje z odli\u010dnimi novimi tehnologijami. Smo \u0161vedska &#8220;friskola&#8221;,<\/p>\n<p><span class=\"ellipsis\">&hellip;<\/span><\/p>\n<div class=\"read-more\"><a href=\"https:\/\/cultureshake.ph-karlsruhe.de\/cusha\/sl\/ueber-uns\/stiftelsen-english-school-gothenburg\/\">Ve\u010d &#8250;<\/a><\/div>\n<p><!-- end of .read-more --><\/p>\n","protected":false},"author":1,"featured_media":0,"parent":40,"menu_order":4,"comment_status":"closed","ping_status":"closed","template":"","meta":{"footnotes":""},"class_list":["post-72","page","type-page","status-publish","hentry"],"_links":{"self":[{"href":"https:\/\/cultureshake.ph-karlsruhe.de\/cusha\/sl\/wp-json\/wp\/v2\/pages\/72","targetHints":{"allow":["GET"]}}],"collection":[{"href":"https:\/\/cultureshake.ph-karlsruhe.de\/cusha\/sl\/wp-json\/wp\/v2\/pages"}],"about":[{"href":"https:\/\/cultureshake.ph-karlsruhe.de\/cusha\/sl\/wp-json\/wp\/v2\/types\/page"}],"author":[{"embeddable":true,"href":"https:\/\/cultureshake.ph-karlsruhe.de\/cusha\/sl\/wp-json\/wp\/v2\/users\/1"}],"replies":[{"embeddable":true,"href":"https:\/\/cultureshake.ph-karlsruhe.de\/cusha\/sl\/wp-json\/wp\/v2\/comments?post=72"}],"version-history":[{"count":22,"href":"https:\/\/cultureshake.ph-karlsruhe.de\/cusha\/sl\/wp-json\/wp\/v2\/pages\/72\/revisions"}],"predecessor-version":[{"id":708,"href":"https:\/\/cultureshake.ph-karlsruhe.de\/cusha\/sl\/wp-json\/wp\/v2\/pages\/72\/revisions\/708"}],"up":[{"embeddable":true,"href":"https:\/\/cultureshake.ph-karlsruhe.de\/cusha\/sl\/wp-json\/wp\/v2\/pages\/40"}],"wp:attachment":[{"href":"https:\/\/cultureshake.ph-karlsruhe.de\/cusha\/sl\/wp-json\/wp\/v2\/media?parent=72"}],"curies":[{"name":"wp","href":"https:\/\/api.w.org\/{rel}","templated":true}]}}