{"id":70,"date":"2016-12-07T22:18:55","date_gmt":"2016-12-07T21:18:55","guid":{"rendered":"http:\/\/cultureshake.ph-karlsruhe.de\/cusha\/?page_id=70"},"modified":"2019-03-28T18:49:12","modified_gmt":"2019-03-28T17:49:12","slug":"friedrich-woehler-gymnasium-singen","status":"publish","type":"page","link":"https:\/\/cultureshake.ph-karlsruhe.de\/cusha\/sl\/ueber-uns\/friedrich-woehler-gymnasium-singen\/","title":{"rendered":"gimnazija Friedrich-W\u00f6hler Gymnasium"},"content":{"rendered":"<p>Friedrich-W\u00f6hler-Gymnasium je gimnazija na skrajnem jugu de\u017eele Baden-W\u00fcrttemberg v Nem\u010diji. Ustanovljena je bila leta 1972 s profilom poudarkom na jezikih in znanosti. Od samega za\u010detka je njen cilj nov pristop k sekundarnem izobra\u017eevanju, ki se osredinja na \u0161tudente in uvajanje novih na\u010dinov u\u010denja. Danes te cilje \u0161e vedno uresni\u010dujejo, saj se \u0161ola nenehno razvija v vse bolj mednarodni in celovit okvir. \u0160ola zaposluje 110 u\u010diteljev in izobra\u017euje 1200 u\u010dencev iz razli\u010dnih okolij, okoli 25 % je priseljencev.<\/p>\n<p><a href=\"http:\/\/www.fwg-singen.de\/\" target=\"_blank\" rel=\"noopener noreferrer\">Preberite si ve\u010d o FWG Singen<\/a><\/p>\n<h3>Jeziki in mednarodna izmenjava<\/h3>\n<p>Dvojezi\u010dna podru\u017enica \u0161ole, ki je bila ena od prvih na dr\u017eavni ravni, zaradi zanimanja pa ji je sledila \u0161e druga, je bila ustanovljena leta 1998. Danes obsega dvojezi\u010dno izobra\u017eevanje na \u0161oli predmete, kot so zgodovina, biologija, dru\u017ebene vede in geografija. Predmete pou\u010duje pedago\u0161ko osebje, ki je vpleto v razvoj CLIL-a in dvojezi\u010dnega izobra\u017eevanja na dr\u017eavni ravni ter v okvir usposabljanja u\u010diteljev. Dvojezi\u010dno izobra\u017eevanje je del mednarodnega in jezikovnega okvira \u0161ole, saj je v \u0161olski profil vklju\u010dena tudi italijan\u0161\u010dina kot tretji tuji jezik. Mednarodna usmeritev je podkrepljena z dolgoletnimi izmenjavami u\u010dencev in u\u010diteljev, in sicer s \u0161olami v kraju Ballarat (Avstralija), Fontenay-le-Comte (Francija) in Viadana \/ Empoli (Italija). Starej\u0161i u\u010denci, z odliko v tujem jeziku, se lahko udele\u017eijo posebnih pripravljalnih skupin, ki se izvajajo na \u0161oli in nato opravijo izpite DELF ali CAE, in sicer za francoski ali angle\u0161ki jezik. \u0160olska knji\u017enica, ki jo vodi poklicni knji\u017eni\u010dar, ponuja razli\u010dne tuje jezikovne vire in dejavnosti v sodelovanju z u\u010ditelji in lokalnimi knjigarnami ter drugimi knji\u017enicami. Izbirni debatni kro\u017eek a angle\u0161kem jeziku za starej\u0161e u\u010dence, ki sodelujejo v debatni ligi nem\u0161kih dr\u017eavnih \u0161ol, dopolnjuje jezikovni program.<\/p>\n<h3>\u201cSvetovni razred\u201d<\/h3>\n<p>Begunci in u\u010denci, ki so \u0161ele pred kratkim prispeli v Nem\u010dijo, se vklju\u010dijo v t. i. &#8220;Weltklasse&#8221; (svetovni razred), in sicer poleg obi\u010dajnih u\u010dnih ur. V okviru svetovnega razreda so dele\u017eni individualnega ali skupinskega (v skupini dveh) jezikovnega usposabljanja, ki ga izvajajo GFL-u\u010ditelji (DaF), cilj pa je polno vklju\u010devanje v \u0161olsko \u017eivljenje, in sicer kar se da hitro, a tudi skrbno. Trenutno razred obiskuje 17 u\u010dencev (npr. iz Sirije, Pakistana in Kameruna), \u0161tevilo pa stalno nara\u0161\u010da.<\/p>\n<h3>CUSHA pri FWG<\/h3>\n<p>Dvanajst osmo\u0161olcev in deveto\u0161olcev iz gimnazije FWG sodeluje pri izmenjavi s \u0161tudenti iz Stiftelsen English School Gothenburg. V okviru projekta CUSHA je gimnazija FWG odgovorna za niz delavnic, ki se bodo odvijale v kraju Singen (spomladi 2017) in za modul za nadaljnje izobra\u017eevanje u\u010diteljev.<br \/>\nProjektno skupino gimnazije FWG sestavljajo <a href=\"mailto:hildegard.rieger@fwg-singen.de\">Hildegard Rieger<\/a> (projekt vodi, u\u010diteljica, u\u010diteljica usposabljanja, upravna svetovalka).<\/p>","protected":false},"excerpt":{"rendered":"<p>Friedrich-W\u00f6hler-Gymnasium je gimnazija na skrajnem jugu de\u017eele Baden-W\u00fcrttemberg v Nem\u010diji. Ustanovljena je bila leta 1972 s profilom poudarkom na jezikih in znanosti. Od samega za\u010detka je njen cilj nov pristop k sekundarnem izobra\u017eevanju, ki se osredinja na \u0161tudente in uvajanje novih na\u010dinov u\u010denja.<\/p>\n<p><span class=\"ellipsis\">&hellip;<\/span><\/p>\n<div class=\"read-more\"><a href=\"https:\/\/cultureshake.ph-karlsruhe.de\/cusha\/sl\/ueber-uns\/friedrich-woehler-gymnasium-singen\/\">Ve\u010d &#8250;<\/a><\/div>\n<p><!-- end of .read-more --><\/p>\n","protected":false},"author":1,"featured_media":0,"parent":40,"menu_order":2,"comment_status":"closed","ping_status":"closed","template":"","meta":{"footnotes":""},"class_list":["post-70","page","type-page","status-publish","hentry"],"_links":{"self":[{"href":"https:\/\/cultureshake.ph-karlsruhe.de\/cusha\/sl\/wp-json\/wp\/v2\/pages\/70","targetHints":{"allow":["GET"]}}],"collection":[{"href":"https:\/\/cultureshake.ph-karlsruhe.de\/cusha\/sl\/wp-json\/wp\/v2\/pages"}],"about":[{"href":"https:\/\/cultureshake.ph-karlsruhe.de\/cusha\/sl\/wp-json\/wp\/v2\/types\/page"}],"author":[{"embeddable":true,"href":"https:\/\/cultureshake.ph-karlsruhe.de\/cusha\/sl\/wp-json\/wp\/v2\/users\/1"}],"replies":[{"embeddable":true,"href":"https:\/\/cultureshake.ph-karlsruhe.de\/cusha\/sl\/wp-json\/wp\/v2\/comments?post=70"}],"version-history":[{"count":18,"href":"https:\/\/cultureshake.ph-karlsruhe.de\/cusha\/sl\/wp-json\/wp\/v2\/pages\/70\/revisions"}],"predecessor-version":[{"id":713,"href":"https:\/\/cultureshake.ph-karlsruhe.de\/cusha\/sl\/wp-json\/wp\/v2\/pages\/70\/revisions\/713"}],"up":[{"embeddable":true,"href":"https:\/\/cultureshake.ph-karlsruhe.de\/cusha\/sl\/wp-json\/wp\/v2\/pages\/40"}],"wp:attachment":[{"href":"https:\/\/cultureshake.ph-karlsruhe.de\/cusha\/sl\/wp-json\/wp\/v2\/media?parent=70"}],"curies":[{"name":"wp","href":"https:\/\/api.w.org\/{rel}","templated":true}]}}