{"id":54,"date":"2016-12-07T20:02:20","date_gmt":"2016-12-07T19:02:20","guid":{"rendered":"http:\/\/cultureshake.ph-karlsruhe.de\/cusha\/?page_id=54"},"modified":"2017-11-27T12:26:14","modified_gmt":"2017-11-27T11:26:14","slug":"galerie","status":"publish","type":"page","link":"https:\/\/cultureshake.ph-karlsruhe.de\/cusha\/sl\/galerie\/","title":{"rendered":"Galerija"},"content":{"rendered":"<p><\/p>\n<ul>\n<li><span style=\"font-weight: 400;\"><a href=\"https:\/\/cultureshake.ph-karlsruhe.de\/cusha\/sl\/galerie\/iccs-konferenz-klingenthal\/\"> Fotografije s konference ICCS Klingenthal, 10.-14. oktober 2016<\/a><\/span><br \/>\nVsako drugo leto <a href=\"http:\/\/www.iccsweb.org\/\">ICCS<\/a> &amp; <a href=\"http:\/\/www.cogree.com\/\">CoGREE<\/a> organizira sestanek v kraju Klingenthalu pri Strasbourgu. Cilj dogodka je seznanitev z aktualnimi dogajanji v izobra\u017eevalnih dejavnostih Sveta Evrope in razprava o tem, kako s slednjimi povezati svoje dejavnosti. Peter Schreiner (<a href=\"https:\/\/www.comenius.de\/english\/\">Comenius Institute<\/a>) je pozval odgovorne pri projektu CultureShake, da prispevajo h kulturni in jezikovni razse\u017enosti kolokvija<\/li>\n<li><a href=\"https:\/\/cultureshake.ph-karlsruhe.de\/cusha\/sl\/galerie\/kick-off-meeting-in-karlsruhe-12-14-12-2016\/\"><span style=\"font-weight: 400;\"> Fotografije s sre\u010danja CultureShake, Univerza Karlsruhe, 12.-14. december 2016<\/span><\/a><\/li>\n<li><span style=\"font-weight: 400;\"> Fotografije iz na\u0161e prve u\u010dne dejavnosti v kraju Singen, Nem\u010dija, 7.-13. maj 2017<\/span><\/li>\n<li><span style=\"font-weight: 400;\"> Fotografije iz drugega ve\u010dnacionalnega sre\u010danja v kraju Stratford-na-Avonu, 10.-12. julij 2017<\/span><\/li>\n<\/ul>\n<p><\/p>","protected":false},"excerpt":{"rendered":"<\/p>\n<ul>\n<li><span style=\"font-weight: 400;\"><a href=\"https:\/\/cultureshake.ph-karlsruhe.de\/cusha\/sl\/galerie\/iccs-konferenz-klingenthal\/\"> Fotografije s konference ICCS Klingenthal, 10.-14. oktober 2016<\/a><\/span><br \/>\nVsako drugo leto <a href=\"http:\/\/www.iccsweb.org\/\">ICCS<\/a> &amp; <a href=\"http:\/\/www.cogree.com\/\">CoGREE<\/a> organizira sestanek v kraju Klingenthalu pri Strasbourgu. Cilj dogodka je seznanitev z aktualnimi dogajanji v izobra\u017eevalnih dejavnostih Sveta Evrope in razprava o tem,<\/li>\n<\/ul>\n<p><span class=\"ellipsis\">&hellip;<\/span><\/p>\n<div class=\"read-more\"><a href=\"https:\/\/cultureshake.ph-karlsruhe.de\/cusha\/sl\/galerie\/\">Ve\u010d &#8250;<\/a><\/div>\n<p><!-- end of .read-more --><\/p>\n","protected":false},"author":1,"featured_media":0,"parent":0,"menu_order":5,"comment_status":"closed","ping_status":"closed","template":"","meta":{"footnotes":""},"class_list":["post-54","page","type-page","status-publish","hentry"],"_links":{"self":[{"href":"https:\/\/cultureshake.ph-karlsruhe.de\/cusha\/sl\/wp-json\/wp\/v2\/pages\/54","targetHints":{"allow":["GET"]}}],"collection":[{"href":"https:\/\/cultureshake.ph-karlsruhe.de\/cusha\/sl\/wp-json\/wp\/v2\/pages"}],"about":[{"href":"https:\/\/cultureshake.ph-karlsruhe.de\/cusha\/sl\/wp-json\/wp\/v2\/types\/page"}],"author":[{"embeddable":true,"href":"https:\/\/cultureshake.ph-karlsruhe.de\/cusha\/sl\/wp-json\/wp\/v2\/users\/1"}],"replies":[{"embeddable":true,"href":"https:\/\/cultureshake.ph-karlsruhe.de\/cusha\/sl\/wp-json\/wp\/v2\/comments?post=54"}],"version-history":[{"count":15,"href":"https:\/\/cultureshake.ph-karlsruhe.de\/cusha\/sl\/wp-json\/wp\/v2\/pages\/54\/revisions"}],"predecessor-version":[{"id":600,"href":"https:\/\/cultureshake.ph-karlsruhe.de\/cusha\/sl\/wp-json\/wp\/v2\/pages\/54\/revisions\/600"}],"wp:attachment":[{"href":"https:\/\/cultureshake.ph-karlsruhe.de\/cusha\/sl\/wp-json\/wp\/v2\/media?parent=54"}],"curies":[{"name":"wp","href":"https:\/\/api.w.org\/{rel}","templated":true}]}}