{"id":530,"date":"2017-07-18T10:05:57","date_gmt":"2017-07-18T08:05:57","guid":{"rendered":"http:\/\/cultureshake.ph-karlsruhe.de\/cusha\/?page_id=530"},"modified":"2019-10-23T10:55:43","modified_gmt":"2019-10-23T08:55:43","slug":"2-transnationales-projekttreffen","status":"publish","type":"page","link":"https:\/\/cultureshake.ph-karlsruhe.de\/cusha\/sl\/aktivitaeten\/transnationale-meetings\/2-transnationales-projekttreffen\/","title":{"rendered":"2. nadnacionalno sre\u010danje projektov"},"content":{"rendered":"<p><\/p>\n<h1>v zavodu Shakespeare Rojstni kraj v Stratford-on-Avonu od 10.07.07 &#8211; 07.12.2017<\/h1>\n<p>&nbsp;<\/p>\n<p>Med tem nadnacionalnim sre\u010danjem so bile obravnavane naslednje teme projekta Erasmus +:<\/p>\n<ul>\n<li style=\"list-style-type: none;\"><\/li>\n<li>Pregled poro\u010dila o napredku<\/li>\n<li>Vrednotenje u\u010dne dejavnosti 1<\/li>\n<li>Dokon\u010danje u\u010dne dejavnosti 2<\/li>\n<li>Spremljanje<\/li>\n<li>Dejavnosti raz\u0161irjanja<\/li>\n<li>U\u010dinek<\/li>\n<li>Upravljanje z zainteresiranimi stranmi<\/li>\n<li>Natan\u010dno na\u010drtovano na\u010drtovanje projektnega sestanka 3<\/li>\n<\/ul>\n<p>&nbsp;<\/p>\n<p>Konferen\u010dne dvorane v Shakespearejevem rojstnem Trustu iz\u017earevajo poseben duh: steklena okna Johna Huttona prikazujejo upodobitve Shakespearovih likov in sestavljajo fasado s pogledom na rojstno hi\u0161o in vrt, v katerem se igra Shakespeare in poje.<\/p>\n<p><img loading=\"lazy\" decoding=\"async\" class=\"alignleft wp-image-525\" src=\"http:\/\/cultureshake.ph-karlsruhe.de\/wordpress\/wp-content\/uploads\/2017\/07\/Glasfenster_Meeting_900.jpg\" alt=\"\" width=\"707\" height=\"531\" srcset=\"https:\/\/cultureshake.ph-karlsruhe.de\/wordpress\/wp-content\/uploads\/2017\/07\/Glasfenster_Meeting_900.jpg 900w, https:\/\/cultureshake.ph-karlsruhe.de\/wordpress\/wp-content\/uploads\/2017\/07\/Glasfenster_Meeting_900-300x225.jpg 300w, https:\/\/cultureshake.ph-karlsruhe.de\/wordpress\/wp-content\/uploads\/2017\/07\/Glasfenster_Meeting_900-768x576.jpg 768w, https:\/\/cultureshake.ph-karlsruhe.de\/wordpress\/wp-content\/uploads\/2017\/07\/Glasfenster_Meeting_900-100x75.jpg 100w, https:\/\/cultureshake.ph-karlsruhe.de\/wordpress\/wp-content\/uploads\/2017\/07\/Glasfenster_Meeting_900-150x113.jpg 150w, https:\/\/cultureshake.ph-karlsruhe.de\/wordpress\/wp-content\/uploads\/2017\/07\/Glasfenster_Meeting_900-200x150.jpg 200w, https:\/\/cultureshake.ph-karlsruhe.de\/wordpress\/wp-content\/uploads\/2017\/07\/Glasfenster_Meeting_900-450x338.jpg 450w, https:\/\/cultureshake.ph-karlsruhe.de\/wordpress\/wp-content\/uploads\/2017\/07\/Glasfenster_Meeting_900-600x450.jpg 600w\" sizes=\"auto, (max-width: 707px) 100vw, 707px\" \/><img loading=\"lazy\" decoding=\"async\" class=\"alignright wp-image-527\" src=\"http:\/\/cultureshake.ph-karlsruhe.de\/wordpress\/wp-content\/uploads\/2017\/07\/SBT-Garden_900.jpg\" alt=\"\" width=\"751\" height=\"529\" srcset=\"https:\/\/cultureshake.ph-karlsruhe.de\/wordpress\/wp-content\/uploads\/2017\/07\/SBT-Garden_900.jpg 900w, https:\/\/cultureshake.ph-karlsruhe.de\/wordpress\/wp-content\/uploads\/2017\/07\/SBT-Garden_900-300x211.jpg 300w, https:\/\/cultureshake.ph-karlsruhe.de\/wordpress\/wp-content\/uploads\/2017\/07\/SBT-Garden_900-768x541.jpg 768w, https:\/\/cultureshake.ph-karlsruhe.de\/wordpress\/wp-content\/uploads\/2017\/07\/SBT-Garden_900-100x70.jpg 100w, https:\/\/cultureshake.ph-karlsruhe.de\/wordpress\/wp-content\/uploads\/2017\/07\/SBT-Garden_900-150x106.jpg 150w, https:\/\/cultureshake.ph-karlsruhe.de\/wordpress\/wp-content\/uploads\/2017\/07\/SBT-Garden_900-200x141.jpg 200w, https:\/\/cultureshake.ph-karlsruhe.de\/wordpress\/wp-content\/uploads\/2017\/07\/SBT-Garden_900-450x317.jpg 450w, https:\/\/cultureshake.ph-karlsruhe.de\/wordpress\/wp-content\/uploads\/2017\/07\/SBT-Garden_900-600x423.jpg 600w\" sizes=\"auto, (max-width: 751px) 100vw, 751px\" \/><\/p>\n<p>Medtem ko med sejami v iskanju odgovorov razmi\u0161ljujejo o sobi, se \u010dlovek znajde v Ardenskem gozdu; talna preproga, ki jo je oblikoval Tibor Reich in je del nacionalne dedi\u0161\u010dine.<\/p>\n<p><img loading=\"lazy\" decoding=\"async\" class=\"size-full wp-image-524 aligncenter\" src=\"http:\/\/cultureshake.ph-karlsruhe.de\/wordpress\/wp-content\/uploads\/2017\/07\/Forest-of-Arden_900.jpg\" alt=\"\" width=\"900\" height=\"675\" srcset=\"https:\/\/cultureshake.ph-karlsruhe.de\/wordpress\/wp-content\/uploads\/2017\/07\/Forest-of-Arden_900.jpg 900w, https:\/\/cultureshake.ph-karlsruhe.de\/wordpress\/wp-content\/uploads\/2017\/07\/Forest-of-Arden_900-300x225.jpg 300w, https:\/\/cultureshake.ph-karlsruhe.de\/wordpress\/wp-content\/uploads\/2017\/07\/Forest-of-Arden_900-768x576.jpg 768w, https:\/\/cultureshake.ph-karlsruhe.de\/wordpress\/wp-content\/uploads\/2017\/07\/Forest-of-Arden_900-100x75.jpg 100w, https:\/\/cultureshake.ph-karlsruhe.de\/wordpress\/wp-content\/uploads\/2017\/07\/Forest-of-Arden_900-150x113.jpg 150w, https:\/\/cultureshake.ph-karlsruhe.de\/wordpress\/wp-content\/uploads\/2017\/07\/Forest-of-Arden_900-200x150.jpg 200w, https:\/\/cultureshake.ph-karlsruhe.de\/wordpress\/wp-content\/uploads\/2017\/07\/Forest-of-Arden_900-450x338.jpg 450w, https:\/\/cultureshake.ph-karlsruhe.de\/wordpress\/wp-content\/uploads\/2017\/07\/Forest-of-Arden_900-600x450.jpg 600w\" sizes=\"auto, (max-width: 900px) 100vw, 900px\" \/><\/p>\n<p>Tu je \u017eiv Shakespeare in zdru\u017euje svet s svojo umetnostjo. Pogosteje kot ne, so se otroci, ki se udele\u017eujejo delavnic ali predstav v prostorih, vklju\u010dili v na\u0161e razprave o prora\u010dunu in upravljanju s \u010dasom.<\/p>\n<p><img loading=\"lazy\" decoding=\"async\" class=\"aligncenter size-full wp-image-523\" src=\"http:\/\/cultureshake.ph-karlsruhe.de\/wordpress\/wp-content\/uploads\/2017\/07\/Afghanistan_900.jpg\" alt=\"\" width=\"900\" height=\"1200\" srcset=\"https:\/\/cultureshake.ph-karlsruhe.de\/wordpress\/wp-content\/uploads\/2017\/07\/Afghanistan_900.jpg 900w, https:\/\/cultureshake.ph-karlsruhe.de\/wordpress\/wp-content\/uploads\/2017\/07\/Afghanistan_900-225x300.jpg 225w, https:\/\/cultureshake.ph-karlsruhe.de\/wordpress\/wp-content\/uploads\/2017\/07\/Afghanistan_900-768x1024.jpg 768w, https:\/\/cultureshake.ph-karlsruhe.de\/wordpress\/wp-content\/uploads\/2017\/07\/Afghanistan_900-100x133.jpg 100w, https:\/\/cultureshake.ph-karlsruhe.de\/wordpress\/wp-content\/uploads\/2017\/07\/Afghanistan_900-150x200.jpg 150w, https:\/\/cultureshake.ph-karlsruhe.de\/wordpress\/wp-content\/uploads\/2017\/07\/Afghanistan_900-200x267.jpg 200w, https:\/\/cultureshake.ph-karlsruhe.de\/wordpress\/wp-content\/uploads\/2017\/07\/Afghanistan_900-300x400.jpg 300w, https:\/\/cultureshake.ph-karlsruhe.de\/wordpress\/wp-content\/uploads\/2017\/07\/Afghanistan_900-450x600.jpg 450w, https:\/\/cultureshake.ph-karlsruhe.de\/wordpress\/wp-content\/uploads\/2017\/07\/Afghanistan_900-600x800.jpg 600w\" sizes=\"auto, (max-width: 900px) 100vw, 900px\" \/><\/p>\n<p>Ve\u010djezi\u010dnost in razli\u010dni jeziki zaposlenih so skozi kulturo Shake postali tema v arhivu SBT. Med drugimi razvoji je bil ustvarjen blog o razli\u010dnih prevodih. Zahtevane knjige za ve\u010djezi\u010dno arhivsko delo v projektu so \u017ee bile lepo urejene. Madeleine Cox in Victoria Joynes nas vodita skozi arhiv in prebujata pretekla stoletja k \u017eivljenju med bodicami knjig. Poznani z vsemi podrobnostmi so nam pokazali ugotovitve iz knjig, kot je rastlinski list iz folije iz 17. stoletja, ki je ostal med stranmi kot zaznamek.<\/p>\n<p><img loading=\"lazy\" decoding=\"async\" class=\"aligncenter size-full wp-image-526\" src=\"http:\/\/cultureshake.ph-karlsruhe.de\/wordpress\/wp-content\/uploads\/2017\/07\/Gr\u00fcnlilie_900.jpg\" alt=\"\" width=\"900\" height=\"900\" srcset=\"https:\/\/cultureshake.ph-karlsruhe.de\/wordpress\/wp-content\/uploads\/2017\/07\/Gr\u00fcnlilie_900.jpg 900w, https:\/\/cultureshake.ph-karlsruhe.de\/wordpress\/wp-content\/uploads\/2017\/07\/Gr\u00fcnlilie_900-150x150.jpg 150w, https:\/\/cultureshake.ph-karlsruhe.de\/wordpress\/wp-content\/uploads\/2017\/07\/Gr\u00fcnlilie_900-300x300.jpg 300w, https:\/\/cultureshake.ph-karlsruhe.de\/wordpress\/wp-content\/uploads\/2017\/07\/Gr\u00fcnlilie_900-768x768.jpg 768w, https:\/\/cultureshake.ph-karlsruhe.de\/wordpress\/wp-content\/uploads\/2017\/07\/Gr\u00fcnlilie_900-100x100.jpg 100w, https:\/\/cultureshake.ph-karlsruhe.de\/wordpress\/wp-content\/uploads\/2017\/07\/Gr\u00fcnlilie_900-200x200.jpg 200w, https:\/\/cultureshake.ph-karlsruhe.de\/wordpress\/wp-content\/uploads\/2017\/07\/Gr\u00fcnlilie_900-450x450.jpg 450w, https:\/\/cultureshake.ph-karlsruhe.de\/wordpress\/wp-content\/uploads\/2017\/07\/Gr\u00fcnlilie_900-600x600.jpg 600w\" sizes=\"auto, (max-width: 900px) 100vw, 900px\" \/><\/p>\n<p>&nbsp;<\/p>\n<p>Na koncu sre\u010danja smo se poslovili pod drevesom domi\u0161ljije.<\/p>\n<p><img loading=\"lazy\" decoding=\"async\" class=\"wp-image-528 size-full\" src=\"http:\/\/cultureshake.ph-karlsruhe.de\/wordpress\/wp-content\/uploads\/2017\/07\/Shakespeare-Tree_900.jpg\" alt=\"\" width=\"900\" height=\"675\" srcset=\"https:\/\/cultureshake.ph-karlsruhe.de\/wordpress\/wp-content\/uploads\/2017\/07\/Shakespeare-Tree_900.jpg 900w, https:\/\/cultureshake.ph-karlsruhe.de\/wordpress\/wp-content\/uploads\/2017\/07\/Shakespeare-Tree_900-300x225.jpg 300w, https:\/\/cultureshake.ph-karlsruhe.de\/wordpress\/wp-content\/uploads\/2017\/07\/Shakespeare-Tree_900-768x576.jpg 768w, https:\/\/cultureshake.ph-karlsruhe.de\/wordpress\/wp-content\/uploads\/2017\/07\/Shakespeare-Tree_900-100x75.jpg 100w, https:\/\/cultureshake.ph-karlsruhe.de\/wordpress\/wp-content\/uploads\/2017\/07\/Shakespeare-Tree_900-150x113.jpg 150w, https:\/\/cultureshake.ph-karlsruhe.de\/wordpress\/wp-content\/uploads\/2017\/07\/Shakespeare-Tree_900-200x150.jpg 200w, https:\/\/cultureshake.ph-karlsruhe.de\/wordpress\/wp-content\/uploads\/2017\/07\/Shakespeare-Tree_900-450x338.jpg 450w, https:\/\/cultureshake.ph-karlsruhe.de\/wordpress\/wp-content\/uploads\/2017\/07\/Shakespeare-Tree_900-600x450.jpg 600w\" sizes=\"auto, (max-width: 900px) 100vw, 900px\" \/><\/p>","protected":false},"excerpt":{"rendered":"<\/p>\n<p>v zavodu Shakespeare Rojstni kraj v Stratford-on-Avonu od 10.07.07 &#8211; 07.12.2017<\/p>\n<p>&nbsp;<\/p>\n<p>Med tem nadnacionalnim sre\u010danjem so bile obravnavane naslednje teme projekta Erasmus +:<\/p>\n<ul>\n<li style=\"list-style-type: none;\"><\/li>\n<li>Pregled poro\u010dila o napredku<\/li>\n<li>Vrednotenje u\u010dne dejavnosti 1<\/li>\n<li>Dokon\u010danje u\u010dne dejavnosti 2<\/li>\n<li>Spremljanje<\/li>\n<li>Dejavnosti raz\u0161irjanja<\/li>\n<li>U\u010dinek<\/li>\n<li>Upravljanje z zainteresiranimi stranmi<\/li>\n<li>Natan\u010dno na\u010drtovano na\u010drtovanje projektnega sestanka 3<\/li>\n<\/ul>\n<p>&nbsp;<\/p>\n<p><span class=\"ellipsis\">&hellip;<\/span><\/p>\n<div class=\"read-more\"><a href=\"https:\/\/cultureshake.ph-karlsruhe.de\/cusha\/sl\/aktivitaeten\/transnationale-meetings\/2-transnationales-projekttreffen\/\">Ve\u010d &#8250;<\/a><\/div>\n<p><!-- end of .read-more --><\/p>\n","protected":false},"author":1,"featured_media":0,"parent":96,"menu_order":2,"comment_status":"closed","ping_status":"closed","template":"","meta":{"footnotes":""},"class_list":["post-530","page","type-page","status-publish","hentry"],"_links":{"self":[{"href":"https:\/\/cultureshake.ph-karlsruhe.de\/cusha\/sl\/wp-json\/wp\/v2\/pages\/530","targetHints":{"allow":["GET"]}}],"collection":[{"href":"https:\/\/cultureshake.ph-karlsruhe.de\/cusha\/sl\/wp-json\/wp\/v2\/pages"}],"about":[{"href":"https:\/\/cultureshake.ph-karlsruhe.de\/cusha\/sl\/wp-json\/wp\/v2\/types\/page"}],"author":[{"embeddable":true,"href":"https:\/\/cultureshake.ph-karlsruhe.de\/cusha\/sl\/wp-json\/wp\/v2\/users\/1"}],"replies":[{"embeddable":true,"href":"https:\/\/cultureshake.ph-karlsruhe.de\/cusha\/sl\/wp-json\/wp\/v2\/comments?post=530"}],"version-history":[{"count":11,"href":"https:\/\/cultureshake.ph-karlsruhe.de\/cusha\/sl\/wp-json\/wp\/v2\/pages\/530\/revisions"}],"predecessor-version":[{"id":928,"href":"https:\/\/cultureshake.ph-karlsruhe.de\/cusha\/sl\/wp-json\/wp\/v2\/pages\/530\/revisions\/928"}],"up":[{"embeddable":true,"href":"https:\/\/cultureshake.ph-karlsruhe.de\/cusha\/sl\/wp-json\/wp\/v2\/pages\/96"}],"wp:attachment":[{"href":"https:\/\/cultureshake.ph-karlsruhe.de\/cusha\/sl\/wp-json\/wp\/v2\/media?parent=530"}],"curies":[{"name":"wp","href":"https:\/\/api.w.org\/{rel}","templated":true}]}}