{"id":47,"date":"2016-12-07T19:59:39","date_gmt":"2016-12-07T18:59:39","guid":{"rendered":"http:\/\/cultureshake.ph-karlsruhe.de\/cusha\/?page_id=47"},"modified":"2019-11-08T12:10:55","modified_gmt":"2019-11-08T11:10:55","slug":"ph-karlsruhe","status":"publish","type":"page","link":"https:\/\/cultureshake.ph-karlsruhe.de\/cusha\/sl\/ueber-uns\/ph-karlsruhe\/","title":{"rendered":"Pedago\u0161ka univerza Karlsruhe"},"content":{"rendered":"<p><img loading=\"lazy\" decoding=\"async\" class=\"aligncenter size-full wp-image-192\" src=\"http:\/\/cultureshake.ph-karlsruhe.de\/wordpress\/wp-content\/uploads\/2016\/12\/ph_600.jpg\" alt=\"\" width=\"600\" height=\"430\" srcset=\"https:\/\/cultureshake.ph-karlsruhe.de\/wordpress\/wp-content\/uploads\/2016\/12\/ph_600.jpg 600w, https:\/\/cultureshake.ph-karlsruhe.de\/wordpress\/wp-content\/uploads\/2016\/12\/ph_600-300x215.jpg 300w, https:\/\/cultureshake.ph-karlsruhe.de\/wordpress\/wp-content\/uploads\/2016\/12\/ph_600-100x72.jpg 100w, https:\/\/cultureshake.ph-karlsruhe.de\/wordpress\/wp-content\/uploads\/2016\/12\/ph_600-150x108.jpg 150w, https:\/\/cultureshake.ph-karlsruhe.de\/wordpress\/wp-content\/uploads\/2016\/12\/ph_600-200x143.jpg 200w, https:\/\/cultureshake.ph-karlsruhe.de\/wordpress\/wp-content\/uploads\/2016\/12\/ph_600-450x323.jpg 450w\" sizes=\"auto, (max-width: 600px) 100vw, 600px\" \/><\/p>\n<p>Pedago\u0161ka univerza Karlsruhe je ena od \u0161estih pedago\u0161kih univerza v zvezni de\u017eeli Baden-Wuerttemberg. Pedago\u0161ka univerza je posebna zato, ker je edina v zvezni de\u017eeli Baden-W\u00fcrttemberg, ki ponuja univerzitetni profil in omogo\u010da napredovanje in habilitacijo. \u0160tudenti, ki \u017eelijo postati u\u010ditelji v osnovnih \u0161olah ali razli\u010dnih srednjih \u0161olah se pri nas sre\u010dajo z integracijo izobra\u017eevalnih ved, strokovnih ved, didakti\u010dno obdelavo znanstvenih vsebin, kakor tudi s \u0161olsko prakso v \u010dasu \u0161tudija. Od leta 1999 poseben profil predstavlja evropski u\u010diteljski program European Teacher Course.<\/p>\n<p>&nbsp;<\/p>\n<p><img loading=\"lazy\" decoding=\"async\" class=\"alignleft size-full wp-image-187\" src=\"http:\/\/cultureshake.ph-karlsruhe.de\/wordpress\/wp-content\/uploads\/2016\/12\/spiral_600.jpg\" alt=\"\" width=\"300\" height=\"451\" srcset=\"https:\/\/cultureshake.ph-karlsruhe.de\/wordpress\/wp-content\/uploads\/2016\/12\/spiral_600.jpg 600w, https:\/\/cultureshake.ph-karlsruhe.de\/wordpress\/wp-content\/uploads\/2016\/12\/spiral_600-200x301.jpg 200w, https:\/\/cultureshake.ph-karlsruhe.de\/wordpress\/wp-content\/uploads\/2016\/12\/spiral_600-100x150.jpg 100w, https:\/\/cultureshake.ph-karlsruhe.de\/wordpress\/wp-content\/uploads\/2016\/12\/spiral_600-150x226.jpg 150w, https:\/\/cultureshake.ph-karlsruhe.de\/wordpress\/wp-content\/uploads\/2016\/12\/spiral_600-300x451.jpg 300w, https:\/\/cultureshake.ph-karlsruhe.de\/wordpress\/wp-content\/uploads\/2016\/12\/spiral_600-450x677.jpg 450w\" sizes=\"auto, (max-width: 300px) 100vw, 300px\" \/><\/p>\n<h3>Neko\u010d <\/h3>\n<p>Leta 1757 se je v mestu Karlsruhe odvijalo prvo izobra\u017eevanje in sprejeti so bili pravilniki za u\u010diteljske izpite. Leta 1768 je bilo ustanovljeno u\u010ditelji\u0161\u010de, in sicer na ulici &#8220;Kaiserstra\u00dfe&#8221;. Leta 1807 so stavbo podrli in jo leta 1823 ponovno zgradili, in sicer na ulici &#8220;Markgrafenstra\u00dfe 48&#8221;, v bli\u017eini &#8220;Rondellplatz&#8221;, pod vodstvom Wilhelma Heinricha Katza (1763\u20131851), v okviru izobra\u017eevalnega vodstva Pestalozzi-student Wilhelm Stern (1792\u20131873 ). Obiskovanje semeni\u0161\u010da je postalo obvezno za vse protestantske kandidate za u\u010ditelje. Po mnogih selitev je postala leta 1870 stavba na ulici &#8220;Bismarckstra\u00dfe 10&#8221;, dana\u0161nja lokacija Pedago\u0161ke univerze Karlsruhe, dom institucije. V obdobju med 1931\u20131934 je bila institucija za\u010dasno zaprta, in sicer zaradi pomanjkanja poklicnih mo\u017enosti. Stavba na ulici &#8220;Bismarckstra\u00dfe&#8221; je bila uni\u010dena leta 1944 in obnovljena leta 1957. Leta 1958 se je za\u010del razvoj univerze, 29. maja 1962 je bil podeljen certifikat o ustanovitvi Pedago\u0161ke univerze Karlsruhe in leta 1965 je sledila uradna potrditev federalne dr\u017eave. Skladno z zakonom o pravnem polo\u017eaju Pedago\u0161ke univerze so leta 1971 pedago\u0161ke univerze postale neodvisne znanstvene institucije. Omejena pravica za promocijo je postala neomejeno pravico za promocijo, in sicer z amandmajem iz leta 1987. Leta 2005 je sledila neomejena pravica za habilitacijo.<\/p>\n<p><a href=\"https:\/\/www.ph-karlsruhe.de\/hochschule\/portraet\/geschichte\" rel=\"noopener noreferrer\" target=\"_blank\">Preberite si ve\u010d o na\u0161i zgodovini<\/a><\/p>\n<p>&nbsp;<\/p>\n<h3>Internacionalizacija<\/h3>\n<p>V letu 2012 je senat Pedago\u0161ke Univerze Karlsruhe sprejel strategijo o internacionalizaciji. Cilj strategije je kakovosten razvoj univerze.<img loading=\"lazy\" decoding=\"async\" class=\"aligncenter size-full wp-image-191\" src=\"http:\/\/cultureshake.ph-karlsruhe.de\/wordpress\/wp-content\/uploads\/2016\/12\/kaleidoskop_600.jpg\" alt=\"\" width=\"600\" height=\"338\" srcset=\"https:\/\/cultureshake.ph-karlsruhe.de\/wordpress\/wp-content\/uploads\/2016\/12\/kaleidoskop_600.jpg 600w, https:\/\/cultureshake.ph-karlsruhe.de\/wordpress\/wp-content\/uploads\/2016\/12\/kaleidoskop_600-300x169.jpg 300w, https:\/\/cultureshake.ph-karlsruhe.de\/wordpress\/wp-content\/uploads\/2016\/12\/kaleidoskop_600-100x56.jpg 100w, https:\/\/cultureshake.ph-karlsruhe.de\/wordpress\/wp-content\/uploads\/2016\/12\/kaleidoskop_600-150x85.jpg 150w, https:\/\/cultureshake.ph-karlsruhe.de\/wordpress\/wp-content\/uploads\/2016\/12\/kaleidoskop_600-200x113.jpg 200w, https:\/\/cultureshake.ph-karlsruhe.de\/wordpress\/wp-content\/uploads\/2016\/12\/kaleidoskop_600-450x254.jpg 450w\" sizes=\"auto, (max-width: 600px) 100vw, 600px\" \/><br \/>\n<a href=\"https:\/\/www.ph-karlsruhe.de\/campus\/serviceeinrichtungen\/akademisches-auslandsamt\" rel=\"noopener noreferrer\" target=\"_blank\">Preberite si ve\u010d o internacionalizaciji<\/a><\/p>\n<h3>CUSHA na Pedago\u0161ki univerzi Karlsruhe<\/h3>\n<p>Projekt Erasmus + koordinira Pedago\u0161ka univerza Karlsruhe. Vodja projekta <a href=\"https:\/\/www.ph-karlsruhe.de\/hochschule\/organisation\/fakultaet-b\/institut-fuer-transdisziplinaere-sozialwissenschaft#accordion_8026_5\" rel=\"noopener norefferer noreferrer\" target=\"_blank\">dr. Annette Deschner<\/a> nadzoruje vodenje projekta in vsebinsko sodeluje pri projektu, in sicer na podro\u010dju kulturne in ve\u010djezi\u010dne didaktike.<\/p>\n<p><img loading=\"lazy\" decoding=\"async\" class=\"alignleft size-medium wp-image-204\" src=\"http:\/\/cultureshake.ph-karlsruhe.de\/wordpress\/wp-content\/uploads\/2017\/01\/Deschner_Portrait_1000x1279-235x300.jpg\" alt=\"\" width=\"235\" height=\"300\" srcset=\"https:\/\/cultureshake.ph-karlsruhe.de\/wordpress\/wp-content\/uploads\/2017\/01\/Deschner_Portrait_1000x1279-235x300.jpg 235w, https:\/\/cultureshake.ph-karlsruhe.de\/wordpress\/wp-content\/uploads\/2017\/01\/Deschner_Portrait_1000x1279-768x982.jpg 768w, https:\/\/cultureshake.ph-karlsruhe.de\/wordpress\/wp-content\/uploads\/2017\/01\/Deschner_Portrait_1000x1279-801x1024.jpg 801w, https:\/\/cultureshake.ph-karlsruhe.de\/wordpress\/wp-content\/uploads\/2017\/01\/Deschner_Portrait_1000x1279-100x128.jpg 100w, https:\/\/cultureshake.ph-karlsruhe.de\/wordpress\/wp-content\/uploads\/2017\/01\/Deschner_Portrait_1000x1279-150x192.jpg 150w, https:\/\/cultureshake.ph-karlsruhe.de\/wordpress\/wp-content\/uploads\/2017\/01\/Deschner_Portrait_1000x1279-200x256.jpg 200w, https:\/\/cultureshake.ph-karlsruhe.de\/wordpress\/wp-content\/uploads\/2017\/01\/Deschner_Portrait_1000x1279-300x384.jpg 300w, https:\/\/cultureshake.ph-karlsruhe.de\/wordpress\/wp-content\/uploads\/2017\/01\/Deschner_Portrait_1000x1279-450x576.jpg 450w, https:\/\/cultureshake.ph-karlsruhe.de\/wordpress\/wp-content\/uploads\/2017\/01\/Deschner_Portrait_1000x1279-600x767.jpg 600w, https:\/\/cultureshake.ph-karlsruhe.de\/wordpress\/wp-content\/uploads\/2017\/01\/Deschner_Portrait_1000x1279-900x1151.jpg 900w, https:\/\/cultureshake.ph-karlsruhe.de\/wordpress\/wp-content\/uploads\/2017\/01\/Deschner_Portrait_1000x1279.jpg 1000w\" sizes=\"auto, (max-width: 235px) 100vw, 235px\" \/>Dr. Annette Deschner je zaposlena na In\u0161titutu za transdisciplinarne dru\u017ebene vede, njena raziskovalna podro\u010dja so CLIL (Content and Language Integrated Learning), ve\u010djezi\u010dna didaktika in kulturne \u0161tudije.<br \/>\n&nbsp;<\/p>","protected":false},"excerpt":{"rendered":"<p><img loading=\"lazy\" decoding=\"async\" class=\"aligncenter size-full wp-image-192\" src=\"http:\/\/cultureshake.ph-karlsruhe.de\/wordpress\/wp-content\/uploads\/2016\/12\/ph_600.jpg\" alt=\"\" width=\"600\" height=\"430\" srcset=\"https:\/\/cultureshake.ph-karlsruhe.de\/wordpress\/wp-content\/uploads\/2016\/12\/ph_600.jpg 600w, https:\/\/cultureshake.ph-karlsruhe.de\/wordpress\/wp-content\/uploads\/2016\/12\/ph_600-300x215.jpg 300w, https:\/\/cultureshake.ph-karlsruhe.de\/wordpress\/wp-content\/uploads\/2016\/12\/ph_600-100x72.jpg 100w, https:\/\/cultureshake.ph-karlsruhe.de\/wordpress\/wp-content\/uploads\/2016\/12\/ph_600-150x108.jpg 150w, https:\/\/cultureshake.ph-karlsruhe.de\/wordpress\/wp-content\/uploads\/2016\/12\/ph_600-200x143.jpg 200w, https:\/\/cultureshake.ph-karlsruhe.de\/wordpress\/wp-content\/uploads\/2016\/12\/ph_600-450x323.jpg 450w\" sizes=\"auto, (max-width: 600px) 100vw, 600px\" \/><\/p>\n<p>Pedago\u0161ka univerza Karlsruhe je ena od \u0161estih pedago\u0161kih univerza v zvezni de\u017eeli Baden-Wuerttemberg. Pedago\u0161ka univerza je posebna zato, ker je edina v zvezni de\u017eeli Baden-W\u00fcrttemberg, ki ponuja univerzitetni profil in omogo\u010da napredovanje in habilitacijo. \u0160tudenti, ki \u017eelijo postati u\u010ditelji v osnovnih \u0161olah ali razli\u010dnih srednjih \u0161olah se pri nas sre\u010dajo z integracijo izobra\u017eevalnih ved,<\/p>\n<p><span class=\"ellipsis\">&hellip;<\/span><\/p>\n<div class=\"read-more\"><a href=\"https:\/\/cultureshake.ph-karlsruhe.de\/cusha\/sl\/ueber-uns\/ph-karlsruhe\/\">Ve\u010d &#8250;<\/a><\/div>\n<p><!-- end of .read-more --><\/p>\n","protected":false},"author":1,"featured_media":0,"parent":40,"menu_order":1,"comment_status":"closed","ping_status":"closed","template":"","meta":{"footnotes":""},"class_list":["post-47","page","type-page","status-publish","hentry"],"_links":{"self":[{"href":"https:\/\/cultureshake.ph-karlsruhe.de\/cusha\/sl\/wp-json\/wp\/v2\/pages\/47","targetHints":{"allow":["GET"]}}],"collection":[{"href":"https:\/\/cultureshake.ph-karlsruhe.de\/cusha\/sl\/wp-json\/wp\/v2\/pages"}],"about":[{"href":"https:\/\/cultureshake.ph-karlsruhe.de\/cusha\/sl\/wp-json\/wp\/v2\/types\/page"}],"author":[{"embeddable":true,"href":"https:\/\/cultureshake.ph-karlsruhe.de\/cusha\/sl\/wp-json\/wp\/v2\/users\/1"}],"replies":[{"embeddable":true,"href":"https:\/\/cultureshake.ph-karlsruhe.de\/cusha\/sl\/wp-json\/wp\/v2\/comments?post=47"}],"version-history":[{"count":21,"href":"https:\/\/cultureshake.ph-karlsruhe.de\/cusha\/sl\/wp-json\/wp\/v2\/pages\/47\/revisions"}],"predecessor-version":[{"id":1067,"href":"https:\/\/cultureshake.ph-karlsruhe.de\/cusha\/sl\/wp-json\/wp\/v2\/pages\/47\/revisions\/1067"}],"up":[{"embeddable":true,"href":"https:\/\/cultureshake.ph-karlsruhe.de\/cusha\/sl\/wp-json\/wp\/v2\/pages\/40"}],"wp:attachment":[{"href":"https:\/\/cultureshake.ph-karlsruhe.de\/cusha\/sl\/wp-json\/wp\/v2\/media?parent=47"}],"curies":[{"name":"wp","href":"https:\/\/api.w.org\/{rel}","templated":true}]}}